{"id":12607,"date":"2021-06-02T08:17:31","date_gmt":"2021-06-02T08:17:31","guid":{"rendered":"https:\/\/demo2wpopal.b-cdn.net\/humani\/?page_id=12607"},"modified":"2026-01-03T16:55:08","modified_gmt":"2026-01-03T16:55:08","slug":"volunteer","status":"publish","type":"page","link":"https:\/\/phfoundation.net\/de\/volunteer\/","title":{"rendered":"Ehrenamtliche Mitarbeiter"},"content":{"rendered":"<div data-elementor-type=\"wp-page\" data-elementor-id=\"12607\" class=\"elementor elementor-12607\">\n\t\t\t\t\t\t<div class=\"elementor-section elementor-top-section elementor-element elementor-element-03ce8ce elementor-section-stretched elementor-section-boxed elementor-section-height-default elementor-section-height-default\" data-id=\"03ce8ce\" data-element_type=\"section\" data-settings=\"{&quot;stretch_section&quot;:&quot;section-stretched&quot;,&quot;background_background&quot;:&quot;classic&quot;}\">\n\t\t\t\t\t\t<div class=\"elementor-container elementor-column-gap-no\">\n\t\t\t\t\t<div class=\"elementor-column elementor-col-100 elementor-top-column elementor-element elementor-element-71c10e2\" data-id=\"71c10e2\" data-element_type=\"column\">\n\t\t\t<div class=\"elementor-widget-wrap elementor-element-populated\">\n\t\t\t\t\t\t<div class=\"elementor-element elementor-element-2fe5d23 elementor-widget elementor-widget-heading\" data-id=\"2fe5d23\" data-element_type=\"widget\" data-widget_type=\"heading.default\">\n\t\t\t\t\t<h2 class=\"elementor-heading-title elementor-size-default\">Ehrenamtlich werden<\/h2>\t\t\t\t<\/div>\n\t\t\t\t\t<\/div>\n\t\t<\/div>\n\t\t\t\t\t<\/div>\n\t\t<\/div>\n\t\t\t\t<div class=\"elementor-section elementor-top-section elementor-element elementor-element-5826774 elementor-section-stretched elementor-section-boxed elementor-section-height-default elementor-section-height-default\" data-id=\"5826774\" data-element_type=\"section\" data-settings=\"{&quot;stretch_section&quot;:&quot;section-stretched&quot;}\">\n\t\t\t\t\t\t<div class=\"elementor-container elementor-column-gap-no\">\n\t\t\t\t\t<div class=\"elementor-column elementor-col-50 elementor-top-column elementor-element elementor-element-891b68a\" data-id=\"891b68a\" data-element_type=\"column\">\n\t\t\t<div class=\"elementor-widget-wrap elementor-element-populated\">\n\t\t\t\t\t\t<div class=\"elementor-element elementor-element-ea4e23a elementor-widget elementor-widget-heading\" data-id=\"ea4e23a\" data-element_type=\"widget\" data-widget_type=\"heading.default\">\n\t\t\t\t\t<h2 class=\"elementor-heading-title elementor-size-default\">Wir brauchen Ihre Hilfe!<\/h2>\t\t\t\t<\/div>\n\t\t\t\t<div class=\"elementor-element elementor-element-7a19879 elementor-widget elementor-widget-text-editor\" data-id=\"7a19879\" data-element_type=\"widget\" data-widget_type=\"text-editor.default\">\n\t\t\t\t\t\t\t\t\t<p class=\"first:mt-1.5!\">Als <strong>Protectiva Gesundheitsstiftung<\/strong>, Wir sind auf die Unterst\u00fctzung engagierter Freiwilliger angewiesen, um mehr Menschen mit wichtigen Gesundheits- und Sozialdiensten zu erreichen. Ganz gleich, ob Sie medizinisches Fachpersonal sind, studieren oder einfach nur helfen wollen - es gibt einen Platz f\u00fcr Sie bei unserer Mission. Indem Sie sich bei uns ehrenamtlich engagieren, bringen Sie Ihre Zeit, Ihre F\u00e4higkeiten und Ihr Mitgef\u00fchl ein, um die Schw\u00e4chsten zu sch\u00fctzen - vor allem Kinder, Frauen und Menschen mit begrenztem Zugang zu medizinischer Versorgung.<\/p><p class=\"first:mt-1.5!\">Unsere Freiwilligen unterst\u00fctzen Gesundheitsuntersuchungen, Aufkl\u00e4rungskampagnen, soziale Hilfsprojekte und Spendenaktionen. Gemeinsam st\u00e4rken wir die Solidarit\u00e4t, bauen ges\u00fcndere Gemeinschaften auf und zeigen, dass kein Leben wegen des Mangels an einfachen und erschwinglichen medizinischen Produkten verloren gehen sollte.<\/p>\t\t\t\t\t\t\t\t<\/div>\n\t\t\t\t<div class=\"elementor-element elementor-element-c5c7308 elementor-widget elementor-widget-heading\" data-id=\"c5c7308\" data-element_type=\"widget\" data-widget_type=\"heading.default\">\n\t\t\t\t\t<h2 class=\"elementor-heading-title elementor-size-default\">Anforderungen an Freiwillige<\/h2>\t\t\t\t<\/div>\n\t\t\t\t<div class=\"elementor-element elementor-element-6126a71 elementor-widget elementor-widget-text-editor\" data-id=\"6126a71\" data-element_type=\"widget\" data-widget_type=\"text-editor.default\">\n\t\t\t\t\t\t\t\t\t<p>Wir hei\u00dfen Freiwillige mit unterschiedlichem Hintergrund willkommen. Sie m\u00fcssen keine medizinische Fachkraft sein, um bei uns mitzumachen - was am meisten z\u00e4hlt, ist Ihre Motivation zu helfen und Ihr Respekt f\u00fcr die Menschenw\u00fcrde. F\u00fcr einige Aufgaben verlangen wir jedoch bestimmte F\u00e4higkeiten oder Erfahrungen.<\/p>\t\t\t\t\t\t\t\t<\/div>\n\t\t\t\t<div class=\"elementor-element elementor-element-06e9b30 elementor-icon-list--layout-traditional elementor-list-item-link-full_width elementor-widget elementor-widget-icon-list\" data-id=\"06e9b30\" data-element_type=\"widget\" data-widget_type=\"icon-list.default\">\n\t\t\t\t\t\t\t<ul class=\"elementor-icon-list-items\">\n\t\t\t\t\t\t\t<li class=\"elementor-icon-list-item\">\n\t\t\t\t\t\t\t\t\t\t\t<a href=\"#\">\n\n\t\t\t\t\t\t\t\t\t\t\t\t<span class=\"elementor-icon-list-icon\">\n\t\t\t\t\t\t\t<svg aria-hidden=\"true\" class=\"e-font-icon-svg e-fas-check\" viewbox=\"0 0 512 512\" xmlns=\"http:\/\/www.w3.org\/2000\/svg\"><path d=\"M173.898 439.404l-166.4-166.4c-9.997-9.997-9.997-26.206 0-36.204l36.203-36.204c9.997-9.998 26.207-9.998 36.204 0L192 312.69 432.095 72.596c9.997-9.997 26.207-9.997 36.204 0l36.203 36.204c9.997 9.997 9.997 26.206 0 36.204l-294.4 294.401c-9.998 9.997-26.207 9.997-36.204-.001z\"><\/path><\/svg>\t\t\t\t\t\t<\/span>\n\t\t\t\t\t\t\t\t\t\t<span class=\"elementor-icon-list-text\">Bekenntnis zu den Werten der Protectiva Health Foundation: Solidarit\u00e4t, Gleichheit und Achtung vor dem menschlichen Leben.<\/span>\n\t\t\t\t\t\t\t\t\t\t\t<\/a>\n\t\t\t\t\t\t\t\t\t<\/li>\n\t\t\t\t\t\t\t\t<li class=\"elementor-icon-list-item\">\n\t\t\t\t\t\t\t\t\t\t\t<a href=\"#\">\n\n\t\t\t\t\t\t\t\t\t\t\t\t<span class=\"elementor-icon-list-icon\">\n\t\t\t\t\t\t\t<svg aria-hidden=\"true\" class=\"e-font-icon-svg e-fas-check\" viewbox=\"0 0 512 512\" xmlns=\"http:\/\/www.w3.org\/2000\/svg\"><path d=\"M173.898 439.404l-166.4-166.4c-9.997-9.997-9.997-26.206 0-36.204l36.203-36.204c9.997-9.998 26.207-9.998 36.204 0L192 312.69 432.095 72.596c9.997-9.997 26.207-9.997 36.204 0l36.203 36.204c9.997 9.997 9.997 26.206 0 36.204l-294.4 294.401c-9.998 9.997-26.207 9.997-36.204-.001z\"><\/path><\/svg>\t\t\t\t\t\t<\/span>\n\t\t\t\t\t\t\t\t\t\t<span class=\"elementor-icon-list-text\">Bereitschaft zur Zusammenarbeit mit Menschen aus verschiedenen Kulturen, Altersgruppen und mit unterschiedlichem Hintergrund.<\/span>\n\t\t\t\t\t\t\t\t\t\t\t<\/a>\n\t\t\t\t\t\t\t\t\t<\/li>\n\t\t\t\t\t\t\t\t<li class=\"elementor-icon-list-item\">\n\t\t\t\t\t\t\t\t\t\t\t<a href=\"#\">\n\n\t\t\t\t\t\t\t\t\t\t\t\t<span class=\"elementor-icon-list-icon\">\n\t\t\t\t\t\t\t<svg aria-hidden=\"true\" class=\"e-font-icon-svg e-fas-check\" viewbox=\"0 0 512 512\" xmlns=\"http:\/\/www.w3.org\/2000\/svg\"><path d=\"M173.898 439.404l-166.4-166.4c-9.997-9.997-9.997-26.206 0-36.204l36.203-36.204c9.997-9.998 26.207-9.998 36.204 0L192 312.69 432.095 72.596c9.997-9.997 26.207-9.997 36.204 0l36.203 36.204c9.997 9.997 9.997 26.206 0 36.204l-294.4 294.401c-9.998 9.997-26.207 9.997-36.204-.001z\"><\/path><\/svg>\t\t\t\t\t\t<\/span>\n\t\t\t\t\t\t\t\t\t\t<span class=\"elementor-icon-list-text\">F\u00fcr medizinische und technische Aufgaben: einschl\u00e4gige Ausbildung, Zertifizierung oder Berufserfahrung.<\/span>\n\t\t\t\t\t\t\t\t\t\t\t<\/a>\n\t\t\t\t\t\t\t\t\t<\/li>\n\t\t\t\t\t\t\t\t<li class=\"elementor-icon-list-item\">\n\t\t\t\t\t\t\t\t\t\t\t<a href=\"#\">\n\n\t\t\t\t\t\t\t\t\t\t\t\t<span class=\"elementor-icon-list-icon\">\n\t\t\t\t\t\t\t<svg aria-hidden=\"true\" class=\"e-font-icon-svg e-fas-check\" viewbox=\"0 0 512 512\" xmlns=\"http:\/\/www.w3.org\/2000\/svg\"><path d=\"M173.898 439.404l-166.4-166.4c-9.997-9.997-9.997-26.206 0-36.204l36.203-36.204c9.997-9.998 26.207-9.998 36.204 0L192 312.69 432.095 72.596c9.997-9.997 26.207-9.997 36.204 0l36.203 36.204c9.997 9.997 9.997 26.206 0 36.204l-294.4 294.401c-9.998 9.997-26.207 9.997-36.204-.001z\"><\/path><\/svg>\t\t\t\t\t\t<\/span>\n\t\t\t\t\t\t\t\t\t\t<span class=\"elementor-icon-list-text\">F\u00e4higkeit, klar zu kommunizieren und in einem Team zu arbeiten.<\/span>\n\t\t\t\t\t\t\t\t\t\t\t<\/a>\n\t\t\t\t\t\t\t\t\t<\/li>\n\t\t\t\t\t\t\t\t<li class=\"elementor-icon-list-item\">\n\t\t\t\t\t\t\t\t\t\t\t<a href=\"#\">\n\n\t\t\t\t\t\t\t\t\t\t\t\t<span class=\"elementor-icon-list-icon\">\n\t\t\t\t\t\t\t<svg aria-hidden=\"true\" class=\"e-font-icon-svg e-fas-check\" viewbox=\"0 0 512 512\" xmlns=\"http:\/\/www.w3.org\/2000\/svg\"><path d=\"M173.898 439.404l-166.4-166.4c-9.997-9.997-9.997-26.206 0-36.204l36.203-36.204c9.997-9.998 26.207-9.998 36.204 0L192 312.69 432.095 72.596c9.997-9.997 26.207-9.997 36.204 0l36.203 36.204c9.997 9.997 9.997 26.206 0 36.204l-294.4 294.401c-9.998 9.997-26.207 9.997-36.204-.001z\"><\/path><\/svg>\t\t\t\t\t\t<\/span>\n\t\t\t\t\t\t\t\t\t\t<span class=\"elementor-icon-list-text\">Bei Aktivit\u00e4ten mit Kindern und schutzbed\u00fcrftigen Gruppen: Einhaltung unserer Sicherheits- und Schutzrichtlinien.<\/span>\n\t\t\t\t\t\t\t\t\t\t\t<\/a>\n\t\t\t\t\t\t\t\t\t<\/li>\n\t\t\t\t\t\t<\/ul>\n\t\t\t\t\t\t<\/div>\n\t\t\t\t\t<\/div>\n\t\t<\/div>\n\t\t\t\t<div class=\"elementor-column elementor-col-50 elementor-top-column elementor-element elementor-element-b1aaa6c\" data-id=\"b1aaa6c\" data-element_type=\"column\">\n\t\t\t<div class=\"elementor-widget-wrap elementor-element-populated\">\n\t\t\t\t\t\t<div class=\"elementor-element elementor-element-1222df2 elementor-widget elementor-widget-heading\" data-id=\"1222df2\" data-element_type=\"widget\" data-widget_type=\"heading.default\">\n\t\t\t\t\t<h2 class=\"elementor-heading-title elementor-size-default\">Formular f\u00fcr die Anmeldung<\/h2>\t\t\t\t<\/div>\n\t\t\t\t<div class=\"elementor-element elementor-element-67ed1f5 elementor-widget elementor-widget-text-editor\" data-id=\"67ed1f5\" data-element_type=\"widget\" data-widget_type=\"text-editor.default\">\n\t\t\t\t\t\t\t\t\t<p>Die folgenden Angaben sind erforderlich, damit wir mit Ihnen Kontakt aufnehmen und Sie mit geeigneten Freiwilligeneins\u00e4tzen zusammenbringen k\u00f6nnen.<\/p>\t\t\t\t\t\t\t\t<\/div>\n\t\t\t\t<div class=\"elementor-element elementor-element-986d7f1 elementor-widget elementor-widget-humani-contactform\" data-id=\"986d7f1\" data-element_type=\"widget\" data-widget_type=\"humani-contactform.default\">\n\t\t\t\t<div class=\"elementor-widget-container\">\n\t\t\t\t\t\n<div class=\"wpcf7 no-js\" id=\"wpcf7-f13986-o1\" lang=\"en-US\" dir=\"ltr\" data-wpcf7-id=\"13986\">\n<div class=\"screen-reader-response\"><p role=\"status\" aria-live=\"polite\" aria-atomic=\"true\"><\/p> <ul><\/ul><\/div>\n<form action=\"\/de\/wp-json\/wp\/v2\/pages\/12607#wpcf7-f13986-o1\" method=\"post\" class=\"wpcf7-form init\" aria-label=\"Kontakt-Formular\" novalidate=\"novalidate\" data-status=\"init\" data-trp-original-action=\"\/de\/wp-json\/wp\/v2\/pages\/12607#wpcf7-f13986-o1\">\n<fieldset class=\"hidden-fields-container\"><input type=\"hidden\" name=\"_wpcf7\" value=\"13986\" \/><input type=\"hidden\" name=\"_wpcf7_version\" value=\"6.1.4\" \/><input type=\"hidden\" name=\"_wpcf7_locale\" value=\"en_US\" \/><input type=\"hidden\" name=\"_wpcf7_unit_tag\" value=\"wpcf7-f13986-o1\" \/><input type=\"hidden\" name=\"_wpcf7_container_post\" value=\"0\" \/><input type=\"hidden\" name=\"_wpcf7_posted_data_hash\" value=\"\" \/>\n<\/fieldset>\n<div class=\"form-custom\">\n\t<p><label> Ihr Name *<\/label><br \/>\n<span class=\"wpcf7-form-control-wrap\" data-name=\"your-name\"><input size=\"40\" maxlength=\"400\" class=\"wpcf7-form-control wpcf7-text wpcf7-validates-as-required\" aria-required=\"true\" aria-invalid=\"false\" value=\"\" type=\"text\" name=\"your-name\" \/><\/span>\n\t<\/p>\n\t<p><label> E-Mail Adresse *<\/label><br \/>\n<span class=\"wpcf7-form-control-wrap\" data-name=\"your-email\"><input size=\"40\" maxlength=\"400\" class=\"wpcf7-form-control wpcf7-text wpcf7-validates-as-required\" aria-required=\"true\" aria-invalid=\"false\" value=\"\" type=\"text\" name=\"your-email\" \/><\/span>\n\t<\/p>\n\t<div class=\"row-inline row\">\n\t\t<div>\n\t\t\t<p><label> Rufnummer *<\/label><br \/>\n<span class=\"wpcf7-form-control-wrap\" data-name=\"your-phone\"><input size=\"40\" maxlength=\"400\" class=\"wpcf7-form-control wpcf7-text wpcf7-validates-as-required\" aria-required=\"true\" aria-invalid=\"false\" value=\"\" type=\"text\" name=\"your-phone\" \/><\/span>\n\t\t\t<\/p>\n\t\t<\/div>\n\t\t<div>\n\t\t\t<p><label>Geburtsdatum *<\/label><br \/>\n<span class=\"wpcf7-form-control-wrap\" data-name=\"your-date\"><input size=\"40\" maxlength=\"400\" class=\"wpcf7-form-control wpcf7-email wpcf7-validates-as-required wpcf7-text wpcf7-validates-as-email\" aria-required=\"true\" aria-invalid=\"false\" value=\"\" type=\"email\" name=\"your-date\" \/><\/span>\n\t\t\t<\/p>\n\t\t<\/div>\n\t<\/div>\n\t<p><label> Adresse *<\/label><br \/>\n<span class=\"wpcf7-form-control-wrap\" data-name=\"your-address\"><input size=\"40\" maxlength=\"400\" class=\"wpcf7-form-control wpcf7-text wpcf7-validates-as-required\" aria-required=\"true\" aria-invalid=\"false\" value=\"\" type=\"text\" name=\"your-address\" \/><\/span>\n\t<\/p>\n\t<p><label> Berufliche T\u00e4tigkeit:<\/label><br \/>\n<span class=\"wpcf7-form-control-wrap\" data-name=\"your-occupation\"><input size=\"40\" maxlength=\"400\" class=\"wpcf7-form-control wpcf7-text wpcf7-validates-as-required\" aria-required=\"true\" aria-invalid=\"false\" value=\"\" type=\"text\" name=\"your-occupation\" \/><\/span>\n\t<\/p>\n\t<div>\n\t\t<p><input class=\"wpcf7-form-control wpcf7-submit has-spinner\" type=\"submit\" value=\"Einreichen\" \/>\n\t\t<\/p>\n\t<\/div>\n<\/div><div class=\"wpcf7-response-output\" aria-hidden=\"true\"><\/div>\n<input type=\"hidden\" name=\"trp-form-language\" value=\"de\"\/><\/form>\n<\/div>\n\t\t\t\t<\/div>\n\t\t\t\t<\/div>\n\t\t\t\t<div class=\"elementor-element elementor-element-8706f11 elementor-widget elementor-widget-text-editor\" data-id=\"8706f11\" data-element_type=\"widget\" data-widget_type=\"text-editor.default\">\n\t\t\t\t\t\t\t\t\t<p>Vielen Dank f\u00fcr Ihre Bereitschaft, unsere Arbeit zu unterst\u00fctzen<\/p>\t\t\t\t\t\t\t\t<\/div>\n\t\t\t\t\t<\/div>\n\t\t<\/div>\n\t\t\t\t\t<\/div>\n\t\t<\/div>\n\t\t\t\t<div class=\"elementor-section elementor-top-section elementor-element elementor-element-700fa71 elementor-section-stretched elementor-section-boxed elementor-section-height-default elementor-section-height-default\" data-id=\"700fa71\" data-element_type=\"section\" data-settings=\"{&quot;stretch_section&quot;:&quot;section-stretched&quot;}\">\n\t\t\t\t\t\t<div class=\"elementor-container elementor-column-gap-no\">\n\t\t\t\t\t<div class=\"elementor-column elementor-col-100 elementor-top-column elementor-element elementor-element-a3608ee\" data-id=\"a3608ee\" data-element_type=\"column\">\n\t\t\t<div class=\"elementor-widget-wrap elementor-element-populated\">\n\t\t\t\t\t\t<div class=\"elementor-element elementor-element-fd3ab37 elementor-invisible elementor-widget elementor-widget-image\" data-id=\"fd3ab37\" data-element_type=\"widget\" data-settings=\"{&quot;_animation&quot;:&quot;bounceIn&quot;,&quot;_animation_delay&quot;:200}\" data-widget_type=\"image.default\">\n\t\t\t\t\t\t\t\t\t\t\t\t\t\t\t<img fetchpriority=\"high\" decoding=\"async\" width=\"738\" height=\"624\" src=\"https:\/\/phfoundation.net\/wp-content\/uploads\/2021\/06\/Volunteer_02.png\" class=\"attachment-full size-full wp-image-12714\" alt=\"\" srcset=\"https:\/\/phfoundation.net\/wp-content\/uploads\/2021\/06\/Volunteer_02.png 738w, https:\/\/phfoundation.net\/wp-content\/uploads\/2021\/06\/Volunteer_02-600x507.png 600w, https:\/\/phfoundation.net\/wp-content\/uploads\/2021\/06\/Volunteer_02-300x254.png 300w\" sizes=\"(max-width: 738px) 100vw, 738px\" title=\"\">\t\t\t\t\t\t\t\t\t\t\t\t\t\t\t<\/div>\n\t\t\t\t<div class=\"elementor-element elementor-element-ab6243e animated-fast elementor-absolute elementor-widget elementor-widget-image\" data-id=\"ab6243e\" data-element_type=\"widget\" data-settings=\"{&quot;_animation&quot;:&quot;none&quot;,&quot;_position&quot;:&quot;absolute&quot;}\" data-widget_type=\"image.default\">\n\t\t\t\t\t\t\t\t\t\t\t\t\t\t\t<img decoding=\"async\" width=\"573\" height=\"692\" src=\"https:\/\/phfoundation.net\/wp-content\/uploads\/2021\/06\/Volunteer_03.png\" class=\"attachment-full size-full wp-image-12718\" alt=\"\" srcset=\"https:\/\/phfoundation.net\/wp-content\/uploads\/2021\/06\/Volunteer_03.png 573w, https:\/\/phfoundation.net\/wp-content\/uploads\/2021\/06\/Volunteer_03-248x300.png 248w\" sizes=\"(max-width: 573px) 100vw, 573px\" title=\"\">\t\t\t\t\t\t\t\t\t\t\t\t\t\t\t<\/div>\n\t\t\t\t\t<\/div>\n\t\t<\/div>\n\t\t\t\t\t<\/div>\n\t\t<\/div>\n\t\t\t\t<\/div>","protected":false},"excerpt":{"rendered":"<p>Werden Sie ein Freiwilliger Wir brauchen Ihre Hilfe! Als Protectiva Health Foundation sind wir auf die Unterst\u00fctzung engagierter Freiwilliger angewiesen, um mehr Menschen mit wichtigen Gesundheits- und Sozialdiensten zu erreichen. Egal, ob Sie medizinisches Fachpersonal sind, studieren oder einfach nur helfen wollen, es gibt einen Platz f\u00fcr Sie in unserer Mission. Durch freiwillige Mitarbeit [...]<\/p>","protected":false},"author":1,"featured_media":0,"parent":0,"menu_order":0,"comment_status":"closed","ping_status":"closed","template":"template-homepage.php","meta":{"give_campaign_id":0,"footnotes":""},"class_list":["post-12607","page","type-page","status-publish","hentry"],"campaignId":"","jetpack_sharing_enabled":true,"_links":{"self":[{"href":"https:\/\/phfoundation.net\/de\/wp-json\/wp\/v2\/pages\/12607","targetHints":{"allow":["GET"]}}],"collection":[{"href":"https:\/\/phfoundation.net\/de\/wp-json\/wp\/v2\/pages"}],"about":[{"href":"https:\/\/phfoundation.net\/de\/wp-json\/wp\/v2\/types\/page"}],"author":[{"embeddable":true,"href":"https:\/\/phfoundation.net\/de\/wp-json\/wp\/v2\/users\/1"}],"replies":[{"embeddable":true,"href":"https:\/\/phfoundation.net\/de\/wp-json\/wp\/v2\/comments?post=12607"}],"version-history":[{"count":0,"href":"https:\/\/phfoundation.net\/de\/wp-json\/wp\/v2\/pages\/12607\/revisions"}],"wp:attachment":[{"href":"https:\/\/phfoundation.net\/de\/wp-json\/wp\/v2\/media?parent=12607"}],"curies":[{"name":"wp","href":"https:\/\/api.w.org\/{rel}","templated":true}]}}