{"id":13349,"date":"2021-06-03T08:46:04","date_gmt":"2021-06-03T08:46:04","guid":{"rendered":"https:\/\/demo2wpopal.b-cdn.net\/humani\/?page_id=13349"},"modified":"2026-01-10T15:57:56","modified_gmt":"2026-01-10T15:57:56","slug":"donate","status":"publish","type":"page","link":"https:\/\/phfoundation.net\/de\/donate\/","title":{"rendered":"Spenden"},"content":{"rendered":"<div data-elementor-type=\"wp-page\" data-elementor-id=\"13349\" class=\"elementor elementor-13349\">\n\t\t\t\t\t\t<div class=\"elementor-section elementor-top-section elementor-element elementor-element-63b1854 elementor-section-boxed elementor-section-height-default elementor-section-height-default\" data-id=\"63b1854\" data-element_type=\"section\">\n\t\t\t\t\t\t<div class=\"elementor-container elementor-column-gap-no\">\n\t\t\t\t\t<div class=\"elementor-column elementor-col-100 elementor-top-column elementor-element elementor-element-00a9cf2\" data-id=\"00a9cf2\" data-element_type=\"column\">\n\t\t\t<div class=\"elementor-widget-wrap elementor-element-populated\">\n\t\t\t\t\t\t<div class=\"elementor-element elementor-element-68eafe6 elementor-widget elementor-widget-text-editor\" data-id=\"68eafe6\" data-element_type=\"widget\" data-widget_type=\"text-editor.default\">\n\t\t\t\t\t\t\t\t\t<h4><strong>Ihre Unterst\u00fctzung hilft uns, den Menschen, die sie am dringendsten ben\u00f6tigen, lebenswichtige Gesundheits- und Medizinprodukte zur Verf\u00fcgung zu stellen.<\/strong><\/h4>\t\t\t\t\t\t\t\t<\/div>\n\t\t\t\t<div class=\"elementor-element elementor-element-66f7c49 elementor-widget elementor-widget-text-editor\" data-id=\"66f7c49\" data-element_type=\"widget\" data-widget_type=\"text-editor.default\">\n\t\t\t\t\t\t\t\t\t<p class=\"first:mt-1.5!\"><strong>Protectiva Gesundheitsstiftung<\/strong> setzt sich daf\u00fcr ein, den Zugang zu grundlegenden Gesundheitsdiensten und medizinischen Produkten zu verbessern, insbesondere in Regionen, in denen einfache, vermeidbare Krankheiten immer noch t\u00f6dlich sein k\u00f6nnen. Mit Ihrer Spende helfen Sie uns, Vorsorgeuntersuchungen, Impfungen, sterile medizinische Produkte, Projekte f\u00fcr sauberes Wasser und soziale Unterst\u00fctzung f\u00fcr bed\u00fcrftige Familien - mit besonderem Augenmerk auf Kinder und Frauen - bereitzustellen. Jeder Beitrag, ob gro\u00df oder klein, verwandelt Solidarit\u00e4t in konkretes Handeln.<\/p><p class=\"first:mt-1.5!\">Wir sind eine junge, aber schnell wachsende Stiftung. Ihre Spende erm\u00f6glicht es uns, neue Gesundheitsprogramme zu starten, lokale Kliniken und Krankenh\u00e4user zu unterst\u00fctzen und schnell auf dringende Bed\u00fcrfnisse zu reagieren. Gemeinsam k\u00f6nnen wir sicherstellen, dass kein Leben verloren geht, nur weil die medizinische Grundversorgung unerreichbar ist.<\/p>\t\t\t\t\t\t\t\t<\/div>\n\t\t\t\t<div class=\"elementor-element elementor-element-b0a27fa elementor-widget__width-initial elementor-widget elementor-widget-humani-give-form\" data-id=\"b0a27fa\" data-element_type=\"widget\" data-widget_type=\"humani-give-form.default\">\n\t\t\t\t<div class=\"elementor-widget-container\">\n\t\t\t\t\t\t<div id=\"give-form-25-wrap\" class=\"give-form-wrap give-display-onpage\">\n\t\t\t\t\t<form id=\"give-form-25-1\" class=\"give-form give-form-25 give-form-type-multi\" action=\"https:\/\/phfoundation.net\/de\/wp-json\/wp\/v2\/pages\/13349\/?payment-mode=paypal-commerce&#038;form-id=25\" data-id=\"25-1\" data-currency_symbol=\"&#122;&#322;\" data-currency_code=\"PLN\" data-currency_position=\"before\" data-thousands_separator=\" \" data-decimal_separator=\",\" data-number_decimals=\"2\" method=\"post\" data-trp-original-action=\"https:\/\/phfoundation.net\/de\/wp-json\/wp\/v2\/pages\/13349\/?payment-mode=paypal-commerce&form-id=25\">\n\t\t\t\t<!-- The following field is for robots only, invisible to humans: -->\n\t\t\t\t<span class=\"give-hidden\" style=\"display: none !important;\">\n\t\t\t\t\t<label for=\"give-form-honeypot-25\"><\/label>\n\t\t\t\t\t<input id=\"give-form-honeypot-25\" type=\"text\" name=\"give-honeypot\"\n\t\t\t\t\t\t   class=\"give-honeypot give-hidden\"\/>\n\t\t\t\t<\/span>\n\n\t\t\t\t\t<input type=\"hidden\" name=\"give-form-id-prefix\" value=\"25-1\"\/>\n\t<input type=\"hidden\" name=\"give-form-id\" value=\"25\"\/>\n\t<input type=\"hidden\" name=\"give-form-title\" value=\"Bose &amp; HGS Children&#039;s Sponsorship\"\/>\n\t<input type=\"hidden\" name=\"give-current-url\" value=\"https:\/\/phfoundation.net\/de\/wp-json\/wp\/v2\/pages\/13349\/\"\/>\n\t<input type=\"hidden\" name=\"give-form-url\" value=\"https:\/\/phfoundation.net\/de\/wp-json\/wp\/v2\/pages\/13349\/\"\/>\n\t\t\t<input type=\"hidden\" name=\"give-form-minimum\"\n\t\t\t   value=\"\"\/>\n\t\t<input type=\"hidden\" name=\"give-form-maximum\"\n\t\t\t   value=\"999999.99\"\/>\n\t\t<input type=\"hidden\"  name=\"give-form-hash\" value=\"9997f35f4f\" data-time=\"1777471477\" data-nonce-life=\"86400\" data-donor-session=\"0\"\/><input type=\"hidden\" name=\"give-price-id\" value=\"3\"\/>\t\t<div class=\"give-total-wrap\">\n\t\t\t<div class=\"give-donation-amount form-row-wide\">\n\t\t\t\t<span class=\"give-currency-symbol give-currency-position-before\">z\u0142<\/span>\t\t\t\t<label class=\"give-hidden\" for=\"give-amount\">Spendensumme:<\/label>\n\t\t\t\t<input class=\"give-text-input give-amount-top\" id=\"give-amount\" name=\"give-amount\" type=\"text\" inputmode=\"decimal\"\n\t\t\t\t\t   placeholder=\"\" value=\"100,00\" autocomplete=\"off\">\n\t\t\t\t\t\t\t<\/div>\n\t\t<\/div>\n\t\t<ul id=\"give-donation-level-button-wrap\" class=\"give-donation-levels-wrap give-list-inline\"><li><button type=\"button\" data-price-id=\"0\" class=\"give-donation-level-btn give-btn give-btn-level-0\" value=\"10,00\" data-default=\"0\">z\u014210,00<\/button><\/li><li><button type=\"button\" data-price-id=\"1\" class=\"give-donation-level-btn give-btn give-btn-level-1\" value=\"25,00\" data-default=\"0\">z\u014225,00<\/button><\/li><li><button type=\"button\" data-price-id=\"2\" class=\"give-donation-level-btn give-btn give-btn-level-2\" value=\"50,00\" data-default=\"0\">z\u014250,00<\/button><\/li><li><button type=\"button\" data-price-id=\"3\" class=\"give-donation-level-btn give-btn give-btn-level-3 give-default-level\" value=\"100,00\" data-default=\"1\">z\u0142100,00<\/button><\/li><li><button type=\"button\" data-price-id=\"5\" class=\"give-donation-level-btn give-btn give-btn-level-5\" value=\"250,00\" data-default=\"0\">z\u0142250,00<\/button><\/li><li><button type=\"button\" data-price-id=\"custom\" class=\"give-donation-level-btn give-btn give-btn-level-custom\" value=\"custom\">Freier Betrag<\/button><\/li><\/ul>\n\t<fieldset id=\"give-payment-mode-select\" style=\"display: none;\">\n\t\t\t\t<legend\n\t\t\tclass=\"give-payment-mode-label\">Zahlungsmethode ausw\u00e4hlen\t\t\t<span class=\"give-loading-text\"><span\n\t\t\t\t\tclass=\"give-loading-animation\"><\/span>\n\t\t\t<\/span>\n\t\t<\/legend>\n\n\t\t<div id=\"give-payment-mode-wrap\">\n\t\t\t\t\t\t<ul id=\"give-gateway-radio-list\">\n\t\t\t\t\t\t\t\t\t\t<li class=\"give-gateway-option-selected\">\n\t\t\t\t\t\t\t<input type=\"radio\" name=\"payment-mode\" class=\"give-gateway\"\n\t\t\t\t\t\t\t\t   id=\"give-gateway-paypal-commerce-25-1\"\n\t\t\t\t\t\t\t\t   value=\"paypal-commerce\" checked='checked'>\n\t\t\t\t\t\t\t<label for=\"give-gateway-paypal-commerce-25-1\"\n\t\t\t\t\t\t\t\t   class=\"give-gateway-option\"\n\t\t\t\t\t\t\t\t   id=\"give-gateway-option-paypal-commerce\"> PayPal-Spenden<\/label>\n\t\t\t\t\t\t<\/li>\n\t\t\t\t\t\t\t\t\t<\/ul>\n\t\t\t\t\t<\/div>\n\t\t\t<\/fieldset>\n\n\t\n\t<div id=\"give_purchase_form_wrap\">\n\n\t\t\t<fieldset id=\"give_checkout_user_info\" class=\"\">\n\t\t<legend>\n\t\t\tPers\u00f6nliche Informationen\t\t<\/legend>\n\n\t\t\n        <p id=\"give-first-name-wrap\" class=\"form-row form-row-first form-row-responsive\">\n            <label class=\"give-label\" for=\"give-first\">\n                Vorname                                    <span class=\"give-required-indicator\">*<\/span>\n                                <span class=\"give-tooltip hint--top hint--medium hint--bounce\" aria-label=\"Dein Vorname wird benutzt, um deine Spendenaufzeichnung zu personalisieren.\" rel=\"tooltip\"><i class=\"give-icon give-icon-question\"><\/i><\/span>            <\/label>\n            <input\n                class=\"give-input required\"\n                type=\"text\"\n                name=\"give_first\"\n                autocomplete=\"given-name\"\n                placeholder=\"Vorname\"\n                id=\"give-first\"\n                value=\"\"\n                 required aria-required=\"true\"             \/>\n        <\/p>\n\n        <p id=\"give-last-name-wrap\" class=\"form-row form-row-last form-row-responsive\">\n            <label class=\"give-label\" for=\"give-last\">\n                Nachname                                <span class=\"give-tooltip hint--top hint--medium hint--bounce\" aria-label=\"Dein Nachname wird benutzt, um deine Spendenaufzeichnung zu personalisieren.\" rel=\"tooltip\"><i class=\"give-icon give-icon-question\"><\/i><\/span>            <\/label>\n\n            <input\n                class=\"give-input\"\n                type=\"text\"\n                name=\"give_last\"\n                autocomplete=\"family-name\"\n                id=\"give-last\"\n                placeholder=\"Nachname\"\n                value=\"\"\n                            \/>\n        <\/p>\n\n        \n                <p id=\"give-email-wrap\" class=\"form-row form-row-wide\">\n            <label class=\"give-label\" for=\"give-email\">\n                E-Mail-Adresse                                    <span class=\"give-required-indicator\">*<\/span>\n                                    <span class=\"give-tooltip hint--top hint--medium hint--bounce\" aria-label=\"Wir werden die Spendenquittung zu dieser Adresse senden.\" rel=\"tooltip\"><i class=\"give-icon give-icon-question\"><\/i><\/span>            <\/label>\n            <input\n                class=\"give-input required\"\n                type=\"email\"\n                name=\"give_email\"\n                autocomplete=\"email\"\n                placeholder=\"E-Mail-Adresse\"\n                id=\"give-email\"\n                value=\"\"\n                 required aria-required=\"true\"             \/>\n\n        <\/p>\n\n        \n\t\t\t\t\t<\/fieldset>\n\t\t<fieldset id=\"give_cc_fields-25\" class=\"give-do-validate\">\n\t\t<legend>Kreditkarteninformation<\/legend>\n\t\t\t\t\t<div id=\"give_secure_site_wrapper-25\">\n\t\t\t\t<span class=\"give-icon padlock\"><\/span>\n\t\t\t\t<span>Dies ist eine SSL-gesicherte Zahlung.<\/span>\n\t\t\t<\/div>\n\t\t\t\t<p id=\"give-card-number-wrap-25\" class=\"form-row form-row-two-thirds form-row-responsive\">\n\t\t\t<label for=\"card_number-25\" class=\"give-label\">\n\t\t\t\tKartennummer\t\t\t\t<span class=\"give-required-indicator\">*<\/span>\n\t\t\t\t<span class=\"give-tooltip hint--top hint--medium hint--bounce\" aria-label=\"Die (\u00fcblicherweise) 16-stellige Ziffernfolge auf der Vorderseite deiner Kreditkarte.\" rel=\"tooltip\"><i class=\"give-icon give-icon-question\"><\/i><\/span>\t\t\t\t<span class=\"card-type\"><\/span>\n\t\t\t<\/label>\n\n\t\t\t<input type=\"tel\" autocomplete=\"off\" name=\"card_number\" id=\"card_number-25\"\n\t\t\t\t   class=\"card-number give-input required\" placeholder=\"Kartennummer\"\n\t\t\t\t   required aria-required=\"true\"\/>\n\t\t<\/p>\n\n\t\t<p id=\"give-card-cvc-wrap-25\" class=\"form-row form-row-one-third form-row-responsive\">\n\t\t\t<label for=\"card_cvc-25\" class=\"give-label\">\n\t\t\t\tCVC\t\t\t\t<span class=\"give-required-indicator\">*<\/span>\n\t\t\t\t<span class=\"give-tooltip hint--top hint--medium hint--bounce\" aria-label=\"Die 3-stellige (R\u00fcckseite) oder 4-stellige Ziffernfolge (Vorderseite) auf deiner Kreditkarte.\" rel=\"tooltip\"><i class=\"give-icon give-icon-question\"><\/i><\/span>\t\t\t<\/label>\n\n\t\t\t<input type=\"tel\" size=\"4\" autocomplete=\"off\" name=\"card_cvc\" id=\"card_cvc-25\"\n\t\t\t\t   class=\"card-cvc give-input required\" placeholder=\"CVC\"\n\t\t\t\t   required aria-required=\"true\"\/>\n\t\t<\/p>\n\n\t\t<p id=\"give-card-name-wrap-25\" class=\"form-row form-row-two-thirds form-row-responsive\">\n\t\t\t<label for=\"card_name-25\" class=\"give-label\">\n\t\t\t\tName des Kartenbesitzers\t\t\t\t<span class=\"give-required-indicator\">*<\/span>\n\t\t\t\t<span class=\"give-tooltip hint--top hint--bounce\" aria-label=\"Der Name des Kontobesitzers der Kreditkarte. \" rel=\"tooltip\"><i class=\"give-icon give-icon-question\"><\/i><\/span>\t\t\t<\/label>\n\n\t\t\t<input type=\"text\" autocomplete=\"off\" name=\"card_name\" id=\"card_name-25\"\n\t\t\t\t   class=\"card-name give-input required\" placeholder=\"Name des Kartenbesitzers\"\n\t\t\t\t   required aria-required=\"true\"\/>\n\t\t<\/p>\n\t\t\t\t<p class=\"card-expiration form-row form-row-one-third form-row-responsive\">\n\t\t\t<label for=\"card_expiry-25\" class=\"give-label\">\n\t\t\t\tAblauf\t\t\t\t<span class=\"give-required-indicator\">*<\/span>\n\t\t\t\t<span class=\"give-tooltip hint--top hint--medium hint--bounce\" aria-label=\"Das Ablaufdatum deiner Kreditkarte, normalerweise auf der Vorderseite der Karte zu sehen.\" rel=\"tooltip\"><i class=\"give-icon give-icon-question\"><\/i><\/span>\t\t\t<\/label>\n\n\t\t\t<input type=\"hidden\" id=\"card_exp_month-25\" name=\"card_exp_month\"\n\t\t\t\t   class=\"card-expiry-month\"\/>\n\t\t\t<input type=\"hidden\" id=\"card_exp_year-25\" name=\"card_exp_year\"\n\t\t\t\t   class=\"card-expiry-year\"\/>\n\n\t\t\t<input type=\"tel\" autocomplete=\"off\" name=\"card_expiry\" id=\"card_expiry-25\"\n\t\t\t\t   class=\"card-expiry give-input required\" placeholder=\"MM \/ YY\"\n\t\t\t\t   required aria-required=\"true\"\/>\n\t\t<\/p>\n\t\t\t<\/fieldset>\n\t\t<fieldset id=\"give_terms_agreement\">\n\t\t<legend>Bedingungen<\/legend>\n\t\t<div id=\"give_terms\" class=\"give_terms-25\" style=\"display:none;\">\n\t\t\t<p>Die Annahme von Spenden, Schenkungen oder Zusch\u00fcssen liegt im Ermessen der Protectiva Health Foundation (\"Protectiva\"). Protectiva nimmt keine Geschenke an, wenn sie nicht im Einklang mit dem Zweck und der Aufgabe von Protectiva verwendet oder ausgegeben werden k\u00f6nnen.<\/p>\n<p>Unwiderrufliche Schenkungen werden nicht angenommen, wenn sie die finanzielle Sicherheit des Spenders gef\u00e4hrden w\u00fcrden, unabh\u00e4ngig davon, ob es sich um eine Schenkung auf Lebenszeit handelt oder nicht.<\/p>\n<p>Protectiva erteilt keine Ratschl\u00e4ge zur steuerlichen oder sonstigen Behandlung von Spenden und ermutigt die Spender, sich von ihren eigenen professionellen Beratern beraten zu lassen, um ihnen bei der Durchf\u00fchrung ihrer Spende zu helfen.<\/p>\n<p>Protectiva nimmt Spenden in Form von Bargeld oder b\u00f6rsennotierten Wertpapieren an. Sachspenden werden nach dem Ermessen von Protectiva angenommen.<\/p>\n<p>Bestimmte andere Schenkungen, Immobilien, pers\u00f6nliches Eigentum, Sachspenden, nicht liquide Wertpapiere und Beitr\u00e4ge, deren Quellen nicht transparent sind oder deren Verwendung in irgendeiner Weise eingeschr\u00e4nkt ist, m\u00fcssen vor der Annahme gepr\u00fcft werden, da sie besondere Verpflichtungen oder Verbindlichkeiten f\u00fcr Protectiva mit sich bringen k\u00f6nnen.<\/p>\n<p>Protectiva stellt den Spendern Best\u00e4tigungen aus, die die geltenden rechtlichen und steuerlichen Anforderungen f\u00fcr das von Protectiva als Geschenk erhaltene Eigentum erf\u00fcllen. Mit Ausnahme von Geldgeschenken und b\u00f6rsennotierten Wertpapieren wird jedoch einer Quittung oder einer anderen Form des Nachweises f\u00fcr ein von Protectiva erhaltenes Geschenk kein Wert beigemessen.<\/p>\n<p>Protectiva respektiert die Absicht des Spenders in Bezug auf zweckgebundene Spenden und in Bezug auf den Wunsch, anonym zu bleiben. Bei anonymen Schenkungen beschr\u00e4nkt Protectiva die Informationen \u00fcber den Spender auf die Mitarbeiter, die davon Kenntnis haben m\u00fcssen.<\/p>\n<p>Protectiva wird keinen Dritten f\u00fcr die Vermittlung eines Geschenks oder eines Spenders an Protectiva entsch\u00e4digen, sei es durch Provisionen, Vermittlungsgeb\u00fchren oder andere Mittel.<\/p>\n\t\t<\/div>\n\t\t<div id=\"give_show_terms\">\n\t\t\t<a href=\"#\" class=\"give_terms_links give_terms_links-25\" role=\"button\"\n\t\t\t   aria-controls=\"give_terms\">Zeige Nutzungsbedingungen<\/a>\n\t\t\t<a href=\"#\" class=\"give_terms_links give_terms_links-25\" role=\"button\"\n\t\t\t   aria-controls=\"give_terms\" style=\"display:none;\">Verstecke Nutzungsbedingungen<\/a>\n\t\t<\/div>\n\n\t\t<input name=\"give_agree_to_terms\" class=\"required\" type=\"checkbox\"\n\t\t\t   id=\"give_agree_to_terms-25\" value=\"1\" required aria-required=\"true\"\/>\n\t\t<label for=\"give_agree_to_terms-25\">Den Bedingungen zustimmen?<\/label>\n\n\t<\/fieldset>\n\t\t<fieldset id=\"give_purchase_submit\" class=\"give-donation-submit\">\n\t\t\t<p id=\"give-final-total-wrap\" class=\"form-wrap\">\n\t\t\t\t<span class=\"give-donation-total-label\">\n\t\t\tSpendensumme:\t\t<\/span>\n\t\t<span class=\"give-final-total-amount\"\n\t\t\t  data-total=\"100,00\">\n\t\t\tz\u0142100,00\t\t<\/span>\n\t\t\t<\/p>\n\t\t<input type=\"hidden\" name=\"give_action\" value=\"purchase\"\/>\n\t<input type=\"hidden\" name=\"give-gateway\" value=\"paypal-commerce\"\/>\n\t\t<div class=\"give-submit-button-wrap give-clearfix\">\n\t\t<input type=\"submit\" class=\"give-submit give-btn\" id=\"give-purchase-button\" name=\"give-purchase\"\n\t\t\t   value=\"Jetzt spenden\" data-before-validation-label=\"Donate Now\"\/>\n\t\t<span class=\"give-loading-animation\"><\/span>\n\t<\/div>\n\t\t<\/fieldset>\n\t\n\t<\/div>\n\n\t\t\t\t<input type=\"hidden\" name=\"trp-form-language\" value=\"de\"\/><\/form>\n\n\t\t\t\n\t<\/div><!--end #give-form-25-->\n\t\t\t\t\t<\/div>\n\t\t\t\t<\/div>\n\t\t\t\t<div class=\"elementor-element elementor-element-5666e19 elementor-widget elementor-widget-spacer\" data-id=\"5666e19\" data-element_type=\"widget\" data-widget_type=\"spacer.default\">\n\t\t\t\t\t\t\t<div class=\"elementor-spacer\">\n\t\t\t<div class=\"elementor-spacer-inner\"><\/div>\n\t\t<\/div>\n\t\t\t\t\t\t<\/div>\n\t\t\t\t<div class=\"elementor-element elementor-element-5d336e9 elementor-widget elementor-widget-text-editor\" data-id=\"5d336e9\" data-element_type=\"widget\" data-widget_type=\"text-editor.default\">\n\t\t\t\t\t\t\t\t\t<p class=\"first:mt-1.5!\"><strong>Spende per Bank\u00fcberweisung<\/strong><\/p><p class=\"first:mt-1.5!\">F\u00fcr Spender, die es vorziehen, eine Spende an die Protectiva Health Foundation per Bank\u00fcberweisung zu t\u00e4tigen, finden Sie nachstehend unsere Bankverbindung. Bitte geben Sie in der \u00dcberweisungsreferenz\/Beschreibung Ihren vollst\u00e4ndigen Namen und, wenn m\u00f6glich, den Zweck Ihrer Spende an. Dies hilft uns, Ihre Spende genau zu verfolgen.<\/p><p class=\"first:mt-1.5!\"><strong>Bankverbindung:<\/strong><\/p><p class=\"first:mt-1.5!\">Santander Bank Polska S.A<br \/>Swift: WBKPPLPPXXX<br \/>PLN IBAN: PL29 1090 1450 0000 0001 6249 8886<br \/>Euro IBAN: PL12 1090 1450 0000 0001 6249 9871<\/p><hr \/><p class=\"first:mt-1.5!\">Wir danken Ihnen f\u00fcr Ihre gro\u00dfz\u00fcgige Unterst\u00fctzung. Wir w\u00fcnschen Ihnen Gesundheit und Gl\u00fcck.<\/p>\t\t\t\t\t\t\t\t<\/div>\n\t\t\t\t\t<\/div>\n\t\t<\/div>\n\t\t\t\t\t<\/div>\n\t\t<\/div>\n\t\t\t\t<\/div>","protected":false},"excerpt":{"rendered":"<p>Your support helps us deliver essential healthcare and medical products to people who need them most. Protectiva Health Foundation works to improve access to basic healthcare services and medical products, especially in regions where simple, preventable conditions can still be fatal. By donating, you help us provide screenings, vaccinations, sterile medical supplies, clean water projects, [&hellip;]<\/p>","protected":false},"author":1,"featured_media":0,"parent":0,"menu_order":0,"comment_status":"closed","ping_status":"closed","template":"","meta":{"give_campaign_id":0,"footnotes":""},"class_list":["post-13349","page","type-page","status-publish","hentry"],"campaignId":"","jetpack_sharing_enabled":true,"_links":{"self":[{"href":"https:\/\/phfoundation.net\/de\/wp-json\/wp\/v2\/pages\/13349","targetHints":{"allow":["GET"]}}],"collection":[{"href":"https:\/\/phfoundation.net\/de\/wp-json\/wp\/v2\/pages"}],"about":[{"href":"https:\/\/phfoundation.net\/de\/wp-json\/wp\/v2\/types\/page"}],"author":[{"embeddable":true,"href":"https:\/\/phfoundation.net\/de\/wp-json\/wp\/v2\/users\/1"}],"replies":[{"embeddable":true,"href":"https:\/\/phfoundation.net\/de\/wp-json\/wp\/v2\/comments?post=13349"}],"version-history":[{"count":0,"href":"https:\/\/phfoundation.net\/de\/wp-json\/wp\/v2\/pages\/13349\/revisions"}],"wp:attachment":[{"href":"https:\/\/phfoundation.net\/de\/wp-json\/wp\/v2\/media?parent=13349"}],"curies":[{"name":"wp","href":"https:\/\/api.w.org\/{rel}","templated":true}]}}