{"id":15,"date":"2026-01-22T18:49:01","date_gmt":"2026-01-22T18:49:01","guid":{"rendered":"https:\/\/phfoundation.net\/?page_id=15"},"modified":"2026-01-22T19:03:19","modified_gmt":"2026-01-22T19:03:19","slug":"fundraising-campaign","status":"publish","type":"page","link":"https:\/\/phfoundation.net\/de\/fundraising-campaign\/","title":{"rendered":"Fundraising-Kampagne"},"content":{"rendered":"<div class=\"wp-block-columns is-layout-flex wp-container-core-columns-is-layout-62db62f3 wp-block-columns-is-layout-flex\" style=\"padding-top:0;padding-bottom:0\">\n<div class=\"wp-block-column is-vertically-aligned-stretch is-layout-flow wp-block-column-is-layout-flow\" style=\"flex-basis:60%\"><figure style=\"aspect-ratio:16\/9;width:100%;height:100%;\" class=\"wp-block-post-featured-image\"><img fetchpriority=\"high\" decoding=\"async\" width=\"960\" height=\"544\" src=\"https:\/\/phfoundation.net\/wp-content\/uploads\/2022\/12\/h17_tab04.jpg\" class=\"attachment-post-thumbnail size-post-thumbnail wp-post-image\" alt=\"\" style=\"border-radius:8px;width:100%;height:100%;object-fit:cover;\" srcset=\"https:\/\/phfoundation.net\/wp-content\/uploads\/2022\/12\/h17_tab04.jpg 960w, https:\/\/phfoundation.net\/wp-content\/uploads\/2022\/12\/h17_tab04-600x340.jpg 600w, https:\/\/phfoundation.net\/wp-content\/uploads\/2022\/12\/h17_tab04-300x170.jpg 300w, https:\/\/phfoundation.net\/wp-content\/uploads\/2022\/12\/h17_tab04-768x435.jpg 768w\" sizes=\"(max-width: 960px) 100vw, 960px\" title=\"\"><\/figure><\/div>\n\n\n\n<div class=\"wp-block-column is-vertically-aligned-stretch is-layout-flow wp-block-column-is-layout-flow\">\n<div class=\"wp-block-group is-vertical is-content-justification-stretch is-layout-flex wp-container-core-group-is-layout-628836ec wp-block-group-is-layout-flex\" style=\"min-height:100%\">\n<div style=\"--givewp-primary-color: #0b72d9; --givewp-secondary-color: #27ae60;\" class=\"wp-block-givewp-campaign-goal\">\n    <div data-givewp-campaign-goal data-id=\"1\"><\/div>\n<\/div>\n\n\n\n<div class=\"wp-block-group wp-container-content-9cfa9a5a is-vertical is-layout-flex wp-container-core-group-is-layout-8cf370e7 wp-block-group-is-layout-flex\">\n<div class=\"givewp-campaign-stats-block wp-block-givewp-campaign-stats-block\">\n    <span>Top Donation<\/span>\n    <strong>z\u01420,00<\/strong>\n<\/div>\n\n\n\n<div class=\"givewp-campaign-stats-block wp-block-givewp-campaign-stats-block\">\n    <span>Durchschnittsspende<\/span>\n    <strong>z\u01420,00<\/strong>\n<\/div>\n<\/div>\n\n\n\n<div style=\"--givewp-primary-color: #0b72d9;\" class=\"givewp-campaign-donate-button-block wp-block-givewp-campaign-donate-button\">\n    <button type=\"button\" class=\"givewp-donation-form-modal__open\">Spenden<\/button><\/div>\n<\/div>\n<\/div>\n<\/div>\n\n\n\n<p><\/p>\n\n\n\n<p><strong>Nothilfe-Pilotprojekt: Hoffnung f\u00fcr Kinder in Konfliktregionen<\/strong><\/p>\n\n\n\n<p><strong>Bereitstellung von medizinischen Hilfsg\u00fctern, sauberem Wasser und sicheren Unterk\u00fcnften f\u00fcr die am meisten gef\u00e4hrdeten Menschen.<\/strong><\/p>\n\n\n\n<hr class=\"wp-block-separator has-alpha-channel-opacity\"\/>\n\n\n\n<h3 class=\"wp-block-heading\">Einleitender Absatz (Warum es diese Kampagne gibt)<\/h3>\n\n\n\n<p>In aktiven Konfliktgebieten sind Kinder oft die stillen und unsichtbaren Opfer. Der Zugang zu den grundlegendsten Bed\u00fcrfnissen - sauberes Wasser, Hygieneartikel, Windeln und grundlegende medizinische Versorgung - verschwindet \u00fcber Nacht. Familien werden vertrieben, Gesundheitssysteme brechen zusammen, und vermeidbare Krankheiten breiten sich rasch aus.<\/p>\n\n\n\n<p>Die Stiftung Protectiva Health lanciert eine <strong>Nothilfe-Pilotkampagne<\/strong> um auf diese dringenden Bed\u00fcrfnisse zu reagieren. Mit Ihrer Unterst\u00fctzung werden wir Kindern und Familien, die in oder in der N\u00e4he von Kriegsgebieten leben, direkt lebensrettende Hilfe zukommen lassen.<\/p>\n\n\n\n<hr class=\"wp-block-separator has-alpha-channel-opacity\"\/>\n\n\n\n<h3 class=\"wp-block-heading\">Was diese Pilotkampagne bewirken wird<\/h3>\n\n\n\n<p>Mit diesem Pilotprojekt wollen wir:<\/p>\n\n\n\n<ol class=\"wp-block-list\">\n<li><strong>Medizinische Hilfe leisten<\/strong><br>Bereitstellung von medizinischen Grundausstattungen, Erste-Hilfe-Material und lebenswichtigen Medikamenten f\u00fcr lokale Partner, Feldkliniken und freiwillige Gesundheitshelfer, die Kinder und Familien unterst\u00fctzen.<\/li>\n\n\n\n<li><strong>Unterst\u00fctzung von Hygiene und S\u00e4uglingspflege<\/strong><br>Verteilen Sie Hygienesets mit Seife, Hygieneartikeln, Babywindeln und anderen wichtigen Artikeln, die Kinder und Betreuer vor Infektionen und Krankheiten sch\u00fctzen.<\/li>\n\n\n\n<li><strong>Sicherer Zugang zu sauberem Wasser<\/strong><br>Unterst\u00fctzung der Installation oder Sanierung von <strong>saubere Wasserbrunnen<\/strong> und einfache Filtersysteme in Gebieten, in denen sauberes Trinkwasser knapp oder verunreinigt ist.<\/li>\n\n\n\n<li><strong>Bereitstellung von Notunterk\u00fcnften und Schutz<\/strong><br>Helfen Sie mit, sichere Notunterk\u00fcnfte zu schaffen, und stellen Sie den vertriebenen Kindern und ihren Familien eine Grundausstattung an Bettzeug und Schutzausr\u00fcstung zur Verf\u00fcgung.<\/li>\n<\/ol>\n\n\n\n<hr class=\"wp-block-separator has-alpha-channel-opacity\"\/>\n\n\n\n<h3 class=\"wp-block-heading\">Warum eine Pilotkampagne?<\/h3>\n\n\n\n<p>Dies ist eine <strong>Pilotmission<\/strong>, Das bedeutet, dass wir mit einer gezielten, sorgf\u00e4ltig konzipierten Ma\u00dfnahme in einem ausgew\u00e4hlten Land und einer Region beginnen. Unser Ziel ist es:<\/p>\n\n\n\n<ul class=\"wp-block-list\">\n<li>Testen und verbessern Sie unsere <strong>Logistik und Lieferwege<\/strong> in schwierigen und unsicheren Umgebungen.<\/li>\n\n\n\n<li>Aufbau einer vertrauensw\u00fcrdigen <strong>Netzwerk von lokalen Partnern<\/strong> auf dem Boden.<\/li>\n\n\n\n<li>Sicherstellen, dass <strong>jeder Euro wird effizient und transparent eingesetzt<\/strong> bevor sie auf gr\u00f6\u00dfere Operationen ausgeweitet werden.<\/li>\n<\/ul>\n\n\n\n<p>Ihre Unterst\u00fctzung in dieser Pilotphase wird uns helfen, ein starkes, effektives Modell zu schaffen, das sp\u00e4ter erweitert werden kann, um noch mehr bed\u00fcrftige Kinder zu erreichen.<\/p>\n\n\n\n<hr class=\"wp-block-separator has-alpha-channel-opacity\"\/>\n\n\n\n<h3 class=\"wp-block-heading\">Wie Ihre Spende hilft<\/h3>\n\n\n\n<ul class=\"wp-block-list\">\n<li><strong>\u20ac25<\/strong> kann Hygieneartikel und Windeln f\u00fcr ein Baby und die Betreuungsperson bereitstellen.<\/li>\n\n\n\n<li><strong>\u20ac50<\/strong> kann dazu beitragen, eine kleine Gemeinde mit einer medizinischen Grundausstattung zu versorgen.<\/li>\n\n\n\n<li><strong>\u20ac100<\/strong> kann zu den Kosten f\u00fcr die Bohrung oder Reparatur einer sauberen Wasserquelle beitragen.<\/li>\n\n\n\n<li><strong>250 \u20ac und mehr<\/strong> kann die Schaffung von sicheren Unterk\u00fcnften f\u00fcr vertriebene Familien unterst\u00fctzen.<\/li>\n<\/ul>\n\n\n\n<p>Jeder Beitrag - egal in welcher H\u00f6he - bringt uns dem Schutz eines Kindes, der Wiederherstellung der W\u00fcrde und der Hoffnung von Familien inmitten von Konflikten einen Schritt n\u00e4her.<\/p>\n\n\n\n<hr class=\"wp-block-separator has-alpha-channel-opacity\"\/>\n\n\n\n<h3 class=\"wp-block-heading\">Transparenz und Rechenschaftspflicht<\/h3>\n\n\n\n<p>Die Protectiva Health Foundation ist in Polen registriert und arbeitet nach internationalen humanit\u00e4ren und finanziellen Standards. Alle Spenden f\u00fcr diese Kampagne werden <strong>beschr\u00e4nkt auf Nothilfema\u00dfnahmen<\/strong> f\u00fcr von Konflikten betroffene Kinder und Familien, wie oben beschrieben.<\/p>\n\n\n\n<p>Mehr dar\u00fcber, wie wir Spenden verwalten und dar\u00fcber berichten, erfahren Sie in unserem<br><a href=\"https:\/\/phfoundation.net\/de\/donation-transparency\/\" target=\"_blank\" rel=\"noreferrer noopener\">Spendentransparenz<\/a> und<br><a href=\"https:\/\/phfoundation.net\/de\/donation-terms-conditions\/\" target=\"_blank\" rel=\"noreferrer noopener\">Allgemeine Gesch\u00e4ftsbedingungen f\u00fcr Spenden<\/a> Seiten.<\/p>\n\n\n\n<hr class=\"wp-block-separator has-alpha-channel-opacity\"\/>\n\n\n\n<h3 class=\"wp-block-heading\">Aufruf zum Handeln (Abschluss)<\/h3>\n\n\n\n<p><strong>Seien Sie der Erste, der ihnen zur Seite steht.<\/strong><\/p>\n\n\n\n<p>Indem Sie diese Pilotkampagne unterst\u00fctzen, helfen Sie uns, Kindern, die sonst in Kriegsgebieten zur\u00fcckbleiben w\u00fcrden, medizinische Versorgung, Hygiene, sauberes Wasser und sichere Unterk\u00fcnfte zu bieten.<\/p>\n\n\n\n<p>Bitte w\u00e4hlen Sie oben einen Betrag aus und spenden Sie noch heute.<br>Gemeinsam k\u00f6nnen wir die Not in Hoffnung verwandeln.<\/p>\n\n\n<div\n    class=\"givewp-campaign-donations-block wp-block-givewp-campaign-donations\"    style=\"--givewp-primary-color: #0b72d9; --givewp-secondary-color: #27ae60;\">\n    <div class=\"givewp-campaign-donations-block__header\">\n        <h2 class=\"givewp-campaign-donations-block__title\">K\u00fcrzliche Spenden<\/h2>\n            <\/div>\n\n            <div class=\"givewp-campaign-donations-block__empty-state\">\n            <h3 class=\"givewp-campaign-donations-block__empty-title\">\n                Every campaign starts with one donation.            <\/h3>\n            <p class=\"givewp-campaign-donations-block__empty-description\">\n                Be the one to make it happen!            <\/p>\n\n            <div class=\"givewp-campaign-donations-block__empty-icon\">\n                <svg width=\"40\" height=\"40\" viewbox=\"0 0 40 40\"\n     fill=\"none\" xmlns=\"http:\/\/www.w3.org\/2000\/svg\">\n    <path\n        d=\"M11.6628 31.6719H28.3294M31.6628 26.6719C32.9578 26.7102 33.7294 26.8552 34.2628 27.3902C34.9961 28.1235 34.9961 29.3035 34.9961 31.6652C34.9961 34.0252 34.9961 35.2052 34.2628 35.9385C33.5311 36.6719 32.3528 36.6719 29.9961 36.6719H9.99609C7.63943 36.6719 6.46109 36.6719 5.72943 35.9385C4.99776 35.2052 4.99609 34.0252 4.99609 31.6652C4.99609 29.3052 4.99609 28.1235 5.72943 27.3902C6.26276 26.8569 7.03443 26.7102 8.32943 26.6719\"\n        stroke=\"currentColor\" stroke-width=\"2.5\" stroke-linecap=\"round\"\n        stroke-linejoin=\"round\" \/>\n    <path\n        d=\"M23.8559 31.6691C24.4744 31.1394 24.9712 30.4822 25.3121 29.7426C25.653 29.003 25.8299 28.1984 25.8309 27.3841C25.8309 24.2274 23.2192 21.6691 19.9975 21.6691C16.7759 21.6691 14.1642 24.2274 14.1642 27.3841C14.1651 28.1984 14.3421 29.003 14.683 29.7426C15.0239 30.4822 15.5206 31.1394 16.1392 31.6691M33.3309 16.6691H29.3392C28.8492 16.6691 28.3659 16.5591 27.9275 16.3457L24.5242 14.6991C24.0833 14.4868 23.6002 14.3769 23.1109 14.3774H21.3742C19.6942 14.3774 18.3309 13.0591 18.3309 11.4324C18.3309 11.3657 18.3759 11.3091 18.4409 11.2907L22.6759 10.1207C23.4356 9.91029 24.2459 9.98314 24.9559 10.3257L28.5942 12.0857M18.3309 12.5024L10.6759 14.8541C10.0094 15.0586 9.29545 15.0473 8.6358 14.8219C7.97614 14.5966 7.40453 14.1686 7.00254 13.5991C6.38754 12.7491 6.63754 11.5291 7.5342 11.0124L20.0592 3.78407C20.4508 3.55747 20.8845 3.41297 21.3338 3.35939C21.7831 3.30581 22.2386 3.34426 22.6725 3.4724L33.3309 6.63573\"\n        stroke=\"currentColor\" stroke-width=\"2.5\" stroke-linecap=\"round\"\n        stroke-linejoin=\"round\" \/>\n<\/svg>\n            <\/div>\n\n                            <div class=\"givewp-campaign-donations-block__empty-button\">\n                    <button type=\"button\" class=\"givewp-donation-form-modal__open\">Be the first<\/button>                <\/div>\n                    <\/div>\n    <\/div>\n\n\n<div\n    class=\"givewp-campaign-donors-block wp-block-givewp-campaign-donors\"    style=\"--givewp-primary-color: #0b72d9; --givewp-secondary-color: #27ae60;\">\n    <div class=\"givewp-campaign-donors-block__header\">\n        <h2 class=\"givewp-campaign-donors-block__title\">Top-Spender<\/h2>\n            <\/div>\n\n            <div class=\"givewp-campaign-donors-block__empty-state\">\n            <h3 class=\"givewp-campaign-donors-block__empty-title\">\n                No top donors listed yet.            <\/h3>\n            <p class=\"givewp-campaign-donors-block__empty-description\">\n                Be one of the first to make an impact!            <\/p>\n\n            <div class=\"givewp-campaign-donors-block__empty-icon\">\n                <svg  width=\"40\" height=\"40\" viewbox=\"0 0 40 40\"\n     fill=\"none\" xmlns=\"http:\/\/www.w3.org\/2000\/svg\">\n    <path\n        d=\"M5 33.333c3.893-4.129 9.178-6.666 15-6.666 5.822 0 11.107 2.537 15 6.666M27.5 12.5a7.5 7.5 0 1 1-15 0 7.5 7.5 0 0 1 15 0z\"\n        stroke=\"currentColor\" stroke-width=\"3.333\" stroke-linecap=\"round\"\n        stroke-linejoin=\"round\" \/>\n<\/svg>\n            <\/div>\n\n                            <div class=\"givewp-campaign-donors-block__empty-button\">\n                    <button type=\"button\" class=\"givewp-donation-form-modal__open\">Be the first donor<\/button>                <\/div>\n                    <\/div>\n    <\/div>","protected":false},"excerpt":{"rendered":"<p>Nothilfe-Pilotprojekt: Hoffnung f\u00fcr Kinder in Konfliktgebieten Bereitstellung von medizinischen Hilfsg\u00fctern, sauberem Wasser und sicheren Unterk\u00fcnften f\u00fcr die am meisten gef\u00e4hrdeten Menschen. Einleitung (Warum es diese Kampagne gibt) In aktiven Konfliktgebieten sind Kinder oft die stillen und unsichtbaren Opfer. Der Zugang zu den grundlegendsten Bed\u00fcrfnissen - sauberes Wasser, Hygieneartikel, Windeln und lebensnotwendige medizinische Versorgung [...]<\/p>","protected":false},"author":1,"featured_media":17546,"parent":0,"menu_order":0,"comment_status":"closed","ping_status":"closed","template":"","meta":{"give_campaign_id":1,"footnotes":""},"class_list":["post-15","page","type-page","status-publish","has-post-thumbnail","hentry"],"campaignId":"1","jetpack_sharing_enabled":true,"_links":{"self":[{"href":"https:\/\/phfoundation.net\/de\/wp-json\/wp\/v2\/pages\/15","targetHints":{"allow":["GET"]}}],"collection":[{"href":"https:\/\/phfoundation.net\/de\/wp-json\/wp\/v2\/pages"}],"about":[{"href":"https:\/\/phfoundation.net\/de\/wp-json\/wp\/v2\/types\/page"}],"author":[{"embeddable":true,"href":"https:\/\/phfoundation.net\/de\/wp-json\/wp\/v2\/users\/1"}],"replies":[{"embeddable":true,"href":"https:\/\/phfoundation.net\/de\/wp-json\/wp\/v2\/comments?post=15"}],"version-history":[{"count":0,"href":"https:\/\/phfoundation.net\/de\/wp-json\/wp\/v2\/pages\/15\/revisions"}],"wp:featuredmedia":[{"embeddable":true,"href":"https:\/\/phfoundation.net\/de\/wp-json\/wp\/v2\/media\/17546"}],"wp:attachment":[{"href":"https:\/\/phfoundation.net\/de\/wp-json\/wp\/v2\/media?parent=15"}],"curies":[{"name":"wp","href":"https:\/\/api.w.org\/{rel}","templated":true}]}}