{"id":19637,"date":"2026-01-06T17:40:37","date_gmt":"2026-01-06T17:40:37","guid":{"rendered":"https:\/\/phfoundation.net\/?page_id=19637"},"modified":"2026-01-06T19:54:02","modified_gmt":"2026-01-06T19:54:02","slug":"terms-of-use","status":"publish","type":"page","link":"https:\/\/phfoundation.net\/de\/terms-of-use\/","title":{"rendered":"Nutzungsbedingungen"},"content":{"rendered":"<p><\/p>\n\n\n\n<p><strong>Zuletzt aktualisiert:<\/strong> 6. Januar 2026<\/p>\n\n\n\n<h4 class=\"wp-block-heading\">1. Akzeptanz der Bedingungen<\/h4>\n\n\n\n<p>Mit dem Zugriff auf diese Website und ihrer Nutzung erkl\u00e4ren Sie sich mit diesen Nutzungsbedingungen und unseren <a href=\"https:\/\/phfoundation.net\/de\/privacy-policy\/\" data-type=\"page\" data-id=\"3\" target=\"_blank\" rel=\"noreferrer noopener\">Datenschutzbestimmungen<\/a>.<\/p>\n\n\n\n<h4 class=\"wp-block-heading\">2. Geistiges Eigentum<\/h4>\n\n\n\n<p>Der gesamte Inhalt dieser Website, einschlie\u00dflich der Texte, Grafiken, Logos und Bilder, ist Eigentum der Protectiva Health Foundation und ist durch internationale Urheberrechtsgesetze gesch\u00fctzt. Die nicht autorisierte Nutzung ist strengstens untersagt.<\/p>\n\n\n\n<h4 class=\"wp-block-heading\">3. Verbotene Aktivit\u00e4ten<\/h4>\n\n\n\n<p>Die Nutzer verpflichten sich, die Website nicht f\u00fcr rechtswidrige Zwecke zu nutzen, einschlie\u00dflich, aber nicht beschr\u00e4nkt auf:<\/p>\n\n\n\n<ul class=\"wp-block-list\">\n<li>Der Versuch, die Sicherheit der Website zu beeintr\u00e4chtigen.<\/li>\n\n\n\n<li>Verbreitung von Viren oder sch\u00e4dlichem Code.<\/li>\n\n\n\n<li>Angabe falscher Informationen in Spenden- oder Kontaktformulare.<\/li>\n<\/ul>\n\n\n\n<h4 class=\"wp-block-heading\">4. Medizinischer Haftungsausschluss<\/h4>\n\n\n\n<p>Die auf dieser Website zur Verf\u00fcgung gestellten Informationen dienen ausschlie\u00dflich zu Bildungs- und Informationszwecken. Sie sind kein Ersatz f\u00fcr eine professionelle medizinische Beratung. Bitte lesen Sie unser vollst\u00e4ndiges <a href=\"https:\/\/phfoundation.net\/de\/medical-disclaimer\/\" data-type=\"page\" data-id=\"19656\" target=\"_blank\" rel=\"noreferrer noopener\">Medizinischer Haftungsausschluss<\/a> f\u00fcr weitere Einzelheiten.<\/p>\n\n\n\n<h4 class=\"wp-block-heading\">5. Begrenzung der Haftung<\/h4>\n\n\n\n<p>Die Stiftung Protectiva Health Foundation haftet nicht f\u00fcr Sch\u00e4den, die sich aus der Nutzung oder der Unm\u00f6glichkeit der Nutzung dieser Website oder ihres Inhalts ergeben.<\/p>","protected":false},"excerpt":{"rendered":"<p>Last Updated: January 6, 2026 1. Acceptance of Terms By accessing and using this website, you accept and agree to be bound by these Terms of Use and our Privacy Policy. 2. Intellectual Property All content on this website, including text, graphics, logos, and images, is the property of Protectiva Health Foundation and is protected [&hellip;]<\/p>","protected":false},"author":1,"featured_media":0,"parent":0,"menu_order":0,"comment_status":"closed","ping_status":"closed","template":"template-homepage.php","meta":{"give_campaign_id":0,"footnotes":""},"class_list":["post-19637","page","type-page","status-publish","hentry"],"campaignId":"","jetpack_sharing_enabled":true,"_links":{"self":[{"href":"https:\/\/phfoundation.net\/de\/wp-json\/wp\/v2\/pages\/19637","targetHints":{"allow":["GET"]}}],"collection":[{"href":"https:\/\/phfoundation.net\/de\/wp-json\/wp\/v2\/pages"}],"about":[{"href":"https:\/\/phfoundation.net\/de\/wp-json\/wp\/v2\/types\/page"}],"author":[{"embeddable":true,"href":"https:\/\/phfoundation.net\/de\/wp-json\/wp\/v2\/users\/1"}],"replies":[{"embeddable":true,"href":"https:\/\/phfoundation.net\/de\/wp-json\/wp\/v2\/comments?post=19637"}],"version-history":[{"count":0,"href":"https:\/\/phfoundation.net\/de\/wp-json\/wp\/v2\/pages\/19637\/revisions"}],"wp:attachment":[{"href":"https:\/\/phfoundation.net\/de\/wp-json\/wp\/v2\/media?parent=19637"}],"curies":[{"name":"wp","href":"https:\/\/api.w.org\/{rel}","templated":true}]}}