{"id":19640,"date":"2026-01-06T17:41:25","date_gmt":"2026-01-06T17:41:25","guid":{"rendered":"https:\/\/phfoundation.net\/?page_id=19640"},"modified":"2026-01-06T19:50:36","modified_gmt":"2026-01-06T19:50:36","slug":"donation-terms-conditions","status":"publish","type":"page","link":"https:\/\/phfoundation.net\/de\/donation-terms-conditions\/","title":{"rendered":"Allgemeine Gesch\u00e4ftsbedingungen f\u00fcr Spenden"},"content":{"rendered":"<p><strong>Zuletzt aktualisiert:<\/strong> 6. Januar 2026<\/p>\n\n\n\n<h4 class=\"wp-block-heading\">1. Allgemeines<\/h4>\n\n\n\n<p>Wenn Sie der Protectiva Health Foundation \u00fcber diese Website eine Spende zukommen lassen, erkl\u00e4ren Sie sich mit diesen Spendenbedingungen einverstanden. Diese Bedingungen regeln die Beziehung zwischen dem Spender und der Stiftung in Bezug auf Online-Spenden.<\/p>\n\n\n\n<h4 class=\"wp-block-heading\">2. Art der Spende<\/h4>\n\n\n\n<p>Alle Spenden an die Protectiva Health Foundation sind freiwillig und werden nicht zur\u00fcckerstattet, au\u00dfer unter bestimmten Umst\u00e4nden, die in unserer <a href=\"https:\/\/phfoundation.net\/de\/refund-cancellation-policy\/\" data-type=\"page\" data-id=\"19642\" target=\"_blank\" rel=\"noreferrer noopener\">R\u00fcckerstattung &amp; Stornierungsbedingungen<\/a>. Die Spenden werden zur Unterst\u00fctzung unserer Aufgabe verwendet, die Gesundheitsversorgung zug\u00e4nglich zu machen, medizinische Produkte bereitzustellen und bed\u00fcrftige Gemeinden zu unterst\u00fctzen.<\/p>\n\n\n\n<h4 class=\"wp-block-heading\">3. Zahlungssicherheit<\/h4>\n\n\n\n<p>Wir verwenden eine dem Industriestandard entsprechende Verschl\u00fcsselung und sichere Zahlungs-Gateways (einschlie\u00dflich Stripe, MyPOS, SumUp und andere), um Ihre Transaktionen zu verarbeiten. Ausf\u00fchrliche Informationen dar\u00fcber, wie wir Ihre finanziellen Daten sch\u00fctzen, finden Sie auf unserer <a href=\"https:\/\/phfoundation.net\/de\/payment-security-methods\/\" data-type=\"page\" data-id=\"19644\" target=\"_blank\" rel=\"noreferrer noopener\">Zahlungssicherheit &amp; Methoden<\/a> Seite.<\/p>\n\n\n\n<h4 class=\"wp-block-heading\">4. Wiederkehrende Spenden<\/h4>\n\n\n\n<p>Wenn Sie sich f\u00fcr eine monatliche oder wiederkehrende Spende entscheiden, erm\u00e4chtigen Sie uns, die von Ihnen angegebene Zahlungsmethode in den angegebenen Abst\u00e4nden zu belasten. Sie k\u00f6nnen Ihr Abonnement jederzeit verwalten oder k\u00fcndigen, wie in unserer <a href=\"https:\/\/phfoundation.net\/de\/recurring-donations-terms\/\" data-type=\"page\" data-id=\"19646\" target=\"_blank\" rel=\"noreferrer noopener\">Bedingungen f\u00fcr wiederkehrende Spenden<\/a>.<\/p>\n\n\n\n<h4 class=\"wp-block-heading\">5. Verwendung der Mittel<\/h4>\n\n\n\n<p>Die Protectiva Health Foundation beh\u00e4lt sich das Recht vor, die Mittel dort einzusetzen, wo der Bedarf am gr\u00f6\u00dften ist, es sei denn, eine Spende ist ausdr\u00fccklich f\u00fcr ein bestimmtes Projekt vorgesehen. Wir bem\u00fchen uns um Transparenz; Sie k\u00f6nnen die Verwendung unserer Mittel auf unserer Website einsehen <a href=\"https:\/\/phfoundation.net\/de\/donation-transparency\/\" data-type=\"page\" data-id=\"19648\" target=\"_blank\" rel=\"noreferrer noopener\">Spendentransparenz<\/a> Seite.<\/p>\n\n\n\n<h4 class=\"wp-block-heading\">6. Steuereinnahmen<\/h4>\n\n\n\n<p>Je nach den \u00f6rtlichen Gesetzen k\u00f6nnen die Spenderinnen und Spender von der Steuer abgesetzt werden. Wir stellen eine elektronische Spendenquittung an die E-Mail-Adresse aus, die Sie w\u00e4hrend des Spendenvorgangs angegeben haben.<\/p>\n\n\n\n<h4 class=\"wp-block-heading\">7. Einhaltung der Vorschriften<\/h4>\n\n\n\n<p>Mit Ihrer Spende versichern Sie, dass die verwendeten Mittel nicht aus illegalen Aktivit\u00e4ten stammen und dass Ihre Spende nicht gegen internationale Sanktionen verst\u00f6\u00dft. Bitte beachten Sie unsere <a href=\"https:\/\/phfoundation.net\/de\/sanctions-compliance-notice\/\" data-type=\"page\" data-id=\"19658\" target=\"_blank\" rel=\"noreferrer noopener\">Sanktionen und Bekanntmachung \u00fcber die Einhaltung der Vorschriften<\/a> f\u00fcr weitere Einzelheiten.<\/p>","protected":false},"excerpt":{"rendered":"<p>Last Updated: January 6, 2026 1. General By making a donation to Protectiva Health Foundation through this website, you agree to these Donation Terms &amp; Conditions. These terms govern the relationship between the donor and the Foundation regarding online contributions. 2. Nature of Donation All donations made to Protectiva Health Foundation are voluntary and non-refundable, [&hellip;]<\/p>","protected":false},"author":1,"featured_media":0,"parent":0,"menu_order":0,"comment_status":"closed","ping_status":"closed","template":"template-homepage.php","meta":{"give_campaign_id":0,"footnotes":""},"class_list":["post-19640","page","type-page","status-publish","hentry"],"campaignId":"","jetpack_sharing_enabled":true,"_links":{"self":[{"href":"https:\/\/phfoundation.net\/de\/wp-json\/wp\/v2\/pages\/19640","targetHints":{"allow":["GET"]}}],"collection":[{"href":"https:\/\/phfoundation.net\/de\/wp-json\/wp\/v2\/pages"}],"about":[{"href":"https:\/\/phfoundation.net\/de\/wp-json\/wp\/v2\/types\/page"}],"author":[{"embeddable":true,"href":"https:\/\/phfoundation.net\/de\/wp-json\/wp\/v2\/users\/1"}],"replies":[{"embeddable":true,"href":"https:\/\/phfoundation.net\/de\/wp-json\/wp\/v2\/comments?post=19640"}],"version-history":[{"count":0,"href":"https:\/\/phfoundation.net\/de\/wp-json\/wp\/v2\/pages\/19640\/revisions"}],"wp:attachment":[{"href":"https:\/\/phfoundation.net\/de\/wp-json\/wp\/v2\/media?parent=19640"}],"curies":[{"name":"wp","href":"https:\/\/api.w.org\/{rel}","templated":true}]}}