{"id":19648,"date":"2026-01-06T17:43:19","date_gmt":"2026-01-06T17:43:19","guid":{"rendered":"https:\/\/phfoundation.net\/?page_id=19648"},"modified":"2026-01-06T19:58:35","modified_gmt":"2026-01-06T19:58:35","slug":"donation-transparency","status":"publish","type":"page","link":"https:\/\/phfoundation.net\/de\/donation-transparency\/","title":{"rendered":"Spendentransparenz"},"content":{"rendered":"<p><\/p>\n\n\n\n<p><strong>Zuletzt aktualisiert:<\/strong> 6. Januar 2026<\/p>\n\n\n\n<h4 class=\"wp-block-heading\">1. Unser Bekenntnis zur Transparenz<\/h4>\n\n\n\n<p>Die Protectiva Health Foundation ist davon \u00fcberzeugt, dass Transparenz die Grundlage f\u00fcr Vertrauen ist. Wir verpflichten uns, sicherzustellen, dass jede Spende effektiv und ethisch korrekt verwendet wird, um unseren Auftrag zu erf\u00fcllen, die Gesundheitsversorgung f\u00fcr alle zug\u00e4nglich zu machen.<\/p>\n\n\n\n<h4 class=\"wp-block-heading\">2. Zuweisung von Mitteln<\/h4>\n\n\n\n<p>Wir bem\u00fchen uns, die Wirkung jedes Beitrags zu maximieren. Unsere Mittel werden im Allgemeinen wie folgt verteilt:<\/p>\n\n\n\n<ul class=\"wp-block-list\">\n<li><strong>Programm Dienstleistungen:<\/strong> Direkte Unterst\u00fctzung f\u00fcr medizinische Produkte, Gesundheitsscreenings und Gesundheitsprojekte in der Gemeinde.<\/li>\n\n\n\n<li><strong>Notfallma\u00dfnahmen:<\/strong> Rasche Bereitstellung von Ressourcen bei Gesundheitskrisen oder Katastrophen.<\/li>\n\n\n\n<li><strong>Operative Unterst\u00fctzung:<\/strong> Wesentliche Verwaltungs- und Fundraisingkosten, die es uns erm\u00f6glichen, eine sichere und professionelle Organisation aufrechtzuerhalten.<\/li>\n<\/ul>\n\n\n\n<h4 class=\"wp-block-heading\">3. Berichterstattung und Rechenschaftspflicht<\/h4>\n\n\n\n<p>Wir informieren regelm\u00e4\u00dfig \u00fcber unsere Projekte in unserer <a href=\"https:\/\/phfoundation.net\/de\/blog\/\" target=\"_blank\" rel=\"noreferrer noopener\">Der Blog<\/a> und j\u00e4hrliche Wirkungsberichte. In diesen Berichten werden unsere finanzielle Situation, die Anzahl der erreichten Personen und die spezifischen Ergebnisse unserer Gesundheitsinitiativen aufgef\u00fchrt.<\/p>\n\n\n\n<h4 class=\"wp-block-heading\">4. Bestimmte Spenden<\/h4>\n\n\n\n<p>Wenn ein Spender angibt, dass sein Beitrag f\u00fcr ein bestimmtes Projekt bestimmt ist (z. B. \u201cKindergesundheit in Osteuropa\u201d), halten wir uns an diese Absicht. Wenn ein Projekt \u00fcberfinanziert wird oder nicht abgeschlossen werden kann, leiten wir die Mittel gem\u00e4\u00df unseren Richtlinien f\u00fcr den \u00e4hnlich dringenden Bedarf um. <a href=\"https:\/\/phfoundation.net\/de\/donation-terms-conditions\/\" data-type=\"page\" data-id=\"19640\" target=\"_blank\" rel=\"noreferrer noopener\">Allgemeine Gesch\u00e4ftsbedingungen f\u00fcr Spenden<\/a>.<\/p>\n\n\n\n<h4 class=\"wp-block-heading\">5. Externe Audits<\/h4>\n\n\n\n<p>Um ein H\u00f6chstma\u00df an finanzieller Integrit\u00e4t zu gew\u00e4hrleisten, unterziehen wir uns regelm\u00e4\u00dfig internen und externen Pr\u00fcfungen unserer Finanzpraktiken und Projektauswirkungen.<\/p>\n\n\n\n<p><\/p>","protected":false},"excerpt":{"rendered":"<p>Last Updated: January 6, 2026 1. Our Commitment to Transparency Protectiva Health Foundation believes that transparency is the foundation of trust. We are committed to ensuring that every donation is used effectively and ethically to fulfill our mission of making healthcare accessible to all. 2. Allocation of Funds We strive to maximize the impact of [&hellip;]<\/p>","protected":false},"author":1,"featured_media":0,"parent":0,"menu_order":0,"comment_status":"closed","ping_status":"closed","template":"template-homepage.php","meta":{"give_campaign_id":0,"footnotes":""},"class_list":["post-19648","page","type-page","status-publish","hentry"],"campaignId":"","jetpack_sharing_enabled":true,"_links":{"self":[{"href":"https:\/\/phfoundation.net\/de\/wp-json\/wp\/v2\/pages\/19648","targetHints":{"allow":["GET"]}}],"collection":[{"href":"https:\/\/phfoundation.net\/de\/wp-json\/wp\/v2\/pages"}],"about":[{"href":"https:\/\/phfoundation.net\/de\/wp-json\/wp\/v2\/types\/page"}],"author":[{"embeddable":true,"href":"https:\/\/phfoundation.net\/de\/wp-json\/wp\/v2\/users\/1"}],"replies":[{"embeddable":true,"href":"https:\/\/phfoundation.net\/de\/wp-json\/wp\/v2\/comments?post=19648"}],"version-history":[{"count":0,"href":"https:\/\/phfoundation.net\/de\/wp-json\/wp\/v2\/pages\/19648\/revisions"}],"wp:attachment":[{"href":"https:\/\/phfoundation.net\/de\/wp-json\/wp\/v2\/media?parent=19648"}],"curies":[{"name":"wp","href":"https:\/\/api.w.org\/{rel}","templated":true}]}}