{"id":19652,"date":"2026-01-06T17:44:37","date_gmt":"2026-01-06T17:44:37","guid":{"rendered":"https:\/\/phfoundation.net\/?page_id=19652"},"modified":"2026-01-06T20:00:50","modified_gmt":"2026-01-06T20:00:50","slug":"child-safeguarding-policy","status":"publish","type":"page","link":"https:\/\/phfoundation.net\/de\/child-safeguarding-policy\/","title":{"rendered":"Politik zum Schutz von Kindern"},"content":{"rendered":"<p><\/p>\n\n\n\n<p><strong>Zuletzt aktualisiert:<\/strong> 6. Januar 2026<\/p>\n\n\n\n<h4 class=\"wp-block-heading\">1. Unser Bekenntnis<\/h4>\n\n\n\n<p>Die Protectiva Health Foundation setzt sich f\u00fcr die Sicherheit und das Wohlergehen aller Kinder ein, die an unseren Programmen teilnehmen oder von ihnen betroffen sind. Wir haben eine Null-Toleranz-Politik gegen\u00fcber jeder Form von Kindesmissbrauch, Ausbeutung oder Vernachl\u00e4ssigung.<\/p>\n\n\n\n<h4 class=\"wp-block-heading\">2. Privatsph\u00e4re und Datenschutz f\u00fcr Kinder<\/h4>\n\n\n\n<p>Wir treffen besondere Vorsichtsma\u00dfnahmen, wenn wir mit Informationen \u00fcber Minderj\u00e4hrige umgehen:<\/p>\n\n\n\n<ul class=\"wp-block-list\">\n<li>Personenbezogene Daten von Kindern unter 16 Jahren werden von uns nicht wissentlich ohne ausdr\u00fcckliche Zustimmung der Eltern oder Erziehungsberechtigten gesammelt.<\/li>\n\n\n\n<li>Bilder oder Geschichten von Kindern, die in unserem <a href=\"https:\/\/phfoundation.net\/de\/our-stories\/\" target=\"_blank\" rel=\"noreferrer noopener\">Unsere Geschichten<\/a> werden nur mit informierter Zustimmung und in einer Weise ver\u00f6ffentlicht, die die W\u00fcrde und Sicherheit des Kindes sch\u00fctzt.<\/li>\n<\/ul>\n\n\n\n<h4 class=\"wp-block-heading\">3. Sicheres Programmieren<\/h4>\n\n\n\n<p>Alle unsere Feldprojekte und Partnerschaften werden \u00fcberpr\u00fcft, um sicherzustellen, dass sie den internationalen Standards zum Schutz von Kindern entsprechen. Unsere Mitarbeiter und Freiwilligen sind verpflichtet, im Umgang mit Kindern einen strengen Verhaltenskodex zu befolgen.<\/p>\n\n\n\n<h4 class=\"wp-block-heading\">4. Bedenken melden<\/h4>\n\n\n\n<p>Wenn Sie Bedenken hinsichtlich der Sicherheit eines Kindes im Zusammenhang mit unserer Arbeit haben, melden Sie dies bitte unverz\u00fcglich \u00fcber unser <a href=\"https:\/\/phfoundation.net\/de\/contact-complaints\/\" data-type=\"page\" data-id=\"19660\" target=\"_blank\" rel=\"noreferrer noopener\">Kontakt &amp; Reklamationen<\/a> Seite oder E-Mail <a href=\"mailto:safeguarding@phfoundation.net\" target=\"_blank\" rel=\"noreferrer noopener\">safeguarding@phfoundation.net<\/a>. Alle Meldungen werden mit \u00e4u\u00dferster Vertraulichkeit und Dringlichkeit behandelt.<\/p>\n\n\n\n<p><\/p>","protected":false},"excerpt":{"rendered":"<p>Zuletzt aktualisiert: Januar 6, 2026 1. Unser Engagement Die Protectiva Health Foundation setzt sich f\u00fcr die Sicherheit und das Wohlergehen aller Kinder ein, die an unseren Programmen teilnehmen oder von ihnen betroffen sind. Wir haben eine Null-Toleranz-Politik gegen\u00fcber jeder Form von Kindesmissbrauch, Ausbeutung oder Vernachl\u00e4ssigung. 2. Privatsph\u00e4re und Datenschutz f\u00fcr Kinder Wir treffen besondere Vorsichtsma\u00dfnahmen im Umgang mit [...]<\/p>","protected":false},"author":1,"featured_media":0,"parent":0,"menu_order":0,"comment_status":"closed","ping_status":"closed","template":"template-homepage.php","meta":{"give_campaign_id":0,"footnotes":""},"class_list":["post-19652","page","type-page","status-publish","hentry"],"campaignId":"","jetpack_sharing_enabled":true,"_links":{"self":[{"href":"https:\/\/phfoundation.net\/de\/wp-json\/wp\/v2\/pages\/19652","targetHints":{"allow":["GET"]}}],"collection":[{"href":"https:\/\/phfoundation.net\/de\/wp-json\/wp\/v2\/pages"}],"about":[{"href":"https:\/\/phfoundation.net\/de\/wp-json\/wp\/v2\/types\/page"}],"author":[{"embeddable":true,"href":"https:\/\/phfoundation.net\/de\/wp-json\/wp\/v2\/users\/1"}],"replies":[{"embeddable":true,"href":"https:\/\/phfoundation.net\/de\/wp-json\/wp\/v2\/comments?post=19652"}],"version-history":[{"count":0,"href":"https:\/\/phfoundation.net\/de\/wp-json\/wp\/v2\/pages\/19652\/revisions"}],"wp:attachment":[{"href":"https:\/\/phfoundation.net\/de\/wp-json\/wp\/v2\/media?parent=19652"}],"curies":[{"name":"wp","href":"https:\/\/api.w.org\/{rel}","templated":true}]}}