{"id":19654,"date":"2026-01-06T17:45:04","date_gmt":"2026-01-06T17:45:04","guid":{"rendered":"https:\/\/phfoundation.net\/?page_id=19654"},"modified":"2026-01-06T20:02:02","modified_gmt":"2026-01-06T20:02:02","slug":"anti-fraud-ethics-policy","status":"publish","type":"page","link":"https:\/\/phfoundation.net\/de\/anti-fraud-ethics-policy\/","title":{"rendered":"Richtlinie zur Betrugsbek\u00e4mpfung und Ethik"},"content":{"rendered":"<p><\/p>\n\n\n\n<p><strong>Zuletzt aktualisiert:<\/strong> 6. Januar 2026<\/p>\n\n\n\n<h4 class=\"wp-block-heading\">1. Ethische Normen<\/h4>\n\n\n\n<p>Die Protectiva Health Foundation arbeitet nach den h\u00f6chsten Standards der Integrit\u00e4t, Ehrlichkeit und Fairness. Wir haben null Toleranz gegen\u00fcber Bestechung, Korruption, Geldw\u00e4sche oder jeder Form von Betrug.<\/p>\n\n\n\n<h4 class=\"wp-block-heading\">2. Betrugspr\u00e4vention<\/h4>\n\n\n\n<p>Wir f\u00fchren strenge interne Kontrollen durch, um unsere Ressourcen und die uns anvertrauten Spenden zu sch\u00fctzen. Dies beinhaltet:<\/p>\n\n\n\n<ul class=\"wp-block-list\">\n<li>Regelm\u00e4\u00dfige \u00dcberwachung der finanziellen Transaktionen.<\/li>\n\n\n\n<li>Due-Diligence-Pr\u00fcfung aller Partner, Lieferanten und Gro\u00dfspender.<\/li>\n\n\n\n<li>Sichere Zahlungsabwicklung durch regulierte Partner (siehe unsere <a href=\"https:\/\/phfoundation.net\/de\/payment-security-methods\/\" data-type=\"page\" data-id=\"19644\" target=\"_blank\" rel=\"noreferrer noopener\">Zahlungssicherheit &amp; Methoden<\/a>).<\/li>\n<\/ul>\n\n\n\n<h4 class=\"wp-block-heading\">3. Interessenkonflikt<\/h4>\n\n\n\n<p>Unsere Mitarbeiter, Vorstandsmitglieder und Freiwilligen sind verpflichtet, alle potenziellen Interessenkonflikte offenzulegen, um sicherzustellen, dass alle Entscheidungen ausschlie\u00dflich im besten Interesse der Stiftung und der Gemeinden, denen wir dienen, getroffen werden.<\/p>\n\n\n\n<h4 class=\"wp-block-heading\">4. Meldung von Fehlverhalten<\/h4>\n\n\n\n<p>Wir ermutigen jeden, der betr\u00fcgerisches oder unethisches Verhalten vermutet, dies sofort zu melden. Meldungen k\u00f6nnen anonym \u00fcber unser <a href=\"https:\/\/phfoundation.net\/de\/contact-complaints\/\" data-type=\"page\" data-id=\"19660\" target=\"_blank\" rel=\"noreferrer noopener\">Kontakt &amp; Reklamationen<\/a> Seite oder per E-Mail an <a href=\"mailto:ethics@phfoundation.net\" target=\"_blank\" rel=\"noreferrer noopener\">ethics@phfoundation.net<\/a>.<\/p>","protected":false},"excerpt":{"rendered":"<p>Zuletzt aktualisiert: Januar 6, 2026 1. Ethische Standards Die Protectiva Health Foundation arbeitet nach den h\u00f6chsten Standards der Integrit\u00e4t, Ehrlichkeit und Fairness. Bestechung, Korruption, Geldw\u00e4sche und jede Form von Betrug werden von uns nicht toleriert. 2. Betrugspr\u00e4vention Wir f\u00fchren strenge interne Kontrollen durch, um unsere Ressourcen und die uns anvertrauten Spenden zu sch\u00fctzen. Diese [...]<\/p>","protected":false},"author":1,"featured_media":0,"parent":0,"menu_order":0,"comment_status":"closed","ping_status":"closed","template":"template-homepage.php","meta":{"give_campaign_id":0,"footnotes":""},"class_list":["post-19654","page","type-page","status-publish","hentry"],"campaignId":"","jetpack_sharing_enabled":true,"_links":{"self":[{"href":"https:\/\/phfoundation.net\/de\/wp-json\/wp\/v2\/pages\/19654","targetHints":{"allow":["GET"]}}],"collection":[{"href":"https:\/\/phfoundation.net\/de\/wp-json\/wp\/v2\/pages"}],"about":[{"href":"https:\/\/phfoundation.net\/de\/wp-json\/wp\/v2\/types\/page"}],"author":[{"embeddable":true,"href":"https:\/\/phfoundation.net\/de\/wp-json\/wp\/v2\/users\/1"}],"replies":[{"embeddable":true,"href":"https:\/\/phfoundation.net\/de\/wp-json\/wp\/v2\/comments?post=19654"}],"version-history":[{"count":0,"href":"https:\/\/phfoundation.net\/de\/wp-json\/wp\/v2\/pages\/19654\/revisions"}],"wp:attachment":[{"href":"https:\/\/phfoundation.net\/de\/wp-json\/wp\/v2\/media?parent=19654"}],"curies":[{"name":"wp","href":"https:\/\/api.w.org\/{rel}","templated":true}]}}