{"id":19656,"date":"2026-01-06T17:45:27","date_gmt":"2026-01-06T17:45:27","guid":{"rendered":"https:\/\/phfoundation.net\/?page_id=19656"},"modified":"2026-01-06T18:29:45","modified_gmt":"2026-01-06T18:29:45","slug":"medical-disclaimer","status":"publish","type":"page","link":"https:\/\/phfoundation.net\/de\/medical-disclaimer\/","title":{"rendered":"Medizinischer Haftungsausschluss"},"content":{"rendered":"<p><\/p>\n\n\n\n<p><strong>Zuletzt aktualisiert:<\/strong> 6. Januar 2026<\/p>\n\n\n\n<h4 class=\"wp-block-heading\">1. Nur zu Informationszwecken<\/h4>\n\n\n\n<p>Der Inhalt der Website der Protectiva Health Foundation, einschlie\u00dflich der Texte, Grafiken, Bilder und Blog-Beitr\u00e4ge, wird nur zu allgemeinen Informations- und Bildungszwecken bereitgestellt.<\/p>\n\n\n\n<h4 class=\"wp-block-heading\">2. Keine medizinische Beratung<\/h4>\n\n\n\n<p>Die bereitgestellten Informationen sind <strong>nicht<\/strong> sind nicht als Ersatz f\u00fcr eine professionelle medizinische Beratung, Diagnose oder Behandlung gedacht. Wenden Sie sich bei Fragen zu Ihrem Gesundheitszustand immer an Ihren Arzt oder einen anderen qualifizierten Gesundheitsdienstleister.<\/p>\n\n\n\n<h4 class=\"wp-block-heading\">3. Kein Arzt-Patienten-Verh\u00e4ltnis<\/h4>\n\n\n\n<p>Durch die Nutzung dieser Website oder die Kommunikation mit uns per E-Mail entsteht kein Arzt-Patienten-Verh\u00e4ltnis. Ignorieren Sie niemals einen professionellen medizinischen Rat oder z\u00f6gern Sie nicht, ihn einzuholen, nur weil Sie etwas auf dieser Website gelesen haben.<\/p>\n\n\n\n<h4 class=\"wp-block-heading\">4. Genauigkeit der Informationen<\/h4>\n\n\n\n<p>Obwohl wir uns bem\u00fchen, genaue und aktuelle Gesundheitsinformationen zu liefern, entwickelt sich das medizinische Wissen st\u00e4ndig weiter. Die Protectiva Health Foundation \u00fcbernimmt keine Verantwortung f\u00fcr die Richtigkeit der Informationen, die auf dieser Website enthalten oder \u00fcber sie zug\u00e4nglich sind.<\/p>","protected":false},"excerpt":{"rendered":"<p>Zuletzt aktualisiert: Januar 6, 2026 1. Nur zu Informationszwecken Der Inhalt der Website der Protectiva Health Foundation, einschlie\u00dflich Texten, Grafiken, Bildern und Blog-Beitr\u00e4gen, wird nur zu allgemeinen Informations- und Bildungszwecken bereitgestellt. 2. Keine medizinische Beratung Die bereitgestellten Informationen sind nicht als Ersatz f\u00fcr eine professionelle medizinische Beratung, Diagnose oder Behandlung gedacht. [...]<\/p>","protected":false},"author":1,"featured_media":0,"parent":0,"menu_order":0,"comment_status":"closed","ping_status":"closed","template":"template-homepage.php","meta":{"give_campaign_id":0,"footnotes":""},"class_list":["post-19656","page","type-page","status-publish","hentry"],"campaignId":"","jetpack_sharing_enabled":true,"_links":{"self":[{"href":"https:\/\/phfoundation.net\/de\/wp-json\/wp\/v2\/pages\/19656","targetHints":{"allow":["GET"]}}],"collection":[{"href":"https:\/\/phfoundation.net\/de\/wp-json\/wp\/v2\/pages"}],"about":[{"href":"https:\/\/phfoundation.net\/de\/wp-json\/wp\/v2\/types\/page"}],"author":[{"embeddable":true,"href":"https:\/\/phfoundation.net\/de\/wp-json\/wp\/v2\/users\/1"}],"replies":[{"embeddable":true,"href":"https:\/\/phfoundation.net\/de\/wp-json\/wp\/v2\/comments?post=19656"}],"version-history":[{"count":0,"href":"https:\/\/phfoundation.net\/de\/wp-json\/wp\/v2\/pages\/19656\/revisions"}],"wp:attachment":[{"href":"https:\/\/phfoundation.net\/de\/wp-json\/wp\/v2\/media?parent=19656"}],"curies":[{"name":"wp","href":"https:\/\/api.w.org\/{rel}","templated":true}]}}