{"id":19658,"date":"2026-01-06T17:46:02","date_gmt":"2026-01-06T17:46:02","guid":{"rendered":"https:\/\/phfoundation.net\/?page_id=19658"},"modified":"2026-01-06T18:10:31","modified_gmt":"2026-01-06T18:10:31","slug":"sanctions-compliance-notice","status":"publish","type":"page","link":"https:\/\/phfoundation.net\/de\/sanctions-compliance-notice\/","title":{"rendered":"Sanktionen und Bekanntmachung"},"content":{"rendered":"<p><\/p>\n\n\n\n<p><strong>Zuletzt aktualisiert:<\/strong> 6. Januar 2026<\/p>\n\n\n\n<h4 class=\"wp-block-heading\">1. Einhaltung des V\u00f6lkerrechts<\/h4>\n\n\n\n<p>Die Protectiva Health Foundation arbeitet in strikter \u00dcbereinstimmung mit internationalen Gesetzen und Vorschriften, einschlie\u00dflich derjenigen zur Bek\u00e4mpfung der Geldw\u00e4sche (AML) und der Bek\u00e4mpfung der Terrorismusfinanzierung (CFT).<\/p>\n\n\n\n<h4 class=\"wp-block-heading\">2. Sanktionierte Regionen und Einzelpersonen<\/h4>\n\n\n\n<p>Wir nehmen keine Spenden von Personen oder Organisationen an, die auf internationalen Sanktionslisten (z. B. von der UNO, der EU oder der US OFAC) aufgef\u00fchrt sind, und erbringen keine Dienstleistungen f\u00fcr sie. Wir sind nicht in Regionen t\u00e4tig, die umfassenden internationalen Embargos unterliegen, die humanit\u00e4re oder finanzielle Interaktionen verbieten.<\/p>\n\n\n\n<h4 class=\"wp-block-heading\">3. Spender-Screening<\/h4>\n\n\n\n<p>Um die Einhaltung der Vorschriften zu gew\u00e4hrleisten, k\u00f6nnen wir eine automatische \u00dcberpr\u00fcfung der Namen von Spendern anhand globaler Sanktionslisten durchf\u00fchren. Mit einer Spende versichern Sie, dass Sie keine sanktionierte Person oder Einrichtung sind.<\/p>\n\n\n\n<h4 class=\"wp-block-heading\">4. Transparenz und Zusammenarbeit<\/h4>\n\n\n\n<p>Wir arbeiten umfassend mit Finanzinstituten und Aufsichtsbeh\u00f6rden zusammen, um sicherzustellen, dass unsere weltweiten Aktivit\u00e4ten transparent und rechtskonform bleiben.<\/p>","protected":false},"excerpt":{"rendered":"<p>Zuletzt aktualisiert: Januar 6, 2026 1. Einhaltung des internationalen Rechts Die Protectiva Health Foundation arbeitet in strikter \u00dcbereinstimmung mit den internationalen Gesetzen und Vorschriften, einschlie\u00dflich derjenigen, die sich auf die Bek\u00e4mpfung der Geldw\u00e4sche (AML) und die Bek\u00e4mpfung der Finanzierung des Terrorismus (CFT) beziehen. 2. Sanktionierte Regionen und Personen Wir nehmen keine Spenden von Personen oder Einrichtungen an, die in der [...]<\/p>","protected":false},"author":1,"featured_media":0,"parent":0,"menu_order":0,"comment_status":"closed","ping_status":"closed","template":"template-homepage.php","meta":{"give_campaign_id":0,"footnotes":""},"class_list":["post-19658","page","type-page","status-publish","hentry"],"campaignId":"","jetpack_sharing_enabled":true,"_links":{"self":[{"href":"https:\/\/phfoundation.net\/de\/wp-json\/wp\/v2\/pages\/19658","targetHints":{"allow":["GET"]}}],"collection":[{"href":"https:\/\/phfoundation.net\/de\/wp-json\/wp\/v2\/pages"}],"about":[{"href":"https:\/\/phfoundation.net\/de\/wp-json\/wp\/v2\/types\/page"}],"author":[{"embeddable":true,"href":"https:\/\/phfoundation.net\/de\/wp-json\/wp\/v2\/users\/1"}],"replies":[{"embeddable":true,"href":"https:\/\/phfoundation.net\/de\/wp-json\/wp\/v2\/comments?post=19658"}],"version-history":[{"count":0,"href":"https:\/\/phfoundation.net\/de\/wp-json\/wp\/v2\/pages\/19658\/revisions"}],"wp:attachment":[{"href":"https:\/\/phfoundation.net\/de\/wp-json\/wp\/v2\/media?parent=19658"}],"curies":[{"name":"wp","href":"https:\/\/api.w.org\/{rel}","templated":true}]}}