{"id":13258,"date":"2021-06-03T07:28:07","date_gmt":"2021-06-03T07:28:07","guid":{"rendered":"https:\/\/demo2wpopal.b-cdn.net\/humani\/?page_id=13258"},"modified":"2026-01-06T23:01:26","modified_gmt":"2026-01-06T23:01:26","slug":"our-stories","status":"publish","type":"page","link":"https:\/\/phfoundation.net\/es\/our-stories\/","title":{"rendered":"Nuestras historias"},"content":{"rendered":"<div data-elementor-type=\"wp-page\" data-elementor-id=\"13258\" class=\"elementor elementor-13258\">\n\t\t\t\t\t\t<div class=\"elementor-section elementor-top-section elementor-element elementor-element-9321160 elementor-section-content-middle elementor-section-stretched elementor-section-boxed elementor-section-height-default elementor-section-height-default\" data-id=\"9321160\" data-element_type=\"section\" data-settings=\"{&quot;stretch_section&quot;:&quot;section-stretched&quot;}\">\n\t\t\t\t\t\t<div class=\"elementor-container elementor-column-gap-no\">\n\t\t\t\t\t<div class=\"elementor-column elementor-col-50 elementor-top-column elementor-element elementor-element-2593704\" data-id=\"2593704\" data-element_type=\"column\">\n\t\t\t<div class=\"elementor-widget-wrap elementor-element-populated\">\n\t\t\t\t\t\t<div class=\"elementor-element elementor-element-d6c814c elementor-widget elementor-widget-image\" data-id=\"d6c814c\" data-element_type=\"widget\" data-widget_type=\"image.default\">\n\t\t\t\t\t\t\t\t\t\t\t\t\t\t\t<img fetchpriority=\"high\" decoding=\"async\" width=\"645\" height=\"420\" src=\"https:\/\/phfoundation.net\/wp-content\/uploads\/2021\/06\/stori-img1.jpg\" class=\"attachment-full size-full wp-image-13280\" alt=\"\" srcset=\"https:\/\/phfoundation.net\/wp-content\/uploads\/2021\/06\/stori-img1.jpg 645w, https:\/\/phfoundation.net\/wp-content\/uploads\/2021\/06\/stori-img1-600x391.jpg 600w, https:\/\/phfoundation.net\/wp-content\/uploads\/2021\/06\/stori-img1-300x195.jpg 300w\" sizes=\"(max-width: 645px) 100vw, 645px\" title=\"\">\t\t\t\t\t\t\t\t\t\t\t\t\t\t\t<\/div>\n\t\t\t\t\t<\/div>\n\t\t<\/div>\n\t\t\t\t<div class=\"elementor-column elementor-col-50 elementor-top-column elementor-element elementor-element-984658d\" data-id=\"984658d\" data-element_type=\"column\">\n\t\t\t<div class=\"elementor-widget-wrap elementor-element-populated\">\n\t\t\t\t\t\t<div class=\"elementor-element elementor-element-8b3e518 elementor-widget elementor-widget-heading\" data-id=\"8b3e518\" data-element_type=\"widget\" data-widget_type=\"heading.default\">\n\t\t\t\t\t<h2 class=\"elementor-heading-title elementor-size-default\">Nuestras historias<\/h2>\t\t\t\t<\/div>\n\t\t\t\t<div class=\"elementor-element elementor-element-8227452 elementor-widget elementor-widget-text-editor\" data-id=\"8227452\" data-element_type=\"widget\" data-widget_type=\"text-editor.default\">\n\t\t\t\t\t\t\t\t\t<p>Detr\u00e1s de cada proyecto y de cada donaci\u00f3n hay personas reales y vidas reales que est\u00e1n cambiando. Aqu\u00ed compartimos historias de las comunidades a las que servimos, los ni\u00f1os y las familias a las que apoyamos, y los socios y voluntarios que recorren este camino con nosotros.<\/p>\t\t\t\t\t\t\t\t<\/div>\n\t\t\t\t<div class=\"elementor-element elementor-element-6ce846c elementor-widget__width-auto elementor-widget elementor-widget-button\" data-id=\"6ce846c\" data-element_type=\"widget\" data-widget_type=\"button.default\">\n\t\t\t\t\t\t\t\t\t\t<a class=\"elementor-button elementor-button-link elementor-size-sm\" href=\"https:\/\/phfoundation.net\/es\/about-core\/\">\n\t\t\t\t\t\t<span class=\"elementor-button-content-wrapper\">\n\t\t\t\t\t\t\t\t\t<span class=\"elementor-button-text\">Seguir leyendo<\/span>\n\t\t\t\t\t<\/span>\n\t\t\t\t\t<\/a>\n\t\t\t\t\t\t\t\t<\/div>\n\t\t\t\t\t<\/div>\n\t\t<\/div>\n\t\t\t\t\t<\/div>\n\t\t<\/div>\n\t\t\t\t<div class=\"elementor-section elementor-top-section elementor-element elementor-element-538303c elementor-section-stretched elementor-section-boxed elementor-section-height-default elementor-section-height-default\" data-id=\"538303c\" data-element_type=\"section\" data-settings=\"{&quot;stretch_section&quot;:&quot;section-stretched&quot;}\">\n\t\t\t\t\t\t<div class=\"elementor-container elementor-column-gap-no\">\n\t\t\t\t\t<div class=\"elementor-column elementor-col-100 elementor-top-column elementor-element elementor-element-e470fe9\" data-id=\"e470fe9\" data-element_type=\"column\">\n\t\t\t<div class=\"elementor-widget-wrap elementor-element-populated\">\n\t\t\t\t\t\t<div class=\"elementor-element elementor-element-d9e9c39 elementor-widget elementor-widget-heading\" data-id=\"d9e9c39\" data-element_type=\"widget\" data-widget_type=\"heading.default\">\n\t\t\t\t\t<h2 class=\"elementor-heading-title elementor-size-default\">Historias del terreno<\/h2>\t\t\t\t<\/div>\n\t\t\t\t<div class=\"elementor-element elementor-element-3b98b19 elementor-widget-divider--view-line elementor-widget elementor-widget-divider\" data-id=\"3b98b19\" data-element_type=\"widget\" data-widget_type=\"divider.default\">\n\t\t\t\t\t\t\t<div class=\"elementor-divider\">\n\t\t\t<span class=\"elementor-divider-separator\">\n\t\t\t\t\t\t<\/span>\n\t\t<\/div>\n\t\t\t\t\t\t<\/div>\n\t\t\t\t<div class=\"elementor-element elementor-element-28adb1c elementor-widget elementor-widget-text-editor\" data-id=\"28adb1c\" data-element_type=\"widget\" data-widget_type=\"text-editor.default\">\n\t\t\t\t\t\t\t\t\t<p>Desde el acceso a productos m\u00e9dicos sencillos hasta pruebas de detecci\u00f3n que salvan vidas y apoyo social, estas historias muestran c\u00f3mo es la solidaridad en la pr\u00e1ctica y c\u00f3mo su apoyo nos ayuda a proteger a los m\u00e1s vulnerables.<\/p>\t\t\t\t\t\t\t\t<\/div>\n\t\t\t\t<div class=\"elementor-element elementor-element-6e5ada3 elementor-widget elementor-widget-spacer\" data-id=\"6e5ada3\" data-element_type=\"widget\" data-widget_type=\"spacer.default\">\n\t\t\t\t\t\t\t<div class=\"elementor-spacer\">\n\t\t\t<div class=\"elementor-spacer-inner\"><\/div>\n\t\t<\/div>\n\t\t\t\t\t\t<\/div>\n\t\t\t\t<div class=\"elementor-element elementor-element-95c491b elementor-widget__width-initial elementor-widget-tablet__width-initial elementor-widget-mobile__width-inherit humani-image-box-style-1 elementor-position-top elementor-widget elementor-widget-image-box\" data-id=\"95c491b\" data-element_type=\"widget\" data-widget_type=\"image-box.default\">\n\t\t\t\t\t<div class=\"elementor-image-box-wrapper\"><figure class=\"elementor-image-box-img\"><img decoding=\"async\" src=\"https:\/\/demo2wpopal.b-cdn.net\/humani\/wp-content\/uploads\/2021\/05\/08-1.jpg\" title=\"\" alt=\"\" class=\"elementor-animation-float\" loading=\"lazy\"><\/figure><div class=\"elementor-image-box-content\"><h3 class=\"elementor-image-box-title\">Un simple ap\u00f3sito est\u00e9ril, una vida salvada<\/h3><\/div><\/div>\t\t\t\t<\/div>\n\t\t\t\t<div class=\"elementor-element elementor-element-54ce364 elementor-widget__width-initial elementor-widget-tablet__width-initial elementor-widget-mobile__width-inherit humani-image-box-style-1 elementor-position-top elementor-widget elementor-widget-image-box\" data-id=\"54ce364\" data-element_type=\"widget\" data-widget_type=\"image-box.default\">\n\t\t\t\t\t<div class=\"elementor-image-box-wrapper\"><figure class=\"elementor-image-box-img\"><a href=\"https:\/\/demo2wpopal.b-cdn.net\/humani\/stories\/\" tabindex=\"-1\" rel=\"noopener\"><img decoding=\"async\" src=\"https:\/\/demo2wpopal.b-cdn.net\/humani\/wp-content\/uploads\/2021\/05\/08-4.jpg\" title=\"\" alt=\"\" class=\"elementor-animation-float\" loading=\"lazy\"><\/a><\/figure><div class=\"elementor-image-box-content\"><h3 class=\"elementor-image-box-title\"><a href=\"https:\/\/demo2wpopal.b-cdn.net\/humani\/stories\/\" rel=\"noopener\">Agua limpia y educaci\u00f3n sanitaria para las madres<\/a><\/h3><\/div><\/div>\t\t\t\t<\/div>\n\t\t\t\t<div class=\"elementor-element elementor-element-bd13e61 elementor-widget__width-initial elementor-widget-tablet__width-initial elementor-widget-mobile__width-inherit humani-image-box-style-1 elementor-position-top elementor-widget elementor-widget-image-box\" data-id=\"bd13e61\" data-element_type=\"widget\" data-widget_type=\"image-box.default\">\n\t\t\t\t\t<div class=\"elementor-image-box-wrapper\"><figure class=\"elementor-image-box-img\"><a href=\"https:\/\/demo2wpopal.b-cdn.net\/humani\/how-crowdfunding-benefits\/\" tabindex=\"-1\" rel=\"noopener\"><img decoding=\"async\" src=\"https:\/\/demo2wpopal.b-cdn.net\/humani\/wp-content\/uploads\/2021\/05\/08-7.jpg\" title=\"\" alt=\"\" class=\"elementor-animation-float\" loading=\"lazy\"><\/a><\/figure><div class=\"elementor-image-box-content\"><h3 class=\"elementor-image-box-title\"><a href=\"https:\/\/demo2wpopal.b-cdn.net\/humani\/how-crowdfunding-benefits\/\" rel=\"noopener\">Apoyo a los ni\u00f1os que se quedaron atr\u00e1s<\/a><\/h3><\/div><\/div>\t\t\t\t<\/div>\n\t\t\t\t\t<\/div>\n\t\t<\/div>\n\t\t\t\t\t<\/div>\n\t\t<\/div>\n\t\t\t\t<\/div>","protected":false},"excerpt":{"rendered":"<p>Our Stories Behind every project and every donation, there are real people and real lives being changed. Here we share stories from the communities we serve, the children and families we support, and the partners and volunteers who walk this journey with us. read more Stories from the Field From access to simple medical products [&hellip;]<\/p>","protected":false},"author":1,"featured_media":0,"parent":0,"menu_order":0,"comment_status":"closed","ping_status":"closed","template":"","meta":{"give_campaign_id":0,"footnotes":""},"class_list":["post-13258","page","type-page","status-publish","hentry"],"campaignId":"","jetpack_sharing_enabled":true,"_links":{"self":[{"href":"https:\/\/phfoundation.net\/es\/wp-json\/wp\/v2\/pages\/13258","targetHints":{"allow":["GET"]}}],"collection":[{"href":"https:\/\/phfoundation.net\/es\/wp-json\/wp\/v2\/pages"}],"about":[{"href":"https:\/\/phfoundation.net\/es\/wp-json\/wp\/v2\/types\/page"}],"author":[{"embeddable":true,"href":"https:\/\/phfoundation.net\/es\/wp-json\/wp\/v2\/users\/1"}],"replies":[{"embeddable":true,"href":"https:\/\/phfoundation.net\/es\/wp-json\/wp\/v2\/comments?post=13258"}],"version-history":[{"count":0,"href":"https:\/\/phfoundation.net\/es\/wp-json\/wp\/v2\/pages\/13258\/revisions"}],"wp:attachment":[{"href":"https:\/\/phfoundation.net\/es\/wp-json\/wp\/v2\/media?parent=13258"}],"curies":[{"name":"wp","href":"https:\/\/api.w.org\/{rel}","templated":true}]}}