{"id":13349,"date":"2021-06-03T08:46:04","date_gmt":"2021-06-03T08:46:04","guid":{"rendered":"https:\/\/demo2wpopal.b-cdn.net\/humani\/?page_id=13349"},"modified":"2026-01-10T15:57:56","modified_gmt":"2026-01-10T15:57:56","slug":"donate","status":"publish","type":"page","link":"https:\/\/phfoundation.net\/es\/donate\/","title":{"rendered":"Donar"},"content":{"rendered":"<div data-elementor-type=\"wp-page\" data-elementor-id=\"13349\" class=\"elementor elementor-13349\">\n\t\t\t\t\t\t<div class=\"elementor-section elementor-top-section elementor-element elementor-element-63b1854 elementor-section-boxed elementor-section-height-default elementor-section-height-default\" data-id=\"63b1854\" data-element_type=\"section\">\n\t\t\t\t\t\t<div class=\"elementor-container elementor-column-gap-no\">\n\t\t\t\t\t<div class=\"elementor-column elementor-col-100 elementor-top-column elementor-element elementor-element-00a9cf2\" data-id=\"00a9cf2\" data-element_type=\"column\">\n\t\t\t<div class=\"elementor-widget-wrap elementor-element-populated\">\n\t\t\t\t\t\t<div class=\"elementor-element elementor-element-68eafe6 elementor-widget elementor-widget-text-editor\" data-id=\"68eafe6\" data-element_type=\"widget\" data-widget_type=\"text-editor.default\">\n\t\t\t\t\t\t\t\t\t<h4><strong>Su apoyo nos ayuda a suministrar productos sanitarios y m\u00e9dicos esenciales a las personas que m\u00e1s los necesitan.<\/strong><\/h4>\t\t\t\t\t\t\t\t<\/div>\n\t\t\t\t<div class=\"elementor-element elementor-element-66f7c49 elementor-widget elementor-widget-text-editor\" data-id=\"66f7c49\" data-element_type=\"widget\" data-widget_type=\"text-editor.default\">\n\t\t\t\t\t\t\t\t\t<p class=\"first:mt-1.5!\"><strong>Fundaci\u00f3n de Salud Protectiva<\/strong> trabaja para mejorar el acceso a servicios sanitarios b\u00e1sicos y productos m\u00e9dicos, especialmente en regiones donde enfermedades sencillas y prevenibles pueden ser mortales. Con sus donaciones, nos ayuda a realizar revisiones m\u00e9dicas, vacunaciones, suministros m\u00e9dicos est\u00e9riles, proyectos de agua potable y apoyo social a familias vulnerables, con especial atenci\u00f3n a los ni\u00f1os y las mujeres. Cada contribuci\u00f3n, grande o peque\u00f1a, convierte la solidaridad en acciones concretas.<\/p><p class=\"first:mt-1.5!\">Somos una fundaci\u00f3n joven pero en r\u00e1pido crecimiento. Su donaci\u00f3n nos permite poner en marcha nuevos programas de salud, apoyar a cl\u00ednicas y hospitales locales y responder r\u00e1pidamente a necesidades urgentes. Juntos, podemos garantizar que no se pierda ninguna vida solo porque la atenci\u00f3n m\u00e9dica b\u00e1sica est\u00e9 fuera de nuestro alcance.<\/p>\t\t\t\t\t\t\t\t<\/div>\n\t\t\t\t<div class=\"elementor-element elementor-element-b0a27fa elementor-widget__width-initial elementor-widget elementor-widget-humani-give-form\" data-id=\"b0a27fa\" data-element_type=\"widget\" data-widget_type=\"humani-give-form.default\">\n\t\t\t\t<div class=\"elementor-widget-container\">\n\t\t\t\t\t\t<div id=\"give-form-25-wrap\" class=\"give-form-wrap give-display-onpage\">\n\t\t\t\t\t<form id=\"give-form-25-1\" class=\"give-form give-form-25 give-form-type-multi\" action=\"https:\/\/phfoundation.net\/es\/wp-json\/wp\/v2\/pages\/13349\/?payment-mode=paypal-commerce&#038;form-id=25\" data-id=\"25-1\" data-currency_symbol=\"&#122;&#322;\" data-currency_code=\"PLN\" data-currency_position=\"before\" data-thousands_separator=\" \" data-decimal_separator=\",\" data-number_decimals=\"2\" method=\"post\" data-trp-original-action=\"https:\/\/phfoundation.net\/es\/wp-json\/wp\/v2\/pages\/13349\/?payment-mode=paypal-commerce&form-id=25\">\n\t\t\t\t<!-- The following field is for robots only, invisible to humans: -->\n\t\t\t\t<span class=\"give-hidden\" style=\"display: none !important;\">\n\t\t\t\t\t<label for=\"give-form-honeypot-25\"><\/label>\n\t\t\t\t\t<input id=\"give-form-honeypot-25\" type=\"text\" name=\"give-honeypot\"\n\t\t\t\t\t\t   class=\"give-honeypot give-hidden\"\/>\n\t\t\t\t<\/span>\n\n\t\t\t\t\t<input type=\"hidden\" name=\"give-form-id-prefix\" value=\"25-1\"\/>\n\t<input type=\"hidden\" name=\"give-form-id\" value=\"25\"\/>\n\t<input type=\"hidden\" name=\"give-form-title\" value=\"Bose &amp; HGS Children&#039;s Sponsorship\"\/>\n\t<input type=\"hidden\" name=\"give-current-url\" value=\"https:\/\/phfoundation.net\/es\/wp-json\/wp\/v2\/pages\/13349\/\"\/>\n\t<input type=\"hidden\" name=\"give-form-url\" value=\"https:\/\/phfoundation.net\/es\/wp-json\/wp\/v2\/pages\/13349\/\"\/>\n\t\t\t<input type=\"hidden\" name=\"give-form-minimum\"\n\t\t\t   value=\"\"\/>\n\t\t<input type=\"hidden\" name=\"give-form-maximum\"\n\t\t\t   value=\"999999.99\"\/>\n\t\t<input type=\"hidden\"  name=\"give-form-hash\" value=\"585bf55922\" data-time=\"1777798178\" data-nonce-life=\"86400\" data-donor-session=\"0\"\/><input type=\"hidden\" name=\"give-price-id\" value=\"3\"\/>\t\t<div class=\"give-total-wrap\">\n\t\t\t<div class=\"give-donation-amount form-row-wide\">\n\t\t\t\t<span class=\"give-currency-symbol give-currency-position-before\">z\u0142<\/span>\t\t\t\t<label class=\"give-hidden\" for=\"give-amount\">Cantidad a donar:<\/label>\n\t\t\t\t<input class=\"give-text-input give-amount-top\" id=\"give-amount\" name=\"give-amount\" type=\"text\" inputmode=\"decimal\"\n\t\t\t\t\t   placeholder=\"\" value=\"100,00\" autocomplete=\"off\">\n\t\t\t\t\t\t\t<\/div>\n\t\t<\/div>\n\t\t<ul id=\"give-donation-level-button-wrap\" class=\"give-donation-levels-wrap give-list-inline\"><li><button type=\"button\" data-price-id=\"0\" class=\"give-donation-level-btn give-btn give-btn-level-0\" value=\"10,00\" data-default=\"0\">z\u014210,00<\/button><\/li><li><button type=\"button\" data-price-id=\"1\" class=\"give-donation-level-btn give-btn give-btn-level-1\" value=\"25,00\" data-default=\"0\">z\u014225,00<\/button><\/li><li><button type=\"button\" data-price-id=\"2\" class=\"give-donation-level-btn give-btn give-btn-level-2\" value=\"50,00\" data-default=\"0\">z\u014250,00<\/button><\/li><li><button type=\"button\" data-price-id=\"3\" class=\"give-donation-level-btn give-btn give-btn-level-3 give-default-level\" value=\"100,00\" data-default=\"1\">z\u0142100,00<\/button><\/li><li><button type=\"button\" data-price-id=\"5\" class=\"give-donation-level-btn give-btn give-btn-level-5\" value=\"250,00\" data-default=\"0\">z\u0142250,00<\/button><\/li><li><button type=\"button\" data-price-id=\"custom\" class=\"give-donation-level-btn give-btn give-btn-level-custom\" value=\"custom\">Cantidad personalizada<\/button><\/li><\/ul>\n\t<fieldset id=\"give-payment-mode-select\" style=\"display: none;\">\n\t\t\t\t<legend\n\t\t\tclass=\"give-payment-mode-label\">Seleccionar el m\u00e9todo de pago\t\t\t<span class=\"give-loading-text\"><span\n\t\t\t\t\tclass=\"give-loading-animation\"><\/span>\n\t\t\t<\/span>\n\t\t<\/legend>\n\n\t\t<div id=\"give-payment-mode-wrap\">\n\t\t\t\t\t\t<ul id=\"give-gateway-radio-list\">\n\t\t\t\t\t\t\t\t\t\t<li class=\"give-gateway-option-selected\">\n\t\t\t\t\t\t\t<input type=\"radio\" name=\"payment-mode\" class=\"give-gateway\"\n\t\t\t\t\t\t\t\t   id=\"give-gateway-paypal-commerce-25-1\"\n\t\t\t\t\t\t\t\t   value=\"paypal-commerce\" checked='checked'>\n\t\t\t\t\t\t\t<label for=\"give-gateway-paypal-commerce-25-1\"\n\t\t\t\t\t\t\t\t   class=\"give-gateway-option\"\n\t\t\t\t\t\t\t\t   id=\"give-gateway-option-paypal-commerce\"> Donaciones PayPal<\/label>\n\t\t\t\t\t\t<\/li>\n\t\t\t\t\t\t\t\t\t<\/ul>\n\t\t\t\t\t<\/div>\n\t\t\t<\/fieldset>\n\n\t\n\t<div id=\"give_purchase_form_wrap\">\n\n\t\t\t<fieldset id=\"give_checkout_user_info\" class=\"\">\n\t\t<legend>\n\t\t\tInformaci\u00f3n personal\t\t<\/legend>\n\n\t\t\n        <p id=\"give-first-name-wrap\" class=\"form-row form-row-first form-row-responsive\">\n            <label class=\"give-label\" for=\"give-first\">\n                Nombre                                    <span class=\"give-required-indicator\">*<\/span>\n                                <span class=\"give-tooltip hint--top hint--medium hint--bounce\" aria-label=\"El nombre se usa para personalizar tu registro de donaci\u00f3n.\" rel=\"tooltip\"><i class=\"give-icon give-icon-question\"><\/i><\/span>            <\/label>\n            <input\n                class=\"give-input required\"\n                type=\"text\"\n                name=\"give_first\"\n                autocomplete=\"given-name\"\n                placeholder=\"Nombre\"\n                id=\"give-first\"\n                value=\"\"\n                 required aria-required=\"true\"             \/>\n        <\/p>\n\n        <p id=\"give-last-name-wrap\" class=\"form-row form-row-last form-row-responsive\">\n            <label class=\"give-label\" for=\"give-last\">\n                Apellidos                                <span class=\"give-tooltip hint--top hint--medium hint--bounce\" aria-label=\"Los apellidos se usan para personalizar tu registro de donaci\u00f3n.\" rel=\"tooltip\"><i class=\"give-icon give-icon-question\"><\/i><\/span>            <\/label>\n\n            <input\n                class=\"give-input\"\n                type=\"text\"\n                name=\"give_last\"\n                autocomplete=\"family-name\"\n                id=\"give-last\"\n                placeholder=\"Apellidos\"\n                value=\"\"\n                            \/>\n        <\/p>\n\n        \n                <p id=\"give-email-wrap\" class=\"form-row form-row-wide\">\n            <label class=\"give-label\" for=\"give-email\">\n                Direcci\u00f3n de correo electr\u00f3nico                                    <span class=\"give-required-indicator\">*<\/span>\n                                    <span class=\"give-tooltip hint--top hint--medium hint--bounce\" aria-label=\"Enviaremos el recibo de la donaci\u00f3n a esta direcci\u00f3n.\" rel=\"tooltip\"><i class=\"give-icon give-icon-question\"><\/i><\/span>            <\/label>\n            <input\n                class=\"give-input required\"\n                type=\"email\"\n                name=\"give_email\"\n                autocomplete=\"email\"\n                placeholder=\"Direcci\u00f3n de correo electr\u00f3nico\"\n                id=\"give-email\"\n                value=\"\"\n                 required aria-required=\"true\"             \/>\n\n        <\/p>\n\n        \n\t\t\t\t\t<\/fieldset>\n\t\t<fieldset id=\"give_cc_fields-25\" class=\"give-do-validate\">\n\t\t<legend>Informaci\u00f3n sobre la tarjeta de cr\u00e9dito<\/legend>\n\t\t\t\t\t<div id=\"give_secure_site_wrapper-25\">\n\t\t\t\t<span class=\"give-icon padlock\"><\/span>\n\t\t\t\t<span>Este es un pago encriptado SSL seguro.<\/span>\n\t\t\t<\/div>\n\t\t\t\t<p id=\"give-card-number-wrap-25\" class=\"form-row form-row-two-thirds form-row-responsive\">\n\t\t\t<label for=\"card_number-25\" class=\"give-label\">\n\t\t\t\tN\u00famero de tarjeta\t\t\t\t<span class=\"give-required-indicator\">*<\/span>\n\t\t\t\t<span class=\"give-tooltip hint--top hint--medium hint--bounce\" aria-label=\"Los (normalmente) 16 d\u00edgitos en el frente de tu tarjeta de cr\u00e9dito.\" rel=\"tooltip\"><i class=\"give-icon give-icon-question\"><\/i><\/span>\t\t\t\t<span class=\"card-type\"><\/span>\n\t\t\t<\/label>\n\n\t\t\t<input type=\"tel\" autocomplete=\"off\" name=\"card_number\" id=\"card_number-25\"\n\t\t\t\t   class=\"card-number give-input required\" placeholder=\"N\u00famero de tarjeta\"\n\t\t\t\t   required aria-required=\"true\"\/>\n\t\t<\/p>\n\n\t\t<p id=\"give-card-cvc-wrap-25\" class=\"form-row form-row-one-third form-row-responsive\">\n\t\t\t<label for=\"card_cvc-25\" class=\"give-label\">\n\t\t\t\tCVC\t\t\t\t<span class=\"give-required-indicator\">*<\/span>\n\t\t\t\t<span class=\"give-tooltip hint--top hint--medium hint--bounce\" aria-label=\"El valor de 3 d\u00edgitos (detr\u00e1s) o 4 d\u00edgitos (delante) en tu tarjeta.\" rel=\"tooltip\"><i class=\"give-icon give-icon-question\"><\/i><\/span>\t\t\t<\/label>\n\n\t\t\t<input type=\"tel\" size=\"4\" autocomplete=\"off\" name=\"card_cvc\" id=\"card_cvc-25\"\n\t\t\t\t   class=\"card-cvc give-input required\" placeholder=\"CVC\"\n\t\t\t\t   required aria-required=\"true\"\/>\n\t\t<\/p>\n\n\t\t<p id=\"give-card-name-wrap-25\" class=\"form-row form-row-two-thirds form-row-responsive\">\n\t\t\t<label for=\"card_name-25\" class=\"give-label\">\n\t\t\t\tNombre del titular de la tarjeta\t\t\t\t<span class=\"give-required-indicator\">*<\/span>\n\t\t\t\t<span class=\"give-tooltip hint--top hint--medium hint--bounce\" aria-label=\"El nombre del titular de la cuenta de la tarjeta de cr\u00e9dito.\" rel=\"tooltip\"><i class=\"give-icon give-icon-question\"><\/i><\/span>\t\t\t<\/label>\n\n\t\t\t<input type=\"text\" autocomplete=\"off\" name=\"card_name\" id=\"card_name-25\"\n\t\t\t\t   class=\"card-name give-input required\" placeholder=\"Nombre del titular de la tarjeta\"\n\t\t\t\t   required aria-required=\"true\"\/>\n\t\t<\/p>\n\t\t\t\t<p class=\"card-expiration form-row form-row-one-third form-row-responsive\">\n\t\t\t<label for=\"card_expiry-25\" class=\"give-label\">\n\t\t\t\tCaducidad\t\t\t\t<span class=\"give-required-indicator\">*<\/span>\n\t\t\t\t<span class=\"give-tooltip hint--top hint--large hint--bounce\" aria-label=\"La fecha en la que caduca tu tarjeta de cr\u00e9dito, por lo general en el frente de la tarjeta.\" rel=\"tooltip\"><i class=\"give-icon give-icon-question\"><\/i><\/span>\t\t\t<\/label>\n\n\t\t\t<input type=\"hidden\" id=\"card_exp_month-25\" name=\"card_exp_month\"\n\t\t\t\t   class=\"card-expiry-month\"\/>\n\t\t\t<input type=\"hidden\" id=\"card_exp_year-25\" name=\"card_exp_year\"\n\t\t\t\t   class=\"card-expiry-year\"\/>\n\n\t\t\t<input type=\"tel\" autocomplete=\"off\" name=\"card_expiry\" id=\"card_expiry-25\"\n\t\t\t\t   class=\"card-expiry give-input required\" placeholder=\"MM \/ AA\"\n\t\t\t\t   required aria-required=\"true\"\/>\n\t\t<\/p>\n\t\t\t<\/fieldset>\n\t\t<fieldset id=\"give_terms_agreement\">\n\t\t<legend>T\u00e9rminos y condiciones<\/legend>\n\t\t<div id=\"give_terms\" class=\"give_terms-25\" style=\"display:none;\">\n\t\t\t<p>La aceptaci\u00f3n de cualquier contribuci\u00f3n, regalo o subvenci\u00f3n queda a discreci\u00f3n de la Fundaci\u00f3n Protectiva para la Salud (\"Protectiva\"). Protectiva no aceptar\u00e1 ning\u00fan regalo a menos que pueda ser utilizado o gastado de forma coherente con el prop\u00f3sito y la misi\u00f3n de Protectiva.<\/p>\n<p>No se aceptar\u00e1 ninguna donaci\u00f3n irrevocable, ya sea en firme o de car\u00e1cter vitalicio, si bajo cualquier conjunto razonable de circunstancias la donaci\u00f3n pudiera poner en peligro la seguridad financiera del donante.<\/p>\n<p>Protectiva se abstendr\u00e1 de proporcionar asesoramiento sobre el tratamiento fiscal o de otro tipo de las donaciones y animar\u00e1 a los donantes a buscar orientaci\u00f3n de sus propios asesores profesionales para que les ayuden en el proceso de hacer su donaci\u00f3n.<\/p>\n<p>Protectiva aceptar\u00e1 donaciones en efectivo o en valores cotizados en bolsa. Las donaciones de servicios en especie se aceptar\u00e1n a discreci\u00f3n de Protectiva.<\/p>\n<p>Algunas otras donaciones, bienes inmuebles, bienes muebles, donaciones en especie, valores no l\u00edquidos y contribuciones cuyas fuentes no sean transparentes o cuyo uso est\u00e9 restringido de alg\u00fan modo, deben revisarse antes de su aceptaci\u00f3n debido a las obligaciones especiales que plantean o a las responsabilidades que pueden suponer para Protectiva.<\/p>\n<p>Protectiva proporcionar\u00e1 acuses de recibo a los donantes que cumplan los requisitos legales y fiscales aplicables a los bienes recibidos por Protectiva como regalo. No obstante, salvo en el caso de regalos en efectivo y valores cotizados en bolsa, no se atribuir\u00e1 valor alguno a ning\u00fan recibo u otra forma de justificaci\u00f3n de un regalo recibido por Protectiva.<\/p>\n<p>Protectiva respetar\u00e1 la intenci\u00f3n del donante en relaci\u00f3n con las donaciones para fines restringidos y las relacionadas con el deseo de permanecer en el anonimato. Con respecto a las donaciones an\u00f3nimas, Protectiva restringir\u00e1 la informaci\u00f3n sobre el donante \u00fanicamente a aquellos miembros del personal que necesiten conocerla.<\/p>\n<p>Protectiva no compensar\u00e1, ya sea a trav\u00e9s de comisiones, honorarios de intermediarios u otros medios, a ning\u00fan tercero por dirigir un regalo o un donante a Protectiva.<\/p>\n\t\t<\/div>\n\t\t<div id=\"give_show_terms\">\n\t\t\t<a href=\"#\" class=\"give_terms_links give_terms_links-25\" role=\"button\"\n\t\t\t   aria-controls=\"give_terms\">Mostrar los t\u00e9rminos<\/a>\n\t\t\t<a href=\"#\" class=\"give_terms_links give_terms_links-25\" role=\"button\"\n\t\t\t   aria-controls=\"give_terms\" style=\"display:none;\">Ocultar t\u00e9rminos<\/a>\n\t\t<\/div>\n\n\t\t<input name=\"give_agree_to_terms\" class=\"required\" type=\"checkbox\"\n\t\t\t   id=\"give_agree_to_terms-25\" value=\"1\" required aria-required=\"true\"\/>\n\t\t<label for=\"give_agree_to_terms-25\">\u00bfAcepta las condiciones?<\/label>\n\n\t<\/fieldset>\n\t\t<fieldset id=\"give_purchase_submit\" class=\"give-donation-submit\">\n\t\t\t<p id=\"give-final-total-wrap\" class=\"form-wrap\">\n\t\t\t\t<span class=\"give-donation-total-label\">\n\t\t\tTotal de la donaci\u00f3n:\t\t<\/span>\n\t\t<span class=\"give-final-total-amount\"\n\t\t\t  data-total=\"100,00\">\n\t\t\tz\u0142100,00\t\t<\/span>\n\t\t\t<\/p>\n\t\t<input type=\"hidden\" name=\"give_action\" value=\"purchase\"\/>\n\t<input type=\"hidden\" name=\"give-gateway\" value=\"paypal-commerce\"\/>\n\t\t<div class=\"give-submit-button-wrap give-clearfix\">\n\t\t<input type=\"submit\" class=\"give-submit give-btn\" id=\"give-purchase-button\" name=\"give-purchase\"\n\t\t\t   value=\"Donar ahora\" data-before-validation-label=\"Donate Now\"\/>\n\t\t<span class=\"give-loading-animation\"><\/span>\n\t<\/div>\n\t\t<\/fieldset>\n\t\n\t<\/div>\n\n\t\t\t\t<input type=\"hidden\" name=\"trp-form-language\" value=\"es\"\/><\/form>\n\n\t\t\t\n\t<\/div><!--end #give-form-25-->\n\t\t\t\t\t<\/div>\n\t\t\t\t<\/div>\n\t\t\t\t<div class=\"elementor-element elementor-element-5666e19 elementor-widget elementor-widget-spacer\" data-id=\"5666e19\" data-element_type=\"widget\" data-widget_type=\"spacer.default\">\n\t\t\t\t\t\t\t<div class=\"elementor-spacer\">\n\t\t\t<div class=\"elementor-spacer-inner\"><\/div>\n\t\t<\/div>\n\t\t\t\t\t\t<\/div>\n\t\t\t\t<div class=\"elementor-element elementor-element-5d336e9 elementor-widget elementor-widget-text-editor\" data-id=\"5d336e9\" data-element_type=\"widget\" data-widget_type=\"text-editor.default\">\n\t\t\t\t\t\t\t\t\t<p class=\"first:mt-1.5!\"><strong>Donaciones por transferencia bancaria<\/strong><\/p><p class=\"first:mt-1.5!\">Para los donantes que prefieran hacer una donaci\u00f3n a la Fundaci\u00f3n Protectiva para la Salud a trav\u00e9s de transferencia bancaria, a continuaci\u00f3n encontrar\u00e1 nuestros datos bancarios. Por favor, incluya su nombre completo y, si es posible, el prop\u00f3sito de su donaci\u00f3n en la referencia\/descripci\u00f3n de la transferencia. Esto nos ayudar\u00e1 a hacer un seguimiento preciso de su donaci\u00f3n.<\/p><p class=\"first:mt-1.5!\"><strong>Datos bancarios:<\/strong><\/p><p class=\"first:mt-1.5!\">Santander Bank Polska S.A<br \/>Swift: WBKPPLPPXXX<br \/>PLN IBAN: PL29 1090 1450 0000 0001 6249 8886<br \/>Euro IBAN: PL12 1090 1450 0000 0001 6249 9871<\/p><hr \/><p class=\"first:mt-1.5!\">Gracias por su generoso apoyo. Le deseamos salud y felicidad.<\/p>\t\t\t\t\t\t\t\t<\/div>\n\t\t\t\t\t<\/div>\n\t\t<\/div>\n\t\t\t\t\t<\/div>\n\t\t<\/div>\n\t\t\t\t<\/div>","protected":false},"excerpt":{"rendered":"<p>Tu apoyo nos ayuda a proporcionar productos sanitarios y m\u00e9dicos esenciales a las personas que m\u00e1s los necesitan. La Fundaci\u00f3n Protectiva para la Salud trabaja para mejorar el acceso a servicios b\u00e1sicos de salud y productos m\u00e9dicos, especialmente en regiones donde enfermedades simples y prevenibles pueden ser fatales. Con tus donaciones, nos ayudas a proporcionar revisiones, vacunas, material m\u00e9dico est\u00e9ril, proyectos de agua potable, [...]<\/p>","protected":false},"author":1,"featured_media":0,"parent":0,"menu_order":0,"comment_status":"closed","ping_status":"closed","template":"","meta":{"give_campaign_id":0,"footnotes":""},"class_list":["post-13349","page","type-page","status-publish","hentry"],"campaignId":"","jetpack_sharing_enabled":true,"_links":{"self":[{"href":"https:\/\/phfoundation.net\/es\/wp-json\/wp\/v2\/pages\/13349","targetHints":{"allow":["GET"]}}],"collection":[{"href":"https:\/\/phfoundation.net\/es\/wp-json\/wp\/v2\/pages"}],"about":[{"href":"https:\/\/phfoundation.net\/es\/wp-json\/wp\/v2\/types\/page"}],"author":[{"embeddable":true,"href":"https:\/\/phfoundation.net\/es\/wp-json\/wp\/v2\/users\/1"}],"replies":[{"embeddable":true,"href":"https:\/\/phfoundation.net\/es\/wp-json\/wp\/v2\/comments?post=13349"}],"version-history":[{"count":0,"href":"https:\/\/phfoundation.net\/es\/wp-json\/wp\/v2\/pages\/13349\/revisions"}],"wp:attachment":[{"href":"https:\/\/phfoundation.net\/es\/wp-json\/wp\/v2\/media?parent=13349"}],"curies":[{"name":"wp","href":"https:\/\/api.w.org\/{rel}","templated":true}]}}