{"id":15,"date":"2026-01-22T18:49:01","date_gmt":"2026-01-22T18:49:01","guid":{"rendered":"https:\/\/phfoundation.net\/?page_id=15"},"modified":"2026-01-22T19:03:19","modified_gmt":"2026-01-22T19:03:19","slug":"fundraising-campaign","status":"publish","type":"page","link":"https:\/\/phfoundation.net\/es\/fundraising-campaign\/","title":{"rendered":"Campa\u00f1a de recaudaci\u00f3n de fondos"},"content":{"rendered":"<div class=\"wp-block-columns is-layout-flex wp-container-core-columns-is-layout-62db62f3 wp-block-columns-is-layout-flex\" style=\"padding-top:0;padding-bottom:0\">\n<div class=\"wp-block-column is-vertically-aligned-stretch is-layout-flow wp-block-column-is-layout-flow\" style=\"flex-basis:60%\"><figure style=\"aspect-ratio:16\/9;width:100%;height:100%;\" class=\"wp-block-post-featured-image\"><img fetchpriority=\"high\" decoding=\"async\" width=\"960\" height=\"544\" src=\"https:\/\/phfoundation.net\/wp-content\/uploads\/2022\/12\/h17_tab04.jpg\" class=\"attachment-post-thumbnail size-post-thumbnail wp-post-image\" alt=\"\" style=\"border-radius:8px;width:100%;height:100%;object-fit:cover;\" srcset=\"https:\/\/phfoundation.net\/wp-content\/uploads\/2022\/12\/h17_tab04.jpg 960w, https:\/\/phfoundation.net\/wp-content\/uploads\/2022\/12\/h17_tab04-600x340.jpg 600w, https:\/\/phfoundation.net\/wp-content\/uploads\/2022\/12\/h17_tab04-300x170.jpg 300w, https:\/\/phfoundation.net\/wp-content\/uploads\/2022\/12\/h17_tab04-768x435.jpg 768w\" sizes=\"(max-width: 960px) 100vw, 960px\" title=\"\"><\/figure><\/div>\n\n\n\n<div class=\"wp-block-column is-vertically-aligned-stretch is-layout-flow wp-block-column-is-layout-flow\">\n<div class=\"wp-block-group is-vertical is-content-justification-stretch is-layout-flex wp-container-core-group-is-layout-628836ec wp-block-group-is-layout-flex\" style=\"min-height:100%\">\n<div style=\"--givewp-primary-color: #0b72d9; --givewp-secondary-color: #27ae60;\" class=\"wp-block-givewp-campaign-goal\">\n    <div data-givewp-campaign-goal data-id=\"1\"><\/div>\n<\/div>\n\n\n\n<div class=\"wp-block-group wp-container-content-9cfa9a5a is-vertical is-layout-flex wp-container-core-group-is-layout-8cf370e7 wp-block-group-is-layout-flex\">\n<div class=\"givewp-campaign-stats-block wp-block-givewp-campaign-stats-block\">\n    <span>Donaci\u00f3n m\u00e1s alta<\/span>\n    <strong>z\u01420.00<\/strong>\n<\/div>\n\n\n\n<div class=\"givewp-campaign-stats-block wp-block-givewp-campaign-stats-block\">\n    <span>Donaci\u00f3n media<\/span>\n    <strong>z\u01420.00<\/strong>\n<\/div>\n<\/div>\n\n\n\n<div style=\"--givewp-primary-color: #0b72d9;\" class=\"givewp-campaign-donate-button-block wp-block-givewp-campaign-donate-button\">\n    <button type=\"button\" class=\"givewp-donation-form-modal__open\">Donar<\/button><\/div>\n<\/div>\n<\/div>\n<\/div>\n\n\n\n<p><\/p>\n\n\n\n<p><strong>Programa piloto de ayuda de emergencia: esperanza para los ni\u00f1os en zonas de conflicto<\/strong><\/p>\n\n\n\n<p><strong>Proporcionar suministros m\u00e9dicos, agua potable y refugio seguro a los m\u00e1s vulnerables.<\/strong><\/p>\n\n\n\n<hr class=\"wp-block-separator has-alpha-channel-opacity\"\/>\n\n\n\n<h3 class=\"wp-block-heading\">P\u00e1rrafo introductorio (Por qu\u00e9 existe esta campa\u00f1a)<\/h3>\n\n\n\n<p>En las zonas de conflicto activo, los ni\u00f1os son a menudo las v\u00edctimas silenciosas e invisibles. El acceso a las necesidades m\u00e1s b\u00e1sicas -agua potable, productos de higiene, pa\u00f1ales y atenci\u00f3n m\u00e9dica esencial- desaparece de la noche a la ma\u00f1ana. Las familias se ven desplazadas, los sistemas sanitarios se colapsan y las enfermedades prevenibles se propagan r\u00e1pidamente.<\/p>\n\n\n\n<p>La Fundaci\u00f3n Protectiva de la Salud lanza un <strong>Campa\u00f1a piloto de ayuda de emergencia<\/strong> para responder a estas necesidades urgentes. Con su apoyo, entregaremos ayuda vital directamente a ni\u00f1os y familias que viven en zonas afectadas por la guerra o cerca de ellas.<\/p>\n\n\n\n<hr class=\"wp-block-separator has-alpha-channel-opacity\"\/>\n\n\n\n<h3 class=\"wp-block-heading\">Qu\u00e9 har\u00e1 esta campa\u00f1a piloto<\/h3>\n\n\n\n<p>Con este proyecto piloto pretendemos:<\/p>\n\n\n\n<ol class=\"wp-block-list\">\n<li><strong>Prestar asistencia m\u00e9dica<\/strong><br>Proporcionar botiquines m\u00e9dicos b\u00e1sicos, material de primeros auxilios y medicamentos esenciales a los socios locales, cl\u00ednicas sobre el terreno y trabajadores sanitarios voluntarios que prestan apoyo a ni\u00f1os y familias.<\/li>\n\n\n\n<li><strong>Apoyar la higiene y el cuidado de los beb\u00e9s<\/strong><br>Distribuir kits de higiene, que incluyan jab\u00f3n, productos sanitarios, pa\u00f1ales para beb\u00e9s y otros art\u00edculos esenciales que protejan a ni\u00f1os y cuidadores de infecciones y enfermedades.<\/li>\n\n\n\n<li><strong>Acceso seguro al agua potable<\/strong><br>Apoyar la instalaci\u00f3n o rehabilitaci\u00f3n de <strong>pozos de agua limpia<\/strong> y sistemas sencillos de filtraci\u00f3n en zonas donde el agua potable escasea o est\u00e1 contaminada.<\/li>\n\n\n\n<li><strong>Proporcionar refugio y protecci\u00f3n de emergencia<\/strong><br>Ayudar a crear refugios temporales seguros y proporcionar ropa de cama b\u00e1sica y art\u00edculos de protecci\u00f3n para los ni\u00f1os desplazados y sus familias.<\/li>\n<\/ol>\n\n\n\n<hr class=\"wp-block-separator has-alpha-channel-opacity\"\/>\n\n\n\n<h3 class=\"wp-block-heading\">\u00bfPor qu\u00e9 una campa\u00f1a piloto?<\/h3>\n\n\n\n<p>Se trata de un <strong>misi\u00f3n piloto<\/strong>, lo que significa que empezamos con una operaci\u00f3n centrada y cuidadosamente dise\u00f1ada en un pa\u00eds y una regi\u00f3n seleccionados. El objetivo es:<\/p>\n\n\n\n<ul class=\"wp-block-list\">\n<li>Probar y mejorar nuestro <strong>log\u00edstica y rutas de reparto<\/strong> en entornos dif\u00edciles e inseguros.<\/li>\n\n\n\n<li>Construir una <strong>red de socios locales<\/strong> en el suelo.<\/li>\n\n\n\n<li>Aseg\u00farese de que <strong>cada euro se utiliza de forma eficaz y transparente<\/strong> antes de pasar a operaciones de mayor envergadura.<\/li>\n<\/ul>\n\n\n\n<p>Su apoyo en esta fase piloto nos ayudar\u00e1 a crear un modelo s\u00f3lido y eficaz que m\u00e1s adelante podr\u00e1 ampliarse para llegar a m\u00e1s ni\u00f1os necesitados.<\/p>\n\n\n\n<hr class=\"wp-block-separator has-alpha-channel-opacity\"\/>\n\n\n\n<h3 class=\"wp-block-heading\">C\u00f3mo ayuda su donaci\u00f3n<\/h3>\n\n\n\n<ul class=\"wp-block-list\">\n<li><strong>\u20ac25<\/strong> puede proporcionar art\u00edculos de higiene y pa\u00f1ales para un beb\u00e9 y su cuidador.<\/li>\n\n\n\n<li><strong>\u20ac50<\/strong> puede ayudar a suministrar botiquines b\u00e1sicos a una peque\u00f1a comunidad.<\/li>\n\n\n\n<li><strong>\u20ac100<\/strong> pueden contribuir al coste de perforaci\u00f3n o reparaci\u00f3n de una fuente de agua limpia.<\/li>\n\n\n\n<li><strong>250 euros o m\u00e1s<\/strong> puede apoyar la creaci\u00f3n de espacios de refugio seguros para las familias desplazadas.<\/li>\n<\/ul>\n\n\n\n<p>Cada contribuci\u00f3n, sea cual sea su cuant\u00eda, nos acerca un paso m\u00e1s a la protecci\u00f3n de la infancia, el restablecimiento de la dignidad y la esperanza de las familias en medio del conflicto.<\/p>\n\n\n\n<hr class=\"wp-block-separator has-alpha-channel-opacity\"\/>\n\n\n\n<h3 class=\"wp-block-heading\">Transparencia y responsabilidad<\/h3>\n\n\n\n<p>Protectiva Health Foundation est\u00e1 registrada en Polonia y opera de acuerdo con las normas humanitarias y financieras internacionales. Todas las donaciones a esta campa\u00f1a ser\u00e1n <strong>restringido a actividades de ayuda de emergencia<\/strong> para ni\u00f1os y familias afectados por conflictos, como se ha descrito anteriormente.<\/p>\n\n\n\n<p>Puede obtener m\u00e1s informaci\u00f3n sobre c\u00f3mo gestionamos e informamos de las donaciones en nuestro<br><a href=\"https:\/\/phfoundation.net\/es\/donation-transparency\/\" target=\"_blank\" rel=\"noreferrer noopener\">Transparencia de las donaciones<\/a> y<br><a href=\"https:\/\/phfoundation.net\/es\/donation-terms-conditions\/\" target=\"_blank\" rel=\"noreferrer noopener\">Condiciones de donaci\u00f3n<\/a> p\u00e1ginas.<\/p>\n\n\n\n<hr class=\"wp-block-separator has-alpha-channel-opacity\"\/>\n\n\n\n<h3 class=\"wp-block-heading\">Llamada a la acci\u00f3n (cierre)<\/h3>\n\n\n\n<p><strong>S\u00e9 el primero en estar con ellos.<\/strong><\/p>\n\n\n\n<p>Apoyando esta campa\u00f1a piloto, nos ayudas a llevar atenci\u00f3n m\u00e9dica, higiene, agua potable y refugio seguro a ni\u00f1os que, de otro modo, quedar\u00edan abandonados en zonas de guerra.<\/p>\n\n\n\n<p>Elija una cantidad y haga su donaci\u00f3n hoy mismo.<br>Juntos podemos convertir la emergencia en esperanza.<\/p>\n\n\n<div\n    class=\"givewp-campaign-donations-block wp-block-givewp-campaign-donations\"    style=\"--givewp-primary-color: #0b72d9; --givewp-secondary-color: #27ae60;\">\n    <div class=\"givewp-campaign-donations-block__header\">\n        <h2 class=\"givewp-campaign-donations-block__title\">Donaciones recientes<\/h2>\n            <\/div>\n\n            <div class=\"givewp-campaign-donations-block__empty-state\">\n            <h3 class=\"givewp-campaign-donations-block__empty-title\">\n                Cada campa\u00f1a comienza con una donaci\u00f3n.            <\/h3>\n            <p class=\"givewp-campaign-donations-block__empty-description\">\n                \u00a1Soy quien lo hace realidad!            <\/p>\n\n            <div class=\"givewp-campaign-donations-block__empty-icon\">\n                <svg width=\"40\" height=\"40\" viewbox=\"0 0 40 40\"\n     fill=\"none\" xmlns=\"http:\/\/www.w3.org\/2000\/svg\">\n    <path\n        d=\"M11.6628 31.6719H28.3294M31.6628 26.6719C32.9578 26.7102 33.7294 26.8552 34.2628 27.3902C34.9961 28.1235 34.9961 29.3035 34.9961 31.6652C34.9961 34.0252 34.9961 35.2052 34.2628 35.9385C33.5311 36.6719 32.3528 36.6719 29.9961 36.6719H9.99609C7.63943 36.6719 6.46109 36.6719 5.72943 35.9385C4.99776 35.2052 4.99609 34.0252 4.99609 31.6652C4.99609 29.3052 4.99609 28.1235 5.72943 27.3902C6.26276 26.8569 7.03443 26.7102 8.32943 26.6719\"\n        stroke=\"currentColor\" stroke-width=\"2.5\" stroke-linecap=\"round\"\n        stroke-linejoin=\"round\" \/>\n    <path\n        d=\"M23.8559 31.6691C24.4744 31.1394 24.9712 30.4822 25.3121 29.7426C25.653 29.003 25.8299 28.1984 25.8309 27.3841C25.8309 24.2274 23.2192 21.6691 19.9975 21.6691C16.7759 21.6691 14.1642 24.2274 14.1642 27.3841C14.1651 28.1984 14.3421 29.003 14.683 29.7426C15.0239 30.4822 15.5206 31.1394 16.1392 31.6691M33.3309 16.6691H29.3392C28.8492 16.6691 28.3659 16.5591 27.9275 16.3457L24.5242 14.6991C24.0833 14.4868 23.6002 14.3769 23.1109 14.3774H21.3742C19.6942 14.3774 18.3309 13.0591 18.3309 11.4324C18.3309 11.3657 18.3759 11.3091 18.4409 11.2907L22.6759 10.1207C23.4356 9.91029 24.2459 9.98314 24.9559 10.3257L28.5942 12.0857M18.3309 12.5024L10.6759 14.8541C10.0094 15.0586 9.29545 15.0473 8.6358 14.8219C7.97614 14.5966 7.40453 14.1686 7.00254 13.5991C6.38754 12.7491 6.63754 11.5291 7.5342 11.0124L20.0592 3.78407C20.4508 3.55747 20.8845 3.41297 21.3338 3.35939C21.7831 3.30581 22.2386 3.34426 22.6725 3.4724L33.3309 6.63573\"\n        stroke=\"currentColor\" stroke-width=\"2.5\" stroke-linecap=\"round\"\n        stroke-linejoin=\"round\" \/>\n<\/svg>\n            <\/div>\n\n                            <div class=\"givewp-campaign-donations-block__empty-button\">\n                    <button type=\"button\" class=\"givewp-donation-form-modal__open\">S\u00e9 el primero<\/button>                <\/div>\n                    <\/div>\n    <\/div>\n\n\n<div\n    class=\"givewp-campaign-donors-block wp-block-givewp-campaign-donors\"    style=\"--givewp-primary-color: #0b72d9; --givewp-secondary-color: #27ae60;\">\n    <div class=\"givewp-campaign-donors-block__header\">\n        <h2 class=\"givewp-campaign-donors-block__title\">Donantes principales<\/h2>\n            <\/div>\n\n            <div class=\"givewp-campaign-donors-block__empty-state\">\n            <h3 class=\"givewp-campaign-donors-block__empty-title\">\n                A\u00fan no hay donantes principales.            <\/h3>\n            <p class=\"givewp-campaign-donors-block__empty-description\">\n                S\u00e9 uno de los primeros en dejar huella            <\/p>\n\n            <div class=\"givewp-campaign-donors-block__empty-icon\">\n                <svg  width=\"40\" height=\"40\" viewbox=\"0 0 40 40\"\n     fill=\"none\" xmlns=\"http:\/\/www.w3.org\/2000\/svg\">\n    <path\n        d=\"M5 33.333c3.893-4.129 9.178-6.666 15-6.666 5.822 0 11.107 2.537 15 6.666M27.5 12.5a7.5 7.5 0 1 1-15 0 7.5 7.5 0 0 1 15 0z\"\n        stroke=\"currentColor\" stroke-width=\"3.333\" stroke-linecap=\"round\"\n        stroke-linejoin=\"round\" \/>\n<\/svg>\n            <\/div>\n\n                            <div class=\"givewp-campaign-donors-block__empty-button\">\n                    <button type=\"button\" class=\"givewp-donation-form-modal__open\">S\u00e9 el primer donante<\/button>                <\/div>\n                    <\/div>\n    <\/div>","protected":false},"excerpt":{"rendered":"<p>Piloto de Ayuda de Emergencia: Esperanza para los ni\u00f1os en las zonas de conflicto Proporcionar suministros m\u00e9dicos, agua potable y refugio seguro a los m\u00e1s vulnerables. P\u00e1rrafo introductorio (Por qu\u00e9 existe esta campa\u00f1a) En las zonas de conflicto activo, los ni\u00f1os son a menudo las v\u00edctimas silenciosas e invisibles. El acceso a las necesidades m\u00e1s b\u00e1sicas -agua potable, productos de higiene, pa\u00f1ales y atenci\u00f3n m\u00e9dica esencial [...]<\/p>","protected":false},"author":1,"featured_media":17546,"parent":0,"menu_order":0,"comment_status":"closed","ping_status":"closed","template":"","meta":{"give_campaign_id":1,"footnotes":""},"class_list":["post-15","page","type-page","status-publish","has-post-thumbnail","hentry"],"campaignId":"1","jetpack_sharing_enabled":true,"_links":{"self":[{"href":"https:\/\/phfoundation.net\/es\/wp-json\/wp\/v2\/pages\/15","targetHints":{"allow":["GET"]}}],"collection":[{"href":"https:\/\/phfoundation.net\/es\/wp-json\/wp\/v2\/pages"}],"about":[{"href":"https:\/\/phfoundation.net\/es\/wp-json\/wp\/v2\/types\/page"}],"author":[{"embeddable":true,"href":"https:\/\/phfoundation.net\/es\/wp-json\/wp\/v2\/users\/1"}],"replies":[{"embeddable":true,"href":"https:\/\/phfoundation.net\/es\/wp-json\/wp\/v2\/comments?post=15"}],"version-history":[{"count":0,"href":"https:\/\/phfoundation.net\/es\/wp-json\/wp\/v2\/pages\/15\/revisions"}],"wp:featuredmedia":[{"embeddable":true,"href":"https:\/\/phfoundation.net\/es\/wp-json\/wp\/v2\/media\/17546"}],"wp:attachment":[{"href":"https:\/\/phfoundation.net\/es\/wp-json\/wp\/v2\/media?parent=15"}],"curies":[{"name":"wp","href":"https:\/\/api.w.org\/{rel}","templated":true}]}}