{"id":19637,"date":"2026-01-06T17:40:37","date_gmt":"2026-01-06T17:40:37","guid":{"rendered":"https:\/\/phfoundation.net\/?page_id=19637"},"modified":"2026-01-06T19:54:02","modified_gmt":"2026-01-06T19:54:02","slug":"terms-of-use","status":"publish","type":"page","link":"https:\/\/phfoundation.net\/es\/terms-of-use\/","title":{"rendered":"Condiciones de uso"},"content":{"rendered":"<p><\/p>\n\n\n\n<p><strong>\u00daltima actualizaci\u00f3n:<\/strong> 6 de enero de 2026<\/p>\n\n\n\n<h4 class=\"wp-block-heading\">1. Aceptaci\u00f3n de las condiciones<\/h4>\n\n\n\n<p>Al acceder a este sitio web y utilizarlo, usted acepta y se compromete a cumplir las presentes Condiciones de uso y nuestra Pol\u00edtica de privacidad. <a href=\"https:\/\/phfoundation.net\/es\/privacy-policy\/\" data-type=\"page\" data-id=\"3\" target=\"_blank\" rel=\"noreferrer noopener\">Pol\u00edtica de privacidad<\/a>.<\/p>\n\n\n\n<h4 class=\"wp-block-heading\">2. 2. Propiedad intelectual<\/h4>\n\n\n\n<p>Todo el contenido de este sitio web, incluyendo textos, gr\u00e1ficos, logotipos e im\u00e1genes, es propiedad de la Fundaci\u00f3n Protectiva para la Salud y est\u00e1 protegido por las leyes internacionales de derechos de autor. El uso no autorizado est\u00e1 estrictamente prohibido.<\/p>\n\n\n\n<h4 class=\"wp-block-heading\">3. Actividades prohibidas<\/h4>\n\n\n\n<p>Los usuarios se comprometen a no utilizar el sitio para fines il\u00edcitos, incluidos, entre otros:<\/p>\n\n\n\n<ul class=\"wp-block-list\">\n<li>Intentar interferir en la seguridad del sitio web.<\/li>\n\n\n\n<li>Distribuir virus o c\u00f3digo da\u00f1ino.<\/li>\n\n\n\n<li>Facilitar informaci\u00f3n falsa en formularios de donaci\u00f3n o contacto.<\/li>\n<\/ul>\n\n\n\n<h4 class=\"wp-block-heading\">4. Descargo de responsabilidad m\u00e9dica<\/h4>\n\n\n\n<p>La informaci\u00f3n facilitada en este sitio web s\u00f3lo tiene fines educativos e informativos. No sustituye al asesoramiento m\u00e9dico profesional. Lea nuestra <a href=\"https:\/\/phfoundation.net\/es\/medical-disclaimer\/\" data-type=\"page\" data-id=\"19656\" target=\"_blank\" rel=\"noreferrer noopener\">Descargo de responsabilidad m\u00e9dica<\/a> para m\u00e1s detalles.<\/p>\n\n\n\n<h4 class=\"wp-block-heading\">5. 5. Limitaci\u00f3n de responsabilidad<\/h4>\n\n\n\n<p>La Fundaci\u00f3n Protectiva de la Salud no ser\u00e1 responsable de ning\u00fan da\u00f1o derivado del uso o de la imposibilidad de uso de este sitio web o de su contenido.<\/p>","protected":false},"excerpt":{"rendered":"<p>Last Updated: January 6, 2026 1. Acceptance of Terms By accessing and using this website, you accept and agree to be bound by these Terms of Use and our Privacy Policy. 2. Intellectual Property All content on this website, including text, graphics, logos, and images, is the property of Protectiva Health Foundation and is protected [&hellip;]<\/p>","protected":false},"author":1,"featured_media":0,"parent":0,"menu_order":0,"comment_status":"closed","ping_status":"closed","template":"template-homepage.php","meta":{"give_campaign_id":0,"footnotes":""},"class_list":["post-19637","page","type-page","status-publish","hentry"],"campaignId":"","jetpack_sharing_enabled":true,"_links":{"self":[{"href":"https:\/\/phfoundation.net\/es\/wp-json\/wp\/v2\/pages\/19637","targetHints":{"allow":["GET"]}}],"collection":[{"href":"https:\/\/phfoundation.net\/es\/wp-json\/wp\/v2\/pages"}],"about":[{"href":"https:\/\/phfoundation.net\/es\/wp-json\/wp\/v2\/types\/page"}],"author":[{"embeddable":true,"href":"https:\/\/phfoundation.net\/es\/wp-json\/wp\/v2\/users\/1"}],"replies":[{"embeddable":true,"href":"https:\/\/phfoundation.net\/es\/wp-json\/wp\/v2\/comments?post=19637"}],"version-history":[{"count":0,"href":"https:\/\/phfoundation.net\/es\/wp-json\/wp\/v2\/pages\/19637\/revisions"}],"wp:attachment":[{"href":"https:\/\/phfoundation.net\/es\/wp-json\/wp\/v2\/media?parent=19637"}],"curies":[{"name":"wp","href":"https:\/\/api.w.org\/{rel}","templated":true}]}}