{"id":19644,"date":"2026-01-06T17:42:20","date_gmt":"2026-01-06T17:42:20","guid":{"rendered":"https:\/\/phfoundation.net\/?page_id=19644"},"modified":"2026-01-06T19:55:29","modified_gmt":"2026-01-06T19:55:29","slug":"payment-security-methods","status":"publish","type":"page","link":"https:\/\/phfoundation.net\/es\/payment-security-methods\/","title":{"rendered":"Seguridad y m\u00e9todos de pago"},"content":{"rendered":"<p><\/p>\n\n\n\n<p><strong>\u00daltima actualizaci\u00f3n:<\/strong> 6 de enero de 2026<\/p>\n\n\n\n<h4 class=\"wp-block-heading\">1. Transacciones seguras<\/h4>\n\n\n\n<p>En la Fundaci\u00f3n Protectiva para la Salud, la seguridad de tu informaci\u00f3n financiera es nuestra m\u00e1xima prioridad. Nuestro sitio web utiliza encriptaci\u00f3n Secure Socket Layer (SSL) para garantizar que todos los datos transmitidos entre su navegador y nuestros servidores permanezcan privados e \u00edntegros.<\/p>\n\n\n\n<h4 class=\"wp-block-heading\">2. M\u00e9todos de pago<\/h4>\n\n\n\n<p>Aceptamos una amplia gama de m\u00e9todos de pago para que apoyar nuestra misi\u00f3n sea lo m\u00e1s f\u00e1cil posible:<\/p>\n\n\n\n<ul class=\"wp-block-list\">\n<li><strong>Tarjetas de cr\u00e9dito\/d\u00e9bito:<\/strong> Visa, Mastercard, American Express y m\u00e1s.<\/li>\n\n\n\n<li><strong>Monederos digitales:<\/strong> Apple Pay, Google Pay.<\/li>\n\n\n\n<li><strong>Transferencias bancarias directas:<\/strong> Transferencias internacionales IBAN (los detalles se facilitan previa solicitud o durante el proceso de pago).<\/li>\n<\/ul>\n\n\n\n<h4 class=\"wp-block-heading\">3. Nuestros socios de pago<\/h4>\n\n\n\n<p>Colaboramos con procesadores de pagos de primera categor\u00eda que cumplen la normativa PCI-DSS para gestionar sus transacciones de forma segura. Entre ellos se incluyen:<\/p>\n\n\n\n<ul class=\"wp-block-list\">\n<li><strong>Stripe, MyPOS, SumUp, DodPay, HexPay,<\/strong> y otras instituciones financieras reguladas.<br>Los datos completos de su tarjeta nunca se almacenan en nuestros servidores; son procesados directamente por estas plataformas seguras.<\/li>\n<\/ul>\n\n\n\n<h4 class=\"wp-block-heading\">4. Cumplimiento de la PCI<\/h4>\n\n\n\n<p>Nos adherimos al Est\u00e1ndar de Seguridad de Datos de la Industria de Tarjetas de Pago (PCI-DSS). Esto garantiza que todas las empresas que procesan, almacenan o transmiten informaci\u00f3n de tarjetas de cr\u00e9dito mantienen un entorno seguro.<\/p>\n\n\n\n<h4 class=\"wp-block-heading\">5. 5. Prevenci\u00f3n del fraude<\/h4>\n\n\n\n<p>Para proteger a nuestros donantes y a la Fundaci\u00f3n, utilizamos herramientas avanzadas de detecci\u00f3n del fraude proporcionadas por nuestros socios de pago. Nos reservamos el derecho de marcar o rechazar transacciones que parezcan sospechosas. Para m\u00e1s informaci\u00f3n sobre nuestras normas \u00e9ticas, consulte nuestra <a href=\"https:\/\/phfoundation.net\/es\/anti-fraud-ethics-policy\/\" data-type=\"page\" data-id=\"19654\" target=\"_blank\" rel=\"noreferrer noopener\">Pol\u00edtica antifraude y \u00e9tica<\/a>.<\/p>","protected":false},"excerpt":{"rendered":"<p>Last Updated: January 6, 2026 1. Secure Transactions At Protectiva Health Foundation, the security of your financial information is our top priority. Our website uses Secure Socket Layer (SSL) encryption to ensure that all data transmitted between your browser and our servers remains private and integral. 2. Payment Methods We accept a wide range of [&hellip;]<\/p>","protected":false},"author":1,"featured_media":0,"parent":0,"menu_order":0,"comment_status":"closed","ping_status":"closed","template":"template-homepage.php","meta":{"give_campaign_id":0,"footnotes":""},"class_list":["post-19644","page","type-page","status-publish","hentry"],"campaignId":"","jetpack_sharing_enabled":true,"_links":{"self":[{"href":"https:\/\/phfoundation.net\/es\/wp-json\/wp\/v2\/pages\/19644","targetHints":{"allow":["GET"]}}],"collection":[{"href":"https:\/\/phfoundation.net\/es\/wp-json\/wp\/v2\/pages"}],"about":[{"href":"https:\/\/phfoundation.net\/es\/wp-json\/wp\/v2\/types\/page"}],"author":[{"embeddable":true,"href":"https:\/\/phfoundation.net\/es\/wp-json\/wp\/v2\/users\/1"}],"replies":[{"embeddable":true,"href":"https:\/\/phfoundation.net\/es\/wp-json\/wp\/v2\/comments?post=19644"}],"version-history":[{"count":0,"href":"https:\/\/phfoundation.net\/es\/wp-json\/wp\/v2\/pages\/19644\/revisions"}],"wp:attachment":[{"href":"https:\/\/phfoundation.net\/es\/wp-json\/wp\/v2\/media?parent=19644"}],"curies":[{"name":"wp","href":"https:\/\/api.w.org\/{rel}","templated":true}]}}