{"id":19646,"date":"2026-01-06T17:42:46","date_gmt":"2026-01-06T17:42:46","guid":{"rendered":"https:\/\/phfoundation.net\/?page_id=19646"},"modified":"2026-01-06T17:56:08","modified_gmt":"2026-01-06T17:56:08","slug":"recurring-donations-terms","status":"publish","type":"page","link":"https:\/\/phfoundation.net\/es\/recurring-donations-terms\/","title":{"rendered":"Condiciones de las donaciones peri\u00f3dicas"},"content":{"rendered":"<p><\/p>\n\n\n\n<p><strong>\u00daltima actualizaci\u00f3n:<\/strong> 6 de enero de 2026<\/p>\n\n\n\n<h4 class=\"wp-block-heading\">1. Autorizaci\u00f3n<\/h4>\n\n\n\n<p>Al suscribirte a una donaci\u00f3n peri\u00f3dica, autorizas a la Fundaci\u00f3n Protectiva para la Salud a realizar cargos autom\u00e1ticos en el m\u00e9todo de pago elegido con la frecuencia que hayas seleccionado (por ejemplo, mensualmente).<\/p>\n\n\n\n<h4 class=\"wp-block-heading\">2. Flexibilidad y control<\/h4>\n\n\n\n<p>Usted tiene el control total de su donaci\u00f3n. Puede aumentar, reducir o interrumpir su donaci\u00f3n peri\u00f3dica en cualquier momento.<\/p>\n\n\n\n<h4 class=\"wp-block-heading\">3. C\u00f3mo cancelar o modificar<\/h4>\n\n\n\n<p>Para cancelar o modificar su donaci\u00f3n peri\u00f3dica, puede:<\/p>\n\n\n\n<ul class=\"wp-block-list\">\n<li>Utilice el enlace proporcionado en el correo electr\u00f3nico de confirmaci\u00f3n de su donaci\u00f3n inicial.<\/li>\n\n\n\n<li>Inicie sesi\u00f3n en su portal de donantes (si procede).<\/li>\n\n\n\n<li>P\u00f3ngase en contacto con nuestro equipo de asistencia en <a href=\"mailto:info@phfoundation.net\" target=\"_blank\" rel=\"noreferrer noopener\">info@phfoundation.net<\/a> como m\u00ednimo <strong>3 d\u00edas laborables<\/strong> antes de su pr\u00f3ximo pago programado.<\/li>\n<\/ul>\n\n\n\n<h4 class=\"wp-block-heading\">4. Incumplimientos de pago<\/h4>\n\n\n\n<p>Si un pago recurrente falla (por ejemplo, tarjeta caducada), intentaremos ponernos en contacto con usted por correo electr\u00f3nico para actualizar su informaci\u00f3n. Si el pago falla varias veces, es posible que la donaci\u00f3n peri\u00f3dica se interrumpa autom\u00e1ticamente.<\/p>\n\n\n\n<h4 class=\"wp-block-heading\">5. 5. Notificaci\u00f3n de cambios<\/h4>\n\n\n\n<p>Le notificaremos con antelaci\u00f3n si se produce alg\u00fan cambio significativo en nuestro programa de donaciones peri\u00f3dicas o en estas condiciones.<\/p>","protected":false},"excerpt":{"rendered":"<p>Last Updated: January 6, 2026 1. Authorization By signing up for a recurring donation, you authorize Protectiva Health Foundation to automatically charge your chosen payment method at the frequency you selected (e.g., monthly). 2. Flexibility and Control You are in full control of your giving. You can increase, decrease, or pause your recurring donation at [&hellip;]<\/p>","protected":false},"author":1,"featured_media":0,"parent":0,"menu_order":0,"comment_status":"closed","ping_status":"closed","template":"template-homepage.php","meta":{"give_campaign_id":0,"footnotes":""},"class_list":["post-19646","page","type-page","status-publish","hentry"],"campaignId":"","jetpack_sharing_enabled":true,"_links":{"self":[{"href":"https:\/\/phfoundation.net\/es\/wp-json\/wp\/v2\/pages\/19646","targetHints":{"allow":["GET"]}}],"collection":[{"href":"https:\/\/phfoundation.net\/es\/wp-json\/wp\/v2\/pages"}],"about":[{"href":"https:\/\/phfoundation.net\/es\/wp-json\/wp\/v2\/types\/page"}],"author":[{"embeddable":true,"href":"https:\/\/phfoundation.net\/es\/wp-json\/wp\/v2\/users\/1"}],"replies":[{"embeddable":true,"href":"https:\/\/phfoundation.net\/es\/wp-json\/wp\/v2\/comments?post=19646"}],"version-history":[{"count":0,"href":"https:\/\/phfoundation.net\/es\/wp-json\/wp\/v2\/pages\/19646\/revisions"}],"wp:attachment":[{"href":"https:\/\/phfoundation.net\/es\/wp-json\/wp\/v2\/media?parent=19646"}],"curies":[{"name":"wp","href":"https:\/\/api.w.org\/{rel}","templated":true}]}}