{"id":19648,"date":"2026-01-06T17:43:19","date_gmt":"2026-01-06T17:43:19","guid":{"rendered":"https:\/\/phfoundation.net\/?page_id=19648"},"modified":"2026-01-06T19:58:35","modified_gmt":"2026-01-06T19:58:35","slug":"donation-transparency","status":"publish","type":"page","link":"https:\/\/phfoundation.net\/es\/donation-transparency\/","title":{"rendered":"Transparencia de las donaciones"},"content":{"rendered":"<p><\/p>\n\n\n\n<p><strong>\u00daltima actualizaci\u00f3n:<\/strong> 6 de enero de 2026<\/p>\n\n\n\n<h4 class=\"wp-block-heading\">1. Nuestro compromiso con la transparencia<\/h4>\n\n\n\n<p>La Fundaci\u00f3n Protectiva para la Salud cree que la transparencia es la base de la confianza. Nos comprometemos a garantizar que cada donaci\u00f3n se utilice de forma eficaz y \u00e9tica para cumplir nuestra misi\u00f3n de hacer que la asistencia sanitaria sea accesible para todos.<\/p>\n\n\n\n<h4 class=\"wp-block-heading\">2. Asignaci\u00f3n de fondos<\/h4>\n\n\n\n<p>Nos esforzamos por maximizar el impacto de cada contribuci\u00f3n. Por lo general, nuestros fondos se asignan de la siguiente manera:<\/p>\n\n\n\n<ul class=\"wp-block-list\">\n<li><strong>Servicios del programa:<\/strong> Apoyo directo a productos m\u00e9dicos, revisiones m\u00e9dicas y proyectos sanitarios comunitarios.<\/li>\n\n\n\n<li><strong>Respuesta de emergencia:<\/strong> Despliegue r\u00e1pido de recursos durante crisis sanitarias o cat\u00e1strofes.<\/li>\n\n\n\n<li><strong>Apoyo operativo:<\/strong> Gastos administrativos y de recaudaci\u00f3n de fondos esenciales que nos permiten mantener una organizaci\u00f3n segura y profesional.<\/li>\n<\/ul>\n\n\n\n<h4 class=\"wp-block-heading\">3. Informes y rendici\u00f3n de cuentas<\/h4>\n\n\n\n<p>Ofrecemos actualizaciones peri\u00f3dicas sobre nuestros proyectos a trav\u00e9s de nuestro <a href=\"https:\/\/phfoundation.net\/es\/blog\/\" target=\"_blank\" rel=\"noreferrer noopener\">Blog<\/a> e informes anuales de impacto. Estos informes detallan nuestra salud financiera, el n\u00famero de personas atendidas y los resultados espec\u00edficos de nuestras iniciativas sanitarias.<\/p>\n\n\n\n<h4 class=\"wp-block-heading\">4. Donaciones designadas<\/h4>\n\n\n\n<p>Si un donante especifica que su contribuci\u00f3n se destina a un proyecto concreto (por ejemplo, \u201cSalud infantil en Europa del Este\u201d), respetamos esa intenci\u00f3n. Si un proyecto se queda sin fondos o no puede completarse, redirigiremos los fondos a la necesidad urgente m\u00e1s similar, de acuerdo con nuestra <a href=\"https:\/\/phfoundation.net\/es\/donation-terms-conditions\/\" data-type=\"page\" data-id=\"19640\" target=\"_blank\" rel=\"noreferrer noopener\">Condiciones de donaci\u00f3n<\/a>.<\/p>\n\n\n\n<h4 class=\"wp-block-heading\">5. Auditor\u00edas externas<\/h4>\n\n\n\n<p>Para garantizar los m\u00e1s altos niveles de integridad financiera, nos sometemos peri\u00f3dicamente a revisiones internas y externas de nuestras pr\u00e1cticas financieras y del impacto de nuestros proyectos.<\/p>\n\n\n\n<p><\/p>","protected":false},"excerpt":{"rendered":"<p>Last Updated: January 6, 2026 1. Our Commitment to Transparency Protectiva Health Foundation believes that transparency is the foundation of trust. We are committed to ensuring that every donation is used effectively and ethically to fulfill our mission of making healthcare accessible to all. 2. Allocation of Funds We strive to maximize the impact of [&hellip;]<\/p>","protected":false},"author":1,"featured_media":0,"parent":0,"menu_order":0,"comment_status":"closed","ping_status":"closed","template":"template-homepage.php","meta":{"give_campaign_id":0,"footnotes":""},"class_list":["post-19648","page","type-page","status-publish","hentry"],"campaignId":"","jetpack_sharing_enabled":true,"_links":{"self":[{"href":"https:\/\/phfoundation.net\/es\/wp-json\/wp\/v2\/pages\/19648","targetHints":{"allow":["GET"]}}],"collection":[{"href":"https:\/\/phfoundation.net\/es\/wp-json\/wp\/v2\/pages"}],"about":[{"href":"https:\/\/phfoundation.net\/es\/wp-json\/wp\/v2\/types\/page"}],"author":[{"embeddable":true,"href":"https:\/\/phfoundation.net\/es\/wp-json\/wp\/v2\/users\/1"}],"replies":[{"embeddable":true,"href":"https:\/\/phfoundation.net\/es\/wp-json\/wp\/v2\/comments?post=19648"}],"version-history":[{"count":0,"href":"https:\/\/phfoundation.net\/es\/wp-json\/wp\/v2\/pages\/19648\/revisions"}],"wp:attachment":[{"href":"https:\/\/phfoundation.net\/es\/wp-json\/wp\/v2\/media?parent=19648"}],"curies":[{"name":"wp","href":"https:\/\/api.w.org\/{rel}","templated":true}]}}