{"id":19652,"date":"2026-01-06T17:44:37","date_gmt":"2026-01-06T17:44:37","guid":{"rendered":"https:\/\/phfoundation.net\/?page_id=19652"},"modified":"2026-01-06T20:00:50","modified_gmt":"2026-01-06T20:00:50","slug":"child-safeguarding-policy","status":"publish","type":"page","link":"https:\/\/phfoundation.net\/es\/child-safeguarding-policy\/","title":{"rendered":"Pol\u00edtica de protecci\u00f3n de la infancia"},"content":{"rendered":"<p><\/p>\n\n\n\n<p><strong>\u00daltima actualizaci\u00f3n:<\/strong> 6 de enero de 2026<\/p>\n\n\n\n<h4 class=\"wp-block-heading\">1. Nuestro compromiso<\/h4>\n\n\n\n<p>Protectiva Health Foundation se dedica a la seguridad y el bienestar de todos los ni\u00f1os que participan en nuestros programas o que se ven afectados por ellos. Tenemos una pol\u00edtica de tolerancia cero hacia cualquier forma de abuso, explotaci\u00f3n o negligencia infantil.<\/p>\n\n\n\n<h4 class=\"wp-block-heading\">2. Privacidad y protecci\u00f3n de datos de los menores<\/h4>\n\n\n\n<p>Tomamos precauciones adicionales cuando tratamos informaci\u00f3n relacionada con menores:<\/p>\n\n\n\n<ul class=\"wp-block-list\">\n<li>No recopilamos conscientemente datos personales de menores de 16 a\u00f1os sin el consentimiento expl\u00edcito de sus padres o tutores.<\/li>\n\n\n\n<li>Im\u00e1genes o historias de ni\u00f1os utilizadas en nuestro <a href=\"https:\/\/phfoundation.net\/es\/our-stories\/\" target=\"_blank\" rel=\"noreferrer noopener\">Nuestras historias<\/a> s\u00f3lo se publican con el consentimiento informado y de forma que se proteja la dignidad y la seguridad del ni\u00f1o.<\/li>\n<\/ul>\n\n\n\n<h4 class=\"wp-block-heading\">3. Programaci\u00f3n segura<\/h4>\n\n\n\n<p>Todos nuestros proyectos y asociaciones sobre el terreno se examinan para garantizar que cumplen las normas internacionales de protecci\u00f3n de la infancia. Nuestro personal y nuestros voluntarios deben seguir un estricto c\u00f3digo de conducta cuando interact\u00faan con ni\u00f1os.<\/p>\n\n\n\n<h4 class=\"wp-block-heading\">4. Informar de preocupaciones<\/h4>\n\n\n\n<p>Si tiene alguna duda sobre la seguridad de un ni\u00f1o en relaci\u00f3n con nuestro trabajo, notif\u00edquelo inmediatamente a trav\u00e9s de nuestra p\u00e1gina web <a href=\"https:\/\/phfoundation.net\/es\/contact-complaints\/\" data-type=\"page\" data-id=\"19660\" target=\"_blank\" rel=\"noreferrer noopener\">Contacto y reclamaciones<\/a> o por correo electr\u00f3nico <a href=\"mailto:safeguarding@phfoundation.net\" target=\"_blank\" rel=\"noreferrer noopener\">safeguarding@phfoundation.net<\/a>. Todos los informes se tratan con la m\u00e1xima confidencialidad y urgencia.<\/p>\n\n\n\n<p><\/p>","protected":false},"excerpt":{"rendered":"<p>\u00daltima actualizaci\u00f3n: 6 de enero de 2026 1. Nuestro compromiso La Fundaci\u00f3n Protectiva Health est\u00e1 dedicada a la seguridad y el bienestar de todos los ni\u00f1os que participan en nuestros programas o se ven afectados por ellos. Tenemos una pol\u00edtica de tolerancia cero hacia cualquier forma de abuso, explotaci\u00f3n o negligencia infantil. 2. Privacidad y protecci\u00f3n de datos de los ni\u00f1os Tomamos precauciones adicionales al manejar [...]<\/p>","protected":false},"author":1,"featured_media":0,"parent":0,"menu_order":0,"comment_status":"closed","ping_status":"closed","template":"template-homepage.php","meta":{"give_campaign_id":0,"footnotes":""},"class_list":["post-19652","page","type-page","status-publish","hentry"],"campaignId":"","jetpack_sharing_enabled":true,"_links":{"self":[{"href":"https:\/\/phfoundation.net\/es\/wp-json\/wp\/v2\/pages\/19652","targetHints":{"allow":["GET"]}}],"collection":[{"href":"https:\/\/phfoundation.net\/es\/wp-json\/wp\/v2\/pages"}],"about":[{"href":"https:\/\/phfoundation.net\/es\/wp-json\/wp\/v2\/types\/page"}],"author":[{"embeddable":true,"href":"https:\/\/phfoundation.net\/es\/wp-json\/wp\/v2\/users\/1"}],"replies":[{"embeddable":true,"href":"https:\/\/phfoundation.net\/es\/wp-json\/wp\/v2\/comments?post=19652"}],"version-history":[{"count":0,"href":"https:\/\/phfoundation.net\/es\/wp-json\/wp\/v2\/pages\/19652\/revisions"}],"wp:attachment":[{"href":"https:\/\/phfoundation.net\/es\/wp-json\/wp\/v2\/media?parent=19652"}],"curies":[{"name":"wp","href":"https:\/\/api.w.org\/{rel}","templated":true}]}}