{"id":19654,"date":"2026-01-06T17:45:04","date_gmt":"2026-01-06T17:45:04","guid":{"rendered":"https:\/\/phfoundation.net\/?page_id=19654"},"modified":"2026-01-06T20:02:02","modified_gmt":"2026-01-06T20:02:02","slug":"anti-fraud-ethics-policy","status":"publish","type":"page","link":"https:\/\/phfoundation.net\/es\/anti-fraud-ethics-policy\/","title":{"rendered":"Pol\u00edtica antifraude y \u00e9tica"},"content":{"rendered":"<p><\/p>\n\n\n\n<p><strong>\u00daltima actualizaci\u00f3n:<\/strong> 6 de enero de 2026<\/p>\n\n\n\n<h4 class=\"wp-block-heading\">1. Normas \u00e9ticas<\/h4>\n\n\n\n<p>La Fundaci\u00f3n Protectiva para la Salud opera con los m\u00e1s altos est\u00e1ndares de integridad, honestidad y equidad. Tenemos tolerancia cero con el soborno, la corrupci\u00f3n, el blanqueo de dinero o cualquier forma de actividad fraudulenta.<\/p>\n\n\n\n<h4 class=\"wp-block-heading\">2. Prevenci\u00f3n del fraude<\/h4>\n\n\n\n<p>Aplicamos estrictos controles internos para proteger nuestros recursos y las donaciones que se nos conf\u00edan. Esto incluye:<\/p>\n\n\n\n<ul class=\"wp-block-list\">\n<li>Control regular de las transacciones financieras.<\/li>\n\n\n\n<li>Diligencia debida sobre todos los socios, proveedores y principales donantes.<\/li>\n\n\n\n<li>Procesamiento seguro de pagos a trav\u00e9s de socios regulados (consulte nuestra <a href=\"https:\/\/phfoundation.net\/es\/payment-security-methods\/\" data-type=\"page\" data-id=\"19644\" target=\"_blank\" rel=\"noreferrer noopener\">Seguridad y m\u00e9todos de pago<\/a>).<\/li>\n<\/ul>\n\n\n\n<h4 class=\"wp-block-heading\">3. 3. Conflicto de intereses<\/h4>\n\n\n\n<p>Nuestro personal, los miembros del patronato y los voluntarios est\u00e1n obligados a revelar cualquier posible conflicto de intereses para garantizar que todas las decisiones se tomen exclusivamente en el mejor inter\u00e9s de la Fundaci\u00f3n y de las comunidades a las que servimos.<\/p>\n\n\n\n<h4 class=\"wp-block-heading\">4. Notificaci\u00f3n de conductas indebidas<\/h4>\n\n\n\n<p>Animamos a todo aquel que sospeche de un comportamiento fraudulento o poco \u00e9tico a que lo denuncie inmediatamente. Las denuncias pueden realizarse de forma an\u00f3nima a trav\u00e9s de nuestro <a href=\"https:\/\/phfoundation.net\/es\/contact-complaints\/\" data-type=\"page\" data-id=\"19660\" target=\"_blank\" rel=\"noreferrer noopener\">Contacto y reclamaciones<\/a> o enviando un correo electr\u00f3nico a <a href=\"mailto:ethics@phfoundation.net\" target=\"_blank\" rel=\"noreferrer noopener\">ethics@phfoundation.net<\/a>.<\/p>","protected":false},"excerpt":{"rendered":"<p>\u00daltima actualizaci\u00f3n: 6 de enero de 2026 La Fundaci\u00f3n Protectiva para la Salud opera con los m\u00e1s altos est\u00e1ndares de integridad, honestidad y justicia. Tenemos tolerancia cero con el soborno, la corrupci\u00f3n, el lavado de dinero o cualquier forma de actividad fraudulenta. 2. Prevenci\u00f3n del fraude Implementamos estrictos controles internos para proteger nuestros recursos y las donaciones que se nos conf\u00edan. Esto [...]<\/p>","protected":false},"author":1,"featured_media":0,"parent":0,"menu_order":0,"comment_status":"closed","ping_status":"closed","template":"template-homepage.php","meta":{"give_campaign_id":0,"footnotes":""},"class_list":["post-19654","page","type-page","status-publish","hentry"],"campaignId":"","jetpack_sharing_enabled":true,"_links":{"self":[{"href":"https:\/\/phfoundation.net\/es\/wp-json\/wp\/v2\/pages\/19654","targetHints":{"allow":["GET"]}}],"collection":[{"href":"https:\/\/phfoundation.net\/es\/wp-json\/wp\/v2\/pages"}],"about":[{"href":"https:\/\/phfoundation.net\/es\/wp-json\/wp\/v2\/types\/page"}],"author":[{"embeddable":true,"href":"https:\/\/phfoundation.net\/es\/wp-json\/wp\/v2\/users\/1"}],"replies":[{"embeddable":true,"href":"https:\/\/phfoundation.net\/es\/wp-json\/wp\/v2\/comments?post=19654"}],"version-history":[{"count":0,"href":"https:\/\/phfoundation.net\/es\/wp-json\/wp\/v2\/pages\/19654\/revisions"}],"wp:attachment":[{"href":"https:\/\/phfoundation.net\/es\/wp-json\/wp\/v2\/media?parent=19654"}],"curies":[{"name":"wp","href":"https:\/\/api.w.org\/{rel}","templated":true}]}}