{"id":19656,"date":"2026-01-06T17:45:27","date_gmt":"2026-01-06T17:45:27","guid":{"rendered":"https:\/\/phfoundation.net\/?page_id=19656"},"modified":"2026-01-06T18:29:45","modified_gmt":"2026-01-06T18:29:45","slug":"medical-disclaimer","status":"publish","type":"page","link":"https:\/\/phfoundation.net\/es\/medical-disclaimer\/","title":{"rendered":"Descargo de responsabilidad m\u00e9dica"},"content":{"rendered":"<p><\/p>\n\n\n\n<p><strong>\u00daltima actualizaci\u00f3n:<\/strong> 6 de enero de 2026<\/p>\n\n\n\n<h4 class=\"wp-block-heading\">1. S\u00f3lo con fines informativos<\/h4>\n\n\n\n<p>El contenido del sitio web de la Fundaci\u00f3n Protectiva para la Salud, incluidos textos, gr\u00e1ficos, im\u00e1genes y entradas de blog, se proporciona \u00fanicamente con fines informativos y educativos generales.<\/p>\n\n\n\n<h4 class=\"wp-block-heading\">2. No es un consejo m\u00e9dico<\/h4>\n\n\n\n<p>La informaci\u00f3n facilitada es <strong>no<\/strong> no pretende sustituir el consejo, diagn\u00f3stico o tratamiento m\u00e9dico profesional. Consulte siempre a su m\u00e9dico u otro profesional sanitario cualificado si tiene alguna duda sobre su estado de salud.<\/p>\n\n\n\n<h4 class=\"wp-block-heading\">3. No existe relaci\u00f3n m\u00e9dico-paciente<\/h4>\n\n\n\n<p>El uso de este sitio web o la comunicaci\u00f3n con nosotros por correo electr\u00f3nico no crean una relaci\u00f3n m\u00e9dico-paciente. Nunca desestime el consejo m\u00e9dico profesional ni se demore en buscarlo por algo que haya le\u00eddo en este sitio web.<\/p>\n\n\n\n<h4 class=\"wp-block-heading\">4. Exactitud de la informaci\u00f3n<\/h4>\n\n\n\n<p>Aunque nos esforzamos por proporcionar informaci\u00f3n sanitaria precisa y actualizada, los conocimientos m\u00e9dicos evolucionan constantemente. La Fundaci\u00f3n Protectiva para la Salud no se hace responsable de la exactitud de la informaci\u00f3n contenida en este sitio web o disponible a trav\u00e9s de \u00e9l.<\/p>","protected":false},"excerpt":{"rendered":"<p>\u00daltima actualizaci\u00f3n: 6 de enero de 2026 \u00danicamente con fines informativos El contenido del sitio web de la Fundaci\u00f3n Protectiva para la Salud, incluidos textos, gr\u00e1ficos, im\u00e1genes y entradas de blog, se proporciona \u00fanicamente con fines informativos y educativos generales. 2. La informaci\u00f3n proporcionada no pretende sustituir el consejo, diagn\u00f3stico o tratamiento m\u00e9dico profesional. [...]<\/p>","protected":false},"author":1,"featured_media":0,"parent":0,"menu_order":0,"comment_status":"closed","ping_status":"closed","template":"template-homepage.php","meta":{"give_campaign_id":0,"footnotes":""},"class_list":["post-19656","page","type-page","status-publish","hentry"],"campaignId":"","jetpack_sharing_enabled":true,"_links":{"self":[{"href":"https:\/\/phfoundation.net\/es\/wp-json\/wp\/v2\/pages\/19656","targetHints":{"allow":["GET"]}}],"collection":[{"href":"https:\/\/phfoundation.net\/es\/wp-json\/wp\/v2\/pages"}],"about":[{"href":"https:\/\/phfoundation.net\/es\/wp-json\/wp\/v2\/types\/page"}],"author":[{"embeddable":true,"href":"https:\/\/phfoundation.net\/es\/wp-json\/wp\/v2\/users\/1"}],"replies":[{"embeddable":true,"href":"https:\/\/phfoundation.net\/es\/wp-json\/wp\/v2\/comments?post=19656"}],"version-history":[{"count":0,"href":"https:\/\/phfoundation.net\/es\/wp-json\/wp\/v2\/pages\/19656\/revisions"}],"wp:attachment":[{"href":"https:\/\/phfoundation.net\/es\/wp-json\/wp\/v2\/media?parent=19656"}],"curies":[{"name":"wp","href":"https:\/\/api.w.org\/{rel}","templated":true}]}}