{"id":19658,"date":"2026-01-06T17:46:02","date_gmt":"2026-01-06T17:46:02","guid":{"rendered":"https:\/\/phfoundation.net\/?page_id=19658"},"modified":"2026-01-06T18:10:31","modified_gmt":"2026-01-06T18:10:31","slug":"sanctions-compliance-notice","status":"publish","type":"page","link":"https:\/\/phfoundation.net\/es\/sanctions-compliance-notice\/","title":{"rendered":"Sanciones y notificaci\u00f3n de cumplimiento"},"content":{"rendered":"<p><\/p>\n\n\n\n<p><strong>\u00daltima actualizaci\u00f3n:<\/strong> 6 de enero de 2026<\/p>\n\n\n\n<h4 class=\"wp-block-heading\">1. Cumplimiento del Derecho internacional<\/h4>\n\n\n\n<p>La Fundaci\u00f3n Protectiva para la Salud opera en estricta conformidad con las leyes y reglamentos internacionales, incluidos los relacionados con la lucha contra el blanqueo de capitales (AML) y la lucha contra la financiaci\u00f3n del terrorismo (CFT).<\/p>\n\n\n\n<h4 class=\"wp-block-heading\">2. Regiones e individuos sancionados<\/h4>\n\n\n\n<p>No aceptamos donaciones ni prestamos servicios a personas o entidades que figuren en listas de sanciones internacionales (como las publicadas por la ONU, la UE o la OFAC estadounidense). No operamos en regiones sujetas a embargos internacionales generales que proh\u00edben la interacci\u00f3n humanitaria o financiera.<\/p>\n\n\n\n<h4 class=\"wp-block-heading\">3. Selecci\u00f3n de donantes<\/h4>\n\n\n\n<p>Para garantizar el cumplimiento de las normas, es posible que realicemos una comprobaci\u00f3n automatizada de los nombres de los donantes con las listas mundiales de sanciones. Al hacer una donaci\u00f3n, usted declara que no es una persona o entidad sancionada.<\/p>\n\n\n\n<h4 class=\"wp-block-heading\">4. Transparencia y cooperaci\u00f3n<\/h4>\n\n\n\n<p>Cooperamos plenamente con las instituciones financieras y las autoridades reguladoras para garantizar que nuestras operaciones en todo el mundo sigan siendo transparentes y conformes a la ley.<\/p>","protected":false},"excerpt":{"rendered":"<p>\u00daltima actualizaci\u00f3n: 6 de enero de 2026 1. Cumplimiento del Derecho Internacional La Fundaci\u00f3n Protectiva para la Salud opera en estricto apego a las leyes y regulaciones internacionales, incluyendo aquellas relacionadas con la lucha contra el lavado de dinero (ALD) y la lucha contra el financiamiento del terrorismo (CFT). 2. Regiones y personas sancionadas No aceptamos donaciones ni prestamos servicios a personas o entidades incluidas en la lista [...]<\/p>","protected":false},"author":1,"featured_media":0,"parent":0,"menu_order":0,"comment_status":"closed","ping_status":"closed","template":"template-homepage.php","meta":{"give_campaign_id":0,"footnotes":""},"class_list":["post-19658","page","type-page","status-publish","hentry"],"campaignId":"","jetpack_sharing_enabled":true,"_links":{"self":[{"href":"https:\/\/phfoundation.net\/es\/wp-json\/wp\/v2\/pages\/19658","targetHints":{"allow":["GET"]}}],"collection":[{"href":"https:\/\/phfoundation.net\/es\/wp-json\/wp\/v2\/pages"}],"about":[{"href":"https:\/\/phfoundation.net\/es\/wp-json\/wp\/v2\/types\/page"}],"author":[{"embeddable":true,"href":"https:\/\/phfoundation.net\/es\/wp-json\/wp\/v2\/users\/1"}],"replies":[{"embeddable":true,"href":"https:\/\/phfoundation.net\/es\/wp-json\/wp\/v2\/comments?post=19658"}],"version-history":[{"count":0,"href":"https:\/\/phfoundation.net\/es\/wp-json\/wp\/v2\/pages\/19658\/revisions"}],"wp:attachment":[{"href":"https:\/\/phfoundation.net\/es\/wp-json\/wp\/v2\/media?parent=19658"}],"curies":[{"name":"wp","href":"https:\/\/api.w.org\/{rel}","templated":true}]}}