{"id":13349,"date":"2021-06-03T08:46:04","date_gmt":"2021-06-03T08:46:04","guid":{"rendered":"https:\/\/demo2wpopal.b-cdn.net\/humani\/?page_id=13349"},"modified":"2026-01-10T15:57:56","modified_gmt":"2026-01-10T15:57:56","slug":"donate","status":"publish","type":"page","link":"https:\/\/phfoundation.net\/fr\/donate\/","title":{"rendered":"Faire un don"},"content":{"rendered":"<div data-elementor-type=\"wp-page\" data-elementor-id=\"13349\" class=\"elementor elementor-13349\">\n\t\t\t\t\t\t<div class=\"elementor-section elementor-top-section elementor-element elementor-element-63b1854 elementor-section-boxed elementor-section-height-default elementor-section-height-default\" data-id=\"63b1854\" data-element_type=\"section\">\n\t\t\t\t\t\t<div class=\"elementor-container elementor-column-gap-no\">\n\t\t\t\t\t<div class=\"elementor-column elementor-col-100 elementor-top-column elementor-element elementor-element-00a9cf2\" data-id=\"00a9cf2\" data-element_type=\"column\">\n\t\t\t<div class=\"elementor-widget-wrap elementor-element-populated\">\n\t\t\t\t\t\t<div class=\"elementor-element elementor-element-68eafe6 elementor-widget elementor-widget-text-editor\" data-id=\"68eafe6\" data-element_type=\"widget\" data-widget_type=\"text-editor.default\">\n\t\t\t\t\t\t\t\t\t<h4><strong>Votre soutien nous aide \u00e0 fournir des soins de sant\u00e9 et des produits m\u00e9dicaux essentiels aux personnes qui en ont le plus besoin.<\/strong><\/h4>\t\t\t\t\t\t\t\t<\/div>\n\t\t\t\t<div class=\"elementor-element elementor-element-66f7c49 elementor-widget elementor-widget-text-editor\" data-id=\"66f7c49\" data-element_type=\"widget\" data-widget_type=\"text-editor.default\">\n\t\t\t\t\t\t\t\t\t<p class=\"first:mt-1.5!\"><strong>Fondation Protectiva pour la sant\u00e9<\/strong> s'efforce d'am\u00e9liorer l'acc\u00e8s aux services de sant\u00e9 de base et aux produits m\u00e9dicaux, en particulier dans les r\u00e9gions o\u00f9 des maladies simples et \u00e9vitables peuvent encore \u00eatre fatales. En faisant un don, vous nous aidez \u00e0 fournir des d\u00e9pistages, des vaccinations, des fournitures m\u00e9dicales st\u00e9riles, des projets d'assainissement de l'eau et un soutien social aux familles vuln\u00e9rables, en particulier aux enfants et aux femmes. Chaque contribution, petite ou grande, transforme la solidarit\u00e9 en action concr\u00e8te.<\/p><p class=\"first:mt-1.5!\">Nous sommes une fondation jeune mais en pleine expansion. Votre don nous permet de lancer de nouveaux programmes de sant\u00e9, de soutenir les cliniques et les h\u00f4pitaux locaux et de r\u00e9pondre rapidement aux besoins urgents. Ensemble, nous pouvons faire en sorte qu'aucune vie ne soit perdue simplement parce que les soins m\u00e9dicaux de base sont hors de port\u00e9e.<\/p>\t\t\t\t\t\t\t\t<\/div>\n\t\t\t\t<div class=\"elementor-element elementor-element-b0a27fa elementor-widget__width-initial elementor-widget elementor-widget-humani-give-form\" data-id=\"b0a27fa\" data-element_type=\"widget\" data-widget_type=\"humani-give-form.default\">\n\t\t\t\t<div class=\"elementor-widget-container\">\n\t\t\t\t\t\t<div id=\"give-form-25-wrap\" class=\"give-form-wrap give-display-onpage\">\n\t\t\t\t\t<form id=\"give-form-25-1\" class=\"give-form give-form-25 give-form-type-multi\" action=\"https:\/\/phfoundation.net\/fr\/wp-json\/wp\/v2\/pages\/13349\/?payment-mode=paypal-commerce&#038;form-id=25\" data-id=\"25-1\" data-currency_symbol=\"&#122;&#322;\" data-currency_code=\"PLN\" data-currency_position=\"before\" data-thousands_separator=\" \" data-decimal_separator=\",\" data-number_decimals=\"2\" method=\"post\" data-trp-original-action=\"https:\/\/phfoundation.net\/fr\/wp-json\/wp\/v2\/pages\/13349\/?payment-mode=paypal-commerce&form-id=25\">\n\t\t\t\t<!-- The following field is for robots only, invisible to humans: -->\n\t\t\t\t<span class=\"give-hidden\" style=\"display: none !important;\">\n\t\t\t\t\t<label for=\"give-form-honeypot-25\"><\/label>\n\t\t\t\t\t<input id=\"give-form-honeypot-25\" type=\"text\" name=\"give-honeypot\"\n\t\t\t\t\t\t   class=\"give-honeypot give-hidden\"\/>\n\t\t\t\t<\/span>\n\n\t\t\t\t\t<input type=\"hidden\" name=\"give-form-id-prefix\" value=\"25-1\"\/>\n\t<input type=\"hidden\" name=\"give-form-id\" value=\"25\"\/>\n\t<input type=\"hidden\" name=\"give-form-title\" value=\"Bose &amp; HGS Children&#039;s Sponsorship\"\/>\n\t<input type=\"hidden\" name=\"give-current-url\" value=\"https:\/\/phfoundation.net\/fr\/wp-json\/wp\/v2\/pages\/13349\/\"\/>\n\t<input type=\"hidden\" name=\"give-form-url\" value=\"https:\/\/phfoundation.net\/fr\/wp-json\/wp\/v2\/pages\/13349\/\"\/>\n\t\t\t<input type=\"hidden\" name=\"give-form-minimum\"\n\t\t\t   value=\"\"\/>\n\t\t<input type=\"hidden\" name=\"give-form-maximum\"\n\t\t\t   value=\"999999.99\"\/>\n\t\t<input type=\"hidden\"  name=\"give-form-hash\" value=\"585bf55922\" data-time=\"1777797384\" data-nonce-life=\"86400\" data-donor-session=\"0\"\/><input type=\"hidden\" name=\"give-price-id\" value=\"3\"\/>\t\t<div class=\"give-total-wrap\">\n\t\t\t<div class=\"give-donation-amount form-row-wide\">\n\t\t\t\t<span class=\"give-currency-symbol give-currency-position-before\">z\u0142<\/span>\t\t\t\t<label class=\"give-hidden\" for=\"give-amount\">Montant du don :<\/label>\n\t\t\t\t<input class=\"give-text-input give-amount-top\" id=\"give-amount\" name=\"give-amount\" type=\"text\" inputmode=\"decimal\"\n\t\t\t\t\t   placeholder=\"\" value=\"100,00\" autocomplete=\"off\">\n\t\t\t\t\t\t\t<\/div>\n\t\t<\/div>\n\t\t<ul id=\"give-donation-level-button-wrap\" class=\"give-donation-levels-wrap give-list-inline\"><li><button type=\"button\" data-price-id=\"0\" class=\"give-donation-level-btn give-btn give-btn-level-0\" value=\"10,00\" data-default=\"0\">z\u014210,00<\/button><\/li><li><button type=\"button\" data-price-id=\"1\" class=\"give-donation-level-btn give-btn give-btn-level-1\" value=\"25,00\" data-default=\"0\">z\u014225,00<\/button><\/li><li><button type=\"button\" data-price-id=\"2\" class=\"give-donation-level-btn give-btn give-btn-level-2\" value=\"50,00\" data-default=\"0\">z\u014250,00<\/button><\/li><li><button type=\"button\" data-price-id=\"3\" class=\"give-donation-level-btn give-btn give-btn-level-3 give-default-level\" value=\"100,00\" data-default=\"1\">z\u0142100,00<\/button><\/li><li><button type=\"button\" data-price-id=\"5\" class=\"give-donation-level-btn give-btn give-btn-level-5\" value=\"250,00\" data-default=\"0\">z\u0142250,00<\/button><\/li><li><button type=\"button\" data-price-id=\"custom\" class=\"give-donation-level-btn give-btn give-btn-level-custom\" value=\"custom\">Montant personnalis\u00e9<\/button><\/li><\/ul>\n\t<fieldset id=\"give-payment-mode-select\" style=\"display: none;\">\n\t\t\t\t<legend\n\t\t\tclass=\"give-payment-mode-label\">S\u00e9lectionnez un moyen de paiement\t\t\t<span class=\"give-loading-text\"><span\n\t\t\t\t\tclass=\"give-loading-animation\"><\/span>\n\t\t\t<\/span>\n\t\t<\/legend>\n\n\t\t<div id=\"give-payment-mode-wrap\">\n\t\t\t\t\t\t<ul id=\"give-gateway-radio-list\">\n\t\t\t\t\t\t\t\t\t\t<li class=\"give-gateway-option-selected\">\n\t\t\t\t\t\t\t<input type=\"radio\" name=\"payment-mode\" class=\"give-gateway\"\n\t\t\t\t\t\t\t\t   id=\"give-gateway-paypal-commerce-25-1\"\n\t\t\t\t\t\t\t\t   value=\"paypal-commerce\" checked='checked'>\n\t\t\t\t\t\t\t<label for=\"give-gateway-paypal-commerce-25-1\"\n\t\t\t\t\t\t\t\t   class=\"give-gateway-option\"\n\t\t\t\t\t\t\t\t   id=\"give-gateway-option-paypal-commerce\"> Dons par PayPal<\/label>\n\t\t\t\t\t\t<\/li>\n\t\t\t\t\t\t\t\t\t<\/ul>\n\t\t\t\t\t<\/div>\n\t\t\t<\/fieldset>\n\n\t\n\t<div id=\"give_purchase_form_wrap\">\n\n\t\t\t<fieldset id=\"give_checkout_user_info\" class=\"\">\n\t\t<legend>\n\t\t\tInformations personnelles\t\t<\/legend>\n\n\t\t\n        <p id=\"give-first-name-wrap\" class=\"form-row form-row-first form-row-responsive\">\n            <label class=\"give-label\" for=\"give-first\">\n                Pr\u00e9nom                                    <span class=\"give-required-indicator\">*<\/span>\n                                <span class=\"give-tooltip hint--top hint--medium hint--bounce\" aria-label=\"Le pr\u00e9nom est utilis\u00e9 pour personnaliser votre don.\" rel=\"tooltip\"><i class=\"give-icon give-icon-question\"><\/i><\/span>            <\/label>\n            <input\n                class=\"give-input required\"\n                type=\"text\"\n                name=\"give_first\"\n                autocomplete=\"given-name\"\n                placeholder=\"Pr\u00e9nom\"\n                id=\"give-first\"\n                value=\"\"\n                 required aria-required=\"true\"             \/>\n        <\/p>\n\n        <p id=\"give-last-name-wrap\" class=\"form-row form-row-last form-row-responsive\">\n            <label class=\"give-label\" for=\"give-last\">\n                Nom                                <span class=\"give-tooltip hint--top hint--medium hint--bounce\" aria-label=\"Le nom est utilis\u00e9 pour personnaliser votre don.\" rel=\"tooltip\"><i class=\"give-icon give-icon-question\"><\/i><\/span>            <\/label>\n\n            <input\n                class=\"give-input\"\n                type=\"text\"\n                name=\"give_last\"\n                autocomplete=\"family-name\"\n                id=\"give-last\"\n                placeholder=\"Nom\"\n                value=\"\"\n                            \/>\n        <\/p>\n\n        \n                <p id=\"give-email-wrap\" class=\"form-row form-row-wide\">\n            <label class=\"give-label\" for=\"give-email\">\n                Adresse e-mail                                    <span class=\"give-required-indicator\">*<\/span>\n                                    <span class=\"give-tooltip hint--top hint--medium hint--bounce\" aria-label=\"Le re\u00e7u de don sera envoy\u00e9 \u00e0 cette adresse.\" rel=\"tooltip\"><i class=\"give-icon give-icon-question\"><\/i><\/span>            <\/label>\n            <input\n                class=\"give-input required\"\n                type=\"email\"\n                name=\"give_email\"\n                autocomplete=\"email\"\n                placeholder=\"Adresse e-mail\"\n                id=\"give-email\"\n                value=\"\"\n                 required aria-required=\"true\"             \/>\n\n        <\/p>\n\n        \n\t\t\t\t\t<\/fieldset>\n\t\t<fieldset id=\"give_cc_fields-25\" class=\"give-do-validate\">\n\t\t<legend>Information de carte bancaire<\/legend>\n\t\t\t\t\t<div id=\"give_secure_site_wrapper-25\">\n\t\t\t\t<span class=\"give-icon padlock\"><\/span>\n\t\t\t\t<span>Paiement s\u00e9curis\u00e9 par SSL.<\/span>\n\t\t\t<\/div>\n\t\t\t\t<p id=\"give-card-number-wrap-25\" class=\"form-row form-row-two-thirds form-row-responsive\">\n\t\t\t<label for=\"card_number-25\" class=\"give-label\">\n\t\t\t\tNum\u00e9ro de la carte\t\t\t\t<span class=\"give-required-indicator\">*<\/span>\n\t\t\t\t<span class=\"give-tooltip hint--top hint--bounce\" aria-label=\"Les 16 chiffres de votre carte bancaire.\" rel=\"tooltip\"><i class=\"give-icon give-icon-question\"><\/i><\/span>\t\t\t\t<span class=\"card-type\"><\/span>\n\t\t\t<\/label>\n\n\t\t\t<input type=\"tel\" autocomplete=\"off\" name=\"card_number\" id=\"card_number-25\"\n\t\t\t\t   class=\"card-number give-input required\" placeholder=\"Num\u00e9ro de la carte\"\n\t\t\t\t   required aria-required=\"true\"\/>\n\t\t<\/p>\n\n\t\t<p id=\"give-card-cvc-wrap-25\" class=\"form-row form-row-one-third form-row-responsive\">\n\t\t\t<label for=\"card_cvc-25\" class=\"give-label\">\n\t\t\t\tCVC\t\t\t\t<span class=\"give-required-indicator\">*<\/span>\n\t\t\t\t<span class=\"give-tooltip hint--top hint--medium hint--bounce\" aria-label=\"Les 3 (au verso) ou 4 ( au recto) chiffres sur votre carte.\" rel=\"tooltip\"><i class=\"give-icon give-icon-question\"><\/i><\/span>\t\t\t<\/label>\n\n\t\t\t<input type=\"tel\" size=\"4\" autocomplete=\"off\" name=\"card_cvc\" id=\"card_cvc-25\"\n\t\t\t\t   class=\"card-cvc give-input required\" placeholder=\"CVC\"\n\t\t\t\t   required aria-required=\"true\"\/>\n\t\t<\/p>\n\n\t\t<p id=\"give-card-name-wrap-25\" class=\"form-row form-row-two-thirds form-row-responsive\">\n\t\t\t<label for=\"card_name-25\" class=\"give-label\">\n\t\t\t\tNom du propri\u00e9taire\t\t\t\t<span class=\"give-required-indicator\">*<\/span>\n\t\t\t\t<span class=\"give-tooltip hint--top hint--medium hint--bounce\" aria-label=\"Le nom du porteur de la carte de paiement\" rel=\"tooltip\"><i class=\"give-icon give-icon-question\"><\/i><\/span>\t\t\t<\/label>\n\n\t\t\t<input type=\"text\" autocomplete=\"off\" name=\"card_name\" id=\"card_name-25\"\n\t\t\t\t   class=\"card-name give-input required\" placeholder=\"Nom du propri\u00e9taire\"\n\t\t\t\t   required aria-required=\"true\"\/>\n\t\t<\/p>\n\t\t\t\t<p class=\"card-expiration form-row form-row-one-third form-row-responsive\">\n\t\t\t<label for=\"card_expiry-25\" class=\"give-label\">\n\t\t\t\tDate d'expiration\t\t\t\t<span class=\"give-required-indicator\">*<\/span>\n\t\t\t\t<span class=\"give-tooltip hint--top hint--large hint--bounce\" aria-label=\"Date d&#039;expiration de votre carte de cr\u00e9dit, g\u00e9n\u00e9ralement sur le devant de la carte.\" rel=\"tooltip\"><i class=\"give-icon give-icon-question\"><\/i><\/span>\t\t\t<\/label>\n\n\t\t\t<input type=\"hidden\" id=\"card_exp_month-25\" name=\"card_exp_month\"\n\t\t\t\t   class=\"card-expiry-month\"\/>\n\t\t\t<input type=\"hidden\" id=\"card_exp_year-25\" name=\"card_exp_year\"\n\t\t\t\t   class=\"card-expiry-year\"\/>\n\n\t\t\t<input type=\"tel\" autocomplete=\"off\" name=\"card_expiry\" id=\"card_expiry-25\"\n\t\t\t\t   class=\"card-expiry give-input required\" placeholder=\"MM \/ AA\"\n\t\t\t\t   required aria-required=\"true\"\/>\n\t\t<\/p>\n\t\t\t<\/fieldset>\n\t\t<fieldset id=\"give_terms_agreement\">\n\t\t<legend>Termes<\/legend>\n\t\t<div id=\"give_terms\" class=\"give_terms-25\" style=\"display:none;\">\n\t\t\t<p>L'acceptation d'une contribution, d'un don ou d'une subvention est laiss\u00e9e \u00e0 la discr\u00e9tion de la Fondation Protectiva Health (\" Protectiva \"). Protectiva n'acceptera aucun don s'il ne peut \u00eatre utilis\u00e9 ou d\u00e9pens\u00e9 conform\u00e9ment \u00e0 l'objectif et \u00e0 la mission de Protectiva.<\/p>\n<p>Aucune donation irr\u00e9vocable, qu'il s'agisse d'une donation pure et simple ou d'une donation \u00e0 vie, ne sera accept\u00e9e si, dans des circonstances raisonnables, elle risque de mettre en p\u00e9ril la s\u00e9curit\u00e9 financi\u00e8re du donateur.<\/p>\n<p>Protectiva s'abstiendra de fournir des conseils sur le traitement fiscal ou autre des dons et encouragera les donateurs \u00e0 demander conseil \u00e0 leurs propres conseillers professionnels pour les aider \u00e0 faire leur don.<\/p>\n<p>Protectiva accepte les dons en esp\u00e8ces ou en titres cot\u00e9s en bourse. Les dons de services en nature seront accept\u00e9s \u00e0 la discr\u00e9tion de Protectiva.<\/p>\n<p>Certains autres dons, biens immobiliers, biens personnels, dons en nature, titres non liquides et contributions dont les sources ne sont pas transparentes ou dont l'utilisation est restreinte d'une mani\u00e8re ou d'une autre, doivent \u00eatre examin\u00e9s avant d'\u00eatre accept\u00e9s en raison des obligations sp\u00e9ciales qu'ils entra\u00eenent ou des responsabilit\u00e9s qu'ils peuvent repr\u00e9senter pour Protectiva.<\/p>\n<p>Protectiva fournira aux donateurs des reconnaissances r\u00e9pondant aux exigences l\u00e9gales et fiscales applicables pour les biens re\u00e7us par Protectiva en tant que don. Toutefois, \u00e0 l'exception des dons en esp\u00e8ces et des titres cot\u00e9s en bourse, aucune valeur ne sera attribu\u00e9e \u00e0 un re\u00e7u ou \u00e0 toute autre forme de justification d'un don re\u00e7u par Protectiva.<\/p>\n<p>Protectiva respectera l'intention du donateur en ce qui concerne les dons \u00e0 des fins restreintes et le d\u00e9sir de rester anonyme. En ce qui concerne les dons anonymes, Protectiva limitera les informations sur le donateur aux seuls membres du personnel qui ont besoin de les conna\u00eetre.<\/p>\n<p>Protectiva ne r\u00e9mun\u00e9rera pas, par le biais de commissions, d'honoraires d'interm\u00e9diation ou d'autres moyens, un tiers pour avoir orient\u00e9 un don ou un donateur vers Protectiva.<\/p>\n\t\t<\/div>\n\t\t<div id=\"give_show_terms\">\n\t\t\t<a href=\"#\" class=\"give_terms_links give_terms_links-25\" role=\"button\"\n\t\t\t   aria-controls=\"give_terms\">Montrer les termes<\/a>\n\t\t\t<a href=\"#\" class=\"give_terms_links give_terms_links-25\" role=\"button\"\n\t\t\t   aria-controls=\"give_terms\" style=\"display:none;\">Masquer les termes<\/a>\n\t\t<\/div>\n\n\t\t<input name=\"give_agree_to_terms\" class=\"required\" type=\"checkbox\"\n\t\t\t   id=\"give_agree_to_terms-25\" value=\"1\" required aria-required=\"true\"\/>\n\t\t<label for=\"give_agree_to_terms-25\">Accepter les conditions ?<\/label>\n\n\t<\/fieldset>\n\t\t<fieldset id=\"give_purchase_submit\" class=\"give-donation-submit\">\n\t\t\t<p id=\"give-final-total-wrap\" class=\"form-wrap\">\n\t\t\t\t<span class=\"give-donation-total-label\">\n\t\t\tTotal du don :\t\t<\/span>\n\t\t<span class=\"give-final-total-amount\"\n\t\t\t  data-total=\"100,00\">\n\t\t\tz\u0142100,00\t\t<\/span>\n\t\t\t<\/p>\n\t\t<input type=\"hidden\" name=\"give_action\" value=\"purchase\"\/>\n\t<input type=\"hidden\" name=\"give-gateway\" value=\"paypal-commerce\"\/>\n\t\t<div class=\"give-submit-button-wrap give-clearfix\">\n\t\t<input type=\"submit\" class=\"give-submit give-btn\" id=\"give-purchase-button\" name=\"give-purchase\"\n\t\t\t   value=\"Faire un don\" data-before-validation-label=\"Donate Now\"\/>\n\t\t<span class=\"give-loading-animation\"><\/span>\n\t<\/div>\n\t\t<\/fieldset>\n\t\n\t<\/div>\n\n\t\t\t\t<input type=\"hidden\" name=\"trp-form-language\" value=\"fr\"\/><\/form>\n\n\t\t\t\n\t<\/div><!--end #give-form-25-->\n\t\t\t\t\t<\/div>\n\t\t\t\t<\/div>\n\t\t\t\t<div class=\"elementor-element elementor-element-5666e19 elementor-widget elementor-widget-spacer\" data-id=\"5666e19\" data-element_type=\"widget\" data-widget_type=\"spacer.default\">\n\t\t\t\t\t\t\t<div class=\"elementor-spacer\">\n\t\t\t<div class=\"elementor-spacer-inner\"><\/div>\n\t\t<\/div>\n\t\t\t\t\t\t<\/div>\n\t\t\t\t<div class=\"elementor-element elementor-element-5d336e9 elementor-widget elementor-widget-text-editor\" data-id=\"5d336e9\" data-element_type=\"widget\" data-widget_type=\"text-editor.default\">\n\t\t\t\t\t\t\t\t\t<p class=\"first:mt-1.5!\"><strong>Faire un don par virement bancaire<\/strong><\/p><p class=\"first:mt-1.5!\">Les donateurs qui pr\u00e9f\u00e8rent faire un don \u00e0 la Fondation Protectiva Health par virement bancaire trouveront ci-dessous nos coordonn\u00e9es bancaires. Veuillez indiquer votre nom complet et, si possible, l'objet de votre don dans la r\u00e9f\u00e9rence\/description du virement. Cela nous aidera \u00e0 suivre votre don avec pr\u00e9cision.<\/p><p class=\"first:mt-1.5!\"><strong>Coordonn\u00e9es bancaires :<\/strong><\/p><p class=\"first:mt-1.5!\">Santander Bank Polska S.A<br \/>Swift : WBKPPLPPXXX<br \/>PLN IBAN : PL29 1090 1450 0000 0001 6249 8886<br \/>Euro IBAN : PL12 1090 1450 0000 0001 6249 9871<\/p><hr \/><p class=\"first:mt-1.5!\">Nous vous remercions de votre g\u00e9n\u00e9reux soutien. Nous vous souhaitons sant\u00e9 et bonheur.<\/p>\t\t\t\t\t\t\t\t<\/div>\n\t\t\t\t\t<\/div>\n\t\t<\/div>\n\t\t\t\t\t<\/div>\n\t\t<\/div>\n\t\t\t\t<\/div>","protected":false},"excerpt":{"rendered":"<p>Votre soutien nous aide \u00e0 fournir des soins de sant\u00e9 et des produits m\u00e9dicaux essentiels aux personnes qui en ont le plus besoin. La Fondation Protectiva pour la sant\u00e9 s'efforce d'am\u00e9liorer l'acc\u00e8s aux services de sant\u00e9 de base et aux produits m\u00e9dicaux, en particulier dans les r\u00e9gions o\u00f9 des maladies simples et \u00e9vitables peuvent encore \u00eatre fatales. En faisant un don, vous nous aidez \u00e0 fournir des d\u00e9pistages, des vaccinations, des fournitures m\u00e9dicales st\u00e9riles, des projets d'eau propre, [...]<\/p>","protected":false},"author":1,"featured_media":0,"parent":0,"menu_order":0,"comment_status":"closed","ping_status":"closed","template":"","meta":{"give_campaign_id":0,"footnotes":""},"class_list":["post-13349","page","type-page","status-publish","hentry"],"campaignId":"","jetpack_sharing_enabled":true,"_links":{"self":[{"href":"https:\/\/phfoundation.net\/fr\/wp-json\/wp\/v2\/pages\/13349","targetHints":{"allow":["GET"]}}],"collection":[{"href":"https:\/\/phfoundation.net\/fr\/wp-json\/wp\/v2\/pages"}],"about":[{"href":"https:\/\/phfoundation.net\/fr\/wp-json\/wp\/v2\/types\/page"}],"author":[{"embeddable":true,"href":"https:\/\/phfoundation.net\/fr\/wp-json\/wp\/v2\/users\/1"}],"replies":[{"embeddable":true,"href":"https:\/\/phfoundation.net\/fr\/wp-json\/wp\/v2\/comments?post=13349"}],"version-history":[{"count":0,"href":"https:\/\/phfoundation.net\/fr\/wp-json\/wp\/v2\/pages\/13349\/revisions"}],"wp:attachment":[{"href":"https:\/\/phfoundation.net\/fr\/wp-json\/wp\/v2\/media?parent=13349"}],"curies":[{"name":"wp","href":"https:\/\/api.w.org\/{rel}","templated":true}]}}