{"id":15,"date":"2026-01-22T18:49:01","date_gmt":"2026-01-22T18:49:01","guid":{"rendered":"https:\/\/phfoundation.net\/?page_id=15"},"modified":"2026-01-22T19:03:19","modified_gmt":"2026-01-22T19:03:19","slug":"fundraising-campaign","status":"publish","type":"page","link":"https:\/\/phfoundation.net\/fr\/fundraising-campaign\/","title":{"rendered":"Campagne de collecte de fonds"},"content":{"rendered":"<div class=\"wp-block-columns is-layout-flex wp-container-core-columns-is-layout-62db62f3 wp-block-columns-is-layout-flex\" style=\"padding-top:0;padding-bottom:0\">\n<div class=\"wp-block-column is-vertically-aligned-stretch is-layout-flow wp-block-column-is-layout-flow\" style=\"flex-basis:60%\"><figure style=\"aspect-ratio:16\/9;width:100%;height:100%;\" class=\"wp-block-post-featured-image\"><img fetchpriority=\"high\" decoding=\"async\" width=\"960\" height=\"544\" src=\"https:\/\/phfoundation.net\/wp-content\/uploads\/2022\/12\/h17_tab04.jpg\" class=\"attachment-post-thumbnail size-post-thumbnail wp-post-image\" alt=\"\" style=\"border-radius:8px;width:100%;height:100%;object-fit:cover;\" srcset=\"https:\/\/phfoundation.net\/wp-content\/uploads\/2022\/12\/h17_tab04.jpg 960w, https:\/\/phfoundation.net\/wp-content\/uploads\/2022\/12\/h17_tab04-600x340.jpg 600w, https:\/\/phfoundation.net\/wp-content\/uploads\/2022\/12\/h17_tab04-300x170.jpg 300w, https:\/\/phfoundation.net\/wp-content\/uploads\/2022\/12\/h17_tab04-768x435.jpg 768w\" sizes=\"(max-width: 960px) 100vw, 960px\" title=\"\"><\/figure><\/div>\n\n\n\n<div class=\"wp-block-column is-vertically-aligned-stretch is-layout-flow wp-block-column-is-layout-flow\">\n<div class=\"wp-block-group is-vertical is-content-justification-stretch is-layout-flex wp-container-core-group-is-layout-628836ec wp-block-group-is-layout-flex\" style=\"min-height:100%\">\n<div style=\"--givewp-primary-color: #0b72d9; --givewp-secondary-color: #27ae60;\" class=\"wp-block-givewp-campaign-goal\">\n    <div data-givewp-campaign-goal data-id=\"1\"><\/div>\n<\/div>\n\n\n\n<div class=\"wp-block-group wp-container-content-9cfa9a5a is-vertical is-layout-flex wp-container-core-group-is-layout-8cf370e7 wp-block-group-is-layout-flex\">\n<div class=\"givewp-campaign-stats-block wp-block-givewp-campaign-stats-block\">\n    <span>Top Donation<\/span>\n    <strong>z\u01420.00<\/strong>\n<\/div>\n\n\n\n<div class=\"givewp-campaign-stats-block wp-block-givewp-campaign-stats-block\">\n    <span>Moyenne des dons<\/span>\n    <strong>z\u01420.00<\/strong>\n<\/div>\n<\/div>\n\n\n\n<div style=\"--givewp-primary-color: #0b72d9;\" class=\"givewp-campaign-donate-button-block wp-block-givewp-campaign-donate-button\">\n    <button type=\"button\" class=\"givewp-donation-form-modal__open\">Donner<\/button><\/div>\n<\/div>\n<\/div>\n<\/div>\n\n\n\n<p><\/p>\n\n\n\n<p><strong>Projet pilote d'aide d'urgence : de l'espoir pour les enfants dans les zones de conflit<\/strong><\/p>\n\n\n\n<p><strong>Fournir des fournitures m\u00e9dicales, de l'eau potable et des abris s\u00fbrs aux plus vuln\u00e9rables.<\/strong><\/p>\n\n\n\n<hr class=\"wp-block-separator has-alpha-channel-opacity\"\/>\n\n\n\n<h3 class=\"wp-block-heading\">Paragraphe d'introduction (raison d'\u00eatre de cette campagne)<\/h3>\n\n\n\n<p>Dans les zones de conflit actif, les enfants sont souvent les victimes silencieuses et invisibles. L'acc\u00e8s aux besoins les plus \u00e9l\u00e9mentaires - eau potable, produits d'hygi\u00e8ne, couches et soins m\u00e9dicaux essentiels - dispara\u00eet du jour au lendemain. Les familles sont d\u00e9plac\u00e9es, les syst\u00e8mes de sant\u00e9 s'effondrent et les maladies \u00e9vitables se propagent rapidement.<\/p>\n\n\n\n<p>La Fondation Protectiva pour la sant\u00e9 lance un <strong>Campagne pilote d'aide d'urgence<\/strong> pour r\u00e9pondre \u00e0 ces besoins urgents. Gr\u00e2ce \u00e0 votre soutien, nous apporterons une aide vitale directement aux enfants et aux familles qui vivent dans des zones touch\u00e9es par la guerre ou \u00e0 proximit\u00e9.<\/p>\n\n\n\n<hr class=\"wp-block-separator has-alpha-channel-opacity\"\/>\n\n\n\n<h3 class=\"wp-block-heading\">Les objectifs de cette campagne pilote<\/h3>\n\n\n\n<p>Gr\u00e2ce \u00e0 ce projet pilote, nous visons \u00e0<\/p>\n\n\n\n<ol class=\"wp-block-list\">\n<li><strong>Fournir une aide m\u00e9dicale<\/strong><br>Fournir des trousses m\u00e9dicales de base, des fournitures de premiers soins et des m\u00e9dicaments essentiels aux partenaires locaux, aux cliniques de terrain et aux agents de sant\u00e9 b\u00e9n\u00e9voles qui viennent en aide aux enfants et aux familles.<\/li>\n\n\n\n<li><strong>Soutenir l'hygi\u00e8ne et les soins aux nourrissons<\/strong><br>Distribuer des kits d'hygi\u00e8ne comprenant du savon, des produits sanitaires, des couches pour b\u00e9b\u00e9s et d'autres articles essentiels qui prot\u00e8gent les enfants et les personnes qui s'occupent d'eux contre les infections et les maladies.<\/li>\n\n\n\n<li><strong>Acc\u00e8s s\u00e9curis\u00e9 \u00e0 l'eau potable<\/strong><br>Soutenir l'installation ou la r\u00e9habilitation de <strong>puits d'eau propre<\/strong> et des syst\u00e8mes de filtration simples dans les r\u00e9gions o\u00f9 l'eau potable est rare ou contamin\u00e9e.<\/li>\n\n\n\n<li><strong>Fournir un abri et une protection d'urgence<\/strong><br>Aidez \u00e0 cr\u00e9er des abris temporaires s\u00fbrs et fournissez des articles de literie et de protection de base aux enfants d\u00e9plac\u00e9s et \u00e0 leurs familles.<\/li>\n<\/ol>\n\n\n\n<hr class=\"wp-block-separator has-alpha-channel-opacity\"\/>\n\n\n\n<h3 class=\"wp-block-heading\">Pourquoi une campagne pilote ?<\/h3>\n\n\n\n<p>Il s'agit d'un <strong>mission pilote<\/strong>, Cela signifie que nous commen\u00e7ons par une op\u00e9ration cibl\u00e9e et soigneusement con\u00e7ue dans un pays et une r\u00e9gion s\u00e9lectionn\u00e9s. L'objectif est de :<\/p>\n\n\n\n<ul class=\"wp-block-list\">\n<li>Tester et am\u00e9liorer notre <strong>la logistique et les itin\u00e9raires de livraison<\/strong> dans des environnements difficiles et peu s\u00fbrs.<\/li>\n\n\n\n<li>Construire un r\u00e9seau de confiance <strong>r\u00e9seau de partenaires locaux<\/strong> sur le terrain.<\/li>\n\n\n\n<li>Veiller \u00e0 ce que <strong>chaque euro est utilis\u00e9 de mani\u00e8re efficace et transparente<\/strong> avant de passer \u00e0 des op\u00e9rations plus importantes.<\/li>\n<\/ul>\n\n\n\n<p>Votre soutien \u00e0 cette phase pilote nous aidera \u00e0 cr\u00e9er un mod\u00e8le solide et efficace qui pourra ensuite \u00eatre \u00e9tendu pour atteindre encore plus d'enfants dans le besoin.<\/p>\n\n\n\n<hr class=\"wp-block-separator has-alpha-channel-opacity\"\/>\n\n\n\n<h3 class=\"wp-block-heading\">L'utilit\u00e9 de votre don<\/h3>\n\n\n\n<ul class=\"wp-block-list\">\n<li><strong>\u20ac25<\/strong> peut fournir des produits d'hygi\u00e8ne essentiels et des couches pour un b\u00e9b\u00e9 et la personne qui s'en occupe.<\/li>\n\n\n\n<li><strong>\u20ac50<\/strong> peut aider \u00e0 fournir des kits m\u00e9dicaux de base \u00e0 une petite communaut\u00e9.<\/li>\n\n\n\n<li><strong>\u20ac100<\/strong> peuvent contribuer au co\u00fbt du forage ou de la r\u00e9paration d'une source d'eau propre.<\/li>\n\n\n\n<li><strong>250 \u20ac et plus<\/strong> peut soutenir la cr\u00e9ation d'espaces d'h\u00e9bergement s\u00fbrs pour les familles d\u00e9plac\u00e9es.<\/li>\n<\/ul>\n\n\n\n<p>Chaque contribution, quelle qu'en soit la taille, nous rapproche un peu plus de la protection d'un enfant, du r\u00e9tablissement de la dignit\u00e9 et de l'espoir pour les familles au milieu d'un conflit.<\/p>\n\n\n\n<hr class=\"wp-block-separator has-alpha-channel-opacity\"\/>\n\n\n\n<h3 class=\"wp-block-heading\">Transparence et responsabilit\u00e9<\/h3>\n\n\n\n<p>La Fondation Protectiva Health est enregistr\u00e9e en Pologne et fonctionne conform\u00e9ment aux normes humanitaires et financi\u00e8res internationales. Tous les dons effectu\u00e9s dans le cadre de cette campagne seront <strong>limit\u00e9 aux activit\u00e9s d'aide d'urgence<\/strong> pour les enfants et les familles touch\u00e9s par un conflit, comme d\u00e9crit ci-dessus.<\/p>\n\n\n\n<p>Pour en savoir plus sur la fa\u00e7on dont nous g\u00e9rons les dons et en rendons compte, consultez notre site web<br><a href=\"https:\/\/phfoundation.net\/fr\/donation-transparency\/\" target=\"_blank\" rel=\"noreferrer noopener\">Transparence des dons<\/a> et<br><a href=\"https:\/\/phfoundation.net\/fr\/donation-terms-conditions\/\" target=\"_blank\" rel=\"noreferrer noopener\">Conditions g\u00e9n\u00e9rales des dons<\/a> pages.<\/p>\n\n\n\n<hr class=\"wp-block-separator has-alpha-channel-opacity\"\/>\n\n\n\n<h3 class=\"wp-block-heading\">Appel \u00e0 l'action (cl\u00f4ture)<\/h3>\n\n\n\n<p><strong>Soyez le premier \u00e0 vous tenir \u00e0 leurs c\u00f4t\u00e9s.<\/strong><\/p>\n\n\n\n<p>En soutenant cette campagne pilote, vous nous aidez \u00e0 apporter des soins m\u00e9dicaux, de l'hygi\u00e8ne, de l'eau potable et un abri s\u00fbr \u00e0 des enfants qui seraient autrement abandonn\u00e9s dans des zones de guerre.<\/p>\n\n\n\n<p>Choisissez un montant ci-dessus et faites votre don aujourd'hui.<br>Ensemble, nous pouvons transformer l'urgence en espoir.<\/p>\n\n\n<div\n    class=\"givewp-campaign-donations-block wp-block-givewp-campaign-donations\"    style=\"--givewp-primary-color: #0b72d9; --givewp-secondary-color: #27ae60;\">\n    <div class=\"givewp-campaign-donations-block__header\">\n        <h2 class=\"givewp-campaign-donations-block__title\">Dons r\u00e9cents<\/h2>\n            <\/div>\n\n            <div class=\"givewp-campaign-donations-block__empty-state\">\n            <h3 class=\"givewp-campaign-donations-block__empty-title\">\n                Chaque campagne commence par un don.            <\/h3>\n            <p class=\"givewp-campaign-donations-block__empty-description\">\n                Soyez le premier \u00e0 le faire !            <\/p>\n\n            <div class=\"givewp-campaign-donations-block__empty-icon\">\n                <svg width=\"40\" height=\"40\" viewbox=\"0 0 40 40\"\n     fill=\"none\" xmlns=\"http:\/\/www.w3.org\/2000\/svg\">\n    <path\n        d=\"M11.6628 31.6719H28.3294M31.6628 26.6719C32.9578 26.7102 33.7294 26.8552 34.2628 27.3902C34.9961 28.1235 34.9961 29.3035 34.9961 31.6652C34.9961 34.0252 34.9961 35.2052 34.2628 35.9385C33.5311 36.6719 32.3528 36.6719 29.9961 36.6719H9.99609C7.63943 36.6719 6.46109 36.6719 5.72943 35.9385C4.99776 35.2052 4.99609 34.0252 4.99609 31.6652C4.99609 29.3052 4.99609 28.1235 5.72943 27.3902C6.26276 26.8569 7.03443 26.7102 8.32943 26.6719\"\n        stroke=\"currentColor\" stroke-width=\"2.5\" stroke-linecap=\"round\"\n        stroke-linejoin=\"round\" \/>\n    <path\n        d=\"M23.8559 31.6691C24.4744 31.1394 24.9712 30.4822 25.3121 29.7426C25.653 29.003 25.8299 28.1984 25.8309 27.3841C25.8309 24.2274 23.2192 21.6691 19.9975 21.6691C16.7759 21.6691 14.1642 24.2274 14.1642 27.3841C14.1651 28.1984 14.3421 29.003 14.683 29.7426C15.0239 30.4822 15.5206 31.1394 16.1392 31.6691M33.3309 16.6691H29.3392C28.8492 16.6691 28.3659 16.5591 27.9275 16.3457L24.5242 14.6991C24.0833 14.4868 23.6002 14.3769 23.1109 14.3774H21.3742C19.6942 14.3774 18.3309 13.0591 18.3309 11.4324C18.3309 11.3657 18.3759 11.3091 18.4409 11.2907L22.6759 10.1207C23.4356 9.91029 24.2459 9.98314 24.9559 10.3257L28.5942 12.0857M18.3309 12.5024L10.6759 14.8541C10.0094 15.0586 9.29545 15.0473 8.6358 14.8219C7.97614 14.5966 7.40453 14.1686 7.00254 13.5991C6.38754 12.7491 6.63754 11.5291 7.5342 11.0124L20.0592 3.78407C20.4508 3.55747 20.8845 3.41297 21.3338 3.35939C21.7831 3.30581 22.2386 3.34426 22.6725 3.4724L33.3309 6.63573\"\n        stroke=\"currentColor\" stroke-width=\"2.5\" stroke-linecap=\"round\"\n        stroke-linejoin=\"round\" \/>\n<\/svg>\n            <\/div>\n\n                            <div class=\"givewp-campaign-donations-block__empty-button\">\n                    <button type=\"button\" class=\"givewp-donation-form-modal__open\">Soyez le premier<\/button>                <\/div>\n                    <\/div>\n    <\/div>\n\n\n<div\n    class=\"givewp-campaign-donors-block wp-block-givewp-campaign-donors\"    style=\"--givewp-primary-color: #0b72d9; --givewp-secondary-color: #27ae60;\">\n    <div class=\"givewp-campaign-donors-block__header\">\n        <h2 class=\"givewp-campaign-donors-block__title\">Meilleurs donateurs\/donatrices<\/h2>\n            <\/div>\n\n            <div class=\"givewp-campaign-donors-block__empty-state\">\n            <h3 class=\"givewp-campaign-donors-block__empty-title\">\n                No top donors listed yet.            <\/h3>\n            <p class=\"givewp-campaign-donors-block__empty-description\">\n                Be one of the first to make an impact!            <\/p>\n\n            <div class=\"givewp-campaign-donors-block__empty-icon\">\n                <svg  width=\"40\" height=\"40\" viewbox=\"0 0 40 40\"\n     fill=\"none\" xmlns=\"http:\/\/www.w3.org\/2000\/svg\">\n    <path\n        d=\"M5 33.333c3.893-4.129 9.178-6.666 15-6.666 5.822 0 11.107 2.537 15 6.666M27.5 12.5a7.5 7.5 0 1 1-15 0 7.5 7.5 0 0 1 15 0z\"\n        stroke=\"currentColor\" stroke-width=\"3.333\" stroke-linecap=\"round\"\n        stroke-linejoin=\"round\" \/>\n<\/svg>\n            <\/div>\n\n                            <div class=\"givewp-campaign-donors-block__empty-button\">\n                    <button type=\"button\" class=\"givewp-donation-form-modal__open\">Soyez le premier donateur<\/button>                <\/div>\n                    <\/div>\n    <\/div>","protected":false},"excerpt":{"rendered":"<p>Emergency Relief Pilot : Hope for Children in Conflict Zones Fournir des fournitures m\u00e9dicales, de l'eau potable et des abris s\u00fbrs aux plus vuln\u00e9rables. Paragraphe d'introduction (raison d'\u00eatre de cette campagne) Dans les zones de conflit actif, les enfants sont souvent les victimes silencieuses et invisibles. L'acc\u00e8s aux besoins les plus \u00e9l\u00e9mentaires - eau potable, produits d'hygi\u00e8ne, couches et soins m\u00e9dicaux essentiels [...]<\/p>","protected":false},"author":1,"featured_media":17546,"parent":0,"menu_order":0,"comment_status":"closed","ping_status":"closed","template":"","meta":{"give_campaign_id":1,"footnotes":""},"class_list":["post-15","page","type-page","status-publish","has-post-thumbnail","hentry"],"campaignId":"1","jetpack_sharing_enabled":true,"_links":{"self":[{"href":"https:\/\/phfoundation.net\/fr\/wp-json\/wp\/v2\/pages\/15","targetHints":{"allow":["GET"]}}],"collection":[{"href":"https:\/\/phfoundation.net\/fr\/wp-json\/wp\/v2\/pages"}],"about":[{"href":"https:\/\/phfoundation.net\/fr\/wp-json\/wp\/v2\/types\/page"}],"author":[{"embeddable":true,"href":"https:\/\/phfoundation.net\/fr\/wp-json\/wp\/v2\/users\/1"}],"replies":[{"embeddable":true,"href":"https:\/\/phfoundation.net\/fr\/wp-json\/wp\/v2\/comments?post=15"}],"version-history":[{"count":0,"href":"https:\/\/phfoundation.net\/fr\/wp-json\/wp\/v2\/pages\/15\/revisions"}],"wp:featuredmedia":[{"embeddable":true,"href":"https:\/\/phfoundation.net\/fr\/wp-json\/wp\/v2\/media\/17546"}],"wp:attachment":[{"href":"https:\/\/phfoundation.net\/fr\/wp-json\/wp\/v2\/media?parent=15"}],"curies":[{"name":"wp","href":"https:\/\/api.w.org\/{rel}","templated":true}]}}