{"id":19634,"date":"2026-01-06T17:38:56","date_gmt":"2026-01-06T17:38:56","guid":{"rendered":"https:\/\/phfoundation.net\/?page_id=19634"},"modified":"2026-01-06T19:52:35","modified_gmt":"2026-01-06T19:52:35","slug":"cookie-policy","status":"publish","type":"page","link":"https:\/\/phfoundation.net\/fr\/cookie-policy\/","title":{"rendered":"Politique en mati\u00e8re de cookies"},"content":{"rendered":"<p><\/p>\n\n\n\n<p><strong>Derni\u00e8re mise \u00e0 jour :<\/strong> 6 janvier 2026<\/p>\n\n\n\n<h4 class=\"wp-block-heading\">1. Qu'est-ce qu'un cookie ?<\/h4>\n\n\n\n<p>Les cookies sont de petits fichiers texte stock\u00e9s sur votre appareil lorsque vous visitez notre site web. Ils nous aident \u00e0 offrir une meilleure exp\u00e9rience \u00e0 l'utilisateur, \u00e0 analyser le trafic sur le site et \u00e0 m\u00e9moriser vos pr\u00e9f\u00e9rences.<\/p>\n\n\n\n<h4 class=\"wp-block-heading\">2. Types de cookies que nous utilisons<\/h4>\n\n\n\n<ul class=\"wp-block-list\">\n<li><strong>Cookies essentiels :<\/strong> N\u00e9cessaires au fonctionnement du site web (par exemple, connexion s\u00e9curis\u00e9e, formulaires de dons). Ils ne peuvent pas \u00eatre d\u00e9sactiv\u00e9s.<\/li>\n\n\n\n<li><strong>Cookies analytiques :<\/strong> nous aider \u00e0 comprendre comment les visiteurs interagissent avec notre site (par exemple, Google Analytics).<\/li>\n\n\n\n<li><strong>Cookies fonctionnels :<\/strong> M\u00e9moriser vos param\u00e8tres, tels que les pr\u00e9f\u00e9rences linguistiques.<\/li>\n\n\n\n<li><strong>Cookies de marketing :<\/strong> Utilis\u00e9 pour \u00e9valuer l'efficacit\u00e9 de nos campagnes et de nos int\u00e9grations dans les m\u00e9dias sociaux.<\/li>\n<\/ul>\n\n\n\n<h4 class=\"wp-block-heading\">3. Gestion des pr\u00e9f\u00e9rences<\/h4>\n\n\n\n<p>Vous avez le droit d'accepter ou de refuser les cookies non essentiels. Vous pouvez mettre \u00e0 jour vos choix \u00e0 tout moment en visitant notre site web \u00e0 l'adresse suivante <a href=\"https:\/\/phfoundation.net\/fr\/cookie-policy\/\" data-type=\"page\" data-id=\"19634\" target=\"_blank\" rel=\"noreferrer noopener\">G\u00e9rer les cookies<\/a> ou en ajustant les param\u00e8tres de votre navigateur.<\/p>\n\n\n\n<h4 class=\"wp-block-heading\">4. Cookies de tiers<\/h4>\n\n\n\n<p>Certains cookies sont plac\u00e9s par des services tiers qui apparaissent sur nos pages (tels que les fournisseurs de paiement ou les lecteurs vid\u00e9o). Nous ne contr\u00f4lons pas ces cookies ; veuillez vous r\u00e9f\u00e9rer \u00e0 la politique de confidentialit\u00e9 du tiers concern\u00e9 pour plus d'informations.<\/p>\n\n\n\n<h4 class=\"wp-block-heading\">5. Confidentialit\u00e9 des donn\u00e9es<\/h4>\n\n\n\n<p>Les informations collect\u00e9es par les cookies sont trait\u00e9es conform\u00e9ment \u00e0 notre politique de confidentialit\u00e9. <a href=\"https:\/\/phfoundation.net\/fr\/privacy-policy\/\" data-type=\"page\" data-id=\"3\" target=\"_blank\" rel=\"noreferrer noopener\">Politique de confidentialit\u00e9<\/a>.<\/p>\n\n\n\n<p><\/p>","protected":false},"excerpt":{"rendered":"<p>Derni\u00e8re mise \u00e0 jour : 6 janvier 2026 1. Que sont les cookies ? Les cookies sont de petits fichiers texte stock\u00e9s sur votre appareil lorsque vous visitez notre site web. Ils nous aident \u00e0 am\u00e9liorer l'exp\u00e9rience des utilisateurs, \u00e0 analyser le trafic sur le site et \u00e0 m\u00e9moriser vos pr\u00e9f\u00e9rences. 2. Types de cookies que nous utilisons 3. Gestion de vos pr\u00e9f\u00e9rences Vous avez le droit de d\u00e9cider si [...]<\/p>","protected":false},"author":1,"featured_media":0,"parent":0,"menu_order":0,"comment_status":"closed","ping_status":"closed","template":"template-homepage.php","meta":{"give_campaign_id":0,"footnotes":""},"class_list":["post-19634","page","type-page","status-publish","hentry"],"campaignId":"","jetpack_sharing_enabled":true,"_links":{"self":[{"href":"https:\/\/phfoundation.net\/fr\/wp-json\/wp\/v2\/pages\/19634","targetHints":{"allow":["GET"]}}],"collection":[{"href":"https:\/\/phfoundation.net\/fr\/wp-json\/wp\/v2\/pages"}],"about":[{"href":"https:\/\/phfoundation.net\/fr\/wp-json\/wp\/v2\/types\/page"}],"author":[{"embeddable":true,"href":"https:\/\/phfoundation.net\/fr\/wp-json\/wp\/v2\/users\/1"}],"replies":[{"embeddable":true,"href":"https:\/\/phfoundation.net\/fr\/wp-json\/wp\/v2\/comments?post=19634"}],"version-history":[{"count":0,"href":"https:\/\/phfoundation.net\/fr\/wp-json\/wp\/v2\/pages\/19634\/revisions"}],"wp:attachment":[{"href":"https:\/\/phfoundation.net\/fr\/wp-json\/wp\/v2\/media?parent=19634"}],"curies":[{"name":"wp","href":"https:\/\/api.w.org\/{rel}","templated":true}]}}