{"id":19637,"date":"2026-01-06T17:40:37","date_gmt":"2026-01-06T17:40:37","guid":{"rendered":"https:\/\/phfoundation.net\/?page_id=19637"},"modified":"2026-01-06T19:54:02","modified_gmt":"2026-01-06T19:54:02","slug":"terms-of-use","status":"publish","type":"page","link":"https:\/\/phfoundation.net\/fr\/terms-of-use\/","title":{"rendered":"Conditions d'utilisation"},"content":{"rendered":"<p><\/p>\n\n\n\n<p><strong>Derni\u00e8re mise \u00e0 jour :<\/strong> 6 janvier 2026<\/p>\n\n\n\n<h4 class=\"wp-block-heading\">1. Acceptation des conditions<\/h4>\n\n\n\n<p>En acc\u00e9dant \u00e0 ce site web et en l'utilisant, vous acceptez d'\u00eatre li\u00e9 par les pr\u00e9sentes conditions d'utilisation et par notre politique de confidentialit\u00e9. <a href=\"https:\/\/phfoundation.net\/fr\/privacy-policy\/\" data-type=\"page\" data-id=\"3\" target=\"_blank\" rel=\"noreferrer noopener\">Politique de confidentialit\u00e9<\/a>.<\/p>\n\n\n\n<h4 class=\"wp-block-heading\">2. Propri\u00e9t\u00e9 intellectuelle<\/h4>\n\n\n\n<p>L'ensemble du contenu de ce site web, y compris les textes, les graphiques, les logos et les images, est la propri\u00e9t\u00e9 de la Fondation Protectiva Health et est prot\u00e9g\u00e9 par les lois internationales sur les droits d'auteur. Toute utilisation non autoris\u00e9e est strictement interdite.<\/p>\n\n\n\n<h4 class=\"wp-block-heading\">3. Activit\u00e9s interdites<\/h4>\n\n\n\n<p>Les utilisateurs acceptent de ne pas utiliser le site \u00e0 des fins ill\u00e9gales, y compris mais sans s'y limiter :<\/p>\n\n\n\n<ul class=\"wp-block-list\">\n<li>Tenter d'interf\u00e9rer avec la s\u00e9curit\u00e9 du site web.<\/li>\n\n\n\n<li>Distribuer des virus ou des codes nuisibles.<\/li>\n\n\n\n<li>Fournir de fausses informations dans les formulaires de don ou de contact.<\/li>\n<\/ul>\n\n\n\n<h4 class=\"wp-block-heading\">4. Avis de non-responsabilit\u00e9 m\u00e9dicale<\/h4>\n\n\n\n<p>Les informations fournies sur ce site web sont uniquement destin\u00e9es \u00e0 des fins \u00e9ducatives et informatives. Elles ne remplacent pas l'avis d'un professionnel de la sant\u00e9. Veuillez lire notre <a href=\"https:\/\/phfoundation.net\/fr\/medical-disclaimer\/\" data-type=\"page\" data-id=\"19656\" target=\"_blank\" rel=\"noreferrer noopener\">Avis de non-responsabilit\u00e9 m\u00e9dicale<\/a> pour plus de d\u00e9tails.<\/p>\n\n\n\n<h4 class=\"wp-block-heading\">5. Limitation de la responsabilit\u00e9<\/h4>\n\n\n\n<p>La Fondation Protectiva pour la sant\u00e9 n'est pas responsable des dommages r\u00e9sultant de l'utilisation ou de l'impossibilit\u00e9 d'utiliser ce site web ou son contenu.<\/p>","protected":false},"excerpt":{"rendered":"<p>Derni\u00e8re mise \u00e0 jour : 6 janvier 2026 1. Acceptation des conditions En acc\u00e9dant \u00e0 ce site web et en l'utilisant, vous acceptez d'\u00eatre li\u00e9 par les pr\u00e9sentes conditions d'utilisation et par notre politique de confidentialit\u00e9. 2. Propri\u00e9t\u00e9 intellectuelle L'ensemble du contenu de ce site web, y compris les textes, les graphiques, les logos et les images, est la propri\u00e9t\u00e9 de la Fondation Protectiva Health et est prot\u00e9g\u00e9 [...]<\/p>","protected":false},"author":1,"featured_media":0,"parent":0,"menu_order":0,"comment_status":"closed","ping_status":"closed","template":"template-homepage.php","meta":{"give_campaign_id":0,"footnotes":""},"class_list":["post-19637","page","type-page","status-publish","hentry"],"campaignId":"","jetpack_sharing_enabled":true,"_links":{"self":[{"href":"https:\/\/phfoundation.net\/fr\/wp-json\/wp\/v2\/pages\/19637","targetHints":{"allow":["GET"]}}],"collection":[{"href":"https:\/\/phfoundation.net\/fr\/wp-json\/wp\/v2\/pages"}],"about":[{"href":"https:\/\/phfoundation.net\/fr\/wp-json\/wp\/v2\/types\/page"}],"author":[{"embeddable":true,"href":"https:\/\/phfoundation.net\/fr\/wp-json\/wp\/v2\/users\/1"}],"replies":[{"embeddable":true,"href":"https:\/\/phfoundation.net\/fr\/wp-json\/wp\/v2\/comments?post=19637"}],"version-history":[{"count":0,"href":"https:\/\/phfoundation.net\/fr\/wp-json\/wp\/v2\/pages\/19637\/revisions"}],"wp:attachment":[{"href":"https:\/\/phfoundation.net\/fr\/wp-json\/wp\/v2\/media?parent=19637"}],"curies":[{"name":"wp","href":"https:\/\/api.w.org\/{rel}","templated":true}]}}