{"id":19640,"date":"2026-01-06T17:41:25","date_gmt":"2026-01-06T17:41:25","guid":{"rendered":"https:\/\/phfoundation.net\/?page_id=19640"},"modified":"2026-01-06T19:50:36","modified_gmt":"2026-01-06T19:50:36","slug":"donation-terms-conditions","status":"publish","type":"page","link":"https:\/\/phfoundation.net\/fr\/donation-terms-conditions\/","title":{"rendered":"Conditions g\u00e9n\u00e9rales des dons"},"content":{"rendered":"<p><strong>Derni\u00e8re mise \u00e0 jour :<\/strong> 6 janvier 2026<\/p>\n\n\n\n<h4 class=\"wp-block-heading\">1. G\u00e9n\u00e9ralit\u00e9s<\/h4>\n\n\n\n<p>En faisant un don \u00e0 la Fondation Protectiva Health par l'interm\u00e9diaire de ce site web, vous acceptez les pr\u00e9sentes conditions g\u00e9n\u00e9rales de donation. Ces conditions r\u00e9gissent la relation entre le donateur et la Fondation en ce qui concerne les contributions en ligne.<\/p>\n\n\n\n<h4 class=\"wp-block-heading\">2. Nature du don<\/h4>\n\n\n\n<p>Tous les dons faits \u00e0 la Fondation Protectiva pour la sant\u00e9 sont volontaires et non remboursables, sauf dans des circonstances sp\u00e9cifiques d\u00e9crites dans notre <a href=\"https:\/\/phfoundation.net\/fr\/refund-cancellation-policy\/\" data-type=\"page\" data-id=\"19642\" target=\"_blank\" rel=\"noreferrer noopener\">Politique de remboursement et d'annulation<\/a>. Les dons sont utilis\u00e9s pour soutenir notre mission qui consiste \u00e0 rendre les soins de sant\u00e9 accessibles, \u00e0 fournir des produits m\u00e9dicaux et \u00e0 soutenir les communaut\u00e9s vuln\u00e9rables.<\/p>\n\n\n\n<h4 class=\"wp-block-heading\">3. S\u00e9curit\u00e9 des paiements<\/h4>\n\n\n\n<p>Nous utilisons un syst\u00e8me de cryptage standard et des passerelles de paiement s\u00e9curis\u00e9es (notamment Stripe, MyPOS, SumUp et d'autres) pour traiter vos transactions. Pour obtenir des informations d\u00e9taill\u00e9es sur la mani\u00e8re dont nous prot\u00e9geons vos donn\u00e9es financi\u00e8res, veuillez consulter notre site web \u00e0 l'adresse suivante <a href=\"https:\/\/phfoundation.net\/fr\/payment-security-methods\/\" data-type=\"page\" data-id=\"19644\" target=\"_blank\" rel=\"noreferrer noopener\">S\u00e9curit\u00e9 et m\u00e9thodes de paiement<\/a> page.<\/p>\n\n\n\n<h4 class=\"wp-block-heading\">4. Dons r\u00e9currents<\/h4>\n\n\n\n<p>Si vous choisissez de faire un don mensuel ou r\u00e9current, vous nous autorisez \u00e0 d\u00e9biter le moyen de paiement que vous avez fourni aux intervalles sp\u00e9cifi\u00e9s. Vous pouvez g\u00e9rer ou annuler votre abonnement \u00e0 tout moment, comme indiqu\u00e9 dans notre <a href=\"https:\/\/phfoundation.net\/fr\/recurring-donations-terms\/\" data-type=\"page\" data-id=\"19646\" target=\"_blank\" rel=\"noreferrer noopener\">Conditions des dons r\u00e9currents<\/a>.<\/p>\n\n\n\n<h4 class=\"wp-block-heading\">5. Utilisation des fonds<\/h4>\n\n\n\n<p>La Fondation Protectiva Health se r\u00e9serve le droit d'allouer les fonds l\u00e0 o\u00f9 les besoins sont les plus importants, \u00e0 moins qu'un don ne soit sp\u00e9cifiquement destin\u00e9 \u00e0 un projet particulier. Nous nous engageons \u00e0 faire preuve de transparence ; vous pouvez consulter la mani\u00e8re dont nous utilisons nos ressources sur notre site web. <a href=\"https:\/\/phfoundation.net\/fr\/donation-transparency\/\" data-type=\"page\" data-id=\"19648\" target=\"_blank\" rel=\"noreferrer noopener\">Transparence des dons<\/a> page.<\/p>\n\n\n\n<h4 class=\"wp-block-heading\">6. Recettes fiscales<\/h4>\n\n\n\n<p>Les donateurs peuvent b\u00e9n\u00e9ficier de d\u00e9ductions fiscales en fonction de la l\u00e9gislation locale. Nous enverrons un re\u00e7u \u00e9lectronique \u00e0 l'adresse \u00e9lectronique fournie lors de la proc\u00e9dure de don.<\/p>\n\n\n\n<h4 class=\"wp-block-heading\">7. Conformit\u00e9<\/h4>\n\n\n\n<p>En faisant un don, vous d\u00e9clarez que les fonds utilis\u00e9s ne proviennent pas d'une activit\u00e9 ill\u00e9gale et que votre don ne viole aucune sanction internationale. Veuillez vous r\u00e9f\u00e9rer \u00e0 notre <a href=\"https:\/\/phfoundation.net\/fr\/sanctions-compliance-notice\/\" data-type=\"page\" data-id=\"19658\" target=\"_blank\" rel=\"noreferrer noopener\">Avis de sanctions et de conformit\u00e9<\/a> pour plus de d\u00e9tails.<\/p>","protected":false},"excerpt":{"rendered":"<p>Derni\u00e8re mise \u00e0 jour : 6 janvier 2026 1. G\u00e9n\u00e9ralit\u00e9s En faisant un don \u00e0 la Fondation Protectiva Sant\u00e9 par l'interm\u00e9diaire de ce site web, vous acceptez les pr\u00e9sentes conditions g\u00e9n\u00e9rales relatives aux dons. Ces conditions r\u00e9gissent la relation entre le donateur et la Fondation en ce qui concerne les contributions en ligne. 2. Nature du don Tous les dons faits \u00e0 la Fondation Protectiva Sant\u00e9 sont volontaires et non remboursables, [...]<\/p>","protected":false},"author":1,"featured_media":0,"parent":0,"menu_order":0,"comment_status":"closed","ping_status":"closed","template":"template-homepage.php","meta":{"give_campaign_id":0,"footnotes":""},"class_list":["post-19640","page","type-page","status-publish","hentry"],"campaignId":"","jetpack_sharing_enabled":true,"_links":{"self":[{"href":"https:\/\/phfoundation.net\/fr\/wp-json\/wp\/v2\/pages\/19640","targetHints":{"allow":["GET"]}}],"collection":[{"href":"https:\/\/phfoundation.net\/fr\/wp-json\/wp\/v2\/pages"}],"about":[{"href":"https:\/\/phfoundation.net\/fr\/wp-json\/wp\/v2\/types\/page"}],"author":[{"embeddable":true,"href":"https:\/\/phfoundation.net\/fr\/wp-json\/wp\/v2\/users\/1"}],"replies":[{"embeddable":true,"href":"https:\/\/phfoundation.net\/fr\/wp-json\/wp\/v2\/comments?post=19640"}],"version-history":[{"count":0,"href":"https:\/\/phfoundation.net\/fr\/wp-json\/wp\/v2\/pages\/19640\/revisions"}],"wp:attachment":[{"href":"https:\/\/phfoundation.net\/fr\/wp-json\/wp\/v2\/media?parent=19640"}],"curies":[{"name":"wp","href":"https:\/\/api.w.org\/{rel}","templated":true}]}}