{"id":19646,"date":"2026-01-06T17:42:46","date_gmt":"2026-01-06T17:42:46","guid":{"rendered":"https:\/\/phfoundation.net\/?page_id=19646"},"modified":"2026-01-06T17:56:08","modified_gmt":"2026-01-06T17:56:08","slug":"recurring-donations-terms","status":"publish","type":"page","link":"https:\/\/phfoundation.net\/fr\/recurring-donations-terms\/","title":{"rendered":"Conditions des dons r\u00e9currents"},"content":{"rendered":"<p><\/p>\n\n\n\n<p><strong>Derni\u00e8re mise \u00e0 jour :<\/strong> 6 janvier 2026<\/p>\n\n\n\n<h4 class=\"wp-block-heading\">1. L'autorisation<\/h4>\n\n\n\n<p>En souscrivant \u00e0 un don r\u00e9current, vous autorisez la Fondation Protectiva Sant\u00e9 \u00e0 d\u00e9biter automatiquement le mode de paiement que vous avez choisi, \u00e0 la fr\u00e9quence que vous avez s\u00e9lectionn\u00e9e (par exemple, mensuellement).<\/p>\n\n\n\n<h4 class=\"wp-block-heading\">2. Flexibilit\u00e9 et contr\u00f4le<\/h4>\n\n\n\n<p>Vous avez le contr\u00f4le total de vos dons. Vous pouvez \u00e0 tout moment augmenter, diminuer ou interrompre votre don r\u00e9current.<\/p>\n\n\n\n<h4 class=\"wp-block-heading\">3. Comment annuler ou modifier<\/h4>\n\n\n\n<p>Pour annuler ou modifier votre don r\u00e9current, vous pouvez :<\/p>\n\n\n\n<ul class=\"wp-block-list\">\n<li>Utilisez le lien fourni dans l'e-mail de confirmation de votre don initial.<\/li>\n\n\n\n<li>Connectez-vous \u00e0 votre portail de donateurs (le cas \u00e9ch\u00e9ant).<\/li>\n\n\n\n<li>Contactez notre \u00e9quipe d'assistance \u00e0 l'adresse suivante <a href=\"mailto:info@phfoundation.net\" target=\"_blank\" rel=\"noreferrer noopener\">info@phfoundation.net<\/a> au moins <strong>3 jours ouvrables<\/strong> avant le prochain paiement pr\u00e9vu.<\/li>\n<\/ul>\n\n\n\n<h4 class=\"wp-block-heading\">4. D\u00e9fauts de paiement<\/h4>\n\n\n\n<p>En cas d'\u00e9chec d'un paiement r\u00e9current (carte expir\u00e9e, par exemple), nous tenterons de vous contacter par courrier \u00e9lectronique pour mettre \u00e0 jour vos informations. Si le paiement \u00e9choue plusieurs fois, le don r\u00e9current peut \u00eatre automatiquement interrompu.<\/p>\n\n\n\n<h4 class=\"wp-block-heading\">5. Notification des modifications<\/h4>\n\n\n\n<p>Nous vous informerons \u00e0 l'avance de toute modification importante apport\u00e9e \u00e0 notre programme de dons r\u00e9currents ou aux pr\u00e9sentes conditions.<\/p>","protected":false},"excerpt":{"rendered":"<p>Derni\u00e8re mise \u00e0 jour : 6 janvier 2026 1. Autorisation En souscrivant \u00e0 un don r\u00e9current, vous autorisez la Fondation Protectiva Sant\u00e9 \u00e0 d\u00e9biter automatiquement le mode de paiement que vous avez choisi \u00e0 la fr\u00e9quence que vous avez s\u00e9lectionn\u00e9e (par exemple, mensuellement). 2. Flexibilit\u00e9 et contr\u00f4le Vous contr\u00f4lez enti\u00e8rement votre don. Vous pouvez augmenter, diminuer ou interrompre votre don r\u00e9current \u00e0 tout moment.<\/p>","protected":false},"author":1,"featured_media":0,"parent":0,"menu_order":0,"comment_status":"closed","ping_status":"closed","template":"template-homepage.php","meta":{"give_campaign_id":0,"footnotes":""},"class_list":["post-19646","page","type-page","status-publish","hentry"],"campaignId":"","jetpack_sharing_enabled":true,"_links":{"self":[{"href":"https:\/\/phfoundation.net\/fr\/wp-json\/wp\/v2\/pages\/19646","targetHints":{"allow":["GET"]}}],"collection":[{"href":"https:\/\/phfoundation.net\/fr\/wp-json\/wp\/v2\/pages"}],"about":[{"href":"https:\/\/phfoundation.net\/fr\/wp-json\/wp\/v2\/types\/page"}],"author":[{"embeddable":true,"href":"https:\/\/phfoundation.net\/fr\/wp-json\/wp\/v2\/users\/1"}],"replies":[{"embeddable":true,"href":"https:\/\/phfoundation.net\/fr\/wp-json\/wp\/v2\/comments?post=19646"}],"version-history":[{"count":0,"href":"https:\/\/phfoundation.net\/fr\/wp-json\/wp\/v2\/pages\/19646\/revisions"}],"wp:attachment":[{"href":"https:\/\/phfoundation.net\/fr\/wp-json\/wp\/v2\/media?parent=19646"}],"curies":[{"name":"wp","href":"https:\/\/api.w.org\/{rel}","templated":true}]}}