{"id":19648,"date":"2026-01-06T17:43:19","date_gmt":"2026-01-06T17:43:19","guid":{"rendered":"https:\/\/phfoundation.net\/?page_id=19648"},"modified":"2026-01-06T19:58:35","modified_gmt":"2026-01-06T19:58:35","slug":"donation-transparency","status":"publish","type":"page","link":"https:\/\/phfoundation.net\/fr\/donation-transparency\/","title":{"rendered":"Transparence des dons"},"content":{"rendered":"<p><\/p>\n\n\n\n<p><strong>Derni\u00e8re mise \u00e0 jour :<\/strong> 6 janvier 2026<\/p>\n\n\n\n<h4 class=\"wp-block-heading\">1. Notre engagement en mati\u00e8re de transparence<\/h4>\n\n\n\n<p>La Fondation Protectiva Health estime que la transparence est le fondement de la confiance. Nous nous engageons \u00e0 veiller \u00e0 ce que chaque don soit utilis\u00e9 de mani\u00e8re efficace et \u00e9thique afin de remplir notre mission, qui est de rendre les soins de sant\u00e9 accessibles \u00e0 tous.<\/p>\n\n\n\n<h4 class=\"wp-block-heading\">2. Allocation des fonds<\/h4>\n\n\n\n<p>Nous nous effor\u00e7ons de maximiser l'impact de chaque contribution. Nos fonds sont g\u00e9n\u00e9ralement r\u00e9partis comme suit :<\/p>\n\n\n\n<ul class=\"wp-block-list\">\n<li><strong>Services du programme :<\/strong> Soutien direct aux produits m\u00e9dicaux, aux d\u00e9pistages et aux projets de sant\u00e9 communautaire.<\/li>\n\n\n\n<li><strong>Intervention d'urgence :<\/strong> D\u00e9ploiement rapide de ressources en cas de crise sanitaire ou de catastrophe.<\/li>\n\n\n\n<li><strong>Soutien op\u00e9rationnel :<\/strong> Les co\u00fbts administratifs et de collecte de fonds essentiels qui nous permettent de maintenir une organisation s\u00fbre et professionnelle.<\/li>\n<\/ul>\n\n\n\n<h4 class=\"wp-block-heading\">3. Rapports et responsabilit\u00e9<\/h4>\n\n\n\n<p>Nous fournissons des mises \u00e0 jour r\u00e9guli\u00e8res sur nos projets par le biais de notre <a href=\"https:\/\/phfoundation.net\/fr\/blog\/\" target=\"_blank\" rel=\"noreferrer noopener\">Blog<\/a> et des rapports d'impact annuels. Ces rapports d\u00e9taillent notre sant\u00e9 financi\u00e8re, le nombre de personnes touch\u00e9es et les r\u00e9sultats sp\u00e9cifiques de nos initiatives en mati\u00e8re de sant\u00e9.<\/p>\n\n\n\n<h4 class=\"wp-block-heading\">4. Dons d\u00e9sign\u00e9s<\/h4>\n\n\n\n<p>Si un donateur pr\u00e9cise que sa contribution est destin\u00e9e \u00e0 un projet particulier (par exemple, \u201cSant\u00e9 de l'enfant en Europe de l'Est\u201d), nous respectons cette intention. Si un projet est surfinanc\u00e9 ou ne peut \u00eatre men\u00e9 \u00e0 bien, nous redirigerons les fonds vers le besoin urgent le plus similaire, conform\u00e9ment \u00e0 notre politique d'aide au d\u00e9veloppement. <a href=\"https:\/\/phfoundation.net\/fr\/donation-terms-conditions\/\" data-type=\"page\" data-id=\"19640\" target=\"_blank\" rel=\"noreferrer noopener\">Conditions g\u00e9n\u00e9rales des dons<\/a>.<\/p>\n\n\n\n<h4 class=\"wp-block-heading\">5. Audits externes<\/h4>\n\n\n\n<p>Afin de garantir les normes les plus \u00e9lev\u00e9es en mati\u00e8re d'int\u00e9grit\u00e9 financi\u00e8re, nous nous soumettons p\u00e9riodiquement \u00e0 des examens internes et externes de nos pratiques financi\u00e8res et de l'impact de nos projets.<\/p>\n\n\n\n<p><\/p>","protected":false},"excerpt":{"rendered":"<p>Derni\u00e8re mise \u00e0 jour : 6 janvier 2026 1. Notre engagement en mati\u00e8re de transparence La Fondation Protectiva Sant\u00e9 estime que la transparence est le fondement de la confiance. Nous nous engageons \u00e0 veiller \u00e0 ce que chaque don soit utilis\u00e9 de mani\u00e8re efficace et \u00e9thique pour remplir notre mission, qui est de rendre les soins de sant\u00e9 accessibles \u00e0 tous. 2. Allocation des fonds Nous nous effor\u00e7ons de maximiser l'impact des [...]<\/p>","protected":false},"author":1,"featured_media":0,"parent":0,"menu_order":0,"comment_status":"closed","ping_status":"closed","template":"template-homepage.php","meta":{"give_campaign_id":0,"footnotes":""},"class_list":["post-19648","page","type-page","status-publish","hentry"],"campaignId":"","jetpack_sharing_enabled":true,"_links":{"self":[{"href":"https:\/\/phfoundation.net\/fr\/wp-json\/wp\/v2\/pages\/19648","targetHints":{"allow":["GET"]}}],"collection":[{"href":"https:\/\/phfoundation.net\/fr\/wp-json\/wp\/v2\/pages"}],"about":[{"href":"https:\/\/phfoundation.net\/fr\/wp-json\/wp\/v2\/types\/page"}],"author":[{"embeddable":true,"href":"https:\/\/phfoundation.net\/fr\/wp-json\/wp\/v2\/users\/1"}],"replies":[{"embeddable":true,"href":"https:\/\/phfoundation.net\/fr\/wp-json\/wp\/v2\/comments?post=19648"}],"version-history":[{"count":0,"href":"https:\/\/phfoundation.net\/fr\/wp-json\/wp\/v2\/pages\/19648\/revisions"}],"wp:attachment":[{"href":"https:\/\/phfoundation.net\/fr\/wp-json\/wp\/v2\/media?parent=19648"}],"curies":[{"name":"wp","href":"https:\/\/api.w.org\/{rel}","templated":true}]}}