{"id":19652,"date":"2026-01-06T17:44:37","date_gmt":"2026-01-06T17:44:37","guid":{"rendered":"https:\/\/phfoundation.net\/?page_id=19652"},"modified":"2026-01-06T20:00:50","modified_gmt":"2026-01-06T20:00:50","slug":"child-safeguarding-policy","status":"publish","type":"page","link":"https:\/\/phfoundation.net\/fr\/child-safeguarding-policy\/","title":{"rendered":"Politique de sauvegarde de l'enfance"},"content":{"rendered":"<p><\/p>\n\n\n\n<p><strong>Derni\u00e8re mise \u00e0 jour :<\/strong> 6 janvier 2026<\/p>\n\n\n\n<h4 class=\"wp-block-heading\">1. Notre engagement<\/h4>\n\n\n\n<p>La Fondation Protectiva Health se consacre \u00e0 la s\u00e9curit\u00e9 et au bien-\u00eatre de tous les enfants qui participent \u00e0 ses programmes ou qui en subissent les cons\u00e9quences. Nous appliquons une politique de tol\u00e9rance z\u00e9ro \u00e0 l'\u00e9gard de toute forme de maltraitance, d'exploitation ou de n\u00e9gligence \u00e0 l'\u00e9gard des enfants.<\/p>\n\n\n\n<h4 class=\"wp-block-heading\">2. Vie priv\u00e9e et protection des donn\u00e9es pour les enfants<\/h4>\n\n\n\n<p>Nous prenons des pr\u00e9cautions suppl\u00e9mentaires lorsque nous traitons des informations concernant des mineurs :<\/p>\n\n\n\n<ul class=\"wp-block-list\">\n<li>Nous ne collectons pas sciemment de donn\u00e9es personnelles aupr\u00e8s d'enfants de moins de 16 ans sans le consentement explicite d'un parent ou d'un tuteur.<\/li>\n\n\n\n<li>Images ou r\u00e9cits d'enfants utilis\u00e9s dans notre <a href=\"https:\/\/phfoundation.net\/fr\/our-stories\/\" target=\"_blank\" rel=\"noreferrer noopener\">Nos histoires<\/a> ne sont publi\u00e9es qu'avec le consentement \u00e9clair\u00e9 de l'enfant et d'une mani\u00e8re qui prot\u00e8ge sa dignit\u00e9 et sa s\u00e9curit\u00e9.<\/li>\n<\/ul>\n\n\n\n<h4 class=\"wp-block-heading\">3. Programmation s\u00fbre<\/h4>\n\n\n\n<p>Tous nos projets et partenariats sur le terrain sont contr\u00f4l\u00e9s pour s'assurer qu'ils respectent les normes internationales de protection de l'enfance. Notre personnel et nos b\u00e9n\u00e9voles sont tenus de respecter un code de conduite strict lorsqu'ils sont en contact avec des enfants.<\/p>\n\n\n\n<h4 class=\"wp-block-heading\">4. Signalement des pr\u00e9occupations<\/h4>\n\n\n\n<p>Si vous avez des inqui\u00e9tudes concernant la s\u00e9curit\u00e9 d'un enfant dans le cadre de notre travail, veuillez nous en faire part imm\u00e9diatement par l'interm\u00e9diaire de notre site web. <a href=\"https:\/\/phfoundation.net\/fr\/contact-complaints\/\" data-type=\"page\" data-id=\"19660\" target=\"_blank\" rel=\"noreferrer noopener\">Contact et plaintes<\/a> ou envoyer un courriel \u00e0 <a href=\"mailto:safeguarding@phfoundation.net\" target=\"_blank\" rel=\"noreferrer noopener\">safeguarding@phfoundation.net<\/a>. Tous les rapports sont trait\u00e9s avec la plus grande confidentialit\u00e9 et dans l'urgence.<\/p>\n\n\n\n<p><\/p>","protected":false},"excerpt":{"rendered":"<p>Derni\u00e8re mise \u00e0 jour : 6 janvier 2026 1. Notre engagement La Fondation Protectiva Health se consacre \u00e0 la s\u00e9curit\u00e9 et au bien-\u00eatre de tous les enfants qui participent \u00e0 ses programmes ou qui en subissent l'impact. Nous appliquons une politique de tol\u00e9rance z\u00e9ro \u00e0 l'\u00e9gard de toute forme de maltraitance, d'exploitation ou de n\u00e9gligence \u00e0 l'\u00e9gard des enfants. 2. Protection de la vie priv\u00e9e et des donn\u00e9es des enfants Nous prenons des pr\u00e9cautions suppl\u00e9mentaires lorsque nous manipulons [...]<\/p>","protected":false},"author":1,"featured_media":0,"parent":0,"menu_order":0,"comment_status":"closed","ping_status":"closed","template":"template-homepage.php","meta":{"give_campaign_id":0,"footnotes":""},"class_list":["post-19652","page","type-page","status-publish","hentry"],"campaignId":"","jetpack_sharing_enabled":true,"_links":{"self":[{"href":"https:\/\/phfoundation.net\/fr\/wp-json\/wp\/v2\/pages\/19652","targetHints":{"allow":["GET"]}}],"collection":[{"href":"https:\/\/phfoundation.net\/fr\/wp-json\/wp\/v2\/pages"}],"about":[{"href":"https:\/\/phfoundation.net\/fr\/wp-json\/wp\/v2\/types\/page"}],"author":[{"embeddable":true,"href":"https:\/\/phfoundation.net\/fr\/wp-json\/wp\/v2\/users\/1"}],"replies":[{"embeddable":true,"href":"https:\/\/phfoundation.net\/fr\/wp-json\/wp\/v2\/comments?post=19652"}],"version-history":[{"count":0,"href":"https:\/\/phfoundation.net\/fr\/wp-json\/wp\/v2\/pages\/19652\/revisions"}],"wp:attachment":[{"href":"https:\/\/phfoundation.net\/fr\/wp-json\/wp\/v2\/media?parent=19652"}],"curies":[{"name":"wp","href":"https:\/\/api.w.org\/{rel}","templated":true}]}}