{"id":19654,"date":"2026-01-06T17:45:04","date_gmt":"2026-01-06T17:45:04","guid":{"rendered":"https:\/\/phfoundation.net\/?page_id=19654"},"modified":"2026-01-06T20:02:02","modified_gmt":"2026-01-06T20:02:02","slug":"anti-fraud-ethics-policy","status":"publish","type":"page","link":"https:\/\/phfoundation.net\/fr\/anti-fraud-ethics-policy\/","title":{"rendered":"Politique de lutte contre la fraude et d'\u00e9thique"},"content":{"rendered":"<p><\/p>\n\n\n\n<p><strong>Derni\u00e8re mise \u00e0 jour :<\/strong> 6 janvier 2026<\/p>\n\n\n\n<h4 class=\"wp-block-heading\">1. Normes \u00e9thiques<\/h4>\n\n\n\n<p>La Fondation Protectiva Health fonctionne selon les normes les plus strictes en mati\u00e8re d'int\u00e9grit\u00e9, d'honn\u00eatet\u00e9 et d'\u00e9quit\u00e9. Nous n'avons aucune tol\u00e9rance pour les pots-de-vin, la corruption, le blanchiment d'argent ou toute autre forme d'activit\u00e9 frauduleuse.<\/p>\n\n\n\n<h4 class=\"wp-block-heading\">2. Pr\u00e9vention de la fraude<\/h4>\n\n\n\n<p>Nous mettons en \u0153uvre des contr\u00f4les internes stricts pour prot\u00e9ger nos ressources et les dons qui nous sont confi\u00e9s. Ces contr\u00f4les sont les suivants<\/p>\n\n\n\n<ul class=\"wp-block-list\">\n<li>Contr\u00f4le r\u00e9gulier des transactions financi\u00e8res.<\/li>\n\n\n\n<li>Contr\u00f4le pr\u00e9alable de tous les partenaires, fournisseurs et principaux donateurs.<\/li>\n\n\n\n<li>Traitement s\u00e9curis\u00e9 des paiements par l'interm\u00e9diaire de partenaires r\u00e9glement\u00e9s (voir notre <a href=\"https:\/\/phfoundation.net\/fr\/payment-security-methods\/\" data-type=\"page\" data-id=\"19644\" target=\"_blank\" rel=\"noreferrer noopener\">S\u00e9curit\u00e9 et m\u00e9thodes de paiement<\/a>).<\/li>\n<\/ul>\n\n\n\n<h4 class=\"wp-block-heading\">3. Conflit d'int\u00e9r\u00eats<\/h4>\n\n\n\n<p>Notre personnel, les membres du conseil d'administration et les b\u00e9n\u00e9voles sont tenus de divulguer tout conflit d'int\u00e9r\u00eats potentiel afin de garantir que toutes les d\u00e9cisions sont prises uniquement dans le meilleur int\u00e9r\u00eat de la Fondation et des communaut\u00e9s que nous servons.<\/p>\n\n\n\n<h4 class=\"wp-block-heading\">4. Signalement d'une mauvaise conduite<\/h4>\n\n\n\n<p>Nous encourageons toute personne qui soup\u00e7onne un comportement frauduleux ou contraire \u00e0 l'\u00e9thique \u00e0 le signaler imm\u00e9diatement. Les signalements peuvent \u00eatre effectu\u00e9s de mani\u00e8re anonyme par l'interm\u00e9diaire de notre <a href=\"https:\/\/phfoundation.net\/fr\/contact-complaints\/\" data-type=\"page\" data-id=\"19660\" target=\"_blank\" rel=\"noreferrer noopener\">Contact et plaintes<\/a> ou en envoyant un courriel \u00e0 <a href=\"mailto:ethics@phfoundation.net\" target=\"_blank\" rel=\"noreferrer noopener\">ethics@phfoundation.net<\/a>.<\/p>","protected":false},"excerpt":{"rendered":"<p>Derni\u00e8re mise \u00e0 jour : 6 janvier 2026 1. Normes \u00e9thiques La Fondation Protectiva pour la sant\u00e9 fonctionne selon les normes les plus strictes en mati\u00e8re d'int\u00e9grit\u00e9, d'honn\u00eatet\u00e9 et d'\u00e9quit\u00e9. Nous n'avons aucune tol\u00e9rance pour les pots-de-vin, la corruption, le blanchiment d'argent ou toute autre forme d'activit\u00e9 frauduleuse. 2. Pr\u00e9vention de la fraude Nous mettons en place des contr\u00f4les internes stricts pour prot\u00e9ger nos ressources et les dons qui nous sont confi\u00e9s. Ce [...]<\/p>","protected":false},"author":1,"featured_media":0,"parent":0,"menu_order":0,"comment_status":"closed","ping_status":"closed","template":"template-homepage.php","meta":{"give_campaign_id":0,"footnotes":""},"class_list":["post-19654","page","type-page","status-publish","hentry"],"campaignId":"","jetpack_sharing_enabled":true,"_links":{"self":[{"href":"https:\/\/phfoundation.net\/fr\/wp-json\/wp\/v2\/pages\/19654","targetHints":{"allow":["GET"]}}],"collection":[{"href":"https:\/\/phfoundation.net\/fr\/wp-json\/wp\/v2\/pages"}],"about":[{"href":"https:\/\/phfoundation.net\/fr\/wp-json\/wp\/v2\/types\/page"}],"author":[{"embeddable":true,"href":"https:\/\/phfoundation.net\/fr\/wp-json\/wp\/v2\/users\/1"}],"replies":[{"embeddable":true,"href":"https:\/\/phfoundation.net\/fr\/wp-json\/wp\/v2\/comments?post=19654"}],"version-history":[{"count":0,"href":"https:\/\/phfoundation.net\/fr\/wp-json\/wp\/v2\/pages\/19654\/revisions"}],"wp:attachment":[{"href":"https:\/\/phfoundation.net\/fr\/wp-json\/wp\/v2\/media?parent=19654"}],"curies":[{"name":"wp","href":"https:\/\/api.w.org\/{rel}","templated":true}]}}