{"id":6412,"date":"2021-05-25T09:34:08","date_gmt":"2021-05-25T09:34:08","guid":{"rendered":"https:\/\/demo2wpopal.b-cdn.net\/humani\/?page_id=6412"},"modified":"2026-01-04T18:22:34","modified_gmt":"2026-01-04T18:22:34","slug":"about-core","status":"publish","type":"page","link":"https:\/\/phfoundation.net\/fr\/about-core\/","title":{"rendered":"\u00c0 propos du noyau"},"content":{"rendered":"<div data-elementor-type=\"wp-page\" data-elementor-id=\"6412\" class=\"elementor elementor-6412\">\n\t\t\t\t\t\t<div class=\"elementor-section elementor-top-section elementor-element elementor-element-d7f03e7 elementor-section-stretched elementor-section-height-min-height elementor-section-boxed elementor-section-height-default elementor-section-items-middle\" data-id=\"d7f03e7\" data-element_type=\"section\" data-settings=\"{&quot;stretch_section&quot;:&quot;section-stretched&quot;,&quot;background_background&quot;:&quot;classic&quot;}\">\n\t\t\t\t\t\t<div class=\"elementor-container elementor-column-gap-no\">\n\t\t\t\t\t<div class=\"elementor-column elementor-col-100 elementor-top-column elementor-element elementor-element-0fb7067\" data-id=\"0fb7067\" data-element_type=\"column\">\n\t\t\t<div class=\"elementor-widget-wrap elementor-element-populated\">\n\t\t\t\t\t\t<div class=\"elementor-element elementor-element-2bfb29d elementor-widget elementor-widget-text-editor\" data-id=\"2bfb29d\" data-element_type=\"widget\" data-widget_type=\"text-editor.default\">\n\t\t\t\t\t\t\t\t\tNous connectons les gens. \t\t\t\t\t\t\t\t<\/div>\n\t\t\t\t<div class=\"elementor-element elementor-element-a06a030 elementor-widget elementor-widget-heading\" data-id=\"a06a030\" data-element_type=\"widget\" data-widget_type=\"heading.default\">\n\t\t\t\t\t<h2 class=\"elementor-heading-title elementor-size-default\">Valeurs fondamentales<\/h2>\t\t\t\t<\/div>\n\t\t\t\t<div class=\"elementor-element elementor-element-b2b22c7 elementor-widget__width-initial elementor-widget elementor-widget-text-editor\" data-id=\"b2b22c7\" data-element_type=\"widget\" data-widget_type=\"text-editor.default\">\n\t\t\t\t\t\t\t\t\t<p>Nous mettons en relation des personnes, des ressources et de la compassion pour prot\u00e9ger la sant\u00e9 et la dignit\u00e9 humaine.<\/p>\t\t\t\t\t\t\t\t<\/div>\n\t\t\t\t\t<\/div>\n\t\t<\/div>\n\t\t\t\t\t<\/div>\n\t\t<\/div>\n\t\t\t\t<div class=\"elementor-section elementor-top-section elementor-element elementor-element-37545b3 elementor-section-stretched elementor-section-boxed elementor-section-height-default elementor-section-height-default\" data-id=\"37545b3\" data-element_type=\"section\" data-settings=\"{&quot;stretch_section&quot;:&quot;section-stretched&quot;}\">\n\t\t\t\t\t\t<div class=\"elementor-container elementor-column-gap-no\">\n\t\t\t\t\t<div class=\"elementor-column elementor-col-100 elementor-top-column elementor-element elementor-element-37ca636\" data-id=\"37ca636\" data-element_type=\"column\">\n\t\t\t<div class=\"elementor-widget-wrap elementor-element-populated\">\n\t\t\t\t<div class=\"elementor-element elementor-element-74d6c6c e-flex e-con-boxed e-con e-parent\" data-id=\"74d6c6c\" data-element_type=\"container\">\n\t\t\t\t\t<div class=\"e-con-inner\">\n\t\t\t\t<div class=\"elementor-element elementor-element-7cf4b2c elementor-widget elementor-widget-text-editor\" data-id=\"7cf4b2c\" data-element_type=\"widget\" data-widget_type=\"text-editor.default\">\n\t\t\t\t\t\t\t\t\t<p><strong>Fondation Protectiva pour la sant\u00e9<\/strong> rassemble des donateurs, des b\u00e9n\u00e9voles, des professionnels de la sant\u00e9 et des communaut\u00e9s locales autour d'un objectif commun : rendre les soins de sant\u00e9 essentiels et les produits m\u00e9dicaux accessibles \u00e0 ceux qui en ont le plus besoin. Nos valeurs fondamentales guident chacune de nos d\u00e9cisions, des projets que nous soutenons \u00e0 la mani\u00e8re dont nous travaillons avec nos partenaires et les personnes que nous servons.<\/p>\t\t\t\t\t\t\t\t<\/div>\n\t\t\t\t\t<\/div>\n\t\t\t\t<\/div>\n\t\t\t\t<div class=\"elementor-section elementor-inner-section elementor-element elementor-element-f37e63e elementor-section-boxed elementor-section-height-default elementor-section-height-default\" data-id=\"f37e63e\" data-element_type=\"section\">\n\t\t\t\t\t\t<div class=\"elementor-container elementor-column-gap-no\">\n\t\t\t\t\t<div class=\"elementor-column elementor-col-33 elementor-inner-column elementor-element elementor-element-63b2b86\" data-id=\"63b2b86\" data-element_type=\"column\">\n\t\t\t<div class=\"elementor-widget-wrap elementor-element-populated\">\n\t\t\t\t\t\t<div class=\"elementor-element elementor-element-4129320 elementor-widget-tablet__width-initial elementor-widget-mobile__width-initial elementor-widget elementor-widget-heading\" data-id=\"4129320\" data-element_type=\"widget\" data-widget_type=\"heading.default\">\n\t\t\t\t\t<h2 class=\"elementor-heading-title elementor-size-default\">Rassembler les gens pour la sant\u00e9 et la solidarit\u00e9<\/h2>\t\t\t\t<\/div>\n\t\t\t\t\t<\/div>\n\t\t<\/div>\n\t\t\t\t<div class=\"elementor-column elementor-col-33 elementor-inner-column elementor-element elementor-element-37f3baf\" data-id=\"37f3baf\" data-element_type=\"column\">\n\t\t\t<div class=\"elementor-widget-wrap elementor-element-populated\">\n\t\t\t\t\t\t<div class=\"elementor-element elementor-element-5ae8fc7 elementor-widget elementor-widget-heading\" data-id=\"5ae8fc7\" data-element_type=\"widget\" data-widget_type=\"heading.default\">\n\t\t\t\t\t<h4 class=\"elementor-heading-title elementor-size-default\">Notre mission<\/h4>\t\t\t\t<\/div>\n\t\t\t\t<div class=\"elementor-element elementor-element-8a7981c elementor-widget__width-initial elementor-widget-tablet__width-initial elementor-widget-mobile__width-initial elementor-widget elementor-widget-text-editor\" data-id=\"8a7981c\" data-element_type=\"widget\" data-widget_type=\"text-editor.default\">\n\t\t\t\t\t\t\t\t\t<p class=\"first:mt-1.5!\">Notre mission est de r\u00e9duire les souffrances et les d\u00e9c\u00e8s \u00e9vitables en am\u00e9liorant l'acc\u00e8s aux soins de sant\u00e9 de base, aux produits m\u00e9dicaux et au soutien social. Nous nous concentrons sur les communaut\u00e9s o\u00f9 de simples infections, le manque de fournitures st\u00e9riles et des services de sant\u00e9 limit\u00e9s peuvent encore avoir des cons\u00e9quences tragiques, en particulier pour les enfants et les femmes.<\/p><p class=\"first:mt-1.5!\">Nous jetons des ponts entre les r\u00e9gions disposant de ressources et les communaut\u00e9s dans le besoin, transformant la solidarit\u00e9 en action concr\u00e8te et vitale.<\/p>\t\t\t\t\t\t\t\t<\/div>\n\t\t\t\t\t<\/div>\n\t\t<\/div>\n\t\t\t\t<div class=\"elementor-column elementor-col-33 elementor-inner-column elementor-element elementor-element-18136c6\" data-id=\"18136c6\" data-element_type=\"column\">\n\t\t\t<div class=\"elementor-widget-wrap elementor-element-populated\">\n\t\t\t\t\t\t<div class=\"elementor-element elementor-element-79d6618 elementor-widget elementor-widget-heading\" data-id=\"79d6618\" data-element_type=\"widget\" data-widget_type=\"heading.default\">\n\t\t\t\t\t<h2 class=\"elementor-heading-title elementor-size-default\">Notre vision<\/h2>\t\t\t\t<\/div>\n\t\t\t\t<div class=\"elementor-element elementor-element-2ce85e9 elementor-widget__width-initial elementor-widget-tablet__width-initial elementor-widget-mobile__width-initial elementor-widget elementor-widget-text-editor\" data-id=\"2ce85e9\" data-element_type=\"widget\" data-widget_type=\"text-editor.default\">\n\t\t\t\t\t\t\t\t\t<p class=\"first:mt-1.5!\">Nous imaginons un monde o\u00f9 personne ne se voit refuser des soins de sant\u00e9 de base en raison de son lieu de naissance, de ses revenus ou de la crise \u00e0 laquelle il est confront\u00e9. Un monde o\u00f9 les enfants peuvent grandir en bonne sant\u00e9, o\u00f9 les femmes peuvent acc\u00e9der \u00e0 des soins de qualit\u00e9 et o\u00f9 les personnes vuln\u00e9rables sont prot\u00e9g\u00e9es avec dignit\u00e9 et respect.<\/p><p class=\"first:mt-1.5!\">Dans cet avenir, l'acc\u00e8s aux produits m\u00e9dicaux essentiels, \u00e0 l'eau potable et \u00e0 l'information sur la sant\u00e9 n'est pas un privil\u00e8ge, mais une responsabilit\u00e9 partag\u00e9e par la communaut\u00e9 mondiale.<\/p>\t\t\t\t\t\t\t\t<\/div>\n\t\t\t\t\t<\/div>\n\t\t<\/div>\n\t\t\t\t\t<\/div>\n\t\t<\/div>\n\t\t\t\t<div class=\"elementor-element elementor-element-a29ca21 elementor-widget__width-auto elementor-widget elementor-widget-button\" data-id=\"a29ca21\" data-element_type=\"widget\" data-widget_type=\"button.default\">\n\t\t\t\t\t\t\t\t\t\t<a class=\"elementor-button elementor-button-link elementor-size-sm\" href=\"#\">\n\t\t\t\t\t\t<span class=\"elementor-button-content-wrapper\">\n\t\t\t\t\t\t\t\t\t<span class=\"elementor-button-text\">voir comment nous travaillons<\/span>\n\t\t\t\t\t<\/span>\n\t\t\t\t\t<\/a>\n\t\t\t\t\t\t\t\t<\/div>\n\t\t\t\t\t<\/div>\n\t\t<\/div>\n\t\t\t\t\t<\/div>\n\t\t<\/div>\n\t\t\t\t<div class=\"elementor-section elementor-top-section elementor-element elementor-element-22b47a6 elementor-section-stretched elementor-section-boxed elementor-section-height-default elementor-section-height-default\" data-id=\"22b47a6\" data-element_type=\"section\" data-settings=\"{&quot;stretch_section&quot;:&quot;section-stretched&quot;,&quot;background_background&quot;:&quot;classic&quot;}\">\n\t\t\t\t\t\t<div class=\"elementor-container elementor-column-gap-no\">\n\t\t\t\t\t<div class=\"elementor-column elementor-col-100 elementor-top-column elementor-element elementor-element-587a916\" data-id=\"587a916\" data-element_type=\"column\">\n\t\t\t<div class=\"elementor-widget-wrap elementor-element-populated\">\n\t\t\t\t\t\t<div class=\"elementor-element elementor-element-f300431 elementor-widget elementor-widget-heading\" data-id=\"f300431\" data-element_type=\"widget\" data-widget_type=\"heading.default\">\n\t\t\t\t\t<h2 class=\"elementor-heading-title elementor-size-default\">Pourquoi nous ?.<\/h2>\t\t\t\t<\/div>\n\t\t\t\t<div class=\"elementor-element elementor-element-04df2ea elementor-widget elementor-widget-heading\" data-id=\"04df2ea\" data-element_type=\"widget\" data-widget_type=\"heading.default\">\n\t\t\t\t\t<h2 class=\"elementor-heading-title elementor-size-default\">Nos valeurs<\/h2>\t\t\t\t<\/div>\n\t\t\t\t<div class=\"elementor-section elementor-inner-section elementor-element elementor-element-595c004 elementor-section-full_width elementor-section-height-default elementor-section-height-default\" data-id=\"595c004\" data-element_type=\"section\" data-settings=\"{&quot;background_background&quot;:&quot;classic&quot;}\">\n\t\t\t\t\t\t<div class=\"elementor-container elementor-column-gap-no\">\n\t\t\t\t\t<div class=\"elementor-column elementor-col-100 elementor-inner-column elementor-element elementor-element-5066f5b\" data-id=\"5066f5b\" data-element_type=\"column\" data-settings=\"{&quot;background_background&quot;:&quot;classic&quot;}\">\n\t\t\t<div class=\"elementor-widget-wrap elementor-element-populated\">\n\t\t\t\t\t\t<div class=\"elementor-element elementor-element-186f182 elementor-widget__width-initial elementor-widget-tablet__width-initial elementor-widget-mobile__width-inherit elementor-view-default elementor-position-top elementor-vertical-align-top elementor-widget elementor-widget-icon-box\" data-id=\"186f182\" data-element_type=\"widget\" data-widget_type=\"icon-box.default\">\n\t\t\t\t\t\t\t<div class=\"elementor-icon-box-wrapper\">\n\n\t\t\t\t\t\t<div class=\"elementor-icon-box-icon\">\n\t\t\t\t<span  class=\"elementor-icon\">\n\t\t\t\t<i aria-hidden=\"true\" class=\"humani-icon- humani-icon-check\"><\/i>\t\t\t\t<\/span>\n\t\t\t<\/div>\n\t\t\t\n\t\t\t\t\t\t<div class=\"elementor-icon-box-content\">\n\n\t\t\t\t\t\t\t\t\t<h3 class=\"elementor-icon-box-title\">\n\t\t\t\t\t\t<span  >\n\t\t\t\t\t\t\tVivre la mission.\t\t\t\t\t\t<\/span>\n\t\t\t\t\t<\/h3>\n\t\t\t\t\n\t\t\t\t\t\t\t\t\t<p class=\"elementor-icon-box-description\">\n\t\t\t\t\t\tNous ne consid\u00e9rons pas notre travail comme un projet, mais comme une responsabilit\u00e9. Chacune de nos actions, qu'il s'agisse de<br> des petites t\u00e2ches quotidiennes aux grands programmes - s'aligne sur les objectifs de l'UE.<br> notre mission de protection de la sant\u00e9 et de la dignit\u00e9 humaine.\t\t\t\t\t<\/p>\n\t\t\t\t\n\t\t\t<\/div>\n\t\t\t\n\t\t<\/div>\n\t\t\t\t\t\t<\/div>\n\t\t\t\t<div class=\"elementor-element elementor-element-f8a7bd6 elementor-widget__width-initial elementor-widget-tablet__width-initial elementor-widget-mobile__width-inherit elementor-view-default elementor-position-top elementor-vertical-align-top elementor-widget elementor-widget-icon-box\" data-id=\"f8a7bd6\" data-element_type=\"widget\" data-widget_type=\"icon-box.default\">\n\t\t\t\t\t\t\t<div class=\"elementor-icon-box-wrapper\">\n\n\t\t\t\t\t\t<div class=\"elementor-icon-box-icon\">\n\t\t\t\t<span  class=\"elementor-icon\">\n\t\t\t\t<i aria-hidden=\"true\" class=\"humani-icon- humani-icon-check\"><\/i>\t\t\t\t<\/span>\n\t\t\t<\/div>\n\t\t\t\n\t\t\t\t\t\t<div class=\"elementor-icon-box-content\">\n\n\t\t\t\t\t\t\t\t\t<h3 class=\"elementor-icon-box-title\">\n\t\t\t\t\t\t<span  >\n\t\t\t\t\t\t\tLes relations humaines sont importantes.\t\t\t\t\t\t<\/span>\n\t\t\t\t\t<\/h3>\n\t\t\t\t\n\t\t\t\t\t\t\t\t\t<p class=\"elementor-icon-box-description\">\n\t\t\t\t\t\tNous pensons que la confiance, l'empathie et le respect<br>  sont aussi importants que les fournitures m\u00e9dicales.<br>  Nous sommes \u00e0 l'\u00e9coute des communaut\u00e9s, nous travaillons aux c\u00f4t\u00e9s des<br>  partenaires locaux, et traiter chaque personne que nous servons <br> en tant qu'\u00eatre humain, et non en tant que num\u00e9ro.<br> \t\t\t\t\t<\/p>\n\t\t\t\t\n\t\t\t<\/div>\n\t\t\t\n\t\t<\/div>\n\t\t\t\t\t\t<\/div>\n\t\t\t\t<div class=\"elementor-element elementor-element-a38f860 elementor-widget__width-initial elementor-widget-tablet__width-initial elementor-widget-mobile__width-inherit elementor-view-default elementor-position-top elementor-vertical-align-top elementor-widget elementor-widget-icon-box\" data-id=\"a38f860\" data-element_type=\"widget\" data-widget_type=\"icon-box.default\">\n\t\t\t\t\t\t\t<div class=\"elementor-icon-box-wrapper\">\n\n\t\t\t\t\t\t<div class=\"elementor-icon-box-icon\">\n\t\t\t\t<span  class=\"elementor-icon\">\n\t\t\t\t<i aria-hidden=\"true\" class=\"humani-icon- humani-icon-check\"><\/i>\t\t\t\t<\/span>\n\t\t\t<\/div>\n\t\t\t\n\t\t\t\t\t\t<div class=\"elementor-icon-box-content\">\n\n\t\t\t\t\t\t\t\t\t<h3 class=\"elementor-icon-box-title\">\n\t\t\t\t\t\t<span  >\n\t\t\t\t\t\t\tS'approprier l'impact.\t\t\t\t\t\t<\/span>\n\t\t\t\t\t<\/h3>\n\t\t\t\t\n\t\t\t\t\t\t\t\t\t<p class=\"elementor-icon-box-description\">\n\t\t\t\t\t\tNous assumons la responsabilit\u00e9 des r\u00e9sultats de notre travail.<br> Nous visons un impact mesurable et significatif <br>et nous sommes transparents sur la mani\u00e8re dont nous utilisons les ressources, <br>ce que nous r\u00e9alisons et ce que nous devons encore am\u00e9liorer.<br>\t\t\t\t\t<\/p>\n\t\t\t\t\n\t\t\t<\/div>\n\t\t\t\n\t\t<\/div>\n\t\t\t\t\t\t<\/div>\n\t\t\t\t<div class=\"elementor-element elementor-element-151f3eb elementor-widget__width-initial elementor-widget-tablet__width-initial elementor-widget-mobile__width-inherit elementor-view-default elementor-position-top elementor-vertical-align-top elementor-widget elementor-widget-icon-box\" data-id=\"151f3eb\" data-element_type=\"widget\" data-widget_type=\"icon-box.default\">\n\t\t\t\t\t\t\t<div class=\"elementor-icon-box-wrapper\">\n\n\t\t\t\t\t\t<div class=\"elementor-icon-box-icon\">\n\t\t\t\t<span  class=\"elementor-icon\">\n\t\t\t\t<i aria-hidden=\"true\" class=\"humani-icon- humani-icon-check\"><\/i>\t\t\t\t<\/span>\n\t\t\t<\/div>\n\t\t\t\n\t\t\t\t\t\t<div class=\"elementor-icon-box-content\">\n\n\t\t\t\t\t\t\t\t\t<h3 class=\"elementor-icon-box-title\">\n\t\t\t\t\t\t<span  >\n\t\t\t\t\t\t\tVoir le potentiel de chacun.\t\t\t\t\t\t<\/span>\n\t\t\t\t\t<\/h3>\n\t\t\t\t\n\t\t\t\t\t\t\t\t\t<p class=\"elementor-icon-box-description\">\n\t\t\t\t\t\tNous pensons que chaque personne - en particulier les enfants.<br> et les jeunes - est porteur d'un potentiel unique .<br> En prot\u00e9geant la sant\u00e9 et en apportant un soutien, .<br>nous aidons les gens \u00e0 reconstruire leur vie, \u00e0 poursuivre leurs \u00e9tudes, .<br>et contribuent de mani\u00e8re positive \u00e0 leur communaut\u00e9.<br>\t\t\t\t\t<\/p>\n\t\t\t\t\n\t\t\t<\/div>\n\t\t\t\n\t\t<\/div>\n\t\t\t\t\t\t<\/div>\n\t\t\t\t<div class=\"elementor-element elementor-element-8e500ae elementor-widget__width-initial elementor-widget-tablet__width-initial elementor-widget-mobile__width-inherit elementor-view-default elementor-position-top elementor-vertical-align-top elementor-widget elementor-widget-icon-box\" data-id=\"8e500ae\" data-element_type=\"widget\" data-widget_type=\"icon-box.default\">\n\t\t\t\t\t\t\t<div class=\"elementor-icon-box-wrapper\">\n\n\t\t\t\t\t\t<div class=\"elementor-icon-box-icon\">\n\t\t\t\t<span  class=\"elementor-icon\">\n\t\t\t\t<i aria-hidden=\"true\" class=\"humani-icon- humani-icon-check\"><\/i>\t\t\t\t<\/span>\n\t\t\t<\/div>\n\t\t\t\n\t\t\t\t\t\t<div class=\"elementor-icon-box-content\">\n\n\t\t\t\t\t\t\t\t\t<h3 class=\"elementor-icon-box-title\">\n\t\t\t\t\t\t<span  >\n\t\t\t\t\t\t\tApprendre en permanence. \t\t\t\t\t\t<\/span>\n\t\t\t\t\t<\/h3>\n\t\t\t\t\n\t\t\t\t\t\t\t\t\t<p class=\"elementor-icon-box-description\">\n\t\t\t\t\t\tNous apprenons continuellement de nos partenaires,<br> les communaut\u00e9s que nous servons et l'\u00e9volution des <br>dans le domaine de la sant\u00e9 mondiale. Nous adaptons nos programmes,<br> adopter l'innovation et rester ouvert aux nouvelles id\u00e9es<br> qui peuvent sauver des vies et am\u00e9liorer le bien-\u00eatre.<br>\t\t\t\t\t<\/p>\n\t\t\t\t\n\t\t\t<\/div>\n\t\t\t\n\t\t<\/div>\n\t\t\t\t\t\t<\/div>\n\t\t\t\t<div class=\"elementor-element elementor-element-b47b893 elementor-widget__width-initial elementor-widget-tablet__width-initial elementor-widget-mobile__width-initial elementor-hidden-phone elementor-widget elementor-widget-image\" data-id=\"b47b893\" data-element_type=\"widget\" data-widget_type=\"image.default\">\n\t\t\t\t\t\t\t\t\t\t\t\t\t\t\t<img fetchpriority=\"high\" decoding=\"async\" width=\"509\" height=\"339\" src=\"https:\/\/phfoundation.net\/wp-content\/uploads\/2021\/05\/About_core_05.jpg\" class=\"attachment-full size-full wp-image-8144\" alt=\"\" srcset=\"https:\/\/phfoundation.net\/wp-content\/uploads\/2021\/05\/About_core_05.jpg 509w, https:\/\/phfoundation.net\/wp-content\/uploads\/2021\/05\/About_core_05-300x200.jpg 300w\" sizes=\"(max-width: 509px) 100vw, 509px\" title=\"\">\t\t\t\t\t\t\t\t\t\t\t\t\t\t\t<\/div>\n\t\t\t\t\t<\/div>\n\t\t<\/div>\n\t\t\t\t\t<\/div>\n\t\t<\/div>\n\t\t\t\t\t<\/div>\n\t\t<\/div>\n\t\t\t\t\t<\/div>\n\t\t<\/div>\n\t\t\t\t<div class=\"elementor-section elementor-top-section elementor-element elementor-element-84a4ae1 elementor-section-stretched elementor-section-height-min-height elementor-section-boxed elementor-section-height-default elementor-section-items-middle\" data-id=\"84a4ae1\" data-element_type=\"section\" data-settings=\"{&quot;stretch_section&quot;:&quot;section-stretched&quot;,&quot;background_background&quot;:&quot;classic&quot;}\">\n\t\t\t\t\t\t<div class=\"elementor-container elementor-column-gap-no\">\n\t\t\t\t\t<div class=\"elementor-column elementor-col-100 elementor-top-column elementor-element elementor-element-d8ab8d4\" data-id=\"d8ab8d4\" data-element_type=\"column\">\n\t\t\t<div class=\"elementor-widget-wrap elementor-element-populated\">\n\t\t\t\t\t\t<div class=\"elementor-element elementor-element-ace5e85 elementor-widget elementor-widget-heading\" data-id=\"ace5e85\" data-element_type=\"widget\" data-widget_type=\"heading.default\">\n\t\t\t\t\t<h2 class=\"elementor-heading-title elementor-size-default\">Soutenez-nous.<\/h2>\t\t\t\t<\/div>\n\t\t\t\t<div class=\"elementor-element elementor-element-e903f42 elementor-widget elementor-widget-heading\" data-id=\"e903f42\" data-element_type=\"widget\" data-widget_type=\"heading.default\">\n\t\t\t\t\t<h2 class=\"elementor-heading-title elementor-size-default\">Lancez votre propre initiative<\/h2>\t\t\t\t<\/div>\n\t\t\t\t<div class=\"elementor-element elementor-element-033a98e elementor-widget elementor-widget-text-editor\" data-id=\"033a98e\" data-element_type=\"widget\" data-widget_type=\"text-editor.default\">\n\t\t\t\t\t\t\t\t\t<p class=\"first:mt-1.5!\">Vous pouvez soutenir la Fondation Protectiva pour la sant\u00e9 non seulement par des dons directs, mais aussi en lan\u00e7ant votre propre initiative de collecte de fonds. Rassemblez vos amis, vos coll\u00e8gues ou votre communaut\u00e9 pour collecter des fonds en faveur de nos projets sanitaires et sociaux.<\/p><p class=\"first:mt-1.5!\">Que vous soyez un donateur individuel, une entreprise, une \u00e9cole ou un groupe local, votre initiative peut nous aider \u00e0 fournir des soins de sant\u00e9 et des produits m\u00e9dicaux essentiels \u00e0 un plus grand nombre de personnes. Pour obtenir des conseils sur la mani\u00e8re de commencer, veuillez nous contacter \u00e0 l'adresse suivante<strong><a class=\"break-word\" href=\"mailto:info@phfoundation.net\" target=\"_blank\" rel=\"noopener noreferrer\">info@phfoundation.net<\/a>.<\/strong><\/p>\t\t\t\t\t\t\t\t<\/div>\n\t\t\t\t<div class=\"elementor-section elementor-inner-section elementor-element elementor-element-8c054dd elementor-section-boxed elementor-section-height-default elementor-section-height-default\" data-id=\"8c054dd\" data-element_type=\"section\">\n\t\t\t\t\t\t<div class=\"elementor-container elementor-column-gap-no\">\n\t\t\t\t\t<div class=\"elementor-column elementor-col-50 elementor-inner-column elementor-element elementor-element-3a655f4\" data-id=\"3a655f4\" data-element_type=\"column\">\n\t\t\t<div class=\"elementor-widget-wrap elementor-element-populated\">\n\t\t\t\t\t\t<div class=\"elementor-element elementor-element-1f37edb elementor-align-right elementor-mobile-align-center elementor-widget elementor-widget-button\" data-id=\"1f37edb\" data-element_type=\"widget\" data-widget_type=\"button.default\">\n\t\t\t\t\t\t\t\t\t\t<a class=\"elementor-button elementor-button-link elementor-size-sm\" href=\"#\">\n\t\t\t\t\t\t<span class=\"elementor-button-content-wrapper\">\n\t\t\t\t\t\t\t\t\t<span class=\"elementor-button-text\">DONATEURS<\/span>\n\t\t\t\t\t<\/span>\n\t\t\t\t\t<\/a>\n\t\t\t\t\t\t\t\t<\/div>\n\t\t\t\t\t<\/div>\n\t\t<\/div>\n\t\t\t\t<div class=\"elementor-column elementor-col-50 elementor-inner-column elementor-element elementor-element-f841be9\" data-id=\"f841be9\" data-element_type=\"column\">\n\t\t\t<div class=\"elementor-widget-wrap elementor-element-populated\">\n\t\t\t\t\t\t<div class=\"elementor-element elementor-element-1b10a1f elementor-mobile-align-center elementor-widget elementor-widget-button\" data-id=\"1b10a1f\" data-element_type=\"widget\" data-widget_type=\"button.default\">\n\t\t\t\t\t\t\t\t\t\t<a class=\"elementor-button elementor-button-link elementor-size-sm\" href=\"#\">\n\t\t\t\t\t\t<span class=\"elementor-button-content-wrapper\">\n\t\t\t\t\t\t\t\t\t<span class=\"elementor-button-text\">Collecte de fonds<\/span>\n\t\t\t\t\t<\/span>\n\t\t\t\t\t<\/a>\n\t\t\t\t\t\t\t\t<\/div>\n\t\t\t\t\t<\/div>\n\t\t<\/div>\n\t\t\t\t\t<\/div>\n\t\t<\/div>\n\t\t\t\t\t<\/div>\n\t\t<\/div>\n\t\t\t\t\t<\/div>\n\t\t<\/div>\n\t\t\t\t<\/div>","protected":false},"excerpt":{"rendered":"<p>We Connect People. Core Values We connect people, resources, and compassion to protect health and human dignity. Protectiva Health Foundation brings together donors, volunteers, healthcare professionals, and local communities with one shared goal: to make essential healthcare and medical products accessible to those who need them most. Our core values guide every decision we make, [&hellip;]<\/p>","protected":false},"author":1,"featured_media":0,"parent":0,"menu_order":0,"comment_status":"closed","ping_status":"closed","template":"template-homepage.php","meta":{"give_campaign_id":0,"footnotes":""},"class_list":["post-6412","page","type-page","status-publish","hentry"],"campaignId":"","jetpack_sharing_enabled":true,"_links":{"self":[{"href":"https:\/\/phfoundation.net\/fr\/wp-json\/wp\/v2\/pages\/6412","targetHints":{"allow":["GET"]}}],"collection":[{"href":"https:\/\/phfoundation.net\/fr\/wp-json\/wp\/v2\/pages"}],"about":[{"href":"https:\/\/phfoundation.net\/fr\/wp-json\/wp\/v2\/types\/page"}],"author":[{"embeddable":true,"href":"https:\/\/phfoundation.net\/fr\/wp-json\/wp\/v2\/users\/1"}],"replies":[{"embeddable":true,"href":"https:\/\/phfoundation.net\/fr\/wp-json\/wp\/v2\/comments?post=6412"}],"version-history":[{"count":0,"href":"https:\/\/phfoundation.net\/fr\/wp-json\/wp\/v2\/pages\/6412\/revisions"}],"wp:attachment":[{"href":"https:\/\/phfoundation.net\/fr\/wp-json\/wp\/v2\/media?parent=6412"}],"curies":[{"name":"wp","href":"https:\/\/api.w.org\/{rel}","templated":true}]}}