{"id":13349,"date":"2021-06-03T08:46:04","date_gmt":"2021-06-03T08:46:04","guid":{"rendered":"https:\/\/demo2wpopal.b-cdn.net\/humani\/?page_id=13349"},"modified":"2026-01-10T15:57:56","modified_gmt":"2026-01-10T15:57:56","slug":"donate","status":"publish","type":"page","link":"https:\/\/phfoundation.net\/it\/donate\/","title":{"rendered":"Donare"},"content":{"rendered":"<div data-elementor-type=\"wp-page\" data-elementor-id=\"13349\" class=\"elementor elementor-13349\">\n\t\t\t\t\t\t<div class=\"elementor-section elementor-top-section elementor-element elementor-element-63b1854 elementor-section-boxed elementor-section-height-default elementor-section-height-default\" data-id=\"63b1854\" data-element_type=\"section\">\n\t\t\t\t\t\t<div class=\"elementor-container elementor-column-gap-no\">\n\t\t\t\t\t<div class=\"elementor-column elementor-col-100 elementor-top-column elementor-element elementor-element-00a9cf2\" data-id=\"00a9cf2\" data-element_type=\"column\">\n\t\t\t<div class=\"elementor-widget-wrap elementor-element-populated\">\n\t\t\t\t\t\t<div class=\"elementor-element elementor-element-68eafe6 elementor-widget elementor-widget-text-editor\" data-id=\"68eafe6\" data-element_type=\"widget\" data-widget_type=\"text-editor.default\">\n\t\t\t\t\t\t\t\t\t<h4><strong>Il vostro sostegno ci aiuta a fornire prodotti sanitari e medici essenziali alle persone che ne hanno pi\u00f9 bisogno.<\/strong><\/h4>\t\t\t\t\t\t\t\t<\/div>\n\t\t\t\t<div class=\"elementor-element elementor-element-66f7c49 elementor-widget elementor-widget-text-editor\" data-id=\"66f7c49\" data-element_type=\"widget\" data-widget_type=\"text-editor.default\">\n\t\t\t\t\t\t\t\t\t<p class=\"first:mt-1.5!\"><strong>Fondazione Protectiva per la salute<\/strong> lavora per migliorare l'accesso ai servizi sanitari di base e ai prodotti medici, soprattutto nelle regioni in cui condizioni semplici e prevenibili possono essere fatali. Con una donazione ci aiutate a fornire screening, vaccinazioni, forniture mediche sterili, progetti per l'acqua potabile e sostegno sociale alle famiglie vulnerabili, con particolare attenzione ai bambini e alle donne. Ogni contributo, piccolo o grande che sia, trasforma la solidariet\u00e0 in azione concreta.<\/p><p class=\"first:mt-1.5!\">Siamo una fondazione giovane ma in rapida crescita. Le vostre donazioni ci permettono di lanciare nuovi programmi sanitari, sostenere cliniche e ospedali locali e rispondere rapidamente alle esigenze pi\u00f9 urgenti. Insieme, possiamo garantire che nessuna vita vada perduta solo perch\u00e9 le cure mediche di base sono fuori portata.<\/p>\t\t\t\t\t\t\t\t<\/div>\n\t\t\t\t<div class=\"elementor-element elementor-element-b0a27fa elementor-widget__width-initial elementor-widget elementor-widget-humani-give-form\" data-id=\"b0a27fa\" data-element_type=\"widget\" data-widget_type=\"humani-give-form.default\">\n\t\t\t\t<div class=\"elementor-widget-container\">\n\t\t\t\t\t\t<div id=\"give-form-25-wrap\" class=\"give-form-wrap give-display-onpage\">\n\t\t\t\t\t<form id=\"give-form-25-1\" class=\"give-form give-form-25 give-form-type-multi\" action=\"https:\/\/phfoundation.net\/it\/wp-json\/wp\/v2\/pages\/13349\/?payment-mode=paypal-commerce&#038;form-id=25\" data-id=\"25-1\" data-currency_symbol=\"&#122;&#322;\" data-currency_code=\"PLN\" data-currency_position=\"before\" data-thousands_separator=\" \" data-decimal_separator=\",\" data-number_decimals=\"2\" method=\"post\" data-trp-original-action=\"https:\/\/phfoundation.net\/it\/wp-json\/wp\/v2\/pages\/13349\/?payment-mode=paypal-commerce&form-id=25\">\n\t\t\t\t<!-- The following field is for robots only, invisible to humans: -->\n\t\t\t\t<span class=\"give-hidden\" style=\"display: none !important;\">\n\t\t\t\t\t<label for=\"give-form-honeypot-25\"><\/label>\n\t\t\t\t\t<input id=\"give-form-honeypot-25\" type=\"text\" name=\"give-honeypot\"\n\t\t\t\t\t\t   class=\"give-honeypot give-hidden\"\/>\n\t\t\t\t<\/span>\n\n\t\t\t\t\t<input type=\"hidden\" name=\"give-form-id-prefix\" value=\"25-1\"\/>\n\t<input type=\"hidden\" name=\"give-form-id\" value=\"25\"\/>\n\t<input type=\"hidden\" name=\"give-form-title\" value=\"Bose &amp; HGS Children&#039;s Sponsorship\"\/>\n\t<input type=\"hidden\" name=\"give-current-url\" value=\"https:\/\/phfoundation.net\/it\/wp-json\/wp\/v2\/pages\/13349\/\"\/>\n\t<input type=\"hidden\" name=\"give-form-url\" value=\"https:\/\/phfoundation.net\/it\/wp-json\/wp\/v2\/pages\/13349\/\"\/>\n\t\t\t<input type=\"hidden\" name=\"give-form-minimum\"\n\t\t\t   value=\"\"\/>\n\t\t<input type=\"hidden\" name=\"give-form-maximum\"\n\t\t\t   value=\"999999.99\"\/>\n\t\t<input type=\"hidden\"  name=\"give-form-hash\" value=\"9997f35f4f\" data-time=\"1777471482\" data-nonce-life=\"86400\" data-donor-session=\"0\"\/><input type=\"hidden\" name=\"give-price-id\" value=\"3\"\/>\t\t<div class=\"give-total-wrap\">\n\t\t\t<div class=\"give-donation-amount form-row-wide\">\n\t\t\t\t<span class=\"give-currency-symbol give-currency-position-before\">z\u0142<\/span>\t\t\t\t<label class=\"give-hidden\" for=\"give-amount\">Importo della donazione:<\/label>\n\t\t\t\t<input class=\"give-text-input give-amount-top\" id=\"give-amount\" name=\"give-amount\" type=\"text\" inputmode=\"decimal\"\n\t\t\t\t\t   placeholder=\"\" value=\"100,00\" autocomplete=\"off\">\n\t\t\t\t\t\t\t<\/div>\n\t\t<\/div>\n\t\t<ul id=\"give-donation-level-button-wrap\" class=\"give-donation-levels-wrap give-list-inline\"><li><button type=\"button\" data-price-id=\"0\" class=\"give-donation-level-btn give-btn give-btn-level-0\" value=\"10,00\" data-default=\"0\">z\u014210,00<\/button><\/li><li><button type=\"button\" data-price-id=\"1\" class=\"give-donation-level-btn give-btn give-btn-level-1\" value=\"25,00\" data-default=\"0\">z\u014225,00<\/button><\/li><li><button type=\"button\" data-price-id=\"2\" class=\"give-donation-level-btn give-btn give-btn-level-2\" value=\"50,00\" data-default=\"0\">z\u014250,00<\/button><\/li><li><button type=\"button\" data-price-id=\"3\" class=\"give-donation-level-btn give-btn give-btn-level-3 give-default-level\" value=\"100,00\" data-default=\"1\">z\u0142100,00<\/button><\/li><li><button type=\"button\" data-price-id=\"5\" class=\"give-donation-level-btn give-btn give-btn-level-5\" value=\"250,00\" data-default=\"0\">z\u0142250,00<\/button><\/li><li><button type=\"button\" data-price-id=\"custom\" class=\"give-donation-level-btn give-btn give-btn-level-custom\" value=\"custom\">Importo personalizzato<\/button><\/li><\/ul>\n\t<fieldset id=\"give-payment-mode-select\" style=\"display: none;\">\n\t\t\t\t<legend\n\t\t\tclass=\"give-payment-mode-label\">Seleziona il metodo di pagamento\t\t\t<span class=\"give-loading-text\"><span\n\t\t\t\t\tclass=\"give-loading-animation\"><\/span>\n\t\t\t<\/span>\n\t\t<\/legend>\n\n\t\t<div id=\"give-payment-mode-wrap\">\n\t\t\t\t\t\t<ul id=\"give-gateway-radio-list\">\n\t\t\t\t\t\t\t\t\t\t<li class=\"give-gateway-option-selected\">\n\t\t\t\t\t\t\t<input type=\"radio\" name=\"payment-mode\" class=\"give-gateway\"\n\t\t\t\t\t\t\t\t   id=\"give-gateway-paypal-commerce-25-1\"\n\t\t\t\t\t\t\t\t   value=\"paypal-commerce\" checked='checked'>\n\t\t\t\t\t\t\t<label for=\"give-gateway-paypal-commerce-25-1\"\n\t\t\t\t\t\t\t\t   class=\"give-gateway-option\"\n\t\t\t\t\t\t\t\t   id=\"give-gateway-option-paypal-commerce\"> Donazioni PayPal<\/label>\n\t\t\t\t\t\t<\/li>\n\t\t\t\t\t\t\t\t\t<\/ul>\n\t\t\t\t\t<\/div>\n\t\t\t<\/fieldset>\n\n\t\n\t<div id=\"give_purchase_form_wrap\">\n\n\t\t\t<fieldset id=\"give_checkout_user_info\" class=\"\">\n\t\t<legend>\n\t\t\tInformazioni personali\t\t<\/legend>\n\n\t\t\n        <p id=\"give-first-name-wrap\" class=\"form-row form-row-first form-row-responsive\">\n            <label class=\"give-label\" for=\"give-first\">\n                Nome                                    <span class=\"give-required-indicator\">*<\/span>\n                                <span class=\"give-tooltip hint--top hint--medium hint--bounce\" aria-label=\"Il nome \u00e8 usato per personalizzare i dati della tua donazione.\" rel=\"tooltip\"><i class=\"give-icon give-icon-question\"><\/i><\/span>            <\/label>\n            <input\n                class=\"give-input required\"\n                type=\"text\"\n                name=\"give_first\"\n                autocomplete=\"given-name\"\n                placeholder=\"Nome\"\n                id=\"give-first\"\n                value=\"\"\n                 required aria-required=\"true\"             \/>\n        <\/p>\n\n        <p id=\"give-last-name-wrap\" class=\"form-row form-row-last form-row-responsive\">\n            <label class=\"give-label\" for=\"give-last\">\n                Cognome                                <span class=\"give-tooltip hint--top hint--medium hint--bounce\" aria-label=\"Il cognome \u00e8 usato per personalizzare i dati della tua donazione.\" rel=\"tooltip\"><i class=\"give-icon give-icon-question\"><\/i><\/span>            <\/label>\n\n            <input\n                class=\"give-input\"\n                type=\"text\"\n                name=\"give_last\"\n                autocomplete=\"family-name\"\n                id=\"give-last\"\n                placeholder=\"Cognome\"\n                value=\"\"\n                            \/>\n        <\/p>\n\n        \n                <p id=\"give-email-wrap\" class=\"form-row form-row-wide\">\n            <label class=\"give-label\" for=\"give-email\">\n                Indirizzo e-mail                                    <span class=\"give-required-indicator\">*<\/span>\n                                    <span class=\"give-tooltip hint--top hint--medium hint--bounce\" aria-label=\"Invieremo la ricevuta di donazione a questo indirizzo.\" rel=\"tooltip\"><i class=\"give-icon give-icon-question\"><\/i><\/span>            <\/label>\n            <input\n                class=\"give-input required\"\n                type=\"email\"\n                name=\"give_email\"\n                autocomplete=\"email\"\n                placeholder=\"Indirizzo e-mail\"\n                id=\"give-email\"\n                value=\"\"\n                 required aria-required=\"true\"             \/>\n\n        <\/p>\n\n        \n\t\t\t\t\t<\/fieldset>\n\t\t<fieldset id=\"give_cc_fields-25\" class=\"give-do-validate\">\n\t\t<legend>Informazioni carta di credito<\/legend>\n\t\t\t\t\t<div id=\"give_secure_site_wrapper-25\">\n\t\t\t\t<span class=\"give-icon padlock\"><\/span>\n\t\t\t\t<span>Questo \u00e8 un pagamento sicuro crittografato SSL.<\/span>\n\t\t\t<\/div>\n\t\t\t\t<p id=\"give-card-number-wrap-25\" class=\"form-row form-row-two-thirds form-row-responsive\">\n\t\t\t<label for=\"card_number-25\" class=\"give-label\">\n\t\t\t\tNumero della carta\t\t\t\t<span class=\"give-required-indicator\">*<\/span>\n\t\t\t\t<span class=\"give-tooltip hint--top hint--medium hint--bounce\" aria-label=\"Le (solitamente) 16 cifre sul fronte della tua carta di credito.\" rel=\"tooltip\"><i class=\"give-icon give-icon-question\"><\/i><\/span>\t\t\t\t<span class=\"card-type\"><\/span>\n\t\t\t<\/label>\n\n\t\t\t<input type=\"tel\" autocomplete=\"off\" name=\"card_number\" id=\"card_number-25\"\n\t\t\t\t   class=\"card-number give-input required\" placeholder=\"Numero della carta\"\n\t\t\t\t   required aria-required=\"true\"\/>\n\t\t<\/p>\n\n\t\t<p id=\"give-card-cvc-wrap-25\" class=\"form-row form-row-one-third form-row-responsive\">\n\t\t\t<label for=\"card_cvc-25\" class=\"give-label\">\n\t\t\t\tCVC\t\t\t\t<span class=\"give-required-indicator\">*<\/span>\n\t\t\t\t<span class=\"give-tooltip hint--top hint--medium hint--bounce\" aria-label=\"Il valore di 3 cifre (sul retro) o 4 cifre (sul fronte) sulla tua carta.\" rel=\"tooltip\"><i class=\"give-icon give-icon-question\"><\/i><\/span>\t\t\t<\/label>\n\n\t\t\t<input type=\"tel\" size=\"4\" autocomplete=\"off\" name=\"card_cvc\" id=\"card_cvc-25\"\n\t\t\t\t   class=\"card-cvc give-input required\" placeholder=\"CVC\"\n\t\t\t\t   required aria-required=\"true\"\/>\n\t\t<\/p>\n\n\t\t<p id=\"give-card-name-wrap-25\" class=\"form-row form-row-two-thirds form-row-responsive\">\n\t\t\t<label for=\"card_name-25\" class=\"give-label\">\n\t\t\t\tNome intestatario carta\t\t\t\t<span class=\"give-required-indicator\">*<\/span>\n\t\t\t\t<span class=\"give-tooltip hint--top hint--bounce\" aria-label=\"Il nome dell&#039;intestatario della carta di credito.\" rel=\"tooltip\"><i class=\"give-icon give-icon-question\"><\/i><\/span>\t\t\t<\/label>\n\n\t\t\t<input type=\"text\" autocomplete=\"off\" name=\"card_name\" id=\"card_name-25\"\n\t\t\t\t   class=\"card-name give-input required\" placeholder=\"Nome intestatario carta\"\n\t\t\t\t   required aria-required=\"true\"\/>\n\t\t<\/p>\n\t\t\t\t<p class=\"card-expiration form-row form-row-one-third form-row-responsive\">\n\t\t\t<label for=\"card_expiry-25\" class=\"give-label\">\n\t\t\t\tScadenza\t\t\t\t<span class=\"give-required-indicator\">*<\/span>\n\t\t\t\t<span class=\"give-tooltip hint--top hint--medium hint--bounce\" aria-label=\"La data di scadenza della carta di credito, in genere sul fronte della carta.\" rel=\"tooltip\"><i class=\"give-icon give-icon-question\"><\/i><\/span>\t\t\t<\/label>\n\n\t\t\t<input type=\"hidden\" id=\"card_exp_month-25\" name=\"card_exp_month\"\n\t\t\t\t   class=\"card-expiry-month\"\/>\n\t\t\t<input type=\"hidden\" id=\"card_exp_year-25\" name=\"card_exp_year\"\n\t\t\t\t   class=\"card-expiry-year\"\/>\n\n\t\t\t<input type=\"tel\" autocomplete=\"off\" name=\"card_expiry\" id=\"card_expiry-25\"\n\t\t\t\t   class=\"card-expiry give-input required\" placeholder=\"MM \/ AA\"\n\t\t\t\t   required aria-required=\"true\"\/>\n\t\t<\/p>\n\t\t\t<\/fieldset>\n\t\t<fieldset id=\"give_terms_agreement\">\n\t\t<legend>Termini<\/legend>\n\t\t<div id=\"give_terms\" class=\"give_terms-25\" style=\"display:none;\">\n\t\t\t<p>L'accettazione di qualsiasi contributo, dono o sovvenzione \u00e8 a discrezione di Protectiva Health Foundation (\"Protectiva\"). Protectiva non accetter\u00e0 alcuna donazione se non potr\u00e0 essere utilizzata o spesa coerentemente con lo scopo e la missione di Protectiva.<\/p>\n<p>Non sar\u00e0 accettata alcuna donazione irrevocabile, sia essa a titolo definitivo o vitalizio, se in qualsiasi ragionevole circostanza la donazione dovesse mettere a repentaglio la sicurezza finanziaria del donatore.<\/p>\n<p>Protectiva si astiene dal fornire consigli sul trattamento fiscale o di altro tipo delle donazioni e incoraggia i donatori a rivolgersi ai propri consulenti professionali per essere assistiti nel processo di donazione.<\/p>\n<p>Protectiva accetter\u00e0 donazioni in denaro o in titoli quotati in borsa. I doni di servizi in natura saranno accettati a discrezione di Protectiva.<\/p>\n<p>Alcuni altri doni, beni immobili, beni personali, doni in natura, titoli non liquidi e contributi le cui fonti non sono trasparenti o il cui uso \u00e8 in qualche modo limitato, devono essere esaminati prima dell'accettazione a causa degli obblighi speciali sollevati o delle responsabilit\u00e0 che possono comportare per Protectiva.<\/p>\n<p>Protectiva fornir\u00e0 ai donatori una ricevuta che soddisfi i requisiti legali e fiscali applicabili ai beni ricevuti da Protectiva come dono. Tuttavia, fatta eccezione per i doni in contanti e i titoli quotati in borsa, non sar\u00e0 attribuito alcun valore a qualsiasi ricevuta o altra forma di documentazione di un dono ricevuto da Protectiva.<\/p>\n<p>Protectiva rispetter\u00e0 le intenzioni del donatore per quanto riguarda le donazioni a scopo limitato e quelle relative al desiderio di rimanere anonimo. Per quanto riguarda le donazioni anonime, Protectiva limiter\u00e0 le informazioni sul donatore solo ai membri del personale che hanno la necessit\u00e0 di conoscerle.<\/p>\n<p>Protectiva non compenser\u00e0, n\u00e9 attraverso commissioni, n\u00e9 con altri mezzi, alcuna terza parte per aver indirizzato una donazione o un donatore a Protectiva.<\/p>\n\t\t<\/div>\n\t\t<div id=\"give_show_terms\">\n\t\t\t<a href=\"#\" class=\"give_terms_links give_terms_links-25\" role=\"button\"\n\t\t\t   aria-controls=\"give_terms\">Visualizza Termini<\/a>\n\t\t\t<a href=\"#\" class=\"give_terms_links give_terms_links-25\" role=\"button\"\n\t\t\t   aria-controls=\"give_terms\" style=\"display:none;\">Nascondi termini<\/a>\n\t\t<\/div>\n\n\t\t<input name=\"give_agree_to_terms\" class=\"required\" type=\"checkbox\"\n\t\t\t   id=\"give_agree_to_terms-25\" value=\"1\" required aria-required=\"true\"\/>\n\t\t<label for=\"give_agree_to_terms-25\">Accettare le condizioni?<\/label>\n\n\t<\/fieldset>\n\t\t<fieldset id=\"give_purchase_submit\" class=\"give-donation-submit\">\n\t\t\t<p id=\"give-final-total-wrap\" class=\"form-wrap\">\n\t\t\t\t<span class=\"give-donation-total-label\">\n\t\t\tTotale della donazione:\t\t<\/span>\n\t\t<span class=\"give-final-total-amount\"\n\t\t\t  data-total=\"100,00\">\n\t\t\tz\u0142100,00\t\t<\/span>\n\t\t\t<\/p>\n\t\t<input type=\"hidden\" name=\"give_action\" value=\"purchase\"\/>\n\t<input type=\"hidden\" name=\"give-gateway\" value=\"paypal-commerce\"\/>\n\t\t<div class=\"give-submit-button-wrap give-clearfix\">\n\t\t<input type=\"submit\" class=\"give-submit give-btn\" id=\"give-purchase-button\" name=\"give-purchase\"\n\t\t\t   value=\"Donare ora\" data-before-validation-label=\"Donate Now\"\/>\n\t\t<span class=\"give-loading-animation\"><\/span>\n\t<\/div>\n\t\t<\/fieldset>\n\t\n\t<\/div>\n\n\t\t\t\t<input type=\"hidden\" name=\"trp-form-language\" value=\"it\"\/><\/form>\n\n\t\t\t\n\t<\/div><!--end #give-form-25-->\n\t\t\t\t\t<\/div>\n\t\t\t\t<\/div>\n\t\t\t\t<div class=\"elementor-element elementor-element-5666e19 elementor-widget elementor-widget-spacer\" data-id=\"5666e19\" data-element_type=\"widget\" data-widget_type=\"spacer.default\">\n\t\t\t\t\t\t\t<div class=\"elementor-spacer\">\n\t\t\t<div class=\"elementor-spacer-inner\"><\/div>\n\t\t<\/div>\n\t\t\t\t\t\t<\/div>\n\t\t\t\t<div class=\"elementor-element elementor-element-5d336e9 elementor-widget elementor-widget-text-editor\" data-id=\"5d336e9\" data-element_type=\"widget\" data-widget_type=\"text-editor.default\">\n\t\t\t\t\t\t\t\t\t<p class=\"first:mt-1.5!\"><strong>Effettuare una donazione tramite bonifico bancario<\/strong><\/p><p class=\"first:mt-1.5!\">Per i donatori che preferiscono effettuare una donazione alla Protectiva Health Foundation tramite bonifico bancario, di seguito sono riportate le nostre coordinate bancarie. Vi preghiamo di includere il vostro nome e cognome e, se possibile, lo scopo della vostra donazione nel riferimento\/descrizione del bonifico. Questo ci aiuter\u00e0 a tracciare con precisione la vostra donazione.<\/p><p class=\"first:mt-1.5!\"><strong>Dettagli bancari:<\/strong><\/p><p class=\"first:mt-1.5!\">Santander Bank Polska S.A<br \/>Swift: WBKPPLPPXXX<br \/>PLN IBAN: PL29 1090 1450 0000 0001 6249 8886<br \/>Euro IBAN: PL12 1090 1450 0000 0001 6249 9871<\/p><hr \/><p class=\"first:mt-1.5!\">Grazie per il vostro generoso sostegno. Vi auguriamo salute e felicit\u00e0.<\/p>\t\t\t\t\t\t\t\t<\/div>\n\t\t\t\t\t<\/div>\n\t\t<\/div>\n\t\t\t\t\t<\/div>\n\t\t<\/div>\n\t\t\t\t<\/div>","protected":false},"excerpt":{"rendered":"<p>Your support helps us deliver essential healthcare and medical products to people who need them most. Protectiva Health Foundation works to improve access to basic healthcare services and medical products, especially in regions where simple, preventable conditions can still be fatal. By donating, you help us provide screenings, vaccinations, sterile medical supplies, clean water projects, [&hellip;]<\/p>","protected":false},"author":1,"featured_media":0,"parent":0,"menu_order":0,"comment_status":"closed","ping_status":"closed","template":"","meta":{"give_campaign_id":0,"footnotes":""},"class_list":["post-13349","page","type-page","status-publish","hentry"],"campaignId":"","jetpack_sharing_enabled":true,"_links":{"self":[{"href":"https:\/\/phfoundation.net\/it\/wp-json\/wp\/v2\/pages\/13349","targetHints":{"allow":["GET"]}}],"collection":[{"href":"https:\/\/phfoundation.net\/it\/wp-json\/wp\/v2\/pages"}],"about":[{"href":"https:\/\/phfoundation.net\/it\/wp-json\/wp\/v2\/types\/page"}],"author":[{"embeddable":true,"href":"https:\/\/phfoundation.net\/it\/wp-json\/wp\/v2\/users\/1"}],"replies":[{"embeddable":true,"href":"https:\/\/phfoundation.net\/it\/wp-json\/wp\/v2\/comments?post=13349"}],"version-history":[{"count":0,"href":"https:\/\/phfoundation.net\/it\/wp-json\/wp\/v2\/pages\/13349\/revisions"}],"wp:attachment":[{"href":"https:\/\/phfoundation.net\/it\/wp-json\/wp\/v2\/media?parent=13349"}],"curies":[{"name":"wp","href":"https:\/\/api.w.org\/{rel}","templated":true}]}}