{"id":15,"date":"2026-01-22T18:49:01","date_gmt":"2026-01-22T18:49:01","guid":{"rendered":"https:\/\/phfoundation.net\/?page_id=15"},"modified":"2026-01-22T19:03:19","modified_gmt":"2026-01-22T19:03:19","slug":"fundraising-campaign","status":"publish","type":"page","link":"https:\/\/phfoundation.net\/it\/fundraising-campaign\/","title":{"rendered":"Campagna di raccolta fondi"},"content":{"rendered":"<div class=\"wp-block-columns is-layout-flex wp-container-core-columns-is-layout-62db62f3 wp-block-columns-is-layout-flex\" style=\"padding-top:0;padding-bottom:0\">\n<div class=\"wp-block-column is-vertically-aligned-stretch is-layout-flow wp-block-column-is-layout-flow\" style=\"flex-basis:60%\"><figure style=\"aspect-ratio:16\/9;width:100%;height:100%;\" class=\"wp-block-post-featured-image\"><img fetchpriority=\"high\" decoding=\"async\" width=\"960\" height=\"544\" src=\"https:\/\/phfoundation.net\/wp-content\/uploads\/2022\/12\/h17_tab04.jpg\" class=\"attachment-post-thumbnail size-post-thumbnail wp-post-image\" alt=\"\" style=\"border-radius:8px;width:100%;height:100%;object-fit:cover;\" srcset=\"https:\/\/phfoundation.net\/wp-content\/uploads\/2022\/12\/h17_tab04.jpg 960w, https:\/\/phfoundation.net\/wp-content\/uploads\/2022\/12\/h17_tab04-600x340.jpg 600w, https:\/\/phfoundation.net\/wp-content\/uploads\/2022\/12\/h17_tab04-300x170.jpg 300w, https:\/\/phfoundation.net\/wp-content\/uploads\/2022\/12\/h17_tab04-768x435.jpg 768w\" sizes=\"(max-width: 960px) 100vw, 960px\" title=\"\"><\/figure><\/div>\n\n\n\n<div class=\"wp-block-column is-vertically-aligned-stretch is-layout-flow wp-block-column-is-layout-flow\">\n<div class=\"wp-block-group is-vertical is-content-justification-stretch is-layout-flex wp-container-core-group-is-layout-628836ec wp-block-group-is-layout-flex\" style=\"min-height:100%\">\n<div style=\"--givewp-primary-color: #0b72d9; --givewp-secondary-color: #27ae60;\" class=\"wp-block-givewp-campaign-goal\">\n    <div data-givewp-campaign-goal data-id=\"1\"><\/div>\n<\/div>\n\n\n\n<div class=\"wp-block-group wp-container-content-9cfa9a5a is-vertical is-layout-flex wp-container-core-group-is-layout-8cf370e7 wp-block-group-is-layout-flex\">\n<div class=\"givewp-campaign-stats-block wp-block-givewp-campaign-stats-block\">\n    <span>Donazione pi\u00f9 alta<\/span>\n    <strong>z\u01420,00<\/strong>\n<\/div>\n\n\n\n<div class=\"givewp-campaign-stats-block wp-block-givewp-campaign-stats-block\">\n    <span>Donazione media<\/span>\n    <strong>z\u01420,00<\/strong>\n<\/div>\n<\/div>\n\n\n\n<div style=\"--givewp-primary-color: #0b72d9;\" class=\"givewp-campaign-donate-button-block wp-block-givewp-campaign-donate-button\">\n    <button type=\"button\" class=\"givewp-donation-form-modal__open\">Dona<\/button><\/div>\n<\/div>\n<\/div>\n<\/div>\n\n\n\n<p><\/p>\n\n\n\n<p><strong>Aiuto d'emergenza pilota: speranza per i bambini nelle zone di conflitto<\/strong><\/p>\n\n\n\n<p><strong>Fornire forniture mediche, acqua pulita e un rifugio sicuro alle persone pi\u00f9 vulnerabili.<\/strong><\/p>\n\n\n\n<hr class=\"wp-block-separator has-alpha-channel-opacity\"\/>\n\n\n\n<h3 class=\"wp-block-heading\">Paragrafo introduttivo (Perch\u00e9 questa campagna esiste)<\/h3>\n\n\n\n<p>Nelle zone di conflitto attivo, i bambini sono spesso vittime silenziose e invisibili. L'accesso ai bisogni pi\u00f9 elementari - acqua pulita, prodotti per l'igiene, pannolini e cure mediche essenziali - scompare da un giorno all'altro. Le famiglie vengono sfollate, i sistemi sanitari collassano e le malattie prevenibili si diffondono rapidamente.<\/p>\n\n\n\n<p>La Fondazione Protectiva per la Salute sta lanciando un <strong>Campagna pilota per gli aiuti di emergenza<\/strong> per rispondere a questi bisogni urgenti. Con il vostro sostegno, forniremo assistenza salvavita direttamente ai bambini e alle famiglie che vivono nelle aree colpite dalla guerra o nelle vicinanze.<\/p>\n\n\n\n<hr class=\"wp-block-separator has-alpha-channel-opacity\"\/>\n\n\n\n<h3 class=\"wp-block-heading\">Cosa far\u00e0 questa campagna pilota<\/h3>\n\n\n\n<p>Attraverso questo progetto pilota, ci proponiamo di:<\/p>\n\n\n\n<ol class=\"wp-block-list\">\n<li><strong>Fornire assistenza medica<\/strong><br>Fornire kit medici di base, materiale di primo soccorso e farmaci essenziali ai partner locali, alle cliniche sul campo e agli operatori sanitari volontari che sostengono bambini e famiglie.<\/li>\n\n\n\n<li><strong>Supporto all'igiene e alla cura dei neonati<\/strong><br>Distribuire kit per l'igiene, tra cui sapone, prodotti sanitari, pannolini per bambini e altri articoli essenziali che proteggono i bambini e chi li assiste da infezioni e malattie.<\/li>\n\n\n\n<li><strong>Accesso sicuro all'acqua pulita<\/strong><br>Sostenere l'installazione o il ripristino di <strong>pozzi di acqua pulita<\/strong> e semplici sistemi di filtraggio nelle aree in cui l'acqua potabile \u00e8 scarsa o contaminata.<\/li>\n\n\n\n<li><strong>Fornire riparo e protezione di emergenza<\/strong><br>Aiutate a creare rifugi temporanei sicuri e a fornire biancheria di base e articoli protettivi per i bambini sfollati e le loro famiglie.<\/li>\n<\/ol>\n\n\n\n<hr class=\"wp-block-separator has-alpha-channel-opacity\"\/>\n\n\n\n<h3 class=\"wp-block-heading\">Perch\u00e9 una campagna pilota?<\/h3>\n\n\n\n<p>Questo \u00e8 un <strong>missione pilota<\/strong>, Ci\u00f2 significa che stiamo iniziando con un'operazione mirata e attentamente progettata in un paese e in una regione selezionati. L'obiettivo \u00e8 quello di:<\/p>\n\n\n\n<ul class=\"wp-block-list\">\n<li>Testare e migliorare il nostro <strong>logistica e percorsi di consegna<\/strong> in ambienti difficili e insicuri.<\/li>\n\n\n\n<li>Costruite un'azienda di fiducia <strong>rete di partner locali<\/strong> a terra.<\/li>\n\n\n\n<li>Assicurarsi che <strong>ogni euro viene utilizzato in modo efficiente e trasparente<\/strong> prima di passare a operazioni pi\u00f9 grandi.<\/li>\n<\/ul>\n\n\n\n<p>Il vostro sostegno in questa fase pilota ci aiuter\u00e0 a creare un modello forte ed efficace che potr\u00e0 essere successivamente ampliato per raggiungere un numero ancora maggiore di bambini bisognosi.<\/p>\n\n\n\n<hr class=\"wp-block-separator has-alpha-channel-opacity\"\/>\n\n\n\n<h3 class=\"wp-block-heading\">Come la vostra donazione pu\u00f2 essere d'aiuto<\/h3>\n\n\n\n<ul class=\"wp-block-list\">\n<li><strong>\u20ac25<\/strong> pu\u00f2 fornire i prodotti essenziali per l'igiene e i pannolini per un bambino e per chi se ne prende cura.<\/li>\n\n\n\n<li><strong>\u20ac50<\/strong> pu\u00f2 contribuire a fornire kit medici di base a una piccola comunit\u00e0.<\/li>\n\n\n\n<li><strong>\u20ac100<\/strong> possono contribuire ai costi di perforazione o riparazione di una fonte d'acqua pulita.<\/li>\n\n\n\n<li><strong>250 euro e oltre<\/strong> possono sostenere la creazione di spazi di accoglienza sicuri per le famiglie sfollate.<\/li>\n<\/ul>\n\n\n\n<p>Ogni contributo, indipendentemente dall'entit\u00e0, ci porta un passo pi\u00f9 vicino alla protezione di un bambino, al ripristino della dignit\u00e0 e alla speranza delle famiglie nel bel mezzo del conflitto.<\/p>\n\n\n\n<hr class=\"wp-block-separator has-alpha-channel-opacity\"\/>\n\n\n\n<h3 class=\"wp-block-heading\">Trasparenza e responsabilit\u00e0<\/h3>\n\n\n\n<p>La Fondazione Protectiva Health \u00e8 registrata in Polonia e opera in linea con gli standard umanitari e finanziari internazionali. Tutte le donazioni a questa campagna saranno <strong>limitato alle attivit\u00e0 di soccorso di emergenza<\/strong> per i bambini e le famiglie colpite dal conflitto, come descritto sopra.<\/p>\n\n\n\n<p>Per saperne di pi\u00f9 su come gestiamo e rendicontiamo le donazioni, consultate il nostro sito web<br><a href=\"https:\/\/phfoundation.net\/it\/donation-transparency\/\" target=\"_blank\" rel=\"noreferrer noopener\">Trasparenza delle donazioni<\/a> e<br><a href=\"https:\/\/phfoundation.net\/it\/donation-terms-conditions\/\" target=\"_blank\" rel=\"noreferrer noopener\">Termini e condizioni delle donazioni<\/a> pagine.<\/p>\n\n\n\n<hr class=\"wp-block-separator has-alpha-channel-opacity\"\/>\n\n\n\n<h3 class=\"wp-block-heading\">Invito all'azione (chiusura)<\/h3>\n\n\n\n<p><strong>Siate i primi a schierarvi con loro.<\/strong><\/p>\n\n\n\n<p>Sostenendo questa campagna pilota, ci aiutate a portare cure mediche, igiene, acqua pulita e un rifugio sicuro ai bambini che altrimenti sarebbero abbandonati nelle zone di guerra.<\/p>\n\n\n\n<p>Scegliete un importo qui sopra e fate la vostra donazione oggi stesso.<br>Insieme, possiamo trasformare l'emergenza in speranza.<\/p>\n\n\n<div\n    class=\"givewp-campaign-donations-block wp-block-givewp-campaign-donations\"    style=\"--givewp-primary-color: #0b72d9; --givewp-secondary-color: #27ae60;\">\n    <div class=\"givewp-campaign-donations-block__header\">\n        <h2 class=\"givewp-campaign-donations-block__title\">Donazioni recenti<\/h2>\n            <\/div>\n\n            <div class=\"givewp-campaign-donations-block__empty-state\">\n            <h3 class=\"givewp-campaign-donations-block__empty-title\">\n                Ogni campagna comincia con una donazione.            <\/h3>\n            <p class=\"givewp-campaign-donations-block__empty-description\">\n                Siate voi a farlo accadere!            <\/p>\n\n            <div class=\"givewp-campaign-donations-block__empty-icon\">\n                <svg width=\"40\" height=\"40\" viewbox=\"0 0 40 40\"\n     fill=\"none\" xmlns=\"http:\/\/www.w3.org\/2000\/svg\">\n    <path\n        d=\"M11.6628 31.6719H28.3294M31.6628 26.6719C32.9578 26.7102 33.7294 26.8552 34.2628 27.3902C34.9961 28.1235 34.9961 29.3035 34.9961 31.6652C34.9961 34.0252 34.9961 35.2052 34.2628 35.9385C33.5311 36.6719 32.3528 36.6719 29.9961 36.6719H9.99609C7.63943 36.6719 6.46109 36.6719 5.72943 35.9385C4.99776 35.2052 4.99609 34.0252 4.99609 31.6652C4.99609 29.3052 4.99609 28.1235 5.72943 27.3902C6.26276 26.8569 7.03443 26.7102 8.32943 26.6719\"\n        stroke=\"currentColor\" stroke-width=\"2.5\" stroke-linecap=\"round\"\n        stroke-linejoin=\"round\" \/>\n    <path\n        d=\"M23.8559 31.6691C24.4744 31.1394 24.9712 30.4822 25.3121 29.7426C25.653 29.003 25.8299 28.1984 25.8309 27.3841C25.8309 24.2274 23.2192 21.6691 19.9975 21.6691C16.7759 21.6691 14.1642 24.2274 14.1642 27.3841C14.1651 28.1984 14.3421 29.003 14.683 29.7426C15.0239 30.4822 15.5206 31.1394 16.1392 31.6691M33.3309 16.6691H29.3392C28.8492 16.6691 28.3659 16.5591 27.9275 16.3457L24.5242 14.6991C24.0833 14.4868 23.6002 14.3769 23.1109 14.3774H21.3742C19.6942 14.3774 18.3309 13.0591 18.3309 11.4324C18.3309 11.3657 18.3759 11.3091 18.4409 11.2907L22.6759 10.1207C23.4356 9.91029 24.2459 9.98314 24.9559 10.3257L28.5942 12.0857M18.3309 12.5024L10.6759 14.8541C10.0094 15.0586 9.29545 15.0473 8.6358 14.8219C7.97614 14.5966 7.40453 14.1686 7.00254 13.5991C6.38754 12.7491 6.63754 11.5291 7.5342 11.0124L20.0592 3.78407C20.4508 3.55747 20.8845 3.41297 21.3338 3.35939C21.7831 3.30581 22.2386 3.34426 22.6725 3.4724L33.3309 6.63573\"\n        stroke=\"currentColor\" stroke-width=\"2.5\" stroke-linecap=\"round\"\n        stroke-linejoin=\"round\" \/>\n<\/svg>\n            <\/div>\n\n                            <div class=\"givewp-campaign-donations-block__empty-button\">\n                    <button type=\"button\" class=\"givewp-donation-form-modal__open\">Diventa il primo<\/button>                <\/div>\n                    <\/div>\n    <\/div>\n\n\n<div\n    class=\"givewp-campaign-donors-block wp-block-givewp-campaign-donors\"    style=\"--givewp-primary-color: #0b72d9; --givewp-secondary-color: #27ae60;\">\n    <div class=\"givewp-campaign-donors-block__header\">\n        <h2 class=\"givewp-campaign-donors-block__title\">Donatori in evidenza<\/h2>\n            <\/div>\n\n            <div class=\"givewp-campaign-donors-block__empty-state\">\n            <h3 class=\"givewp-campaign-donors-block__empty-title\">\n                Non c&#039;\u00e8 ancora nessun donatore in evidenza da elencare.            <\/h3>\n            <p class=\"givewp-campaign-donors-block__empty-description\">\n                Diventa il primo a fare la differenza!            <\/p>\n\n            <div class=\"givewp-campaign-donors-block__empty-icon\">\n                <svg  width=\"40\" height=\"40\" viewbox=\"0 0 40 40\"\n     fill=\"none\" xmlns=\"http:\/\/www.w3.org\/2000\/svg\">\n    <path\n        d=\"M5 33.333c3.893-4.129 9.178-6.666 15-6.666 5.822 0 11.107 2.537 15 6.666M27.5 12.5a7.5 7.5 0 1 1-15 0 7.5 7.5 0 0 1 15 0z\"\n        stroke=\"currentColor\" stroke-width=\"3.333\" stroke-linecap=\"round\"\n        stroke-linejoin=\"round\" \/>\n<\/svg>\n            <\/div>\n\n                            <div class=\"givewp-campaign-donors-block__empty-button\">\n                    <button type=\"button\" class=\"givewp-donation-form-modal__open\">Diventa il primo donatore<\/button>                <\/div>\n                    <\/div>\n    <\/div>","protected":false},"excerpt":{"rendered":"<p>Emergency Relief Pilot: Hope for Children in Conflict Zones Fornire forniture mediche, acqua potabile e alloggi sicuri ai pi\u00f9 vulnerabili. Nelle zone di conflitto attivo, i bambini sono spesso vittime silenziose e invisibili. L'accesso ai bisogni pi\u00f9 elementari - acqua pulita, prodotti per l'igiene, pannolini e cure mediche essenziali [...]<\/p>","protected":false},"author":1,"featured_media":17546,"parent":0,"menu_order":0,"comment_status":"closed","ping_status":"closed","template":"","meta":{"give_campaign_id":1,"footnotes":""},"class_list":["post-15","page","type-page","status-publish","has-post-thumbnail","hentry"],"campaignId":"1","jetpack_sharing_enabled":true,"_links":{"self":[{"href":"https:\/\/phfoundation.net\/it\/wp-json\/wp\/v2\/pages\/15","targetHints":{"allow":["GET"]}}],"collection":[{"href":"https:\/\/phfoundation.net\/it\/wp-json\/wp\/v2\/pages"}],"about":[{"href":"https:\/\/phfoundation.net\/it\/wp-json\/wp\/v2\/types\/page"}],"author":[{"embeddable":true,"href":"https:\/\/phfoundation.net\/it\/wp-json\/wp\/v2\/users\/1"}],"replies":[{"embeddable":true,"href":"https:\/\/phfoundation.net\/it\/wp-json\/wp\/v2\/comments?post=15"}],"version-history":[{"count":0,"href":"https:\/\/phfoundation.net\/it\/wp-json\/wp\/v2\/pages\/15\/revisions"}],"wp:featuredmedia":[{"embeddable":true,"href":"https:\/\/phfoundation.net\/it\/wp-json\/wp\/v2\/media\/17546"}],"wp:attachment":[{"href":"https:\/\/phfoundation.net\/it\/wp-json\/wp\/v2\/media?parent=15"}],"curies":[{"name":"wp","href":"https:\/\/api.w.org\/{rel}","templated":true}]}}