{"id":19648,"date":"2026-01-06T17:43:19","date_gmt":"2026-01-06T17:43:19","guid":{"rendered":"https:\/\/phfoundation.net\/?page_id=19648"},"modified":"2026-01-06T19:58:35","modified_gmt":"2026-01-06T19:58:35","slug":"donation-transparency","status":"publish","type":"page","link":"https:\/\/phfoundation.net\/it\/donation-transparency\/","title":{"rendered":"Trasparenza delle donazioni"},"content":{"rendered":"<p><\/p>\n\n\n\n<p><strong>Ultimo aggiornamento:<\/strong> 6 gennaio 2026<\/p>\n\n\n\n<h4 class=\"wp-block-heading\">1. Il nostro impegno per la trasparenza<\/h4>\n\n\n\n<p>Protectiva Health Foundation crede che la trasparenza sia il fondamento della fiducia. Ci impegniamo a garantire che ogni donazione sia utilizzata in modo efficace ed etico per adempiere alla nostra missione di rendere l'assistenza sanitaria accessibile a tutti.<\/p>\n\n\n\n<h4 class=\"wp-block-heading\">2. Assegnazione dei fondi<\/h4>\n\n\n\n<p>Ci sforziamo di massimizzare l'impatto di ogni contributo. I nostri fondi sono generalmente assegnati come segue:<\/p>\n\n\n\n<ul class=\"wp-block-list\">\n<li><strong>Servizi del programma:<\/strong> Sostegno diretto a prodotti medici, screening sanitari e progetti sanitari comunitari.<\/li>\n\n\n\n<li><strong>Risposta alle emergenze:<\/strong> Rapido dispiegamento di risorse durante le crisi sanitarie o i disastri.<\/li>\n\n\n\n<li><strong>Supporto operativo:<\/strong> Costi amministrativi e di raccolta fondi essenziali che ci permettono di mantenere un'organizzazione sicura e professionale.<\/li>\n<\/ul>\n\n\n\n<h4 class=\"wp-block-heading\">3. Rendicontazione e responsabilit\u00e0<\/h4>\n\n\n\n<p>Forniamo aggiornamenti regolari sui nostri progetti attraverso il nostro <a href=\"https:\/\/phfoundation.net\/it\/blog\/\" target=\"_blank\" rel=\"noreferrer noopener\">Blog<\/a> e relazioni annuali sull'impatto. Questi rapporti illustrano la nostra salute finanziaria, il numero di persone raggiunte e i risultati specifici delle nostre iniziative sanitarie.<\/p>\n\n\n\n<h4 class=\"wp-block-heading\">4. Donazioni designate<\/h4>\n\n\n\n<p>Se un donatore specifica che il suo contributo \u00e8 destinato a un progetto particolare (ad esempio, \u201cSalute dei bambini nell'Europa dell'Est\u201d), noi rispettiamo questa intenzione. Se un progetto viene sovrafinanziato o non pu\u00f2 essere portato a termine, reindirizzeremo i fondi verso il progetto pi\u00f9 urgente, in conformit\u00e0 con il nostro programma. <a href=\"https:\/\/phfoundation.net\/it\/donation-terms-conditions\/\" data-type=\"page\" data-id=\"19640\" target=\"_blank\" rel=\"noreferrer noopener\">Termini e condizioni delle donazioni<\/a>.<\/p>\n\n\n\n<h4 class=\"wp-block-heading\">5. Audit esterni<\/h4>\n\n\n\n<p>Per garantire i pi\u00f9 alti standard di integrit\u00e0 finanziaria, ci sottoponiamo a revisioni periodiche interne ed esterne delle nostre pratiche finanziarie e dell'impatto dei progetti.<\/p>\n\n\n\n<p><\/p>","protected":false},"excerpt":{"rendered":"<p>Last Updated: January 6, 2026 1. Our Commitment to Transparency Protectiva Health Foundation believes that transparency is the foundation of trust. We are committed to ensuring that every donation is used effectively and ethically to fulfill our mission of making healthcare accessible to all. 2. Allocation of Funds We strive to maximize the impact of [&hellip;]<\/p>","protected":false},"author":1,"featured_media":0,"parent":0,"menu_order":0,"comment_status":"closed","ping_status":"closed","template":"template-homepage.php","meta":{"give_campaign_id":0,"footnotes":""},"class_list":["post-19648","page","type-page","status-publish","hentry"],"campaignId":"","jetpack_sharing_enabled":true,"_links":{"self":[{"href":"https:\/\/phfoundation.net\/it\/wp-json\/wp\/v2\/pages\/19648","targetHints":{"allow":["GET"]}}],"collection":[{"href":"https:\/\/phfoundation.net\/it\/wp-json\/wp\/v2\/pages"}],"about":[{"href":"https:\/\/phfoundation.net\/it\/wp-json\/wp\/v2\/types\/page"}],"author":[{"embeddable":true,"href":"https:\/\/phfoundation.net\/it\/wp-json\/wp\/v2\/users\/1"}],"replies":[{"embeddable":true,"href":"https:\/\/phfoundation.net\/it\/wp-json\/wp\/v2\/comments?post=19648"}],"version-history":[{"count":0,"href":"https:\/\/phfoundation.net\/it\/wp-json\/wp\/v2\/pages\/19648\/revisions"}],"wp:attachment":[{"href":"https:\/\/phfoundation.net\/it\/wp-json\/wp\/v2\/media?parent=19648"}],"curies":[{"name":"wp","href":"https:\/\/api.w.org\/{rel}","templated":true}]}}