{"id":19654,"date":"2026-01-06T17:45:04","date_gmt":"2026-01-06T17:45:04","guid":{"rendered":"https:\/\/phfoundation.net\/?page_id=19654"},"modified":"2026-01-06T20:02:02","modified_gmt":"2026-01-06T20:02:02","slug":"anti-fraud-ethics-policy","status":"publish","type":"page","link":"https:\/\/phfoundation.net\/it\/anti-fraud-ethics-policy\/","title":{"rendered":"Politica antifrode ed etica"},"content":{"rendered":"<p><\/p>\n\n\n\n<p><strong>Ultimo aggiornamento:<\/strong> 6 gennaio 2026<\/p>\n\n\n\n<h4 class=\"wp-block-heading\">1. Standard etici<\/h4>\n\n\n\n<p>Protectiva Health Foundation opera con i pi\u00f9 alti standard di integrit\u00e0, onest\u00e0 e correttezza. Abbiamo tolleranza zero per la corruzione, il riciclaggio di denaro o qualsiasi forma di attivit\u00e0 fraudolenta.<\/p>\n\n\n\n<h4 class=\"wp-block-heading\">2. Prevenzione delle frodi<\/h4>\n\n\n\n<p>Attuiamo rigorosi controlli interni per proteggere le nostre risorse e le donazioni che ci vengono affidate. Ci\u00f2 include:<\/p>\n\n\n\n<ul class=\"wp-block-list\">\n<li>Monitoraggio regolare delle transazioni finanziarie.<\/li>\n\n\n\n<li>Due diligence su tutti i partner, i fornitori e i principali donatori.<\/li>\n\n\n\n<li>Elaborazione sicura dei pagamenti tramite partner regolamentati (vedi il nostro <a href=\"https:\/\/phfoundation.net\/it\/payment-security-methods\/\" data-type=\"page\" data-id=\"19644\" target=\"_blank\" rel=\"noreferrer noopener\">Sicurezza e metodi di pagamento<\/a>).<\/li>\n<\/ul>\n\n\n\n<h4 class=\"wp-block-heading\">3. Conflitto di interessi<\/h4>\n\n\n\n<p>Il nostro personale, i membri del consiglio di amministrazione e i volontari sono tenuti a rivelare qualsiasi potenziale conflitto di interessi per garantire che tutte le decisioni siano prese esclusivamente nell'interesse della Fondazione e delle comunit\u00e0 che serviamo.<\/p>\n\n\n\n<h4 class=\"wp-block-heading\">4. Segnalazione di comportamenti scorretti<\/h4>\n\n\n\n<p>Incoraggiamo chiunque sospetti un comportamento fraudolento o non etico a segnalarlo immediatamente. Le segnalazioni possono essere effettuate in forma anonima attraverso il nostro <a href=\"https:\/\/phfoundation.net\/it\/contact-complaints\/\" data-type=\"page\" data-id=\"19660\" target=\"_blank\" rel=\"noreferrer noopener\">Contatti e reclami<\/a> pagina o inviando un'e-mail a <a href=\"mailto:ethics@phfoundation.net\" target=\"_blank\" rel=\"noreferrer noopener\">ethics@phfoundation.net<\/a>.<\/p>","protected":false},"excerpt":{"rendered":"<p>Ultimo aggiornamento: 6 gennaio 2026 1. Standard etici Protectiva Health Foundation opera con i pi\u00f9 alti standard di integrit\u00e0, onest\u00e0 e correttezza. Abbiamo tolleranza zero per la corruzione, il riciclaggio di denaro o qualsiasi forma di attivit\u00e0 fraudolenta. 2. Prevenzione delle frodi Attuiamo controlli interni rigorosi per proteggere le nostre risorse e le donazioni che ci vengono affidate. Questo [...]<\/p>","protected":false},"author":1,"featured_media":0,"parent":0,"menu_order":0,"comment_status":"closed","ping_status":"closed","template":"template-homepage.php","meta":{"give_campaign_id":0,"footnotes":""},"class_list":["post-19654","page","type-page","status-publish","hentry"],"campaignId":"","jetpack_sharing_enabled":true,"_links":{"self":[{"href":"https:\/\/phfoundation.net\/it\/wp-json\/wp\/v2\/pages\/19654","targetHints":{"allow":["GET"]}}],"collection":[{"href":"https:\/\/phfoundation.net\/it\/wp-json\/wp\/v2\/pages"}],"about":[{"href":"https:\/\/phfoundation.net\/it\/wp-json\/wp\/v2\/types\/page"}],"author":[{"embeddable":true,"href":"https:\/\/phfoundation.net\/it\/wp-json\/wp\/v2\/users\/1"}],"replies":[{"embeddable":true,"href":"https:\/\/phfoundation.net\/it\/wp-json\/wp\/v2\/comments?post=19654"}],"version-history":[{"count":0,"href":"https:\/\/phfoundation.net\/it\/wp-json\/wp\/v2\/pages\/19654\/revisions"}],"wp:attachment":[{"href":"https:\/\/phfoundation.net\/it\/wp-json\/wp\/v2\/media?parent=19654"}],"curies":[{"name":"wp","href":"https:\/\/api.w.org\/{rel}","templated":true}]}}