{"id":13349,"date":"2021-06-03T08:46:04","date_gmt":"2021-06-03T08:46:04","guid":{"rendered":"https:\/\/demo2wpopal.b-cdn.net\/humani\/?page_id=13349"},"modified":"2026-01-10T15:57:56","modified_gmt":"2026-01-10T15:57:56","slug":"donate","status":"publish","type":"page","link":"https:\/\/phfoundation.net\/pl\/donate\/","title":{"rendered":"Podarowa\u0107"},"content":{"rendered":"<div data-elementor-type=\"wp-page\" data-elementor-id=\"13349\" class=\"elementor elementor-13349\">\n\t\t\t\t\t\t<div class=\"elementor-section elementor-top-section elementor-element elementor-element-63b1854 elementor-section-boxed elementor-section-height-default elementor-section-height-default\" data-id=\"63b1854\" data-element_type=\"section\">\n\t\t\t\t\t\t<div class=\"elementor-container elementor-column-gap-no\">\n\t\t\t\t\t<div class=\"elementor-column elementor-col-100 elementor-top-column elementor-element elementor-element-00a9cf2\" data-id=\"00a9cf2\" data-element_type=\"column\">\n\t\t\t<div class=\"elementor-widget-wrap elementor-element-populated\">\n\t\t\t\t\t\t<div class=\"elementor-element elementor-element-68eafe6 elementor-widget elementor-widget-text-editor\" data-id=\"68eafe6\" data-element_type=\"widget\" data-widget_type=\"text-editor.default\">\n\t\t\t\t\t\t\t\t\t<h4><strong>Twoje wsparcie pomaga nam dostarcza\u0107 niezb\u0119dn\u0105 opiek\u0119 zdrowotn\u0105 i produkty medyczne osobom, kt\u00f3re najbardziej ich potrzebuj\u0105.<\/strong><\/h4>\t\t\t\t\t\t\t\t<\/div>\n\t\t\t\t<div class=\"elementor-element elementor-element-66f7c49 elementor-widget elementor-widget-text-editor\" data-id=\"66f7c49\" data-element_type=\"widget\" data-widget_type=\"text-editor.default\">\n\t\t\t\t\t\t\t\t\t<p class=\"first:mt-1.5!\"><strong>Fundacja Zdrowia Protectiva<\/strong> dzia\u0142a na rzecz poprawy dost\u0119pu do podstawowych us\u0142ug opieki zdrowotnej i produkt\u00f3w medycznych, zw\u0142aszcza w regionach, w kt\u00f3rych proste schorzenia, kt\u00f3rym mo\u017cna zapobiec, nadal mog\u0105 by\u0107 \u015bmiertelne. Przekazuj\u0105c darowizn\u0119, pomagasz nam zapewni\u0107 badania przesiewowe, szczepienia, sterylne materia\u0142y medyczne, projekty dotycz\u0105ce czystej wody i wsparcie spo\u0142eczne dla rodzin znajduj\u0105cych si\u0119 w trudnej sytuacji - ze szczeg\u00f3lnym uwzgl\u0119dnieniem dzieci i kobiet. Ka\u017cda wp\u0142ata, ma\u0142a czy du\u017ca, zamienia solidarno\u015b\u0107 w konkretne dzia\u0142anie.<\/p><p class=\"first:mt-1.5!\">Jeste\u015bmy m\u0142od\u0105, ale szybko rozwijaj\u0105c\u0105 si\u0119 fundacj\u0105. Twoje darowizny pozwalaj\u0105 nam uruchamia\u0107 nowe programy zdrowotne, wspiera\u0107 lokalne kliniki i szpitale oraz szybko reagowa\u0107 na pilne potrzeby. Razem mo\u017cemy zapewni\u0107, \u017ce \u017cadne \u017cycie nie zostanie utracone tylko dlatego, \u017ce podstawowa opieka medyczna jest poza zasi\u0119giem.<\/p>\t\t\t\t\t\t\t\t<\/div>\n\t\t\t\t<div class=\"elementor-element elementor-element-b0a27fa elementor-widget__width-initial elementor-widget elementor-widget-humani-give-form\" data-id=\"b0a27fa\" data-element_type=\"widget\" data-widget_type=\"humani-give-form.default\">\n\t\t\t\t<div class=\"elementor-widget-container\">\n\t\t\t\t\t\t<div id=\"give-form-25-wrap\" class=\"give-form-wrap give-display-onpage\">\n\t\t\t\t\t<form id=\"give-form-25-1\" class=\"give-form give-form-25 give-form-type-multi\" action=\"https:\/\/phfoundation.net\/pl\/wp-json\/wp\/v2\/pages\/13349\/?payment-mode=paypal-commerce&#038;form-id=25\" data-id=\"25-1\" data-currency_symbol=\"&#122;&#322;\" data-currency_code=\"PLN\" data-currency_position=\"before\" data-thousands_separator=\" \" data-decimal_separator=\",\" data-number_decimals=\"2\" method=\"post\" data-trp-original-action=\"https:\/\/phfoundation.net\/pl\/wp-json\/wp\/v2\/pages\/13349\/?payment-mode=paypal-commerce&form-id=25\">\n\t\t\t\t<!-- The following field is for robots only, invisible to humans: -->\n\t\t\t\t<span class=\"give-hidden\" style=\"display: none !important;\">\n\t\t\t\t\t<label for=\"give-form-honeypot-25\"><\/label>\n\t\t\t\t\t<input id=\"give-form-honeypot-25\" type=\"text\" name=\"give-honeypot\"\n\t\t\t\t\t\t   class=\"give-honeypot give-hidden\"\/>\n\t\t\t\t<\/span>\n\n\t\t\t\t\t<input type=\"hidden\" name=\"give-form-id-prefix\" value=\"25-1\"\/>\n\t<input type=\"hidden\" name=\"give-form-id\" value=\"25\"\/>\n\t<input type=\"hidden\" name=\"give-form-title\" value=\"Bose &amp; HGS Children&#039;s Sponsorship\"\/>\n\t<input type=\"hidden\" name=\"give-current-url\" value=\"https:\/\/phfoundation.net\/pl\/wp-json\/wp\/v2\/pages\/13349\/\"\/>\n\t<input type=\"hidden\" name=\"give-form-url\" value=\"https:\/\/phfoundation.net\/pl\/wp-json\/wp\/v2\/pages\/13349\/\"\/>\n\t\t\t<input type=\"hidden\" name=\"give-form-minimum\"\n\t\t\t   value=\"\"\/>\n\t\t<input type=\"hidden\" name=\"give-form-maximum\"\n\t\t\t   value=\"999999.99\"\/>\n\t\t<input type=\"hidden\"  name=\"give-form-hash\" value=\"9997f35f4f\" data-time=\"1777476275\" data-nonce-life=\"86400\" data-donor-session=\"0\"\/><input type=\"hidden\" name=\"give-price-id\" value=\"3\"\/>\t\t<div class=\"give-total-wrap\">\n\t\t\t<div class=\"give-donation-amount form-row-wide\">\n\t\t\t\t<span class=\"give-currency-symbol give-currency-position-before\">z\u0142<\/span>\t\t\t\t<label class=\"give-hidden\" for=\"give-amount\">Kwota darowizny:<\/label>\n\t\t\t\t<input class=\"give-text-input give-amount-top\" id=\"give-amount\" name=\"give-amount\" type=\"text\" inputmode=\"decimal\"\n\t\t\t\t\t   placeholder=\"\" value=\"100,00\" autocomplete=\"off\">\n\t\t\t\t\t\t\t<\/div>\n\t\t<\/div>\n\t\t<ul id=\"give-donation-level-button-wrap\" class=\"give-donation-levels-wrap give-list-inline\"><li><button type=\"button\" data-price-id=\"0\" class=\"give-donation-level-btn give-btn give-btn-level-0\" value=\"10,00\" data-default=\"0\">10,00 z\u0142<\/button><\/li><li><button type=\"button\" data-price-id=\"1\" class=\"give-donation-level-btn give-btn give-btn-level-1\" value=\"25,00\" data-default=\"0\">25,00 z\u0142<\/button><\/li><li><button type=\"button\" data-price-id=\"2\" class=\"give-donation-level-btn give-btn give-btn-level-2\" value=\"50,00\" data-default=\"0\">50,00 z\u0142<\/button><\/li><li><button type=\"button\" data-price-id=\"3\" class=\"give-donation-level-btn give-btn give-btn-level-3 give-default-level\" value=\"100,00\" data-default=\"1\">100,00 z\u0142<\/button><\/li><li><button type=\"button\" data-price-id=\"5\" class=\"give-donation-level-btn give-btn give-btn-level-5\" value=\"250,00\" data-default=\"0\">250,00 z\u0142<\/button><\/li><li><button type=\"button\" data-price-id=\"custom\" class=\"give-donation-level-btn give-btn give-btn-level-custom\" value=\"custom\">Kwota w\u0142asna<\/button><\/li><\/ul>\n\t<fieldset id=\"give-payment-mode-select\" style=\"display: none;\">\n\t\t\t\t<legend\n\t\t\tclass=\"give-payment-mode-label\">Wybierz metod\u0119 p\u0142atno\u015bci\t\t\t<span class=\"give-loading-text\"><span\n\t\t\t\t\tclass=\"give-loading-animation\"><\/span>\n\t\t\t<\/span>\n\t\t<\/legend>\n\n\t\t<div id=\"give-payment-mode-wrap\">\n\t\t\t\t\t\t<ul id=\"give-gateway-radio-list\">\n\t\t\t\t\t\t\t\t\t\t<li class=\"give-gateway-option-selected\">\n\t\t\t\t\t\t\t<input type=\"radio\" name=\"payment-mode\" class=\"give-gateway\"\n\t\t\t\t\t\t\t\t   id=\"give-gateway-paypal-commerce-25-1\"\n\t\t\t\t\t\t\t\t   value=\"paypal-commerce\" checked='checked'>\n\t\t\t\t\t\t\t<label for=\"give-gateway-paypal-commerce-25-1\"\n\t\t\t\t\t\t\t\t   class=\"give-gateway-option\"\n\t\t\t\t\t\t\t\t   id=\"give-gateway-option-paypal-commerce\"> Darowizny PayPal<\/label>\n\t\t\t\t\t\t<\/li>\n\t\t\t\t\t\t\t\t\t<\/ul>\n\t\t\t\t\t<\/div>\n\t\t\t<\/fieldset>\n\n\t\n\t<div id=\"give_purchase_form_wrap\">\n\n\t\t\t<fieldset id=\"give_checkout_user_info\" class=\"\">\n\t\t<legend>\n\t\t\tDane osobowe\t\t<\/legend>\n\n\t\t\n        <p id=\"give-first-name-wrap\" class=\"form-row form-row-first form-row-responsive\">\n            <label class=\"give-label\" for=\"give-first\">\n                Imi\u0119                                    <span class=\"give-required-indicator\">*<\/span>\n                                <span class=\"give-tooltip hint--top hint--medium hint--bounce\" aria-label=\"Imi\u0119 zostanie u\u017cyte do identyfikacji we wpisie darowizny.\" rel=\"tooltip\"><i class=\"give-icon give-icon-question\"><\/i><\/span>            <\/label>\n            <input\n                class=\"give-input required\"\n                type=\"text\"\n                name=\"give_first\"\n                autocomplete=\"given-name\"\n                placeholder=\"Imi\u0119\"\n                id=\"give-first\"\n                value=\"\"\n                 required aria-required=\"true\"             \/>\n        <\/p>\n\n        <p id=\"give-last-name-wrap\" class=\"form-row form-row-last form-row-responsive\">\n            <label class=\"give-label\" for=\"give-last\">\n                Nazwisko                                <span class=\"give-tooltip hint--top hint--medium hint--bounce\" aria-label=\"Nazwisko zostanie u\u017cyte do identyfikacji we wpisie darowizny.\" rel=\"tooltip\"><i class=\"give-icon give-icon-question\"><\/i><\/span>            <\/label>\n\n            <input\n                class=\"give-input\"\n                type=\"text\"\n                name=\"give_last\"\n                autocomplete=\"family-name\"\n                id=\"give-last\"\n                placeholder=\"Nazwisko\"\n                value=\"\"\n                            \/>\n        <\/p>\n\n        \n                <p id=\"give-email-wrap\" class=\"form-row form-row-wide\">\n            <label class=\"give-label\" for=\"give-email\">\n                Adres e-mail                                    <span class=\"give-required-indicator\">*<\/span>\n                                    <span class=\"give-tooltip hint--top hint--medium hint--bounce\" aria-label=\"Potwierdzenie darowizny zostanie wys\u0142ane na ten adres.\" rel=\"tooltip\"><i class=\"give-icon give-icon-question\"><\/i><\/span>            <\/label>\n            <input\n                class=\"give-input required\"\n                type=\"email\"\n                name=\"give_email\"\n                autocomplete=\"email\"\n                placeholder=\"Adres e-mail\"\n                id=\"give-email\"\n                value=\"\"\n                 required aria-required=\"true\"             \/>\n\n        <\/p>\n\n        \n\t\t\t\t\t<\/fieldset>\n\t\t<fieldset id=\"give_cc_fields-25\" class=\"give-do-validate\">\n\t\t<legend>Dane karty kredytowej<\/legend>\n\t\t\t\t\t<div id=\"give_secure_site_wrapper-25\">\n\t\t\t\t<span class=\"give-icon padlock\"><\/span>\n\t\t\t\t<span>Jest to bezpieczna p\u0142atno\u015b\u0107 szyfrowana protoko\u0142em SSL.<\/span>\n\t\t\t<\/div>\n\t\t\t\t<p id=\"give-card-number-wrap-25\" class=\"form-row form-row-two-thirds form-row-responsive\">\n\t\t\t<label for=\"card_number-25\" class=\"give-label\">\n\t\t\t\tNumer karty\t\t\t\t<span class=\"give-required-indicator\">*<\/span>\n\t\t\t\t<span class=\"give-tooltip hint--top hint--medium hint--bounce\" aria-label=\"(Zazwyczaj) 16 cyfr na przedniej cz\u0119\u015bci karty kredytowej.\" rel=\"tooltip\"><i class=\"give-icon give-icon-question\"><\/i><\/span>\t\t\t\t<span class=\"card-type\"><\/span>\n\t\t\t<\/label>\n\n\t\t\t<input type=\"tel\" autocomplete=\"off\" name=\"card_number\" id=\"card_number-25\"\n\t\t\t\t   class=\"card-number give-input required\" placeholder=\"Numer karty\"\n\t\t\t\t   required aria-required=\"true\"\/>\n\t\t<\/p>\n\n\t\t<p id=\"give-card-cvc-wrap-25\" class=\"form-row form-row-one-third form-row-responsive\">\n\t\t\t<label for=\"card_cvc-25\" class=\"give-label\">\n\t\t\t\tCVC\t\t\t\t<span class=\"give-required-indicator\">*<\/span>\n\t\t\t\t<span class=\"give-tooltip hint--top hint--medium hint--bounce\" aria-label=\"Trzy cyfry (z ty\u0142u) lub 4 cyfry (z przodu) na twojej karcie.\" rel=\"tooltip\"><i class=\"give-icon give-icon-question\"><\/i><\/span>\t\t\t<\/label>\n\n\t\t\t<input type=\"tel\" size=\"4\" autocomplete=\"off\" name=\"card_cvc\" id=\"card_cvc-25\"\n\t\t\t\t   class=\"card-cvc give-input required\" placeholder=\"CVC\"\n\t\t\t\t   required aria-required=\"true\"\/>\n\t\t<\/p>\n\n\t\t<p id=\"give-card-name-wrap-25\" class=\"form-row form-row-two-thirds form-row-responsive\">\n\t\t\t<label for=\"card_name-25\" class=\"give-label\">\n\t\t\t\tImi\u0119 w\u0142a\u015bciciela karty\t\t\t\t<span class=\"give-required-indicator\">*<\/span>\n\t\t\t\t<span class=\"give-tooltip hint--top hint--bounce\" aria-label=\"Nazwisko posiadacza rachunku karty kredytowej.\" rel=\"tooltip\"><i class=\"give-icon give-icon-question\"><\/i><\/span>\t\t\t<\/label>\n\n\t\t\t<input type=\"text\" autocomplete=\"off\" name=\"card_name\" id=\"card_name-25\"\n\t\t\t\t   class=\"card-name give-input required\" placeholder=\"Imi\u0119 w\u0142a\u015bciciela karty\"\n\t\t\t\t   required aria-required=\"true\"\/>\n\t\t<\/p>\n\t\t\t\t<p class=\"card-expiration form-row form-row-one-third form-row-responsive\">\n\t\t\t<label for=\"card_expiry-25\" class=\"give-label\">\n\t\t\t\tWyga\u015bni\u0119cie\t\t\t\t<span class=\"give-required-indicator\">*<\/span>\n\t\t\t\t<span class=\"give-tooltip hint--top hint--medium hint--bounce\" aria-label=\"Dane dotycz\u0105ce wa\u017cno\u015bci karty kredytowej, zazwyczaj podana na jej przedniej stronie.\" rel=\"tooltip\"><i class=\"give-icon give-icon-question\"><\/i><\/span>\t\t\t<\/label>\n\n\t\t\t<input type=\"hidden\" id=\"card_exp_month-25\" name=\"card_exp_month\"\n\t\t\t\t   class=\"card-expiry-month\"\/>\n\t\t\t<input type=\"hidden\" id=\"card_exp_year-25\" name=\"card_exp_year\"\n\t\t\t\t   class=\"card-expiry-year\"\/>\n\n\t\t\t<input type=\"tel\" autocomplete=\"off\" name=\"card_expiry\" id=\"card_expiry-25\"\n\t\t\t\t   class=\"card-expiry give-input required\" placeholder=\"MM \/ RR\"\n\t\t\t\t   required aria-required=\"true\"\/>\n\t\t<\/p>\n\t\t\t<\/fieldset>\n\t\t<fieldset id=\"give_terms_agreement\">\n\t\t<legend>Taksonomie<\/legend>\n\t\t<div id=\"give_terms\" class=\"give_terms-25\" style=\"display:none;\">\n\t\t\t<p>Przyj\u0119cie jakiegokolwiek wk\u0142adu, darowizny lub dotacji zale\u017cy od uznania Protectiva Health Foundation (\"Protectiva\"). Protectiva nie przyjmie \u017cadnej darowizny, chyba \u017ce mo\u017ce ona zosta\u0107 wykorzystana lub wydatkowana zgodnie z celem i misj\u0105 Protectiva.<\/p>\n<p>\u017badna nieodwo\u0142alna darowizna, bez wzgl\u0119du na to, czy ma charakter bezpo\u015bredni, czy do\u017cywotni, nie zostanie zaakceptowana, je\u015bli w jakichkolwiek rozs\u0105dnych okoliczno\u015bciach darowizna zagrozi\u0142aby bezpiecze\u0144stwu finansowemu darczy\u0144cy.<\/p>\n<p>Protectiva powstrzyma si\u0119 od udzielania porad dotycz\u0105cych opodatkowania lub innego traktowania darowizn i b\u0119dzie zach\u0119ca\u0107 darczy\u0144c\u00f3w do szukania wskaz\u00f3wek u w\u0142asnych profesjonalnych doradc\u00f3w, kt\u00f3rzy pomog\u0105 im w procesie dokonywania darowizny.<\/p>\n<p>Protectiva przyjmuje darowizny w postaci got\u00f3wki lub papier\u00f3w warto\u015bciowych notowanych na gie\u0142dzie. Darowizny w postaci us\u0142ug rzeczowych b\u0119d\u0105 przyjmowane wed\u0142ug uznania Protectiva.<\/p>\n<p>Niekt\u00f3re inne darowizny, nieruchomo\u015bci, mienie osobiste, darowizny rzeczowe, niep\u0142ynne papiery warto\u015bciowe i wk\u0142ady, kt\u00f3rych \u017ar\u00f3d\u0142a nie s\u0105 przejrzyste lub kt\u00f3rych wykorzystanie jest w jaki\u015b spos\u00f3b ograniczone, musz\u0105 zosta\u0107 zweryfikowane przed przyj\u0119ciem ze wzgl\u0119du na szczeg\u00f3lne zobowi\u0105zania lub zobowi\u0105zania, kt\u00f3re mog\u0105 stanowi\u0107 dla Protectiva.<\/p>\n<p>Protectiva dostarczy darczy\u0144com potwierdzenia spe\u0142niaj\u0105ce obowi\u0105zuj\u0105ce wymogi prawne i podatkowe dotycz\u0105ce maj\u0105tku otrzymanego przez Protectiva jako darowizna. Jednak\u017ce, z wyj\u0105tkiem darowizn w postaci got\u00f3wki i papier\u00f3w warto\u015bciowych znajduj\u0105cych si\u0119 w publicznym obrocie, nie przypisuje si\u0119 \u017cadnej warto\u015bci pokwitowaniu lub innej formie potwierdzenia darowizny otrzymanej przez Protectiva.<\/p>\n<p>Protectiva uszanuje intencje darczy\u0144cy dotycz\u0105ce darowizn na cele zastrze\u017cone oraz te dotycz\u0105ce ch\u0119ci zachowania anonimowo\u015bci. W odniesieniu do darowizn anonimowych Protectiva ograniczy informacje o darczy\u0144cy wy\u0142\u0105cznie do tych pracownik\u00f3w, kt\u00f3rzy musz\u0105 je zna\u0107.<\/p>\n<p>Protectiva nie b\u0119dzie wynagradza\u0107, czy to poprzez prowizje, op\u0142aty dla po\u015brednik\u00f3w, czy w inny spos\u00f3b, \u017cadnej strony trzeciej za skierowanie darowizny lub darczy\u0144cy do Protectiva.<\/p>\n\t\t<\/div>\n\t\t<div id=\"give_show_terms\">\n\t\t\t<a href=\"#\" class=\"give_terms_links give_terms_links-25\" role=\"button\"\n\t\t\t   aria-controls=\"give_terms\">Poka\u017c warunki<\/a>\n\t\t\t<a href=\"#\" class=\"give_terms_links give_terms_links-25\" role=\"button\"\n\t\t\t   aria-controls=\"give_terms\" style=\"display:none;\">Ukryj warunki<\/a>\n\t\t<\/div>\n\n\t\t<input name=\"give_agree_to_terms\" class=\"required\" type=\"checkbox\"\n\t\t\t   id=\"give_agree_to_terms-25\" value=\"1\" required aria-required=\"true\"\/>\n\t\t<label for=\"give_agree_to_terms-25\">Zgadzasz si\u0119 na warunki?<\/label>\n\n\t<\/fieldset>\n\t\t<fieldset id=\"give_purchase_submit\" class=\"give-donation-submit\">\n\t\t\t<p id=\"give-final-total-wrap\" class=\"form-wrap\">\n\t\t\t\t<span class=\"give-donation-total-label\">\n\t\t\tCa\u0142kowita kwota darowizny:\t\t<\/span>\n\t\t<span class=\"give-final-total-amount\"\n\t\t\t  data-total=\"100,00\">\n\t\t\t100,00 z\u0142\t\t<\/span>\n\t\t\t<\/p>\n\t\t<input type=\"hidden\" name=\"give_action\" value=\"purchase\"\/>\n\t<input type=\"hidden\" name=\"give-gateway\" value=\"paypal-commerce\"\/>\n\t\t<div class=\"give-submit-button-wrap give-clearfix\">\n\t\t<input type=\"submit\" class=\"give-submit give-btn\" id=\"give-purchase-button\" name=\"give-purchase\"\n\t\t\t   value=\"Przeka\u017c darowizn\u0119 teraz\" data-before-validation-label=\"Donate Now\"\/>\n\t\t<span class=\"give-loading-animation\"><\/span>\n\t<\/div>\n\t\t<\/fieldset>\n\t\n\t<\/div>\n\n\t\t\t\t<input type=\"hidden\" name=\"trp-form-language\" value=\"pl\"\/><\/form>\n\n\t\t\t\n\t<\/div><!--end #give-form-25-->\n\t\t\t\t\t<\/div>\n\t\t\t\t<\/div>\n\t\t\t\t<div class=\"elementor-element elementor-element-5666e19 elementor-widget elementor-widget-spacer\" data-id=\"5666e19\" data-element_type=\"widget\" data-widget_type=\"spacer.default\">\n\t\t\t\t\t\t\t<div class=\"elementor-spacer\">\n\t\t\t<div class=\"elementor-spacer-inner\"><\/div>\n\t\t<\/div>\n\t\t\t\t\t\t<\/div>\n\t\t\t\t<div class=\"elementor-element elementor-element-5d336e9 elementor-widget elementor-widget-text-editor\" data-id=\"5d336e9\" data-element_type=\"widget\" data-widget_type=\"text-editor.default\">\n\t\t\t\t\t\t\t\t\t<p class=\"first:mt-1.5!\"><strong>Przeka\u017c darowizn\u0119 za pomoc\u0105 przelewu bankowego<\/strong><\/p><p class=\"first:mt-1.5!\">Darczy\u0144cy, kt\u00f3rzy wol\u0105 przekaza\u0107 darowizn\u0119 na rzecz Protectiva Health Foundation za po\u015brednictwem przelewu bankowego, mog\u0105 znale\u017a\u0107 nasze dane bankowe poni\u017cej. Prosimy o podanie imienia i nazwiska oraz, je\u015bli to mo\u017cliwe, celu darowizny w numerze referencyjnym\/opisie przelewu. Pomo\u017ce nam to w dok\u0142adnym \u015bledzeniu darowizny.<\/p><p class=\"first:mt-1.5!\"><strong>Dane banku:<\/strong><\/p><p class=\"first:mt-1.5!\">Santander Bank Polska S.A<br \/>Swift: WBKPPLPPXXX<br \/>PLN IBAN: PL29 1090 1450 0000 0001 6249 8886<br \/>Euro IBAN: PL12 1090 1450 0000 0001 6249 9871<\/p><hr \/><p class=\"first:mt-1.5!\">Dzi\u0119kujemy za hojne wsparcie. \u017byczymy zdrowia i szcz\u0119\u015bcia.<\/p>\t\t\t\t\t\t\t\t<\/div>\n\t\t\t\t\t<\/div>\n\t\t<\/div>\n\t\t\t\t\t<\/div>\n\t\t<\/div>\n\t\t\t\t<\/div>","protected":false},"excerpt":{"rendered":"<p>Your support helps us deliver essential healthcare and medical products to people who need them most. Protectiva Health Foundation works to improve access to basic healthcare services and medical products, especially in regions where simple, preventable conditions can still be fatal. By donating, you help us provide screenings, vaccinations, sterile medical supplies, clean water projects, [&hellip;]<\/p>","protected":false},"author":1,"featured_media":0,"parent":0,"menu_order":0,"comment_status":"closed","ping_status":"closed","template":"","meta":{"give_campaign_id":0,"footnotes":""},"class_list":["post-13349","page","type-page","status-publish","hentry"],"campaignId":"","jetpack_sharing_enabled":true,"_links":{"self":[{"href":"https:\/\/phfoundation.net\/pl\/wp-json\/wp\/v2\/pages\/13349","targetHints":{"allow":["GET"]}}],"collection":[{"href":"https:\/\/phfoundation.net\/pl\/wp-json\/wp\/v2\/pages"}],"about":[{"href":"https:\/\/phfoundation.net\/pl\/wp-json\/wp\/v2\/types\/page"}],"author":[{"embeddable":true,"href":"https:\/\/phfoundation.net\/pl\/wp-json\/wp\/v2\/users\/1"}],"replies":[{"embeddable":true,"href":"https:\/\/phfoundation.net\/pl\/wp-json\/wp\/v2\/comments?post=13349"}],"version-history":[{"count":0,"href":"https:\/\/phfoundation.net\/pl\/wp-json\/wp\/v2\/pages\/13349\/revisions"}],"wp:attachment":[{"href":"https:\/\/phfoundation.net\/pl\/wp-json\/wp\/v2\/media?parent=13349"}],"curies":[{"name":"wp","href":"https:\/\/api.w.org\/{rel}","templated":true}]}}