{"id":15,"date":"2026-01-22T18:49:01","date_gmt":"2026-01-22T18:49:01","guid":{"rendered":"https:\/\/phfoundation.net\/?page_id=15"},"modified":"2026-01-22T19:03:19","modified_gmt":"2026-01-22T19:03:19","slug":"fundraising-campaign","status":"publish","type":"page","link":"https:\/\/phfoundation.net\/pl\/fundraising-campaign\/","title":{"rendered":"Kampania zbierania funduszy"},"content":{"rendered":"<div class=\"wp-block-columns is-layout-flex wp-container-core-columns-is-layout-62db62f3 wp-block-columns-is-layout-flex\" style=\"padding-top:0;padding-bottom:0\">\n<div class=\"wp-block-column is-vertically-aligned-stretch is-layout-flow wp-block-column-is-layout-flow\" style=\"flex-basis:60%\"><figure style=\"aspect-ratio:16\/9;width:100%;height:100%;\" class=\"wp-block-post-featured-image\"><img fetchpriority=\"high\" decoding=\"async\" width=\"960\" height=\"544\" src=\"https:\/\/phfoundation.net\/wp-content\/uploads\/2022\/12\/h17_tab04.jpg\" class=\"attachment-post-thumbnail size-post-thumbnail wp-post-image\" alt=\"\" style=\"border-radius:8px;width:100%;height:100%;object-fit:cover;\" srcset=\"https:\/\/phfoundation.net\/wp-content\/uploads\/2022\/12\/h17_tab04.jpg 960w, https:\/\/phfoundation.net\/wp-content\/uploads\/2022\/12\/h17_tab04-600x340.jpg 600w, https:\/\/phfoundation.net\/wp-content\/uploads\/2022\/12\/h17_tab04-300x170.jpg 300w, https:\/\/phfoundation.net\/wp-content\/uploads\/2022\/12\/h17_tab04-768x435.jpg 768w\" sizes=\"(max-width: 960px) 100vw, 960px\" title=\"\"><\/figure><\/div>\n\n\n\n<div class=\"wp-block-column is-vertically-aligned-stretch is-layout-flow wp-block-column-is-layout-flow\">\n<div class=\"wp-block-group is-vertical is-content-justification-stretch is-layout-flex wp-container-core-group-is-layout-628836ec wp-block-group-is-layout-flex\" style=\"min-height:100%\">\n<div style=\"--givewp-primary-color: #0b72d9; --givewp-secondary-color: #27ae60;\" class=\"wp-block-givewp-campaign-goal\">\n    <div data-givewp-campaign-goal data-id=\"1\"><\/div>\n<\/div>\n\n\n\n<div class=\"wp-block-group wp-container-content-9cfa9a5a is-vertical is-layout-flex wp-container-core-group-is-layout-8cf370e7 wp-block-group-is-layout-flex\">\n<div class=\"givewp-campaign-stats-block wp-block-givewp-campaign-stats-block\">\n    <span>Najwi\u0119ksza darowizna<\/span>\n    <strong>z\u01420.00<\/strong>\n<\/div>\n\n\n\n<div class=\"givewp-campaign-stats-block wp-block-givewp-campaign-stats-block\">\n    <span>\u015arednia darowizna<\/span>\n    <strong>z\u01420.00<\/strong>\n<\/div>\n<\/div>\n\n\n\n<div style=\"--givewp-primary-color: #0b72d9;\" class=\"givewp-campaign-donate-button-block wp-block-givewp-campaign-donate-button\">\n    <button type=\"button\" class=\"givewp-donation-form-modal__open\">Przeka\u017c darowizn\u0119<\/button><\/div>\n<\/div>\n<\/div>\n<\/div>\n\n\n\n<p><\/p>\n\n\n\n<p><strong>Pilota\u017c pomocy dora\u017anej: Nadzieja dla dzieci w strefach konfliktu<\/strong><\/p>\n\n\n\n<p><strong>Dostarczanie \u015brodk\u00f3w medycznych, czystej wody i bezpiecznego schronienia najbardziej nara\u017conym.<\/strong><\/p>\n\n\n\n<hr class=\"wp-block-separator has-alpha-channel-opacity\"\/>\n\n\n\n<h3 class=\"wp-block-heading\">Akapit wprowadzaj\u0105cy (Dlaczego ta kampania istnieje)<\/h3>\n\n\n\n<p>W strefach aktywnych konflikt\u00f3w dzieci s\u0105 cz\u0119sto cichymi i niewidocznymi ofiarami. Dost\u0119p do najbardziej podstawowych potrzeb - czystej wody, produkt\u00f3w higienicznych, pieluch i niezb\u0119dnej opieki medycznej - znika z dnia na dzie\u0144. Rodziny s\u0105 przesiedlane, systemy opieki zdrowotnej za\u0142amuj\u0105 si\u0119, a choroby, kt\u00f3rym mo\u017cna zapobiec, szybko si\u0119 rozprzestrzeniaj\u0105.<\/p>\n\n\n\n<p>Fundacja Zdrowia Protectiva uruchamia kampani\u0119 <strong>Kampania pilota\u017cowa pomocy dora\u017anej<\/strong> aby odpowiedzie\u0107 na te pilne potrzeby. Dzi\u0119ki Twojemu wsparciu dostarczymy ratuj\u0105c\u0105 \u017cycie pomoc bezpo\u015brednio do dzieci i rodzin mieszkaj\u0105cych na obszarach dotkni\u0119tych wojn\u0105 lub w ich pobli\u017cu.<\/p>\n\n\n\n<hr class=\"wp-block-separator has-alpha-channel-opacity\"\/>\n\n\n\n<h3 class=\"wp-block-heading\">Co da ta kampania pilota\u017cowa<\/h3>\n\n\n\n<p>Poprzez ten projekt pilota\u017cowy chcemy<\/p>\n\n\n\n<ol class=\"wp-block-list\">\n<li><strong>Dostarczanie pomocy medycznej<\/strong><br>Dostarczanie podstawowych zestaw\u00f3w medycznych, \u015brodk\u00f3w pierwszej pomocy i niezb\u0119dnych lek\u00f3w lokalnym partnerom, klinikom terenowym i wolontariuszom s\u0142u\u017cby zdrowia wspieraj\u0105cym dzieci i rodziny.<\/li>\n\n\n\n<li><strong>Wsparcie higieny i opieki nad niemowl\u0119tami<\/strong><br>Dystrybucja zestaw\u00f3w higienicznych, w tym myd\u0142a, produkt\u00f3w sanitarnych, pieluch dla niemowl\u0105t i innych niezb\u0119dnych artyku\u0142\u00f3w, kt\u00f3re chroni\u0105 dzieci i opiekun\u00f3w przed infekcjami i chorobami.<\/li>\n\n\n\n<li><strong>Bezpieczny dost\u0119p do czystej wody<\/strong><br>Wspieranie instalacji lub rehabilitacji <strong>studnie czystej wody<\/strong> i proste systemy filtracji na obszarach, gdzie brakuje bezpiecznej wody pitnej lub jest ona zanieczyszczona.<\/li>\n\n\n\n<li><strong>Zapewnienie awaryjnego schronienia i ochrony<\/strong><br>Pom\u00f3\u017c stworzy\u0107 bezpieczne tymczasowe schronienia i zapewnij podstawow\u0105 po\u015bciel i artyku\u0142y ochronne dla wysiedlonych dzieci i ich rodzin.<\/li>\n<\/ol>\n\n\n\n<hr class=\"wp-block-separator has-alpha-channel-opacity\"\/>\n\n\n\n<h3 class=\"wp-block-heading\">Dlaczego kampania pilota\u017cowa?<\/h3>\n\n\n\n<p>To jest <strong>misja pilota\u017cowa<\/strong>, co oznacza, \u017ce zaczynamy od skoncentrowanej, starannie zaprojektowanej operacji w wybranym kraju i regionie. Celem jest:<\/p>\n\n\n\n<ul class=\"wp-block-list\">\n<li>Testuj i ulepszaj nasze <strong>Logistyka i trasy dostaw<\/strong> w trudnych i niepewnych warunkach.<\/li>\n\n\n\n<li>Zbuduj zaufan\u0105 <strong>sie\u0107 lokalnych partner\u00f3w<\/strong> na ziemi.<\/li>\n\n\n\n<li>Upewni\u0107 si\u0119, \u017ce <strong>ka\u017cde euro jest wykorzystywane w spos\u00f3b wydajny i przejrzysty<\/strong> przed skalowaniem do wi\u0119kszych operacji.<\/li>\n<\/ul>\n\n\n\n<p>Twoje wsparcie w tej fazie pilota\u017cowej pomo\u017ce nam stworzy\u0107 silny, skuteczny model, kt\u00f3ry mo\u017cna p\u00f3\u017aniej rozszerzy\u0107, aby dotrze\u0107 do jeszcze wi\u0119kszej liczby potrzebuj\u0105cych dzieci.<\/p>\n\n\n\n<hr class=\"wp-block-separator has-alpha-channel-opacity\"\/>\n\n\n\n<h3 class=\"wp-block-heading\">Jak pomaga darowizna<\/h3>\n\n\n\n<ul class=\"wp-block-list\">\n<li><strong>\u20ac25<\/strong> mo\u017ce zapewni\u0107 niezb\u0119dne artyku\u0142y higieniczne i pieluchy dla dziecka i opiekuna.<\/li>\n\n\n\n<li><strong>\u20ac50<\/strong> mo\u017ce pom\u00f3c w dostarczeniu podstawowych zestaw\u00f3w medycznych dla ma\u0142ej spo\u0142eczno\u015bci.<\/li>\n\n\n\n<li><strong>\u20ac100<\/strong> mo\u017ce przyczyni\u0107 si\u0119 do pokrycia koszt\u00f3w wiercenia lub naprawy \u017ar\u00f3d\u0142a czystej wody.<\/li>\n\n\n\n<li><strong>250 \u20ac i wi\u0119cej<\/strong> mo\u017ce wspiera\u0107 tworzenie bezpiecznych miejsc schronienia dla wysiedlonych rodzin.<\/li>\n<\/ul>\n\n\n\n<p>Ka\u017cda wp\u0142ata - bez wzgl\u0119du na wielko\u015b\u0107 - przybli\u017ca nas o krok do ochrony dziecka, przywr\u00f3cenia godno\u015bci i dania rodzinom nadziei w \u015brodku konfliktu.<\/p>\n\n\n\n<hr class=\"wp-block-separator has-alpha-channel-opacity\"\/>\n\n\n\n<h3 class=\"wp-block-heading\">Przejrzysto\u015b\u0107 i odpowiedzialno\u015b\u0107<\/h3>\n\n\n\n<p>Fundacja Zdrowia Protectiva jest zarejestrowana w Polsce i dzia\u0142a zgodnie z mi\u0119dzynarodowymi standardami humanitarnymi i finansowymi. Wszystkie darowizny na rzecz tej kampanii b\u0119d\u0105 <strong>ograniczone do dzia\u0142a\u0144 zwi\u0105zanych z pomoc\u0105 dora\u017an\u0105<\/strong> dla dzieci i rodzin dotkni\u0119tych konfliktem, jak opisano powy\u017cej.<\/p>\n\n\n\n<p>Wi\u0119cej informacji o tym, jak zarz\u0105dzamy darowiznami i jak je raportujemy, mo\u017cna znale\u017a\u0107 na stronie<br><a href=\"https:\/\/phfoundation.net\/pl\/donation-transparency\/\" target=\"_blank\" rel=\"noreferrer noopener\">Przejrzysto\u015b\u0107 darowizn<\/a> oraz<br><a href=\"https:\/\/phfoundation.net\/pl\/donation-terms-conditions\/\" target=\"_blank\" rel=\"noreferrer noopener\">Warunki darowizny<\/a> strony.<\/p>\n\n\n\n<hr class=\"wp-block-separator has-alpha-channel-opacity\"\/>\n\n\n\n<h3 class=\"wp-block-heading\">Wezwanie do dzia\u0142ania (zako\u0144czenie)<\/h3>\n\n\n\n<p><strong>B\u0105d\u017a pierwszym, kt\u00f3ry stanie z nimi.<\/strong><\/p>\n\n\n\n<p>Wspieraj\u0105c t\u0119 pilota\u017cow\u0105 kampani\u0119, pomagasz nam zapewni\u0107 opiek\u0119 medyczn\u0105, higien\u0119, czyst\u0105 wod\u0119 i bezpieczne schronienie dzieciom, kt\u00f3re w przeciwnym razie zosta\u0142yby pozostawione w strefach dzia\u0142a\u0144 wojennych.<\/p>\n\n\n\n<p>Wybierz kwot\u0119 powy\u017cej i przeka\u017c darowizn\u0119 ju\u017c dzi\u015b.<br>Razem mo\u017cemy zmieni\u0107 sytuacj\u0119 kryzysow\u0105 w nadziej\u0119.<\/p>\n\n\n<div\n    class=\"givewp-campaign-donations-block wp-block-givewp-campaign-donations\"    style=\"--givewp-primary-color: #0b72d9; --givewp-secondary-color: #27ae60;\">\n    <div class=\"givewp-campaign-donations-block__header\">\n        <h2 class=\"givewp-campaign-donations-block__title\">Ostatnie darowizny<\/h2>\n            <\/div>\n\n            <div class=\"givewp-campaign-donations-block__empty-state\">\n            <h3 class=\"givewp-campaign-donations-block__empty-title\">\n                Ka\u017cda kampania zaczyna si\u0119 od jednej darowizny.            <\/h3>\n            <p class=\"givewp-campaign-donations-block__empty-description\">\n                B\u0105d\u017a tym, kt\u00f3ry to zrobi!            <\/p>\n\n            <div class=\"givewp-campaign-donations-block__empty-icon\">\n                <svg width=\"40\" height=\"40\" viewbox=\"0 0 40 40\"\n     fill=\"none\" xmlns=\"http:\/\/www.w3.org\/2000\/svg\">\n    <path\n        d=\"M11.6628 31.6719H28.3294M31.6628 26.6719C32.9578 26.7102 33.7294 26.8552 34.2628 27.3902C34.9961 28.1235 34.9961 29.3035 34.9961 31.6652C34.9961 34.0252 34.9961 35.2052 34.2628 35.9385C33.5311 36.6719 32.3528 36.6719 29.9961 36.6719H9.99609C7.63943 36.6719 6.46109 36.6719 5.72943 35.9385C4.99776 35.2052 4.99609 34.0252 4.99609 31.6652C4.99609 29.3052 4.99609 28.1235 5.72943 27.3902C6.26276 26.8569 7.03443 26.7102 8.32943 26.6719\"\n        stroke=\"currentColor\" stroke-width=\"2.5\" stroke-linecap=\"round\"\n        stroke-linejoin=\"round\" \/>\n    <path\n        d=\"M23.8559 31.6691C24.4744 31.1394 24.9712 30.4822 25.3121 29.7426C25.653 29.003 25.8299 28.1984 25.8309 27.3841C25.8309 24.2274 23.2192 21.6691 19.9975 21.6691C16.7759 21.6691 14.1642 24.2274 14.1642 27.3841C14.1651 28.1984 14.3421 29.003 14.683 29.7426C15.0239 30.4822 15.5206 31.1394 16.1392 31.6691M33.3309 16.6691H29.3392C28.8492 16.6691 28.3659 16.5591 27.9275 16.3457L24.5242 14.6991C24.0833 14.4868 23.6002 14.3769 23.1109 14.3774H21.3742C19.6942 14.3774 18.3309 13.0591 18.3309 11.4324C18.3309 11.3657 18.3759 11.3091 18.4409 11.2907L22.6759 10.1207C23.4356 9.91029 24.2459 9.98314 24.9559 10.3257L28.5942 12.0857M18.3309 12.5024L10.6759 14.8541C10.0094 15.0586 9.29545 15.0473 8.6358 14.8219C7.97614 14.5966 7.40453 14.1686 7.00254 13.5991C6.38754 12.7491 6.63754 11.5291 7.5342 11.0124L20.0592 3.78407C20.4508 3.55747 20.8845 3.41297 21.3338 3.35939C21.7831 3.30581 22.2386 3.34426 22.6725 3.4724L33.3309 6.63573\"\n        stroke=\"currentColor\" stroke-width=\"2.5\" stroke-linecap=\"round\"\n        stroke-linejoin=\"round\" \/>\n<\/svg>\n            <\/div>\n\n                            <div class=\"givewp-campaign-donations-block__empty-button\">\n                    <button type=\"button\" class=\"givewp-donation-form-modal__open\">B\u0105d\u017a pierwszy<\/button>                <\/div>\n                    <\/div>\n    <\/div>\n\n\n<div\n    class=\"givewp-campaign-donors-block wp-block-givewp-campaign-donors\"    style=\"--givewp-primary-color: #0b72d9; --givewp-secondary-color: #27ae60;\">\n    <div class=\"givewp-campaign-donors-block__header\">\n        <h2 class=\"givewp-campaign-donors-block__title\">Najlepsi darczy\u0144cy<\/h2>\n            <\/div>\n\n            <div class=\"givewp-campaign-donors-block__empty-state\">\n            <h3 class=\"givewp-campaign-donors-block__empty-title\">\n                Nie ma jeszcze listy najwi\u0119kszych darczy\u0144c\u00f3w.            <\/h3>\n            <p class=\"givewp-campaign-donors-block__empty-description\">\n                B\u0105d\u017a jednym z pierwszych, kt\u00f3ry zrobi wra\u017cenie!            <\/p>\n\n            <div class=\"givewp-campaign-donors-block__empty-icon\">\n                <svg  width=\"40\" height=\"40\" viewbox=\"0 0 40 40\"\n     fill=\"none\" xmlns=\"http:\/\/www.w3.org\/2000\/svg\">\n    <path\n        d=\"M5 33.333c3.893-4.129 9.178-6.666 15-6.666 5.822 0 11.107 2.537 15 6.666M27.5 12.5a7.5 7.5 0 1 1-15 0 7.5 7.5 0 0 1 15 0z\"\n        stroke=\"currentColor\" stroke-width=\"3.333\" stroke-linecap=\"round\"\n        stroke-linejoin=\"round\" \/>\n<\/svg>\n            <\/div>\n\n                            <div class=\"givewp-campaign-donors-block__empty-button\">\n                    <button type=\"button\" class=\"givewp-donation-form-modal__open\">B\u0105d\u017a pierwszym darczy\u0144c\u0105<\/button>                <\/div>\n                    <\/div>\n    <\/div>","protected":false},"excerpt":{"rendered":"<p>Emergency Relief Pilot: Hope for Children in Conflict Zones Zapewnienie \u015brodk\u00f3w medycznych, czystej wody i bezpiecznego schronienia dla najbardziej bezbronnych. Akapit wprowadzaj\u0105cy (dlaczego ta kampania istnieje) W strefach aktywnych konflikt\u00f3w dzieci s\u0105 cz\u0119sto cichymi i niewidocznymi ofiarami. Dost\u0119p do najbardziej podstawowych potrzeb - czystej wody, produkt\u00f3w higienicznych, pieluch i niezb\u0119dnej opieki medycznej [...]<\/p>","protected":false},"author":1,"featured_media":17546,"parent":0,"menu_order":0,"comment_status":"closed","ping_status":"closed","template":"","meta":{"give_campaign_id":1,"footnotes":""},"class_list":["post-15","page","type-page","status-publish","has-post-thumbnail","hentry"],"campaignId":"1","jetpack_sharing_enabled":true,"_links":{"self":[{"href":"https:\/\/phfoundation.net\/pl\/wp-json\/wp\/v2\/pages\/15","targetHints":{"allow":["GET"]}}],"collection":[{"href":"https:\/\/phfoundation.net\/pl\/wp-json\/wp\/v2\/pages"}],"about":[{"href":"https:\/\/phfoundation.net\/pl\/wp-json\/wp\/v2\/types\/page"}],"author":[{"embeddable":true,"href":"https:\/\/phfoundation.net\/pl\/wp-json\/wp\/v2\/users\/1"}],"replies":[{"embeddable":true,"href":"https:\/\/phfoundation.net\/pl\/wp-json\/wp\/v2\/comments?post=15"}],"version-history":[{"count":0,"href":"https:\/\/phfoundation.net\/pl\/wp-json\/wp\/v2\/pages\/15\/revisions"}],"wp:featuredmedia":[{"embeddable":true,"href":"https:\/\/phfoundation.net\/pl\/wp-json\/wp\/v2\/media\/17546"}],"wp:attachment":[{"href":"https:\/\/phfoundation.net\/pl\/wp-json\/wp\/v2\/media?parent=15"}],"curies":[{"name":"wp","href":"https:\/\/api.w.org\/{rel}","templated":true}]}}