{"id":19637,"date":"2026-01-06T17:40:37","date_gmt":"2026-01-06T17:40:37","guid":{"rendered":"https:\/\/phfoundation.net\/?page_id=19637"},"modified":"2026-01-06T19:54:02","modified_gmt":"2026-01-06T19:54:02","slug":"terms-of-use","status":"publish","type":"page","link":"https:\/\/phfoundation.net\/pl\/terms-of-use\/","title":{"rendered":"Warunki u\u017cytkowania"},"content":{"rendered":"<p><\/p>\n\n\n\n<p><strong>Ostatnia aktualizacja:<\/strong> 6 stycznia 2026 r.<\/p>\n\n\n\n<h4 class=\"wp-block-heading\">1. Akceptacja Warunk\u00f3w<\/h4>\n\n\n\n<p>Uzyskuj\u0105c dost\u0119p do tej witryny i korzystaj\u0105c z niej, u\u017cytkownik akceptuje i zgadza si\u0119 przestrzega\u0107 niniejszych Warunk\u00f3w u\u017cytkowania oraz naszych <a href=\"https:\/\/phfoundation.net\/pl\/privacy-policy\/\" data-type=\"page\" data-id=\"3\" target=\"_blank\" rel=\"noreferrer noopener\">Polityka prywatno\u015bci<\/a>.<\/p>\n\n\n\n<h4 class=\"wp-block-heading\">2. W\u0142asno\u015b\u0107 intelektualna<\/h4>\n\n\n\n<p>Ca\u0142a zawarto\u015b\u0107 tej strony internetowej, w tym tekst, grafika, logo i obrazy, jest w\u0142asno\u015bci\u0105 Protectiva Health Foundation i jest chroniona mi\u0119dzynarodowymi prawami autorskimi. Nieautoryzowane u\u017cycie jest surowo zabronione.<\/p>\n\n\n\n<h4 class=\"wp-block-heading\">3. Dzia\u0142ania zabronione<\/h4>\n\n\n\n<p>U\u017cytkownicy zgadzaj\u0105 si\u0119 nie korzysta\u0107 z witryny w \u017cadnym niezgodnym z prawem celu, w tym mi\u0119dzy innymi:<\/p>\n\n\n\n<ul class=\"wp-block-list\">\n<li>Pr\u00f3by ingerencji w bezpiecze\u0144stwo witryny.<\/li>\n\n\n\n<li>Rozpowszechnianie wirus\u00f3w lub szkodliwego kodu.<\/li>\n\n\n\n<li>Podawanie fa\u0142szywych informacji w formularzach darowizn lub kontaktowych.<\/li>\n<\/ul>\n\n\n\n<h4 class=\"wp-block-heading\">4. Zastrze\u017cenie medyczne<\/h4>\n\n\n\n<p>Informacje podane na tej stronie s\u0142u\u017c\u0105 wy\u0142\u0105cznie celom edukacyjnym i informacyjnym. Nie zast\u0119puj\u0105 one profesjonalnej porady medycznej. Prosimy o zapoznanie si\u0119 z pe\u0142n\u0105 <a href=\"https:\/\/phfoundation.net\/pl\/medical-disclaimer\/\" data-type=\"page\" data-id=\"19656\" target=\"_blank\" rel=\"noreferrer noopener\">Zastrze\u017cenie medyczne<\/a> wi\u0119cej szczeg\u00f3\u0142\u00f3w.<\/p>\n\n\n\n<h4 class=\"wp-block-heading\">5. Ograniczenie odpowiedzialno\u015bci<\/h4>\n\n\n\n<p>Fundacja Zdrowia Protectiva nie ponosi odpowiedzialno\u015bci za jakiekolwiek szkody wynikaj\u0105ce z korzystania lub niemo\u017cno\u015bci korzystania z niniejszej strony internetowej lub jej zawarto\u015bci.<\/p>","protected":false},"excerpt":{"rendered":"<p>Last Updated: January 6, 2026 1. Acceptance of Terms By accessing and using this website, you accept and agree to be bound by these Terms of Use and our Privacy Policy. 2. Intellectual Property All content on this website, including text, graphics, logos, and images, is the property of Protectiva Health Foundation and is protected [&hellip;]<\/p>","protected":false},"author":1,"featured_media":0,"parent":0,"menu_order":0,"comment_status":"closed","ping_status":"closed","template":"template-homepage.php","meta":{"give_campaign_id":0,"footnotes":""},"class_list":["post-19637","page","type-page","status-publish","hentry"],"campaignId":"","jetpack_sharing_enabled":true,"_links":{"self":[{"href":"https:\/\/phfoundation.net\/pl\/wp-json\/wp\/v2\/pages\/19637","targetHints":{"allow":["GET"]}}],"collection":[{"href":"https:\/\/phfoundation.net\/pl\/wp-json\/wp\/v2\/pages"}],"about":[{"href":"https:\/\/phfoundation.net\/pl\/wp-json\/wp\/v2\/types\/page"}],"author":[{"embeddable":true,"href":"https:\/\/phfoundation.net\/pl\/wp-json\/wp\/v2\/users\/1"}],"replies":[{"embeddable":true,"href":"https:\/\/phfoundation.net\/pl\/wp-json\/wp\/v2\/comments?post=19637"}],"version-history":[{"count":0,"href":"https:\/\/phfoundation.net\/pl\/wp-json\/wp\/v2\/pages\/19637\/revisions"}],"wp:attachment":[{"href":"https:\/\/phfoundation.net\/pl\/wp-json\/wp\/v2\/media?parent=19637"}],"curies":[{"name":"wp","href":"https:\/\/api.w.org\/{rel}","templated":true}]}}