{"id":19644,"date":"2026-01-06T17:42:20","date_gmt":"2026-01-06T17:42:20","guid":{"rendered":"https:\/\/phfoundation.net\/?page_id=19644"},"modified":"2026-01-06T19:55:29","modified_gmt":"2026-01-06T19:55:29","slug":"payment-security-methods","status":"publish","type":"page","link":"https:\/\/phfoundation.net\/pl\/payment-security-methods\/","title":{"rendered":"Bezpiecze\u0144stwo i metody p\u0142atno\u015bci"},"content":{"rendered":"<p><\/p>\n\n\n\n<p><strong>Ostatnia aktualizacja:<\/strong> 6 stycznia 2026 r.<\/p>\n\n\n\n<h4 class=\"wp-block-heading\">1. Bezpieczne transakcje<\/h4>\n\n\n\n<p>W Protectiva Health Foundation bezpiecze\u0144stwo Twoich informacji finansowych jest naszym najwy\u017cszym priorytetem. Nasza strona internetowa wykorzystuje szyfrowanie Secure Socket Layer (SSL), aby zapewni\u0107, \u017ce wszystkie dane przesy\u0142ane mi\u0119dzy przegl\u0105dark\u0105 u\u017cytkownika a naszymi serwerami pozostaj\u0105 prywatne i integralne.<\/p>\n\n\n\n<h4 class=\"wp-block-heading\">2. Metody p\u0142atno\u015bci<\/h4>\n\n\n\n<p>Akceptujemy szerok\u0105 gam\u0119 metod p\u0142atno\u015bci, aby wspieranie naszej misji by\u0142o jak naj\u0142atwiejsze:<\/p>\n\n\n\n<ul class=\"wp-block-list\">\n<li><strong>Karty kredytowe\/debetowe:<\/strong> Visa, Mastercard, American Express i inne.<\/li>\n\n\n\n<li><strong>Portfele cyfrowe:<\/strong> Apple Pay, Google Pay.<\/li>\n\n\n\n<li><strong>Bezpo\u015brednie przelewy bankowe:<\/strong> Mi\u0119dzynarodowe przelewy IBAN (szczeg\u00f3\u0142y na \u017cyczenie lub podczas realizacji transakcji).<\/li>\n<\/ul>\n\n\n\n<h4 class=\"wp-block-heading\">3. Nasi partnerzy ds. p\u0142atno\u015bci<\/h4>\n\n\n\n<p>Wsp\u00f3\u0142pracujemy ze \u015bwiatowej klasy procesorami p\u0142atno\u015bci zgodnymi z PCI-DSS, aby bezpiecznie obs\u0142ugiwa\u0107 transakcje. Nale\u017c\u0105 do nich:<\/p>\n\n\n\n<ul class=\"wp-block-list\">\n<li><strong>Stripe, MyPOS, SumUp, DodPay, HexPay,<\/strong> i inne regulowane instytucje finansowe.<br>Pe\u0142ne dane karty nigdy nie s\u0105 przechowywane na naszych serwerach; s\u0105 one przetwarzane bezpo\u015brednio przez te bezpieczne platformy.<\/li>\n<\/ul>\n\n\n\n<h4 class=\"wp-block-heading\">4. Zgodno\u015b\u0107 z PCI<\/h4>\n\n\n\n<p>Przestrzegamy standardu bezpiecze\u0144stwa danych bran\u017cy kart p\u0142atniczych (PCI-DSS). Gwarantuje to, \u017ce wszystkie firmy, kt\u00f3re przetwarzaj\u0105, przechowuj\u0105 lub przesy\u0142aj\u0105 informacje o kartach kredytowych, utrzymuj\u0105 bezpieczne \u015brodowisko.<\/p>\n\n\n\n<h4 class=\"wp-block-heading\">5. Zapobieganie oszustwom<\/h4>\n\n\n\n<p>Aby chroni\u0107 naszych darczy\u0144c\u00f3w i Fundacj\u0119, wdra\u017camy zaawansowane narz\u0119dzia do wykrywania oszustw dostarczane przez naszych partner\u00f3w p\u0142atniczych. Zastrzegamy sobie prawo do oznaczania lub odrzucania transakcji, kt\u00f3re wydaj\u0105 si\u0119 podejrzane. Wi\u0119cej informacji na temat naszych standard\u00f3w etycznych mo\u017cna znale\u017a\u0107 na stronie <a href=\"https:\/\/phfoundation.net\/pl\/anti-fraud-ethics-policy\/\" data-type=\"page\" data-id=\"19654\" target=\"_blank\" rel=\"noreferrer noopener\">Polityka przeciwdzia\u0142ania oszustwom i etyki<\/a>.<\/p>","protected":false},"excerpt":{"rendered":"<p>Last Updated: January 6, 2026 1. Secure Transactions At Protectiva Health Foundation, the security of your financial information is our top priority. Our website uses Secure Socket Layer (SSL) encryption to ensure that all data transmitted between your browser and our servers remains private and integral. 2. Payment Methods We accept a wide range of [&hellip;]<\/p>","protected":false},"author":1,"featured_media":0,"parent":0,"menu_order":0,"comment_status":"closed","ping_status":"closed","template":"template-homepage.php","meta":{"give_campaign_id":0,"footnotes":""},"class_list":["post-19644","page","type-page","status-publish","hentry"],"campaignId":"","jetpack_sharing_enabled":true,"_links":{"self":[{"href":"https:\/\/phfoundation.net\/pl\/wp-json\/wp\/v2\/pages\/19644","targetHints":{"allow":["GET"]}}],"collection":[{"href":"https:\/\/phfoundation.net\/pl\/wp-json\/wp\/v2\/pages"}],"about":[{"href":"https:\/\/phfoundation.net\/pl\/wp-json\/wp\/v2\/types\/page"}],"author":[{"embeddable":true,"href":"https:\/\/phfoundation.net\/pl\/wp-json\/wp\/v2\/users\/1"}],"replies":[{"embeddable":true,"href":"https:\/\/phfoundation.net\/pl\/wp-json\/wp\/v2\/comments?post=19644"}],"version-history":[{"count":0,"href":"https:\/\/phfoundation.net\/pl\/wp-json\/wp\/v2\/pages\/19644\/revisions"}],"wp:attachment":[{"href":"https:\/\/phfoundation.net\/pl\/wp-json\/wp\/v2\/media?parent=19644"}],"curies":[{"name":"wp","href":"https:\/\/api.w.org\/{rel}","templated":true}]}}