{"id":19648,"date":"2026-01-06T17:43:19","date_gmt":"2026-01-06T17:43:19","guid":{"rendered":"https:\/\/phfoundation.net\/?page_id=19648"},"modified":"2026-01-06T19:58:35","modified_gmt":"2026-01-06T19:58:35","slug":"donation-transparency","status":"publish","type":"page","link":"https:\/\/phfoundation.net\/pl\/donation-transparency\/","title":{"rendered":"Przejrzysto\u015b\u0107 darowizn"},"content":{"rendered":"<p><\/p>\n\n\n\n<p><strong>Ostatnia aktualizacja:<\/strong> 6 stycznia 2026 r.<\/p>\n\n\n\n<h4 class=\"wp-block-heading\">1. Nasze zobowi\u0105zanie do przejrzysto\u015bci<\/h4>\n\n\n\n<p>Fundacja Protectiva Health wierzy, \u017ce przejrzysto\u015b\u0107 jest podstaw\u0105 zaufania. Dok\u0142adamy wszelkich stara\u0144, aby ka\u017cda darowizna by\u0142a wykorzystywana w spos\u00f3b skuteczny i etyczny w celu realizacji naszej misji, jak\u0105 jest zapewnienie wszystkim dost\u0119pu do opieki zdrowotnej.<\/p>\n\n\n\n<h4 class=\"wp-block-heading\">2. Przydzia\u0142 \u015brodk\u00f3w<\/h4>\n\n\n\n<p>Staramy si\u0119 maksymalizowa\u0107 wp\u0142yw ka\u017cdej wp\u0142aty. Nasze fundusze s\u0105 zazwyczaj przydzielane w nast\u0119puj\u0105cy spos\u00f3b:<\/p>\n\n\n\n<ul class=\"wp-block-list\">\n<li><strong>Us\u0142ugi programowe:<\/strong> Bezpo\u015brednie wsparcie dla produkt\u00f3w medycznych, bada\u0144 przesiewowych i spo\u0142ecznych projekt\u00f3w zdrowotnych.<\/li>\n\n\n\n<li><strong>Reakcja na awari\u0119:<\/strong> Szybkie rozmieszczenie zasob\u00f3w podczas kryzys\u00f3w zdrowotnych lub katastrof.<\/li>\n\n\n\n<li><strong>Wsparcie operacyjne:<\/strong> Niezb\u0119dne koszty administracyjne i pozyskiwania funduszy, kt\u00f3re pozwalaj\u0105 nam utrzyma\u0107 bezpieczn\u0105 i profesjonaln\u0105 organizacj\u0119.<\/li>\n<\/ul>\n\n\n\n<h4 class=\"wp-block-heading\">3. Sprawozdawczo\u015b\u0107 i odpowiedzialno\u015b\u0107<\/h4>\n\n\n\n<p>Regularnie informujemy o naszych projektach za po\u015brednictwem <a href=\"https:\/\/phfoundation.net\/pl\/blog\/\" target=\"_blank\" rel=\"noreferrer noopener\">Blog<\/a> i roczne raporty wp\u0142ywu. Raporty te szczeg\u00f3\u0142owo opisuj\u0105 nasz\u0105 kondycj\u0119 finansow\u0105, liczb\u0119 os\u00f3b, do kt\u00f3rych dotarli\u015bmy, oraz konkretne wyniki naszych inicjatyw zdrowotnych.<\/p>\n\n\n\n<h4 class=\"wp-block-heading\">4. Darowizny celowe<\/h4>\n\n\n\n<p>Je\u015bli darczy\u0144ca okre\u015bli, \u017ce jego wk\u0142ad jest przeznaczony na konkretny projekt (np. \u201cZdrowie dzieci w Europie Wschodniej\u201d), honorujemy ten zamiar. Je\u015bli projekt zostanie przefinansowany lub nie b\u0119dzie m\u00f3g\u0142 zosta\u0107 uko\u0144czony, przekierujemy \u015brodki na najbardziej podobn\u0105 piln\u0105 potrzeb\u0119, zgodnie z naszymi zasadami. <a href=\"https:\/\/phfoundation.net\/pl\/donation-terms-conditions\/\" data-type=\"page\" data-id=\"19640\" target=\"_blank\" rel=\"noreferrer noopener\">Warunki darowizny<\/a>.<\/p>\n\n\n\n<h4 class=\"wp-block-heading\">5. Audyty zewn\u0119trzne<\/h4>\n\n\n\n<p>Aby zapewni\u0107 najwy\u017csze standardy uczciwo\u015bci finansowej, poddajemy si\u0119 okresowym wewn\u0119trznym i zewn\u0119trznym przegl\u0105dom naszych praktyk finansowych i wp\u0142ywu projekt\u00f3w.<\/p>\n\n\n\n<p><\/p>","protected":false},"excerpt":{"rendered":"<p>Last Updated: January 6, 2026 1. Our Commitment to Transparency Protectiva Health Foundation believes that transparency is the foundation of trust. We are committed to ensuring that every donation is used effectively and ethically to fulfill our mission of making healthcare accessible to all. 2. Allocation of Funds We strive to maximize the impact of [&hellip;]<\/p>","protected":false},"author":1,"featured_media":0,"parent":0,"menu_order":0,"comment_status":"closed","ping_status":"closed","template":"template-homepage.php","meta":{"give_campaign_id":0,"footnotes":""},"class_list":["post-19648","page","type-page","status-publish","hentry"],"campaignId":"","jetpack_sharing_enabled":true,"_links":{"self":[{"href":"https:\/\/phfoundation.net\/pl\/wp-json\/wp\/v2\/pages\/19648","targetHints":{"allow":["GET"]}}],"collection":[{"href":"https:\/\/phfoundation.net\/pl\/wp-json\/wp\/v2\/pages"}],"about":[{"href":"https:\/\/phfoundation.net\/pl\/wp-json\/wp\/v2\/types\/page"}],"author":[{"embeddable":true,"href":"https:\/\/phfoundation.net\/pl\/wp-json\/wp\/v2\/users\/1"}],"replies":[{"embeddable":true,"href":"https:\/\/phfoundation.net\/pl\/wp-json\/wp\/v2\/comments?post=19648"}],"version-history":[{"count":0,"href":"https:\/\/phfoundation.net\/pl\/wp-json\/wp\/v2\/pages\/19648\/revisions"}],"wp:attachment":[{"href":"https:\/\/phfoundation.net\/pl\/wp-json\/wp\/v2\/media?parent=19648"}],"curies":[{"name":"wp","href":"https:\/\/api.w.org\/{rel}","templated":true}]}}