{"id":19650,"date":"2026-01-06T17:44:04","date_gmt":"2026-01-06T17:44:04","guid":{"rendered":"https:\/\/phfoundation.net\/?page_id=19650"},"modified":"2026-01-06T19:59:33","modified_gmt":"2026-01-06T19:59:33","slug":"data-subject-rights-requests","status":"publish","type":"page","link":"https:\/\/phfoundation.net\/pl\/data-subject-rights-requests\/","title":{"rendered":"Prawa i wnioski os\u00f3b, kt\u00f3rych dane dotycz\u0105"},"content":{"rendered":"<p><\/p>\n\n\n\n<p><strong>Ostatnia aktualizacja:<\/strong> 6 stycznia 2026 r.<\/p>\n\n\n\n<h4 class=\"wp-block-heading\">1. Prawa u\u017cytkownika wynikaj\u0105ce z RODO i KVKK<\/h4>\n\n\n\n<p>Zgodnie z mi\u0119dzynarodowymi przepisami o ochronie danych osobowych, u\u017cytkownikowi przys\u0142uguj\u0105 okre\u015blone prawa dotycz\u0105ce jego danych osobowych przechowywanych przez Protectiva Health Foundation:<\/p>\n\n\n\n<ul class=\"wp-block-list\">\n<li><strong>Prawo dost\u0119pu:<\/strong> U\u017cytkownik mo\u017ce za\u017c\u0105da\u0107 kopii przechowywanych przez nas jego danych osobowych.<\/li>\n\n\n\n<li><strong>Prawo do sprostowania:<\/strong> U\u017cytkownik mo\u017ce poprosi\u0107 nas o poprawienie niedok\u0142adnych lub niekompletnych informacji.<\/li>\n\n\n\n<li><strong>Prawo do usuni\u0119cia danych (\u201cprawo do bycia zapomnianym\u201d):<\/strong> U\u017cytkownik mo\u017ce za\u017c\u0105da\u0107 usuni\u0119cia swoich danych pod pewnymi warunkami.<\/li>\n\n\n\n<li><strong>Prawo do ograniczenia przetwarzania:<\/strong> U\u017cytkownik mo\u017ce poprosi\u0107 nas o ograniczenie sposobu, w jaki wykorzystujemy jego dane.<\/li>\n\n\n\n<li><strong>Prawo do przenoszenia danych:<\/strong> Mo\u017cesz poprosi\u0107 o dane w ustrukturyzowanym, powszechnie u\u017cywanym formacie.<\/li>\n\n\n\n<li><strong>Prawo do sprzeciwu:<\/strong> U\u017cytkownik mo\u017ce sprzeciwi\u0107 si\u0119 przetwarzaniu przez nas jego danych na potrzeby marketingu bezpo\u015bredniego lub uzasadnionych interes\u00f3w.<\/li>\n<\/ul>\n\n\n\n<h4 class=\"wp-block-heading\">2. Jak z\u0142o\u017cy\u0107 wniosek<\/h4>\n\n\n\n<p>Aby skorzysta\u0107 z kt\u00f3regokolwiek z tych praw, nale\u017cy wys\u0142a\u0107 wiadomo\u015b\u0107 e-mail na adres <a href=\"mailto:legal@phfoundation.net\" target=\"_blank\" rel=\"noreferrer noopener\">legal@phfoundation.net<\/a> z tematem \u201c\u017b\u0105danie osoby, kt\u00f3rej dane dotycz\u0105\u201d. Prosimy o podanie imienia i nazwiska oraz charakteru \u017c\u0105dania.<\/p>\n\n\n\n<h4 class=\"wp-block-heading\">3. Proces weryfikacji<\/h4>\n\n\n\n<p>Aby chroni\u0107 prywatno\u015b\u0107 u\u017cytkownika, przed przetworzeniem wniosku mo\u017ce by\u0107 konieczne zweryfikowanie jego to\u017csamo\u015bci. Odpowiemy na wszystkie wa\u017cne wnioski w ci\u0105gu <strong>30 dni<\/strong>.<\/p>\n\n\n\n<h4 class=\"wp-block-heading\">4. Skargi<\/h4>\n\n\n\n<p>Je\u015bli u\u017cytkownik uwa\u017ca, \u017ce jego dane nie zosta\u0142y przetworzone prawid\u0142owo, ma prawo z\u0142o\u017cy\u0107 skarg\u0119 do lokalnego organu ochrony danych. Zach\u0119camy do skontaktowania si\u0119 z nami w pierwszej kolejno\u015bci za po\u015brednictwem <a href=\"https:\/\/phfoundation.net\/pl\/contact-complaints\/\" data-type=\"page\" data-id=\"19660\" target=\"_blank\" rel=\"noreferrer noopener\">Kontakt i skargi<\/a> aby\u015bmy mogli bezpo\u015brednio rozwi\u0105za\u0107 Twoje w\u0105tpliwo\u015bci.<\/p>\n\n\n\n<p><\/p>","protected":false},"excerpt":{"rendered":"<p>Ostatnia aktualizacja: 6 stycznia 2026 r. 1. Twoje prawa wynikaj\u0105ce z RODO i KVKK Zgodnie z mi\u0119dzynarodowymi przepisami o ochronie danych, masz okre\u015blone prawa dotycz\u0105ce Twoich danych osobowych przechowywanych przez Protectiva Health Foundation: 2. Jak z\u0142o\u017cy\u0107 wniosek Aby skorzysta\u0107 z kt\u00f3regokolwiek z tych praw, wy\u015blij wiadomo\u015b\u0107 e-mail na adres legal@phfoundation.net z tematem \u201cData [...]\".<\/p>","protected":false},"author":1,"featured_media":0,"parent":0,"menu_order":0,"comment_status":"closed","ping_status":"closed","template":"template-homepage.php","meta":{"give_campaign_id":0,"footnotes":""},"class_list":["post-19650","page","type-page","status-publish","hentry"],"campaignId":"","jetpack_sharing_enabled":true,"_links":{"self":[{"href":"https:\/\/phfoundation.net\/pl\/wp-json\/wp\/v2\/pages\/19650","targetHints":{"allow":["GET"]}}],"collection":[{"href":"https:\/\/phfoundation.net\/pl\/wp-json\/wp\/v2\/pages"}],"about":[{"href":"https:\/\/phfoundation.net\/pl\/wp-json\/wp\/v2\/types\/page"}],"author":[{"embeddable":true,"href":"https:\/\/phfoundation.net\/pl\/wp-json\/wp\/v2\/users\/1"}],"replies":[{"embeddable":true,"href":"https:\/\/phfoundation.net\/pl\/wp-json\/wp\/v2\/comments?post=19650"}],"version-history":[{"count":0,"href":"https:\/\/phfoundation.net\/pl\/wp-json\/wp\/v2\/pages\/19650\/revisions"}],"wp:attachment":[{"href":"https:\/\/phfoundation.net\/pl\/wp-json\/wp\/v2\/media?parent=19650"}],"curies":[{"name":"wp","href":"https:\/\/api.w.org\/{rel}","templated":true}]}}