{"id":19652,"date":"2026-01-06T17:44:37","date_gmt":"2026-01-06T17:44:37","guid":{"rendered":"https:\/\/phfoundation.net\/?page_id=19652"},"modified":"2026-01-06T20:00:50","modified_gmt":"2026-01-06T20:00:50","slug":"child-safeguarding-policy","status":"publish","type":"page","link":"https:\/\/phfoundation.net\/pl\/child-safeguarding-policy\/","title":{"rendered":"Polityka ochrony dzieci"},"content":{"rendered":"<p><\/p>\n\n\n\n<p><strong>Ostatnia aktualizacja:<\/strong> 6 stycznia 2026 r.<\/p>\n\n\n\n<h4 class=\"wp-block-heading\">1. Nasze zobowi\u0105zanie<\/h4>\n\n\n\n<p>Fundacja Protectiva Health dba o bezpiecze\u0144stwo i dobro wszystkich dzieci zaanga\u017cowanych w nasze programy lub b\u0119d\u0105cych pod ich wp\u0142ywem. Stosujemy polityk\u0119 zerowej tolerancji dla wszelkich form zn\u0119cania si\u0119, wykorzystywania lub zaniedbywania dzieci.<\/p>\n\n\n\n<h4 class=\"wp-block-heading\">2. Prywatno\u015b\u0107 i ochrona danych dzieci<\/h4>\n\n\n\n<p>Podejmujemy dodatkowe \u015brodki ostro\u017cno\u015bci podczas przetwarzania informacji dotycz\u0105cych nieletnich:<\/p>\n\n\n\n<ul class=\"wp-block-list\">\n<li>Nie gromadzimy \u015bwiadomie danych osobowych dzieci w wieku poni\u017cej 16 lat bez wyra\u017anej zgody rodzic\u00f3w lub opiekun\u00f3w.<\/li>\n\n\n\n<li>Obrazy lub historie dzieci wykorzystane w naszych <a href=\"https:\/\/phfoundation.net\/pl\/our-stories\/\" target=\"_blank\" rel=\"noreferrer noopener\">Nasze historie<\/a> s\u0105 publikowane wy\u0142\u0105cznie za \u015bwiadom\u0105 zgod\u0105 i w spos\u00f3b chroni\u0105cy godno\u015b\u0107 i bezpiecze\u0144stwo dziecka.<\/li>\n<\/ul>\n\n\n\n<h4 class=\"wp-block-heading\">3. Bezpieczne programowanie<\/h4>\n\n\n\n<p>Wszystkie nasze projekty terenowe i partnerstwa s\u0105 weryfikowane pod k\u0105tem zgodno\u015bci z mi\u0119dzynarodowymi standardami ochrony dzieci. Nasi pracownicy i wolontariusze s\u0105 zobowi\u0105zani do przestrzegania \u015bcis\u0142ego kodeksu post\u0119powania w kontaktach z dzie\u0107mi.<\/p>\n\n\n\n<h4 class=\"wp-block-heading\">4. Zg\u0142aszanie zastrze\u017ce\u0144<\/h4>\n\n\n\n<p>Je\u015bli masz jakiekolwiek obawy dotycz\u0105ce bezpiecze\u0144stwa dziecka w zwi\u0105zku z nasz\u0105 prac\u0105, prosimy o niezw\u0142oczne zg\u0142oszenie ich za po\u015brednictwem naszej strony internetowej. <a href=\"https:\/\/phfoundation.net\/pl\/contact-complaints\/\" data-type=\"page\" data-id=\"19660\" target=\"_blank\" rel=\"noreferrer noopener\">Kontakt i skargi<\/a> strona lub e-mail <a href=\"mailto:safeguarding@phfoundation.net\" target=\"_blank\" rel=\"noreferrer noopener\">safeguarding@phfoundation.net<\/a>. Wszystkie zg\u0142oszenia s\u0105 obs\u0142ugiwane z zachowaniem najwy\u017cszej poufno\u015bci i w trybie pilnym.<\/p>\n\n\n\n<p><\/p>","protected":false},"excerpt":{"rendered":"<p>Ostatnia aktualizacja: 6 stycznia 2026 r. 1. Nasze zaanga\u017cowanie Fundacja Protectiva Health dba o bezpiecze\u0144stwo i dobre samopoczucie wszystkich dzieci zaanga\u017cowanych w nasze programy lub b\u0119d\u0105cych pod ich wp\u0142ywem. Stosujemy polityk\u0119 zerowej tolerancji dla wszelkich form zn\u0119cania si\u0119, wykorzystywania lub zaniedbywania dzieci. 2. Prywatno\u015b\u0107 i ochrona danych dzieci Podejmujemy dodatkowe \u015brodki ostro\u017cno\u015bci podczas obs\u0142ugi [...]<\/p>","protected":false},"author":1,"featured_media":0,"parent":0,"menu_order":0,"comment_status":"closed","ping_status":"closed","template":"template-homepage.php","meta":{"give_campaign_id":0,"footnotes":""},"class_list":["post-19652","page","type-page","status-publish","hentry"],"campaignId":"","jetpack_sharing_enabled":true,"_links":{"self":[{"href":"https:\/\/phfoundation.net\/pl\/wp-json\/wp\/v2\/pages\/19652","targetHints":{"allow":["GET"]}}],"collection":[{"href":"https:\/\/phfoundation.net\/pl\/wp-json\/wp\/v2\/pages"}],"about":[{"href":"https:\/\/phfoundation.net\/pl\/wp-json\/wp\/v2\/types\/page"}],"author":[{"embeddable":true,"href":"https:\/\/phfoundation.net\/pl\/wp-json\/wp\/v2\/users\/1"}],"replies":[{"embeddable":true,"href":"https:\/\/phfoundation.net\/pl\/wp-json\/wp\/v2\/comments?post=19652"}],"version-history":[{"count":0,"href":"https:\/\/phfoundation.net\/pl\/wp-json\/wp\/v2\/pages\/19652\/revisions"}],"wp:attachment":[{"href":"https:\/\/phfoundation.net\/pl\/wp-json\/wp\/v2\/media?parent=19652"}],"curies":[{"name":"wp","href":"https:\/\/api.w.org\/{rel}","templated":true}]}}