{"id":19654,"date":"2026-01-06T17:45:04","date_gmt":"2026-01-06T17:45:04","guid":{"rendered":"https:\/\/phfoundation.net\/?page_id=19654"},"modified":"2026-01-06T20:02:02","modified_gmt":"2026-01-06T20:02:02","slug":"anti-fraud-ethics-policy","status":"publish","type":"page","link":"https:\/\/phfoundation.net\/pl\/anti-fraud-ethics-policy\/","title":{"rendered":"Polityka przeciwdzia\u0142ania oszustwom i etyki"},"content":{"rendered":"<p><\/p>\n\n\n\n<p><strong>Ostatnia aktualizacja:<\/strong> 6 stycznia 2026 r.<\/p>\n\n\n\n<h4 class=\"wp-block-heading\">1. Standardy etyczne<\/h4>\n\n\n\n<p>Fundacja Protectiva Health dzia\u0142a zgodnie z najwy\u017cszymi standardami uczciwo\u015bci, rzetelno\u015bci i sprawiedliwo\u015bci. Nie tolerujemy przekupstwa, korupcji, prania brudnych pieni\u0119dzy ani \u017cadnych form nieuczciwej dzia\u0142alno\u015bci.<\/p>\n\n\n\n<h4 class=\"wp-block-heading\">2. Zapobieganie oszustwom<\/h4>\n\n\n\n<p>Wdra\u017camy \u015bcis\u0142e kontrole wewn\u0119trzne w celu ochrony naszych zasob\u00f3w i powierzonych nam darowizn. Obejmuje to:<\/p>\n\n\n\n<ul class=\"wp-block-list\">\n<li>Regularne monitorowanie transakcji finansowych.<\/li>\n\n\n\n<li>Nale\u017cyta staranno\u015b\u0107 wobec wszystkich partner\u00f3w, dostawc\u00f3w i g\u0142\u00f3wnych darczy\u0144c\u00f3w.<\/li>\n\n\n\n<li>Bezpieczne przetwarzanie p\u0142atno\u015bci za po\u015brednictwem regulowanych partner\u00f3w (zobacz nasze <a href=\"https:\/\/phfoundation.net\/pl\/payment-security-methods\/\" data-type=\"page\" data-id=\"19644\" target=\"_blank\" rel=\"noreferrer noopener\">Bezpiecze\u0144stwo i metody p\u0142atno\u015bci<\/a>).<\/li>\n<\/ul>\n\n\n\n<h4 class=\"wp-block-heading\">3. Konflikt interes\u00f3w<\/h4>\n\n\n\n<p>Nasi pracownicy, cz\u0142onkowie zarz\u0105du i wolontariusze s\u0105 zobowi\u0105zani do ujawniania wszelkich potencjalnych konflikt\u00f3w interes\u00f3w, aby zapewni\u0107, \u017ce wszystkie decyzje s\u0105 podejmowane wy\u0142\u0105cznie w najlepszym interesie Fundacji i spo\u0142eczno\u015bci, kt\u00f3rym s\u0142u\u017cymy.<\/p>\n\n\n\n<h4 class=\"wp-block-heading\">4. Zg\u0142aszanie niew\u0142a\u015bciwego post\u0119powania<\/h4>\n\n\n\n<p>Zach\u0119camy wszystkich, kt\u00f3rzy podejrzewaj\u0105 nieuczciwe lub nieetyczne zachowanie, do natychmiastowego zg\u0142aszania takich przypadk\u00f3w. Zg\u0142osze\u0144 mo\u017cna dokonywa\u0107 anonimowo za po\u015brednictwem <a href=\"https:\/\/phfoundation.net\/pl\/contact-complaints\/\" data-type=\"page\" data-id=\"19660\" target=\"_blank\" rel=\"noreferrer noopener\">Kontakt i skargi<\/a> lub wysy\u0142aj\u0105c wiadomo\u015b\u0107 e-mail na adres <a href=\"mailto:ethics@phfoundation.net\" target=\"_blank\" rel=\"noreferrer noopener\">ethics@phfoundation.net<\/a>.<\/p>","protected":false},"excerpt":{"rendered":"<p>Ostatnia aktualizacja: 6 stycznia 2026 r. 1. Standardy etyczne Fundacja Protectiva Health dzia\u0142a zgodnie z najwy\u017cszymi standardami uczciwo\u015bci, rzetelno\u015bci i sprawiedliwo\u015bci. Nie tolerujemy przekupstwa, korupcji, prania brudnych pieni\u0119dzy ani \u017cadnych form nieuczciwej dzia\u0142alno\u015bci. 2. Zapobieganie oszustwom Wdra\u017camy \u015bcis\u0142e kontrole wewn\u0119trzne w celu ochrony naszych zasob\u00f3w i powierzonych nam darowizn. To [...]<\/p>","protected":false},"author":1,"featured_media":0,"parent":0,"menu_order":0,"comment_status":"closed","ping_status":"closed","template":"template-homepage.php","meta":{"give_campaign_id":0,"footnotes":""},"class_list":["post-19654","page","type-page","status-publish","hentry"],"campaignId":"","jetpack_sharing_enabled":true,"_links":{"self":[{"href":"https:\/\/phfoundation.net\/pl\/wp-json\/wp\/v2\/pages\/19654","targetHints":{"allow":["GET"]}}],"collection":[{"href":"https:\/\/phfoundation.net\/pl\/wp-json\/wp\/v2\/pages"}],"about":[{"href":"https:\/\/phfoundation.net\/pl\/wp-json\/wp\/v2\/types\/page"}],"author":[{"embeddable":true,"href":"https:\/\/phfoundation.net\/pl\/wp-json\/wp\/v2\/users\/1"}],"replies":[{"embeddable":true,"href":"https:\/\/phfoundation.net\/pl\/wp-json\/wp\/v2\/comments?post=19654"}],"version-history":[{"count":0,"href":"https:\/\/phfoundation.net\/pl\/wp-json\/wp\/v2\/pages\/19654\/revisions"}],"wp:attachment":[{"href":"https:\/\/phfoundation.net\/pl\/wp-json\/wp\/v2\/media?parent=19654"}],"curies":[{"name":"wp","href":"https:\/\/api.w.org\/{rel}","templated":true}]}}