{"id":19656,"date":"2026-01-06T17:45:27","date_gmt":"2026-01-06T17:45:27","guid":{"rendered":"https:\/\/phfoundation.net\/?page_id=19656"},"modified":"2026-01-06T18:29:45","modified_gmt":"2026-01-06T18:29:45","slug":"medical-disclaimer","status":"publish","type":"page","link":"https:\/\/phfoundation.net\/pl\/medical-disclaimer\/","title":{"rendered":"Zastrze\u017cenie medyczne"},"content":{"rendered":"<p><\/p>\n\n\n\n<p><strong>Ostatnia aktualizacja:<\/strong> 6 stycznia 2026 r.<\/p>\n\n\n\n<h4 class=\"wp-block-heading\">1. Wy\u0142\u0105cznie do cel\u00f3w informacyjnych<\/h4>\n\n\n\n<p>Tre\u015bci zamieszczone na stronie internetowej Fundacji Protectiva Health, w tym teksty, grafiki, zdj\u0119cia i wpisy na blogu, s\u0142u\u017c\u0105 wy\u0142\u0105cznie og\u00f3lnym celom informacyjnym i edukacyjnym.<\/p>\n\n\n\n<h4 class=\"wp-block-heading\">2. Nie jest to porada medyczna<\/h4>\n\n\n\n<p>Dostarczone informacje to <strong>nie<\/strong> ma na celu zast\u0105pienie profesjonalnej porady medycznej, diagnozy lub leczenia. W przypadku jakichkolwiek pyta\u0144 dotycz\u0105cych stanu zdrowia nale\u017cy zawsze zasi\u0119gn\u0105\u0107 porady lekarza lub innego wykwalifikowanego pracownika s\u0142u\u017cby zdrowia.<\/p>\n\n\n\n<h4 class=\"wp-block-heading\">3. Brak relacji lekarz-pacjent<\/h4>\n\n\n\n<p>Korzystanie z tej strony internetowej lub komunikacja z nami za po\u015brednictwem poczty elektronicznej nie tworzy relacji lekarz-pacjent. Nigdy nie lekcewa\u017c profesjonalnej porady medycznej ani nie zwlekaj z jej zasi\u0119gni\u0119ciem z powodu informacji przeczytanych na tej stronie.<\/p>\n\n\n\n<h4 class=\"wp-block-heading\">4. Dok\u0142adno\u015b\u0107 informacji<\/h4>\n\n\n\n<p>Chocia\u017c staramy si\u0119 dostarcza\u0107 dok\u0142adnych i aktualnych informacji na temat zdrowia, wiedza medyczna stale si\u0119 rozwija. Fundacja Zdrowia Protectiva nie sk\u0142ada \u017cadnych o\u015bwiadcze\u0144 i nie ponosi odpowiedzialno\u015bci za dok\u0142adno\u015b\u0107 informacji zawartych na tej stronie lub dost\u0119pnych za jej po\u015brednictwem.<\/p>","protected":false},"excerpt":{"rendered":"<p>Ostatnia aktualizacja: 6 stycznia 2026 r. 1. Wy\u0142\u0105cznie w celach informacyjnych Tre\u015bci zawarte na stronie internetowej Protectiva Health Foundation, w tym tekst, grafika, obrazy i wpisy na blogu, s\u0105 udost\u0119pniane wy\u0142\u0105cznie w og\u00f3lnych celach informacyjnych i edukacyjnych. 2. Podane informacje nie maj\u0105 na celu zast\u0105pienia profesjonalnej porady medycznej, diagnozy lub leczenia. [...]<\/p>","protected":false},"author":1,"featured_media":0,"parent":0,"menu_order":0,"comment_status":"closed","ping_status":"closed","template":"template-homepage.php","meta":{"give_campaign_id":0,"footnotes":""},"class_list":["post-19656","page","type-page","status-publish","hentry"],"campaignId":"","jetpack_sharing_enabled":true,"_links":{"self":[{"href":"https:\/\/phfoundation.net\/pl\/wp-json\/wp\/v2\/pages\/19656","targetHints":{"allow":["GET"]}}],"collection":[{"href":"https:\/\/phfoundation.net\/pl\/wp-json\/wp\/v2\/pages"}],"about":[{"href":"https:\/\/phfoundation.net\/pl\/wp-json\/wp\/v2\/types\/page"}],"author":[{"embeddable":true,"href":"https:\/\/phfoundation.net\/pl\/wp-json\/wp\/v2\/users\/1"}],"replies":[{"embeddable":true,"href":"https:\/\/phfoundation.net\/pl\/wp-json\/wp\/v2\/comments?post=19656"}],"version-history":[{"count":0,"href":"https:\/\/phfoundation.net\/pl\/wp-json\/wp\/v2\/pages\/19656\/revisions"}],"wp:attachment":[{"href":"https:\/\/phfoundation.net\/pl\/wp-json\/wp\/v2\/media?parent=19656"}],"curies":[{"name":"wp","href":"https:\/\/api.w.org\/{rel}","templated":true}]}}