{"id":19658,"date":"2026-01-06T17:46:02","date_gmt":"2026-01-06T17:46:02","guid":{"rendered":"https:\/\/phfoundation.net\/?page_id=19658"},"modified":"2026-01-06T18:10:31","modified_gmt":"2026-01-06T18:10:31","slug":"sanctions-compliance-notice","status":"publish","type":"page","link":"https:\/\/phfoundation.net\/pl\/sanctions-compliance-notice\/","title":{"rendered":"Powiadomienie o sankcjach i zgodno\u015bci"},"content":{"rendered":"<p><\/p>\n\n\n\n<p><strong>Ostatnia aktualizacja:<\/strong> 6 stycznia 2026 r.<\/p>\n\n\n\n<h4 class=\"wp-block-heading\">1. Zgodno\u015b\u0107 z prawem mi\u0119dzynarodowym<\/h4>\n\n\n\n<p>Fundacja Protectiva Health dzia\u0142a w \u015bcis\u0142ej zgodno\u015bci z mi\u0119dzynarodowymi przepisami prawa i regulacjami, w tym zwi\u0105zanymi z przeciwdzia\u0142aniem praniu pieni\u0119dzy (AML) i finansowaniu terroryzmu (CFT).<\/p>\n\n\n\n<h4 class=\"wp-block-heading\">2. Regiony i osoby obj\u0119te sankcjami<\/h4>\n\n\n\n<p>Nie przyjmujemy darowizn ani nie \u015bwiadczymy us\u0142ug na rzecz os\u00f3b lub podmiot\u00f3w wymienionych na mi\u0119dzynarodowych listach sankcyjnych (takich jak listy wydane przez ONZ, UE lub US OFAC). Nie dzia\u0142amy w regionach obj\u0119tych kompleksowymi mi\u0119dzynarodowymi embargami, kt\u00f3re zakazuj\u0105 interakcji humanitarnych lub finansowych.<\/p>\n\n\n\n<h4 class=\"wp-block-heading\">3. Badanie przesiewowe dawc\u00f3w<\/h4>\n\n\n\n<p>Aby zapewni\u0107 zgodno\u015b\u0107 z przepisami, mo\u017cemy przeprowadza\u0107 automatyczne sprawdzanie nazwisk darczy\u0144c\u00f3w pod k\u0105tem globalnych list sankcji. Przekazuj\u0105c darowizn\u0119, u\u017cytkownik o\u015bwiadcza, \u017ce nie jest osob\u0105 ani podmiotem obj\u0119tym sankcjami.<\/p>\n\n\n\n<h4 class=\"wp-block-heading\">4. Przejrzysto\u015b\u0107 i wsp\u00f3\u0142praca<\/h4>\n\n\n\n<p>W pe\u0142ni wsp\u00f3\u0142pracujemy z instytucjami finansowymi i organami regulacyjnymi, aby zapewni\u0107, \u017ce nasze globalne operacje pozostaj\u0105 przejrzyste i zgodne z prawem.<\/p>","protected":false},"excerpt":{"rendered":"<p>Ostatnia aktualizacja: 6 stycznia 2026 r. 1. Zgodno\u015b\u0107 z prawem mi\u0119dzynarodowym Fundacja Protectiva Health dzia\u0142a w \u015bcis\u0142ej zgodno\u015bci z mi\u0119dzynarodowymi przepisami prawa i regulacjami, w tym dotycz\u0105cymi przeciwdzia\u0142ania praniu pieni\u0119dzy (AML) i finansowaniu terroryzmu (CFT). 2. Regiony i osoby obj\u0119te sankcjami Nie przyjmujemy darowizn ani nie \u015bwiadczymy us\u0142ug na rzecz os\u00f3b lub podmiot\u00f3w wymienionych [...]<\/p>","protected":false},"author":1,"featured_media":0,"parent":0,"menu_order":0,"comment_status":"closed","ping_status":"closed","template":"template-homepage.php","meta":{"give_campaign_id":0,"footnotes":""},"class_list":["post-19658","page","type-page","status-publish","hentry"],"campaignId":"","jetpack_sharing_enabled":true,"_links":{"self":[{"href":"https:\/\/phfoundation.net\/pl\/wp-json\/wp\/v2\/pages\/19658","targetHints":{"allow":["GET"]}}],"collection":[{"href":"https:\/\/phfoundation.net\/pl\/wp-json\/wp\/v2\/pages"}],"about":[{"href":"https:\/\/phfoundation.net\/pl\/wp-json\/wp\/v2\/types\/page"}],"author":[{"embeddable":true,"href":"https:\/\/phfoundation.net\/pl\/wp-json\/wp\/v2\/users\/1"}],"replies":[{"embeddable":true,"href":"https:\/\/phfoundation.net\/pl\/wp-json\/wp\/v2\/comments?post=19658"}],"version-history":[{"count":0,"href":"https:\/\/phfoundation.net\/pl\/wp-json\/wp\/v2\/pages\/19658\/revisions"}],"wp:attachment":[{"href":"https:\/\/phfoundation.net\/pl\/wp-json\/wp\/v2\/media?parent=19658"}],"curies":[{"name":"wp","href":"https:\/\/api.w.org\/{rel}","templated":true}]}}