{"id":3,"date":"2025-07-08T19:51:30","date_gmt":"2025-07-08T19:51:30","guid":{"rendered":"https:\/\/phfoundation.net\/?page_id=3"},"modified":"2026-01-06T19:47:41","modified_gmt":"2026-01-06T19:47:41","slug":"privacy-policy","status":"publish","type":"page","link":"https:\/\/phfoundation.net\/pl\/privacy-policy\/","title":{"rendered":"Polityka prywatno\u015bci"},"content":{"rendered":"<p><\/p>\n\n\n\n<p><strong>Ostatnia aktualizacja:<\/strong> 6 stycznia 2026 r.<\/p>\n\n\n\n<h4 class=\"wp-block-heading\">1. Wprowadzenie<\/h4>\n\n\n\n<p>Protectiva Health Foundation (\u201cmy\u201d, \u201cnas\u201d lub \u201cnasz\u201d) zobowi\u0105zuje si\u0119 do ochrony prywatno\u015bci i danych osobowych u\u017cytkownik\u00f3w. Niniejsza Polityka prywatno\u015bci wyja\u015bnia, w jaki spos\u00f3b gromadzimy, wykorzystujemy, ujawniamy i chronimy dane u\u017cytkownik\u00f3w odwiedzaj\u0105cych nasz\u0105 stron\u0119 internetow\u0105, przekazuj\u0105cych darowizn\u0119 lub korzystaj\u0105cych z naszych us\u0142ug. Dzia\u0142amy zgodnie z og\u00f3lnym rozporz\u0105dzeniem o ochronie danych (RODO), ustaw\u0105 o ochronie danych osobowych (KVKK) i innymi obowi\u0105zuj\u0105cymi mi\u0119dzynarodowymi przepisami o ochronie danych.<\/p>\n\n\n\n<h4 class=\"wp-block-heading\">2. Gromadzone przez nas dane<\/h4>\n\n\n\n<p>Mo\u017cemy gromadzi\u0107 dane osobowe, kt\u00f3re u\u017cytkownik dobrowolnie nam przekazuje:<\/p>\n\n\n\n<ul class=\"wp-block-list\">\n<li><strong>Przeka\u017c darowizn\u0119:<\/strong> Imi\u0119 i nazwisko, adres e-mail, adres rozliczeniowy i szczeg\u00f3\u0142y p\u0142atno\u015bci (przetwarzane bezpiecznie przez naszych partner\u00f3w p\u0142atniczych).<\/li>\n\n\n\n<li><strong>Wolontariusz lub partner:<\/strong> Do\u015bwiadczenie zawodowe, dane kontaktowe i informacje identyfikacyjne.<\/li>\n\n\n\n<li><strong>Subskrybuj biuletyny:<\/strong> Imi\u0119 i nazwisko oraz adres e-mail.<\/li>\n\n\n\n<li><strong>Skontaktuj si\u0119 z nami:<\/strong> Wszelkie informacje podane w zapytaniu.<\/li>\n\n\n\n<li><strong>Zautomatyzowane dane:<\/strong> Adres IP, typ przegl\u0105darki i dane dotycz\u0105ce u\u017cytkowania gromadzone za po\u015brednictwem plik\u00f3w cookie (zob. nasze <a href=\"https:\/\/phfoundation.net\/pl\/cookie-policy\/\" data-type=\"page\" data-id=\"19634\" target=\"_blank\" rel=\"noreferrer noopener\">Polityka dotycz\u0105ca plik\u00f3w cookie<\/a>).<\/li>\n<\/ul>\n\n\n\n<h4 class=\"wp-block-heading\">3. Jak wykorzystujemy dane u\u017cytkownika<\/h4>\n\n\n\n<p>U\u017cywamy informacji o u\u017cytkowniku do nast\u0119puj\u0105cych cel\u00f3w:<\/p>\n\n\n\n<ul class=\"wp-block-list\">\n<li>Przetwarzanie i potwierdzanie darowizn.<\/li>\n\n\n\n<li>Wysy\u0142anie pokwitowa\u0144 podatkowych i raport\u00f3w wp\u0142ywu.<\/li>\n\n\n\n<li>Zarz\u0105dzanie zg\u0142oszeniami wolontariuszy i partnerstw.<\/li>\n\n\n\n<li>Aby ulepszy\u0107 nasz\u0105 stron\u0119 internetow\u0105 i do\u015bwiadczenia u\u017cytkownik\u00f3w.<\/li>\n\n\n\n<li>Przestrzeganie zobowi\u0105za\u0144 prawnych i zapobieganie oszustwom (zob. nasze <a href=\"https:\/\/phfoundation.net\/pl\/anti-fraud-ethics-policy\/\" data-type=\"page\" data-id=\"19654\" target=\"_blank\" rel=\"noreferrer noopener\">Polityka przeciwdzia\u0142ania oszustwom i etyki<\/a>).<\/li>\n\n\n\n<li>Aby zapewni\u0107 zgodno\u015b\u0107 z mi\u0119dzynarodowymi przepisami (zob. <a href=\"https:\/\/phfoundation.net\/pl\/sanctions-compliance-notice\/\" data-type=\"page\" data-id=\"19658\" target=\"_blank\" rel=\"noreferrer noopener\">Powiadomienie o sankcjach i zgodno\u015bci<\/a>).<\/li>\n<\/ul>\n\n\n\n<h4 class=\"wp-block-heading\">4. Podstawa prawna przetwarzania<\/h4>\n\n\n\n<p>Przetwarzamy dane na podstawie:<\/p>\n\n\n\n<ul class=\"wp-block-list\">\n<li><strong>Zgoda u\u017cytkownika:<\/strong> W przypadku biuletyn\u00f3w i niekt\u00f3rych plik\u00f3w cookie.<\/li>\n\n\n\n<li><strong>Konieczno\u015b\u0107 umowna:<\/strong> Przetwarzanie darowizn lub um\u00f3w wolontariackich.<\/li>\n\n\n\n<li><strong>Obowi\u0105zek prawny:<\/strong> W zakresie sprawozdawczo\u015bci finansowej i zgodno\u015bci z przepisami dotycz\u0105cymi przeciwdzia\u0142ania praniu pieni\u0119dzy.<\/li>\n\n\n\n<li><strong>Uzasadniony interes:<\/strong> Utrzymanie bezpiecze\u0144stwa naszej strony internetowej i informowanie o naszej misji.<\/li>\n<\/ul>\n\n\n\n<h4 class=\"wp-block-heading\">5. Udost\u0119pnianie danych i transfery mi\u0119dzynarodowe<\/h4>\n\n\n\n<p>Nie sprzedajemy danych osobowych u\u017cytkownik\u00f3w. Udost\u0119pniamy informacje tylko z:<\/p>\n\n\n\n<ul class=\"wp-block-list\">\n<li><strong>Dostawcy us\u0142ug:<\/strong> Procesory p\u0142atno\u015bci (Stripe, MyPOS, SumUp itp.), us\u0142ugi poczty elektronicznej i dostawcy us\u0142ug hostingowych.<\/li>\n\n\n\n<li><strong>Organy prawne:<\/strong> Gdy jest to wymagane przez prawo lub w celu ochrony naszych praw.<\/li>\n\n\n\n<li><strong>Przelewy mi\u0119dzynarodowe:<\/strong> Poniewa\u017c dzia\u0142amy globalnie, dane u\u017cytkownika mog\u0105 by\u0107 przesy\u0142ane na serwery znajduj\u0105ce si\u0119 poza jego krajem ojczystym. Zapewniamy, \u017ce wszystkie transfery s\u0105 zgodne ze standardowymi klauzulami umownymi i odpowiednimi poziomami ochrony.<\/li>\n<\/ul>\n\n\n\n<h4 class=\"wp-block-heading\">6. Bezpiecze\u0144stwo danych<\/h4>\n\n\n\n<p>Wdra\u017camy solidne \u015brodki techniczne i organizacyjne w celu ochrony danych u\u017cytkownik\u00f3w, w tym szyfrowanie SSL i bezpieczne bramki p\u0142atno\u015bci. Aby uzyska\u0107 wi\u0119cej informacji na temat obs\u0142ugi transakcji, odwied\u017a nasz\u0105 stron\u0119 <a href=\"https:\/\/phfoundation.net\/pl\/payment-security-methods\/\" data-type=\"page\" data-id=\"19644\" target=\"_blank\" rel=\"noreferrer noopener\">Bezpiecze\u0144stwo i metody p\u0142atno\u015bci<\/a> strona.<\/p>\n\n\n\n<h4 class=\"wp-block-heading\">7. Prawa u\u017cytkownika<\/h4>\n\n\n\n<p>W zale\u017cno\u015bci od lokalizacji masz prawo do:<\/p>\n\n\n\n<ul class=\"wp-block-list\">\n<li>Dost\u0119p, poprawianie lub usuwanie danych osobowych.<\/li>\n\n\n\n<li>Sprzeciw lub ograniczenie przetwarzania.<\/li>\n\n\n\n<li>Mo\u017cliwo\u015b\u0107 przenoszenia danych.<\/li>\n\n\n\n<li>Wycofa\u0107 zgod\u0119 w dowolnym momencie.<br>Aby skorzysta\u0107 z tych praw, prosimy o <a href=\"https:\/\/phfoundation.net\/pl\/data-subject-rights-requests\/\" data-type=\"page\" data-id=\"19650\" target=\"_blank\" rel=\"noreferrer noopener\">Prawa i wnioski os\u00f3b, kt\u00f3rych dane dotycz\u0105<\/a> lub skontaktuj si\u0119 z nami pod adresem <a href=\"mailto:legal@phfoundation.net\" target=\"_blank\" rel=\"noreferrer noopener\">legal@phfoundation.net<\/a>.<\/li>\n<\/ul>\n\n\n\n<h4 class=\"wp-block-heading\">8. Prywatno\u015b\u0107 dzieci<\/h4>\n\n\n\n<p>Zwracamy szczeg\u00f3ln\u0105 uwag\u0119 na dane os\u00f3b niepe\u0142noletnich. Prosimy o zapoznanie si\u0119 z nasz\u0105 <a href=\"https:\/\/phfoundation.net\/pl\/child-safeguarding-policy\/\" data-type=\"page\" data-id=\"19652\" target=\"_blank\" rel=\"noreferrer noopener\">Polityka ochrony dzieci<\/a> za nasze zaanga\u017cowanie w ochron\u0119 dzieci.<\/p>\n\n\n\n<h4 class=\"wp-block-heading\">9. Linki stron trzecich<\/h4>\n\n\n\n<p>Nasza witryna mo\u017ce zawiera\u0107 \u0142\u0105cza do innych witryn. Nie ponosimy odpowiedzialno\u015bci za praktyki stron trzecich w zakresie ochrony prywatno\u015bci. Zach\u0119camy do zapoznania si\u0119 z ich o\u015bwiadczeniami o ochronie prywatno\u015bci.<\/p>\n\n\n\n<h4 class=\"wp-block-heading\">10. Kontakt<\/h4>\n\n\n\n<p>Je\u015bli masz pytania dotycz\u0105ce niniejszej polityki lub naszych praktyk w zakresie danych, odwied\u017a nasz\u0105 stron\u0119 <a href=\"https:\/\/phfoundation.net\/pl\/contact-complaints\/\" data-type=\"page\" data-id=\"19660\" target=\"_blank\" rel=\"noreferrer noopener\">Kontakt i skargi<\/a> lub skontaktuj si\u0119 z nami bezpo\u015brednio.<\/p>\n\n\n\n<p><\/p>","protected":false},"excerpt":{"rendered":"<p>Last Updated: January 6, 2026 1. Introduction Protectiva Health Foundation (&#8220;we,&#8221; &#8220;us,&#8221; or &#8220;our&#8221;) is committed to protecting your privacy and personal data. This Privacy Policy explains how we collect, use, disclose, and safeguard your information when you visit our website, make a donation, or interact with our services. We operate in compliance with the [&hellip;]<\/p>","protected":false},"author":1,"featured_media":0,"parent":0,"menu_order":0,"comment_status":"closed","ping_status":"closed","template":"","meta":{"give_campaign_id":0,"footnotes":""},"class_list":["post-3","page","type-page","status-publish","hentry"],"campaignId":"","jetpack_sharing_enabled":true,"_links":{"self":[{"href":"https:\/\/phfoundation.net\/pl\/wp-json\/wp\/v2\/pages\/3","targetHints":{"allow":["GET"]}}],"collection":[{"href":"https:\/\/phfoundation.net\/pl\/wp-json\/wp\/v2\/pages"}],"about":[{"href":"https:\/\/phfoundation.net\/pl\/wp-json\/wp\/v2\/types\/page"}],"author":[{"embeddable":true,"href":"https:\/\/phfoundation.net\/pl\/wp-json\/wp\/v2\/users\/1"}],"replies":[{"embeddable":true,"href":"https:\/\/phfoundation.net\/pl\/wp-json\/wp\/v2\/comments?post=3"}],"version-history":[{"count":0,"href":"https:\/\/phfoundation.net\/pl\/wp-json\/wp\/v2\/pages\/3\/revisions"}],"wp:attachment":[{"href":"https:\/\/phfoundation.net\/pl\/wp-json\/wp\/v2\/media?parent=3"}],"curies":[{"name":"wp","href":"https:\/\/api.w.org\/{rel}","templated":true}]}}